{"id":166011,"date":"2025-04-22T09:04:44","date_gmt":"2025-04-22T09:04:44","guid":{"rendered":"https:\/\/www.one.org\/fr\/?page_id=166011"},"modified":"2025-07-24T14:09:38","modified_gmt":"2025-07-24T14:09:38","slug":"nous-soutenir","status":"publish","type":"page","link":"https:\/\/www.one.org\/fr\/agir\/nous-soutenir\/","title":{"rendered":"Nous Soutenir"},"content":{"rendered":"\n<div id=\"block_b0f9dd4196dbe9836d326271e34c741d\" class=\"oneorg-block oneorg-promo flush is-style-bottom  has-text-align-left  \">\n\n\t\t\t    \n\n\t\t\t<div class=\"oneorg-promo__wrapper\">\n\t\t\t\t<div class=\"oneorg-promo__inner\">   \n\n\t\t\t\t<div class=\"oneorg-promo__content\">\n\t\t\t\t\t<div class=\"acf-innerblocks-container\">\n\n<p class=\"oneorg-section-title\">Comment nous soutenir<\/p>\n\n\n\n<h2 class=\"wp-block-heading\" id=\"h-soutenez-notre-mission-afin-de-construire-un-avenir-plus-durable-et-equitable-pour-toutes-et-tous\">Soutenez notre mission afin de construire un avenir plus durable et \u00e9quitable, pour toutes et tous.<\/h2>\n\n\n\n<\/div>\n\t\t\t\t<\/div>\n\t\t\t\t\n\t\t\t\t<\/div>\n\t\t\t<\/div>\n\n<\/div>\n\n\n\n<div style=\"height:25px\" aria-hidden=\"true\" class=\"wp-block-spacer\"><\/div>\n\n\n\n<p><strong>Le changement durable ne se fait pas seul : il n\u00e9cessite des partenaires engag\u00e9s. ONE collabore avec des fondations, entreprises et philanthropes reconnu\u00b7e\u00b7s qui veulent avoir un impact concret.<\/strong>&nbsp;<\/p>\n\n\n\n<p>L\u2019avenir du progr\u00e8s mondial passe par des partenariats solides avec l\u2019Afrique. Avec des investissements cibl\u00e9s et strat\u00e9giques, nous pouvons acc\u00e9l\u00e9rer cette dynamique. Et ce n\u2019est pas seulement l\u2019Afrique qui en b\u00e9n\u00e9ficiera : la sant\u00e9, la croissance \u00e9conomique et la s\u00e9curit\u00e9 des pays d\u2019Europe et d\u2019Am\u00e9rique du Nord en seront \u00e9galement renforc\u00e9es.&nbsp;<\/p>\n\n\n\n<p>Soutenir ONE, c\u2019est investir durablement dans la lutte contre la pauvret\u00e9 et en faveur de l\u2019autonomisation \u00e9conomique. Depuis plus de 20 ans, notre action a permis de doubler les financements des pays donateurs, g\u00e9n\u00e9rant ainsi <strong>1 000 milliards de dollars suppl\u00e9mentaires<\/strong> pour cr\u00e9er des opportunit\u00e9s \u00e9conomiques et am\u00e9liorer la sant\u00e9 des populations en Afrique. Des r\u00e9sultats concrets pour un monde plus s\u00fbr, plus juste et plus prosp\u00e8re.&nbsp;<\/p>\n\n\n\n<p>Votre soutien nous permettra de :&nbsp;<\/p>\n\n\n\n<ul class=\"wp-block-list\">\n<li>Renforcer les liens \u00e9conomiques entre l\u2019Afrique, l\u2019Europe et l\u2019Am\u00e9rique du Nord&nbsp;<\/li>\n\n\n\n<li>Am\u00e9liorer les conditions de vie et les moyens de subsistance&nbsp;<\/li>\n\n\n\n<li>Former la prochaine g\u00e9n\u00e9ration de leaders et d\u2019activistes&nbsp;<\/li>\n\n\n\n<li>Produire des donn\u00e9es et des analyses visuelles innovantes pour nourrir des recommandations cr\u00e9dibles et efficaces&nbsp;<\/li>\n\n\n\n<li>Mener des campagnes publiques audacieuses pour soutenir notre plaidoyer&nbsp;<\/li>\n<\/ul>\n\n\n\n<p>Gr\u00e2ce \u00e0 la g\u00e9n\u00e9rosit\u00e9 de nos partenaires, les \u00e9quipes de ONE sont actives en Afrique, en Europe, en Am\u00e9rique du Nord, en Asie et au Moyen-Orient. Nous mobilisons citoyen\u00b7ne\u00b7s et responsables politiques pour que chaque personne, o\u00f9 qu\u2019elle vive, puisse mener une vie digne et pleine de possibilit\u00e9s.&nbsp;<\/p>\n\n\n\n<p>ONE est une organisation \u00e0 but non lucratif, strictement ind\u00e9pendante et non partisane. Elle ne re\u00e7oit aucun financement public.&nbsp;<\/p>\n\n\n\n<p>ONE se compose de deux entit\u00e9s distinctes :&nbsp;<\/p>\n\n\n\n<ul class=\"wp-block-list\">\n<li>The ONE Campaign est une organisation non partisane r\u00e9gie par l\u2019article 501(c)(3) du Code fiscal des Etats-Unis, qui lutte pour cr\u00e9er des opportunit\u00e9s \u00e9conomiques et am\u00e9liorer la sant\u00e9 des populations en Afrique. (RED), une division de The ONE Campaign, noue des partenariats avec des marques embl\u00e9matiques mondiales comme Apple, Bank of America, FIAT et Salesforce afin de lever des fonds pour le Fonds mondial et favoriser la lutte contre le VIH\/sida.<\/li>\n\n\n\n<li>ONE Action, une organisation non partisane r\u00e9gie par l\u2019article 501(c)(4) du Code fiscal des Etats-Unis, appelle les responsables politiques \u00e0 soutenir des politiques et des programmes cibl\u00e9s et efficaces pour garantir l\u2019acc\u00e8s \u00e0 l\u2019\u00e9ducation, aux soins de sant\u00e9 ou encore \u00e0 un emploi d\u00e9cent, et ainsi sauver des vies.&nbsp;&nbsp;<\/li>\n<\/ul>\n\n\n\n<div class=\"wp-block-group oneorg-block-group oneorg-block-group-impact oneorg-block-group-impact--cta has-light-color has-dark-background-color has-text-color has-background has-global-padding is-layout-constrained wp-block-group-is-layout-constrained\">\n<div class=\"wp-block-group is-layout-flow wp-block-group-is-layout-flow\">\n<h2 class=\"wp-block-heading has-text-align-center has-neon-color has-text-color\" id=\"h-vous-souhaitez-echanger-avec-nous\">Vous souhaitez \u00e9changer avec nous ?<\/h2>\n\n\n\n<p class=\"has-text-align-center\">Contactez-nous \u00e0 l\u2019adresse france@one.org et nous reviendrons vers vous dans les plus brefs d\u00e9lais pour envisager des pistes de collaboration.&nbsp;<\/p>\n\n\n\n<div class=\"wp-block-buttons is-content-justification-center is-layout-flex wp-container-core-buttons-is-layout-a89b3969 wp-block-buttons-is-layout-flex\">\n<div class=\"wp-block-button\"><a class=\"wp-block-button__link wp-element-button\" href=\"mailto:france@one.org\">Nous contacter<\/a><\/div>\n<\/div>\n<\/div>\n<\/div>\n<div class=\"buffer\"><\/div>","protected":false},"excerpt":{"rendered":"<p>Le changement durable ne se fait pas seul : il n\u00e9cessite des partenaires engag\u00e9s. ONE collabore avec des fondations, entreprises et philanthropes reconnu\u00b7e\u00b7s qui veulent avoir un impact concret.&nbsp; L\u2019avenir du progr\u00e8s mondial passe par des partenariats solides avec l\u2019Afrique. Avec des investissements cibl\u00e9s et strat\u00e9giques, nous pouvons acc\u00e9l\u00e9rer cette dynamique. Et ce n\u2019est pas [&hellip;]<\/p>\n","protected":false},"author":3,"featured_media":0,"parent":162048,"menu_order":0,"comment_status":"closed","ping_status":"closed","template":"","meta":{"_acf_changed":false,"_relevanssi_hide_post":"","_relevanssi_hide_content":"","_relevanssi_pin_for_all":"","_relevanssi_pin_keywords":"","_relevanssi_unpin_keywords":"","_relevanssi_related_keywords":"","_relevanssi_related_include_ids":"","_relevanssi_related_exclude_ids":"","_relevanssi_related_no_append":"","_relevanssi_related_not_related":"","_relevanssi_related_posts":"165944,165929,165902,165771,165780,165750","_relevanssi_noindex_reason":"","footnotes":""},"class_list":["post-166011","page","type-page","status-publish","hentry"],"acf":[],"yoast_head":"<!-- This site is optimized with the Yoast SEO Premium plugin v27.1 (Yoast SEO v27.1.1) - https:\/\/yoast.com\/product\/yoast-seo-premium-wordpress\/ -->\n<title>Nous Soutenir - ONE.org France<\/title>\n<meta name=\"description\" content=\"ONE collabore avec des fondations, entreprises et philanthropes engag\u00e9\u00b7e\u00b7s qui partagent notre mission : cr\u00e9er des opportunit\u00e9s \u00e9conomiques et am\u00e9liorer la sant\u00e9 en Afrique.\" \/>\n<meta name=\"robots\" content=\"index, follow, max-snippet:-1, max-image-preview:large, max-video-preview:-1\" \/>\n<link rel=\"canonical\" href=\"https:\/\/www.one.org\/fr\/agir\/nous-soutenir\/\" \/>\n<meta property=\"og:locale\" content=\"fr_FR\" \/>\n<meta property=\"og:type\" content=\"article\" \/>\n<meta property=\"og:title\" content=\"Nous Soutenir\" \/>\n<meta property=\"og:description\" content=\"ONE collabore avec des fondations, entreprises et philanthropes engag\u00e9\u00b7e\u00b7s qui partagent notre mission : cr\u00e9er des opportunit\u00e9s \u00e9conomiques et am\u00e9liorer la sant\u00e9 en Afrique.\" \/>\n<meta property=\"og:url\" content=\"https:\/\/www.one.org\/fr\/agir\/nous-soutenir\/\" \/>\n<meta property=\"og:site_name\" content=\"ONE.org France\" \/>\n<meta property=\"article:publisher\" content=\"https:\/\/www.facebook.com\/ONE.Fr\" \/>\n<meta property=\"article:modified_time\" content=\"2025-07-24T14:09:38+00:00\" \/>\n<meta property=\"og:image\" content=\"https:\/\/www.one.org\/fr\/wp-content\/uploads\/sites\/4\/2023\/09\/GA_share_1200x628-768x402-1.png\" \/>\n\t<meta property=\"og:image:width\" content=\"768\" \/>\n\t<meta property=\"og:image:height\" content=\"402\" \/>\n\t<meta property=\"og:image:type\" content=\"image\/png\" \/>\n<meta name=\"twitter:card\" content=\"summary_large_image\" \/>\n<meta name=\"twitter:site\" content=\"@one_fr\" \/>\n<script type=\"application\/ld+json\" class=\"yoast-schema-graph\">{\"@context\":\"https:\/\/schema.org\",\"@graph\":[{\"@type\":\"WebPage\",\"@id\":\"https:\/\/www.one.org\/fr\/agir\/nous-soutenir\/\",\"url\":\"https:\/\/www.one.org\/fr\/agir\/nous-soutenir\/\",\"name\":\"Nous Soutenir - ONE.org France\",\"isPartOf\":{\"@id\":\"https:\/\/www.one.org\/fr\/#website\"},\"datePublished\":\"2025-04-22T09:04:44+00:00\",\"dateModified\":\"2025-07-24T14:09:38+00:00\",\"description\":\"ONE collabore avec des fondations, entreprises et philanthropes engag\u00e9\u00b7e\u00b7s qui partagent notre mission : cr\u00e9er des opportunit\u00e9s \u00e9conomiques et am\u00e9liorer la sant\u00e9 en Afrique.\",\"breadcrumb\":{\"@id\":\"https:\/\/www.one.org\/fr\/agir\/nous-soutenir\/#breadcrumb\"},\"inLanguage\":\"fr-FR\",\"potentialAction\":[{\"@type\":\"ReadAction\",\"target\":[\"https:\/\/www.one.org\/fr\/agir\/nous-soutenir\/\"]}]},{\"@type\":\"BreadcrumbList\",\"@id\":\"https:\/\/www.one.org\/fr\/agir\/nous-soutenir\/#breadcrumb\",\"itemListElement\":[{\"@type\":\"ListItem\",\"position\":1,\"name\":\"Home\",\"item\":\"https:\/\/www.one.org\/fr\/\"},{\"@type\":\"ListItem\",\"position\":2,\"name\":\"Agir\",\"item\":\"https:\/\/www.one.org\/fr\/agir\/\"},{\"@type\":\"ListItem\",\"position\":3,\"name\":\"Nous Soutenir\"}]},{\"@type\":\"WebSite\",\"@id\":\"https:\/\/www.one.org\/fr\/#website\",\"url\":\"https:\/\/www.one.org\/fr\/\",\"name\":\"ONE.org\",\"description\":\"Cr\u00e9er des opportunit\u00e9s \u00e9conomiques et am\u00e9liorer la sant\u00e9 en Afrique\",\"potentialAction\":[{\"@type\":\"SearchAction\",\"target\":{\"@type\":\"EntryPoint\",\"urlTemplate\":\"https:\/\/www.one.org\/fr\/?s={search_term_string}\"},\"query-input\":{\"@type\":\"PropertyValueSpecification\",\"valueRequired\":true,\"valueName\":\"search_term_string\"}}],\"inLanguage\":\"fr-FR\"}]}<\/script>\n<!-- \/ Yoast SEO Premium plugin. -->","yoast_head_json":{"title":"Nous Soutenir - ONE.org France","description":"ONE collabore avec des fondations, entreprises et philanthropes engag\u00e9\u00b7e\u00b7s qui partagent notre mission : cr\u00e9er des opportunit\u00e9s \u00e9conomiques et am\u00e9liorer la sant\u00e9 en Afrique.","robots":{"index":"index","follow":"follow","max-snippet":"max-snippet:-1","max-image-preview":"max-image-preview:large","max-video-preview":"max-video-preview:-1"},"canonical":"https:\/\/www.one.org\/fr\/agir\/nous-soutenir\/","og_locale":"fr_FR","og_type":"article","og_title":"Nous Soutenir","og_description":"ONE collabore avec des fondations, entreprises et philanthropes engag\u00e9\u00b7e\u00b7s qui partagent notre mission : cr\u00e9er des opportunit\u00e9s \u00e9conomiques et am\u00e9liorer la sant\u00e9 en Afrique.","og_url":"https:\/\/www.one.org\/fr\/agir\/nous-soutenir\/","og_site_name":"ONE.org France","article_publisher":"https:\/\/www.facebook.com\/ONE.Fr","article_modified_time":"2025-07-24T14:09:38+00:00","og_image":[{"width":768,"height":402,"url":"https:\/\/www.one.org\/fr\/wp-content\/uploads\/sites\/4\/2023\/09\/GA_share_1200x628-768x402-1.png","type":"image\/png"}],"twitter_card":"summary_large_image","twitter_site":"@one_fr","schema":{"@context":"https:\/\/schema.org","@graph":[{"@type":"WebPage","@id":"https:\/\/www.one.org\/fr\/agir\/nous-soutenir\/","url":"https:\/\/www.one.org\/fr\/agir\/nous-soutenir\/","name":"Nous Soutenir - ONE.org France","isPartOf":{"@id":"https:\/\/www.one.org\/fr\/#website"},"datePublished":"2025-04-22T09:04:44+00:00","dateModified":"2025-07-24T14:09:38+00:00","description":"ONE collabore avec des fondations, entreprises et philanthropes engag\u00e9\u00b7e\u00b7s qui partagent notre mission : cr\u00e9er des opportunit\u00e9s \u00e9conomiques et am\u00e9liorer la sant\u00e9 en Afrique.","breadcrumb":{"@id":"https:\/\/www.one.org\/fr\/agir\/nous-soutenir\/#breadcrumb"},"inLanguage":"fr-FR","potentialAction":[{"@type":"ReadAction","target":["https:\/\/www.one.org\/fr\/agir\/nous-soutenir\/"]}]},{"@type":"BreadcrumbList","@id":"https:\/\/www.one.org\/fr\/agir\/nous-soutenir\/#breadcrumb","itemListElement":[{"@type":"ListItem","position":1,"name":"Home","item":"https:\/\/www.one.org\/fr\/"},{"@type":"ListItem","position":2,"name":"Agir","item":"https:\/\/www.one.org\/fr\/agir\/"},{"@type":"ListItem","position":3,"name":"Nous Soutenir"}]},{"@type":"WebSite","@id":"https:\/\/www.one.org\/fr\/#website","url":"https:\/\/www.one.org\/fr\/","name":"ONE.org","description":"Cr\u00e9er des opportunit\u00e9s \u00e9conomiques et am\u00e9liorer la sant\u00e9 en Afrique","potentialAction":[{"@type":"SearchAction","target":{"@type":"EntryPoint","urlTemplate":"https:\/\/www.one.org\/fr\/?s={search_term_string}"},"query-input":{"@type":"PropertyValueSpecification","valueRequired":true,"valueName":"search_term_string"}}],"inLanguage":"fr-FR"}]}},"distributor_meta":false,"distributor_terms":false,"distributor_media":false,"distributor_original_site_name":"ONE.org France","distributor_original_site_url":"https:\/\/www.one.org\/fr","push-errors":false,"_links":{"self":[{"href":"https:\/\/www.one.org\/fr\/wp-json\/wp\/v2\/pages\/166011","targetHints":{"allow":["GET"]}}],"collection":[{"href":"https:\/\/www.one.org\/fr\/wp-json\/wp\/v2\/pages"}],"about":[{"href":"https:\/\/www.one.org\/fr\/wp-json\/wp\/v2\/types\/page"}],"author":[{"embeddable":true,"href":"https:\/\/www.one.org\/fr\/wp-json\/wp\/v2\/users\/3"}],"replies":[{"embeddable":true,"href":"https:\/\/www.one.org\/fr\/wp-json\/wp\/v2\/comments?post=166011"}],"version-history":[{"count":0,"href":"https:\/\/www.one.org\/fr\/wp-json\/wp\/v2\/pages\/166011\/revisions"}],"up":[{"embeddable":true,"href":"https:\/\/www.one.org\/fr\/wp-json\/wp\/v2\/pages\/162048"}],"wp:attachment":[{"href":"https:\/\/www.one.org\/fr\/wp-json\/wp\/v2\/media?parent=166011"}],"curies":[{"name":"wp","href":"https:\/\/api.w.org\/{rel}","templated":true}]}}