{"id":162307,"date":"2023-08-28T09:03:30","date_gmt":"2023-08-28T09:03:30","guid":{"rendered":"https:\/\/www.one.org\/fr\/?page_id=162307"},"modified":"2024-06-25T14:20:24","modified_gmt":"2024-06-25T14:20:24","slug":"rapports-et-analyses","status":"publish","type":"page","link":"https:\/\/www.one.org\/fr\/nous-connaitre\/rapports-et-analyses\/","title":{"rendered":"Rapports et analyses"},"content":{"rendered":"\n<div id=\"block_1cc3f48f7979700733884aa02706f683\" class=\"oneorg-block oneorg-promo flush is-style-bottom  has-text-align-left  \">\n\n\t\t\t    \n\n\t\t\t<div class=\"oneorg-promo__wrapper\">\n\t\t\t\t<div class=\"oneorg-promo__inner\">   \n\n\t\t\t\t<div class=\"oneorg-promo__content\">\n\t\t\t\t\t<div class=\"acf-innerblocks-container\">\n\n<p class=\"oneorg-section-title\">Nous conna\u00eetre<\/p>\n\n\n\n<h2 class=\"wp-block-heading\" id=\"h-rapports-et-analyses\">Rapports et analyses<\/h2>\n\n\n\n<\/div>\n\t\t\t\t<\/div>\n\t\t\t\t\n\t\t\t\t<\/div>\n\t\t\t<\/div>\n\n<\/div>\n\n\n<div id=\"block_2ab97e43f08d0d14e00ea0f993b71be1\" class=\"oneorg-block oneorg-cards \">\n\n\t<div class=\"oneorg-cards__content\">\n\n\t\t\t\t\t<div class=\"acf-innerblocks-container\">\n\n<h2 class=\"wp-block-heading oneorg-section-title\" id=\"h-\"><\/h2>\n\n\n<div class=\"oneorg-cards__grid oneorg-cards__grid--12 oneorg-cards__grid--one_policy \">\n\t<div class=\"oneorg-list-item \" data-url=\"https:\/\/www.one.org\/fr\/policy\/livret-2026-fonds-mondial\/\">\n\t<h3 class=\"oneorg-card__heading mb-1\"><a href=\"https:\/\/www.one.org\/fr\/policy\/livret-2026-fonds-mondial\/\" rel=\"bookmark\">Tout ce que nous voulons pour 2026, c&#8217;est un Fonds mondial financ\u00e9<\/a><\/h3>    <div class=\"oneorg-card__content\">\n        <p><time class=\"updated\" datetime=\"2026-02-09T17:49:32\">9 February 2026<\/time><\/p>\n        Nous avons collect\u00e9 plus de 230 messages de la part de nos soutiens afin de montrer au Pr\u00e9sident Emmanuel Macron que les citoyens et citoyennes fran\u00e7ais\u00b7e\u00b7s attendent de la France qu&#8217;elle finance le Fonds mondial de lutte contre le sida, la tuberculose et le paludisme.        <div class=\"oneorg-card__link\">\n            <a class=\"\" href=\"https:\/\/www.one.org\/fr\/policy\/livret-2026-fonds-mondial\/\">En savoir plus<\/a>\n        <\/div>\n    <\/div>\n<\/div><div class=\"oneorg-list-item \" data-url=\"https:\/\/www.one.org\/fr\/policy\/quel-est-le-lien-entre-les-taxes-solidaires-et-laide-au-developpement\/\">\n\t<h3 class=\"oneorg-card__heading mb-1\"><a href=\"https:\/\/www.one.org\/fr\/policy\/quel-est-le-lien-entre-les-taxes-solidaires-et-laide-au-developpement\/\" rel=\"bookmark\">Quel est le lien entre les taxes solidaires et l&#8217;aide au d\u00e9veloppement ?<\/a><\/h3>    <div class=\"oneorg-card__content\">\n        <p><time class=\"updated\" datetime=\"2025-07-28T15:08:35\">28 July 2025<\/time><\/p>\n        Les taxes solidaires fran\u00e7aises (taxe sur les billets d\u2019avion et taxe sur les transactions financi\u00e8res) ont \u00e9t\u00e9 cr\u00e9\u00e9es pour financer directement le budget fran\u00e7ais de solidarit\u00e9 internationale. Derri\u00e8re cette affection, un principe cl\u00e9 : les b\u00e9n\u00e9ficiaires de la mondialisation doivent contribuer au d\u00e9veloppement international, et tant le secteur a\u00e9rien que celui des march\u00e9s financiers ont un impact sur la pauvret\u00e9 et les in\u00e9galit\u00e9s dans les pays pauvres. Explication dans cette note.        <div class=\"oneorg-card__link\">\n            <a class=\"\" href=\"https:\/\/www.one.org\/fr\/policy\/quel-est-le-lien-entre-les-taxes-solidaires-et-laide-au-developpement\/\">En savoir plus<\/a>\n        <\/div>\n    <\/div>\n<\/div><div class=\"oneorg-list-item  has-image\" data-url=\"https:\/\/www.one.org\/fr\/policy\/sante-mondiale-pour-les-nuls\/\">\n\t<h3 class=\"oneorg-card__heading mb-1\"><a href=\"https:\/\/www.one.org\/fr\/policy\/sante-mondiale-pour-les-nuls\/\" rel=\"bookmark\">La sant\u00e9 mondiale pour les nuls<\/a><\/h3>    <div class=\"oneorg-card__content\">\n        <p><time class=\"updated\" datetime=\"2025-02-18T10:39:26\">18 February 2025<\/time><\/p>\n        La sant\u00e9 est un droit fondamental de l\u2019\u00eatre humain : elle est la condition primordiale d\u2019une vie digne. Pourtant, ce droit est menac\u00e9. Des in\u00e9galit\u00e9s d\u2019acc\u00e8s aux soins les plus basiques persistent, et dans de trop nombreux pays, les populations ne peuvent pas se soigner \u00e0 cause des barri\u00e8res financi\u00e8res, du manque de personnel ou de l\u2019\u00e9loignement des \u00e9tablissements de sant\u00e9. 2025 sera une ann\u00e9e charni\u00e8re : de nombreux fonds multilat\u00e9raux qui oeuvrent en faveur de la sant\u00e9 mondiale organisent cette ann\u00e9e leur conf\u00e9rence de reconstitution des ressources. Le succ\u00e8s ou l\u2019\u00e9chec de celles-ci d\u00e9terminera notre capacit\u00e9 \u00e0 am\u00e9liorer l\u2019acc\u00e8s aux soins de sant\u00e9 d\u2019ici \u00e0 2030. La France doit prendre sa juste part et \u00eatre au rendez-vous.        <div class=\"oneorg-card__link\">\n            <a class=\"\" href=\"https:\/\/www.one.org\/fr\/policy\/sante-mondiale-pour-les-nuls\/\">En savoir plus<\/a>\n        <\/div>\n    <\/div>\n<\/div><div class=\"oneorg-list-item  has-image\" data-url=\"https:\/\/www.one.org\/fr\/policy\/investissements-prevention-conflits\/\">\n\t<h3 class=\"oneorg-card__heading mb-1\"><a href=\"https:\/\/www.one.org\/fr\/policy\/investissements-prevention-conflits\/\" rel=\"bookmark\">Investir dans la pr\u00e9vention des conflits co\u00fbtera 100 fois moins cher que d\u2019y r\u00e9pondre<\/a><\/h3>    <div class=\"oneorg-card__content\">\n        <p><time class=\"updated\" datetime=\"2025-02-12T10:18:31\">12 February 2025<\/time><\/p>\n        Chaque dollar que nous investissons dans des politiques favorisant la croissance \u00e9conomique et la stabilit\u00e9 politique nous permet d\u2019\u00e9conomiser jusqu\u2019\u00e0 103 dollars li\u00e9s \u00e0 la gestion de futurs conflits.\u00a0Pr\u00e9venir l\u2019apparition de nouveaux conflits permet donc non seulement de sauver des vies, mais c\u2019est aussi choix \u00e9conomique strat\u00e9gique.        <div class=\"oneorg-card__link\">\n            <a class=\"\" href=\"https:\/\/www.one.org\/fr\/policy\/investissements-prevention-conflits\/\">En savoir plus<\/a>\n        <\/div>\n    <\/div>\n<\/div><div class=\"oneorg-list-item  has-image\" data-url=\"https:\/\/www.one.org\/fr\/policy\/rapport-sensibilisation-objectifs-developpement-durable\/\">\n\t<h3 class=\"oneorg-card__heading mb-1\"><a href=\"https:\/\/www.one.org\/fr\/policy\/rapport-sensibilisation-objectifs-developpement-durable\/\" rel=\"bookmark\">Comment am\u00e9liorer la sensibilisation du grand public aux Objectifs de d\u00e9veloppement durable<\/a><\/h3>    <div class=\"oneorg-card__content\">\n        <p><time class=\"updated\" datetime=\"2024-05-15T12:54:18\">15 May 2024<\/time><\/p>\n        Les jeunes Ambassadeurs et Ambassadrices de ONE (promotion 2023) ont r\u00e9dig\u00e9 un rapport destin\u00e9 au minist\u00e8re de l&#8217;Europe et des Affaires \u00e9trang\u00e8res afin d&#8217;\u00e9laborer plusieurs propositions visant \u00e0 am\u00e9liorer la sensibilisation des citoyen\u00b7ne\u00b7s fran\u00e7ais\u00b7e\u00b7s aux Objectifs de d\u00e9veloppement durable (ODD). Ce rapport a \u00e9t\u00e9 pr\u00e9sent\u00e9 et remis \u00e0 Chrysoula Zacharopoulou, Secr\u00e9taire d&#8217;Etat charg\u00e9e du d\u00e9veloppement et des partenariats internationaux, le 24 avril 2024.        <div class=\"oneorg-card__link\">\n            <a class=\"\" href=\"https:\/\/www.one.org\/fr\/policy\/rapport-sensibilisation-objectifs-developpement-durable\/\">En savoir plus<\/a>\n        <\/div>\n    <\/div>\n<\/div><div class=\"oneorg-list-item  has-image\" data-url=\"https:\/\/www.one.org\/fr\/policy\/climate-finance-files\/\">\n\t<h3 class=\"oneorg-card__heading mb-1\"><a href=\"https:\/\/www.one.org\/fr\/policy\/climate-finance-files\/\" rel=\"bookmark\">Les \u201cClimate Finance Files\u201d : le Far West des financements climatiques<\/a><\/h3>    <div class=\"oneorg-card__content\">\n        <p><time class=\"updated\" datetime=\"2023-11-30T11:00:43\">30 November 2023<\/time><\/p>\n        Personne ne sait vraiment \u00e9valuer le montant des financements vers\u00e9s aux pays vuln\u00e9rables pour lutter contre le changement climatique (ce que nous appellerons \u00ab\u202fles financements climat\u202f\u00bb). ONE a donc \u00e9labor\u00e9 les \u00ab\u2009Climate Finance Files\u2009\u00bb\u202f: un compte rendu d\u00e9taill\u00e9 de ce qui a \u00e9t\u00e9 d\u00e9pens\u00e9, ou pas, et de ce qui a \u00e9t\u00e9 re\u00e7u.\u00a0\u00a0        <div class=\"oneorg-card__link\">\n            <a class=\"\" href=\"https:\/\/www.one.org\/fr\/policy\/climate-finance-files\/\">En savoir plus<\/a>\n        <\/div>\n    <\/div>\n<\/div><div class=\"oneorg-list-item \" data-url=\"https:\/\/www.one.org\/fr\/policy\/nouvelle-etude-une-taxe-internationale-sur-les-transactions-financieres-pourrait-rapporter-e400-milliards\/\">\n\t<h3 class=\"oneorg-card__heading mb-1\"><a href=\"https:\/\/www.one.org\/fr\/policy\/nouvelle-etude-une-taxe-internationale-sur-les-transactions-financieres-pourrait-rapporter-e400-milliards\/\" rel=\"bookmark\">Nouvelle \u00e9tude : Une taxe internationale sur les transactions financi\u00e8res pourrait rapporter \u20ac400 milliards<\/a><\/h3>    <div class=\"oneorg-card__content\">\n        <p><time class=\"updated\" datetime=\"2023-05-17T10:52:23\">17 May 2023<\/time><\/p>\n        Un nouveau rapport de l\u2019\u00e9conomiste Gunther Capelle-Blancard montre qu\u2019une taxe sur les transactions financi\u00e8res similaire \u00e0 la TTF fran\u00e7aise ou au stamp duty britannique, appliqu\u00e9e aux pays du G20, permettrait de lever entre \u20ac156 et \u20ac260 milliards par an. L\u2019analyse r\u00e9v\u00e8le que ces recettes pourraient s\u2019\u00e9lever \u00e0 pr\u00e8s de \u20ac400 milliards par an en \u00e9largissant cette TTF internationale aux transactions intra-journali\u00e8res et au trading \u00e0 haute fr\u00e9quence.        <div class=\"oneorg-card__link\">\n            <a class=\"\" href=\"https:\/\/www.one.org\/fr\/policy\/nouvelle-etude-une-taxe-internationale-sur-les-transactions-financieres-pourrait-rapporter-e400-milliards\/\">En savoir plus<\/a>\n        <\/div>\n    <\/div>\n<\/div><div class=\"oneorg-list-item \" data-url=\"https:\/\/www.one.org\/fr\/policy\/sante-mondiale-pourquoi-la-france-doit-investir-davantage\/\">\n\t<h3 class=\"oneorg-card__heading mb-1\"><a href=\"https:\/\/www.one.org\/fr\/policy\/sante-mondiale-pourquoi-la-france-doit-investir-davantage\/\" rel=\"bookmark\">Sant\u00e9 mondiale : pourquoi la France doit investir davantage<\/a><\/h3>    <div class=\"oneorg-card__content\">\n        <p><time class=\"updated\" datetime=\"2022-09-14T14:29:22\">14 September 2022<\/time><\/p>\n        La note conjointe de ONE et de la Fondation Jean-Jaur\u00e8s rappelle \u00e0 la France pourquoi il est essentiel d&#8217;investir dans la sant\u00e9 mondiale et d&#8217;augmenter sa contribution au Fonds mondial de lutte contre le sida, la tuberculose et le paludisme.        <div class=\"oneorg-card__link\">\n            <a class=\"\" href=\"https:\/\/www.one.org\/fr\/policy\/sante-mondiale-pourquoi-la-france-doit-investir-davantage\/\">En savoir plus<\/a>\n        <\/div>\n    <\/div>\n<\/div><div class=\"oneorg-list-item \" data-url=\"https:\/\/www.one.org\/fr\/policy\/reecrire-les-regles-du-jeu-et-mettre-fin-aux-inegalites-mondiales\/\">\n\t<h3 class=\"oneorg-card__heading mb-1\"><a href=\"https:\/\/www.one.org\/fr\/policy\/reecrire-les-regles-du-jeu-et-mettre-fin-aux-inegalites-mondiales\/\" rel=\"bookmark\">R\u00e9\u00e9crire les r\u00e8gles du jeu et mettre fin aux in\u00e9galit\u00e9s mondiales<\/a><\/h3>    <div class=\"oneorg-card__content\">\n        <p><time class=\"updated\" datetime=\"2022-09-12T14:54:54\">12 September 2022<\/time><\/p>\n        Ce que peuvent faire les d\u00e9put\u00e9\u00b7e\u00b7s de la XVIe\u00a0 l\u00e9gislature 2022-2027 : retrouvez les recommandations de ONE pour lutter contre les in\u00e9galit\u00e9s mondialesau cours des 5 prochaines ann\u00e9es.        <div class=\"oneorg-card__link\">\n            <a class=\"\" href=\"https:\/\/www.one.org\/fr\/policy\/reecrire-les-regles-du-jeu-et-mettre-fin-aux-inegalites-mondiales\/\">En savoir plus<\/a>\n        <\/div>\n    <\/div>\n<\/div><div class=\"oneorg-list-item \" data-url=\"https:\/\/www.one.org\/fr\/policy\/la-convergence-des-crises-reduit-lesperance-de-vie-a-lechelle-mondiale\/\">\n\t<h3 class=\"oneorg-card__heading mb-1\"><a href=\"https:\/\/www.one.org\/fr\/policy\/la-convergence-des-crises-reduit-lesperance-de-vie-a-lechelle-mondiale\/\" rel=\"bookmark\">La convergence des crises r\u00e9duit l\u2019esp\u00e9rance de vie \u00e0 l\u2019\u00e9chelle mondiale<\/a><\/h3>    <div class=\"oneorg-card__content\">\n        <p><time class=\"updated\" datetime=\"2022-06-24T12:34:06\">24 June 2022<\/time><\/p>\n        Au lendemain de la pand\u00e9mie de COVID-19, l&#8217;esp\u00e9rance de vie mondiale a recul\u00e9 pour la premi\u00e8re fois depuis les ann\u00e9es 1950.        <div class=\"oneorg-card__link\">\n            <a class=\"\" href=\"https:\/\/www.one.org\/fr\/policy\/la-convergence-des-crises-reduit-lesperance-de-vie-a-lechelle-mondiale\/\">En savoir plus<\/a>\n        <\/div>\n    <\/div>\n<\/div><div class=\"oneorg-list-item \" data-url=\"https:\/\/www.one.org\/fr\/policy\/les-10-pays-ou-linsecurite-alimentaire-est-la-plus-forte\/\">\n\t<h3 class=\"oneorg-card__heading mb-1\"><a href=\"https:\/\/www.one.org\/fr\/policy\/les-10-pays-ou-linsecurite-alimentaire-est-la-plus-forte\/\" rel=\"bookmark\">Les 10 pays o\u00f9 l\u2019ins\u00e9curit\u00e9 alimentaire est la plus forte<\/a><\/h3>    <div class=\"oneorg-card__content\">\n        <p><time class=\"updated\" datetime=\"2022-06-24T07:53:34\">24 June 2022<\/time><\/p>\n        Une nouvelle analyse de ONE &#8211; qui regroupe les donn\u00e9es sur la malnutrition, la faim chronique, l\u2019inflation et la capacit\u00e9 des gouvernements \u00e0 faire face aux crises &#8211; permet de mettre en lumi\u00e8re les 10 pays o\u00f9 l\u2019ins\u00e9curit\u00e9 alimentaire est la plus forte.        <div class=\"oneorg-card__link\">\n            <a class=\"\" href=\"https:\/\/www.one.org\/fr\/policy\/les-10-pays-ou-linsecurite-alimentaire-est-la-plus-forte\/\">En savoir plus<\/a>\n        <\/div>\n    <\/div>\n<\/div><div class=\"oneorg-list-item \" data-url=\"https:\/\/www.one.org\/fr\/policy\/cinq-etapes-pour-en-finir-avec-la-pandemie\/\">\n\t<h3 class=\"oneorg-card__heading mb-1\"><a href=\"https:\/\/www.one.org\/fr\/policy\/cinq-etapes-pour-en-finir-avec-la-pandemie\/\" rel=\"bookmark\">Par ici la sortie : Cinq \u00e9tapes pour en finir avec la pand\u00e9mie<\/a><\/h3>    <div class=\"oneorg-card__content\">\n        <p><time class=\"updated\" datetime=\"2022-06-09T10:42:59\">9 June 2022<\/time><\/p>\n        D\u00e9couvrez notre plan en 5 \u00e9tapes pour en finir une bonne fois pour toutes avec la pand\u00e9mie.        <div class=\"oneorg-card__link\">\n            <a class=\"\" href=\"https:\/\/www.one.org\/fr\/policy\/cinq-etapes-pour-en-finir-avec-la-pandemie\/\">En savoir plus<\/a>\n        <\/div>\n    <\/div>\n<\/div>\t\t<\/div>\n\n<nav class=\"oneorg-pagination\" aria-label=\"Pagination\">\n<ul class=\"oneorg-pagination__list\">\n\t\t\t\t <li class=\"oneorg-pagination__item oneorg-pagination__item--active\">\n\t\t\t\t <a href=\"https:\/\/www.one.org\/fr\/wp-json\/wp\/v2\/pages\/162307\/\" class=\"oneorg-pagination__link\">\n\t\t\t\t\t 1\t\t\t\t <\/a>\n\t\t\t <\/li>\n\t\t\t \t\t\t <li class=\"oneorg-pagination__item\">\n\t\t\t\t <a href=\"https:\/\/www.one.org\/fr\/wp-json\/wp\/v2\/pages\/162307\/page\/2\/\" class=\"oneorg-pagination__link\">\n\t\t\t\t\t 2\t\t\t\t <\/a>\n\t\t\t <\/li>\n\t\t\t \t\t\t <li class=\"oneorg-pagination__item\">\n\t\t\t\t <a href=\"https:\/\/www.one.org\/fr\/wp-json\/wp\/v2\/pages\/162307\/page\/3\/\" class=\"oneorg-pagination__link\">\n\t\t\t\t\t 3\t\t\t\t <\/a>\n\t\t\t <\/li>\n\t\t\t \t\t\t <li class=\"oneorg-pagination__item\">\n\t\t\t\t <a href=\"https:\/\/www.one.org\/fr\/wp-json\/wp\/v2\/pages\/162307\/page\/4\/\" class=\"oneorg-pagination__link\">\n\t\t\t\t\t 4\t\t\t\t <\/a>\n\t\t\t <\/li>\n\t\t\t \t\t\t <li class=\"oneorg-pagination__item\">\n\t\t\t\t <a href=\"https:\/\/www.one.org\/fr\/wp-json\/wp\/v2\/pages\/162307\/page\/5\/\" class=\"oneorg-pagination__link\">\n\t\t\t\t\t 5\t\t\t\t <\/a>\n\t\t\t <\/li>\n\t\t\t \t<li class=\"oneorg-pagination__item oneorg-pagination__item--next\">\n\t\t<a href=\"https:\/\/www.one.org\/fr\/wp-json\/wp\/v2\/pages\/162307\/page\/2\/\" class=\"oneorg-pagination__link\" rel=\"next\">\n\t\t\t<span class=\"oneorg-pagination__link-text\">Suivant<\/span>\n\t\t<\/a>\n\t<\/li>\n\t<\/ul>\n<\/nav>\n\n\t\n\n\n<\/div>\n\t\t\t\n\t<\/div>\n\n<\/div>\n\n\n<div id=\"block_cdaeb27f0ab0c6937af2c17ebb645e91\" class=\"oneorg-block oneorg-promo flush  has-text-align-left  \">\n\n\t\t\t    \n\n\t\t\t<div class=\"oneorg-promo__wrapper\">\n\t\t\t\t<div class=\"oneorg-promo__inner\">   \n\n\t\t\t\t<div class=\"oneorg-promo__content\">\n\t\t\t\t\t<div class=\"acf-innerblocks-container\">\n\n<h2 class=\"wp-block-heading\" id=\"h-recevez-la-newsletter-ondes-de-choc\">Recevez la newsletter Ondes de choc<\/h2>\n\n\n\n<p>Ondes de choc va au-del\u00e0 des gros titres : impact du changement climatique, l&#8217;ins\u00e9curit\u00e9 alimentaire, conflits, urgences sanitaires\u2026Nous vous proposons des analyses pointues, succinctes et r\u00e9fl\u00e9chies de la part des expert\u00b7e\u00b7s de ONE.&nbsp;<\/p>\n\n\n\n<div class=\"wp-block-button\"><a class=\"wp-block-button__link wp-element-button\" href=\"https:\/\/www.one.org\/fr\/ondes-de-choc\/\">En savoir plus<\/a><\/div>\n\n<\/div>\n\t\t\t\t<\/div>\n\t\t\t\t\n\t\t\t\t<\/div>\n\t\t\t<\/div>\n\n<\/div>\n<div class=\"buffer\"><\/div>","protected":false},"excerpt":{"rendered":"","protected":false},"author":3,"featured_media":0,"parent":161923,"menu_order":0,"comment_status":"closed","ping_status":"closed","template":"","meta":{"_acf_changed":false,"_relevanssi_hide_post":"","_relevanssi_hide_content":"","_relevanssi_pin_for_all":"","_relevanssi_pin_keywords":"","_relevanssi_unpin_keywords":"","_relevanssi_related_keywords":"","_relevanssi_related_include_ids":"","_relevanssi_related_exclude_ids":"","_relevanssi_related_no_append":"","_relevanssi_related_not_related":"","_relevanssi_related_posts":"1","_relevanssi_noindex_reason":"","footnotes":""},"class_list":["post-162307","page","type-page","status-publish","hentry"],"acf":[],"yoast_head":"<!-- This site is optimized with the Yoast SEO Premium plugin v27.1 (Yoast SEO v27.1.1) - https:\/\/yoast.com\/product\/yoast-seo-premium-wordpress\/ -->\n<title>Rapports et analyses - ONE.org France<\/title>\n<meta name=\"description\" content=\"Changement climatique, ins\u00e9curit\u00e9 alimentaire, conflits, urgences sanitaires - D\u00e9couvrez des analyses pointues et succinctes des experts de ONE.\" \/>\n<meta name=\"robots\" content=\"index, follow, max-snippet:-1, max-image-preview:large, max-video-preview:-1\" \/>\n<link rel=\"canonical\" href=\"https:\/\/www.one.org\/fr\/nous-connaitre\/rapports-et-analyses\/\" \/>\n<meta property=\"og:locale\" content=\"fr_FR\" \/>\n<meta property=\"og:type\" content=\"article\" \/>\n<meta property=\"og:title\" content=\"Rapports et analyses\" \/>\n<meta property=\"og:description\" content=\"Changement climatique, ins\u00e9curit\u00e9 alimentaire, conflits, urgences sanitaires - D\u00e9couvrez des analyses pointues et succinctes des experts de ONE.\" \/>\n<meta property=\"og:url\" content=\"https:\/\/www.one.org\/fr\/nous-connaitre\/rapports-et-analyses\/\" \/>\n<meta property=\"og:site_name\" content=\"ONE.org France\" \/>\n<meta property=\"article:publisher\" content=\"https:\/\/www.facebook.com\/ONE.Fr\" \/>\n<meta property=\"article:modified_time\" content=\"2024-06-25T14:20:24+00:00\" \/>\n<meta property=\"og:image\" content=\"https:\/\/www.one.org\/fr\/wp-content\/uploads\/sites\/4\/2023\/09\/GA_share_1200x628-768x402-1.png\" \/>\n\t<meta property=\"og:image:width\" content=\"768\" \/>\n\t<meta property=\"og:image:height\" content=\"402\" \/>\n\t<meta property=\"og:image:type\" content=\"image\/png\" \/>\n<meta name=\"twitter:card\" content=\"summary_large_image\" \/>\n<meta name=\"twitter:site\" content=\"@one_fr\" \/>\n<meta name=\"twitter:label1\" content=\"Est. reading time\" \/>\n\t<meta name=\"twitter:data1\" content=\"1 minute\" \/>\n<script type=\"application\/ld+json\" class=\"yoast-schema-graph\">{\"@context\":\"https:\/\/schema.org\",\"@graph\":[{\"@type\":\"WebPage\",\"@id\":\"https:\/\/www.one.org\/fr\/nous-connaitre\/rapports-et-analyses\/\",\"url\":\"https:\/\/www.one.org\/fr\/nous-connaitre\/rapports-et-analyses\/\",\"name\":\"Rapports et analyses - ONE.org France\",\"isPartOf\":{\"@id\":\"https:\/\/www.one.org\/fr\/#website\"},\"datePublished\":\"2023-08-28T09:03:30+00:00\",\"dateModified\":\"2024-06-25T14:20:24+00:00\",\"description\":\"Changement climatique, ins\u00e9curit\u00e9 alimentaire, conflits, urgences sanitaires - D\u00e9couvrez des analyses pointues et succinctes des experts de ONE.\",\"breadcrumb\":{\"@id\":\"https:\/\/www.one.org\/fr\/nous-connaitre\/rapports-et-analyses\/#breadcrumb\"},\"inLanguage\":\"fr-FR\",\"potentialAction\":[{\"@type\":\"ReadAction\",\"target\":[\"https:\/\/www.one.org\/fr\/nous-connaitre\/rapports-et-analyses\/\"]}]},{\"@type\":\"BreadcrumbList\",\"@id\":\"https:\/\/www.one.org\/fr\/nous-connaitre\/rapports-et-analyses\/#breadcrumb\",\"itemListElement\":[{\"@type\":\"ListItem\",\"position\":1,\"name\":\"Home\",\"item\":\"https:\/\/www.one.org\/fr\/\"},{\"@type\":\"ListItem\",\"position\":2,\"name\":\"Nous conna\u00eetre\",\"item\":\"https:\/\/www.one.org\/fr\/nous-connaitre\/\"},{\"@type\":\"ListItem\",\"position\":3,\"name\":\"Rapports et analyses\"}]},{\"@type\":\"WebSite\",\"@id\":\"https:\/\/www.one.org\/fr\/#website\",\"url\":\"https:\/\/www.one.org\/fr\/\",\"name\":\"ONE.org\",\"description\":\"Cr\u00e9er des opportunit\u00e9s \u00e9conomiques et am\u00e9liorer la sant\u00e9 en Afrique\",\"potentialAction\":[{\"@type\":\"SearchAction\",\"target\":{\"@type\":\"EntryPoint\",\"urlTemplate\":\"https:\/\/www.one.org\/fr\/?s={search_term_string}\"},\"query-input\":{\"@type\":\"PropertyValueSpecification\",\"valueRequired\":true,\"valueName\":\"search_term_string\"}}],\"inLanguage\":\"fr-FR\"}]}<\/script>\n<!-- \/ Yoast SEO Premium plugin. -->","yoast_head_json":{"title":"Rapports et analyses - ONE.org France","description":"Changement climatique, ins\u00e9curit\u00e9 alimentaire, conflits, urgences sanitaires - D\u00e9couvrez des analyses pointues et succinctes des experts de ONE.","robots":{"index":"index","follow":"follow","max-snippet":"max-snippet:-1","max-image-preview":"max-image-preview:large","max-video-preview":"max-video-preview:-1"},"canonical":"https:\/\/www.one.org\/fr\/nous-connaitre\/rapports-et-analyses\/","og_locale":"fr_FR","og_type":"article","og_title":"Rapports et analyses","og_description":"Changement climatique, ins\u00e9curit\u00e9 alimentaire, conflits, urgences sanitaires - D\u00e9couvrez des analyses pointues et succinctes des experts de ONE.","og_url":"https:\/\/www.one.org\/fr\/nous-connaitre\/rapports-et-analyses\/","og_site_name":"ONE.org France","article_publisher":"https:\/\/www.facebook.com\/ONE.Fr","article_modified_time":"2024-06-25T14:20:24+00:00","og_image":[{"width":768,"height":402,"url":"https:\/\/www.one.org\/fr\/wp-content\/uploads\/sites\/4\/2023\/09\/GA_share_1200x628-768x402-1.png","type":"image\/png"}],"twitter_card":"summary_large_image","twitter_site":"@one_fr","twitter_misc":{"Est. reading time":"1 minute"},"schema":{"@context":"https:\/\/schema.org","@graph":[{"@type":"WebPage","@id":"https:\/\/www.one.org\/fr\/nous-connaitre\/rapports-et-analyses\/","url":"https:\/\/www.one.org\/fr\/nous-connaitre\/rapports-et-analyses\/","name":"Rapports et analyses - ONE.org France","isPartOf":{"@id":"https:\/\/www.one.org\/fr\/#website"},"datePublished":"2023-08-28T09:03:30+00:00","dateModified":"2024-06-25T14:20:24+00:00","description":"Changement climatique, ins\u00e9curit\u00e9 alimentaire, conflits, urgences sanitaires - D\u00e9couvrez des analyses pointues et succinctes des experts de ONE.","breadcrumb":{"@id":"https:\/\/www.one.org\/fr\/nous-connaitre\/rapports-et-analyses\/#breadcrumb"},"inLanguage":"fr-FR","potentialAction":[{"@type":"ReadAction","target":["https:\/\/www.one.org\/fr\/nous-connaitre\/rapports-et-analyses\/"]}]},{"@type":"BreadcrumbList","@id":"https:\/\/www.one.org\/fr\/nous-connaitre\/rapports-et-analyses\/#breadcrumb","itemListElement":[{"@type":"ListItem","position":1,"name":"Home","item":"https:\/\/www.one.org\/fr\/"},{"@type":"ListItem","position":2,"name":"Nous conna\u00eetre","item":"https:\/\/www.one.org\/fr\/nous-connaitre\/"},{"@type":"ListItem","position":3,"name":"Rapports et analyses"}]},{"@type":"WebSite","@id":"https:\/\/www.one.org\/fr\/#website","url":"https:\/\/www.one.org\/fr\/","name":"ONE.org","description":"Cr\u00e9er des opportunit\u00e9s \u00e9conomiques et am\u00e9liorer la sant\u00e9 en Afrique","potentialAction":[{"@type":"SearchAction","target":{"@type":"EntryPoint","urlTemplate":"https:\/\/www.one.org\/fr\/?s={search_term_string}"},"query-input":{"@type":"PropertyValueSpecification","valueRequired":true,"valueName":"search_term_string"}}],"inLanguage":"fr-FR"}]}},"distributor_meta":false,"distributor_terms":false,"distributor_media":false,"distributor_original_site_name":"ONE.org France","distributor_original_site_url":"https:\/\/www.one.org\/fr","push-errors":false,"_links":{"self":[{"href":"https:\/\/www.one.org\/fr\/wp-json\/wp\/v2\/pages\/162307","targetHints":{"allow":["GET"]}}],"collection":[{"href":"https:\/\/www.one.org\/fr\/wp-json\/wp\/v2\/pages"}],"about":[{"href":"https:\/\/www.one.org\/fr\/wp-json\/wp\/v2\/types\/page"}],"author":[{"embeddable":true,"href":"https:\/\/www.one.org\/fr\/wp-json\/wp\/v2\/users\/3"}],"replies":[{"embeddable":true,"href":"https:\/\/www.one.org\/fr\/wp-json\/wp\/v2\/comments?post=162307"}],"version-history":[{"count":0,"href":"https:\/\/www.one.org\/fr\/wp-json\/wp\/v2\/pages\/162307\/revisions"}],"up":[{"embeddable":true,"href":"https:\/\/www.one.org\/fr\/wp-json\/wp\/v2\/pages\/161923"}],"wp:attachment":[{"href":"https:\/\/www.one.org\/fr\/wp-json\/wp\/v2\/media?parent=162307"}],"curies":[{"name":"wp","href":"https:\/\/api.w.org\/{rel}","templated":true}]}}