{"id":162057,"date":"2023-08-10T11:48:33","date_gmt":"2023-08-10T11:48:33","guid":{"rendered":"https:\/\/www.one.org\/fr\/?page_id=162057"},"modified":"2026-04-22T14:23:23","modified_gmt":"2026-04-22T14:23:23","slug":"passez-a-laction","status":"publish","type":"page","link":"https:\/\/www.one.org\/fr\/agir\/passez-a-laction\/","title":{"rendered":"Passez \u00e0 l\u2019action"},"content":{"rendered":"\n<div id=\"block_49fbb3a3846513b829a3e0b27baa90ed\" class=\"oneorg-block oneorg-promo flush is-style-bottom  has-text-align-left  \">\n\n\t\t\t    \n\n\t\t\t<div class=\"oneorg-promo__wrapper\">\n\t\t\t\t<div class=\"oneorg-promo__inner\">   \n\n\t\t\t\t<div class=\"oneorg-promo__content\">\n\t\t\t\t\t<div class=\"acf-innerblocks-container\">\n\n<p class=\"oneorg-section-title\">Agir<\/p>\n\n\n\n<h2 class=\"wp-block-heading\" id=\"h-pret-e-a-faire-entendre-votre-voix-pour-resoudre-les-grands-defis-de-notre-monde\">Pr\u00eat\u00b7e \u00e0 faire entendre votre voix pour r\u00e9soudre les grands d\u00e9fis de notre monde ?<\/h2>\n\n\n\n<\/div>\n\t\t\t\t<\/div>\n\t\t\t\t\n\t\t\t\t<\/div>\n\t\t\t<\/div>\n\n<\/div>\n\n\n\n<div class=\"wp-block-group oneorg-pattern-grid has-global-padding is-layout-constrained wp-block-group-is-layout-constrained\">\n<div class=\"wp-block-group has-global-padding is-layout-constrained wp-block-group-is-layout-constrained\">\n<h2 class=\"wp-block-heading\" id=\"h-decouvrez-nos-actions-du-moment-et-d-autres-facons-de-vous-engager-a-nos-cotes\">D\u00e9couvrez nos actions du moment et d\u2019autres fa\u00e7ons de vous engager \u00e0 nos c\u00f4t\u00e9s.<\/h2>\n\n\n\n<div class=\"wp-block-group is-layout-grid wp-container-core-group-is-layout-d88a0cef wp-block-group-is-layout-grid\">\n<div class=\"wp-block-group is-vertical is-layout-flex wp-container-core-group-is-layout-fe9cc265 wp-block-group-is-layout-flex\">\n<figure class=\"wp-block-image size-large\"><a href=\"https:\/\/act.one.org\/sign\/fr-g7-stop-coupes-sante\/\"><img loading=\"lazy\" decoding=\"async\" width=\"1024\" height=\"536\" src=\"https:\/\/www.one.org\/fr\/wp-content\/uploads\/sites\/4\/2026\/04\/FR_G7_handraiser_2026_1200x628-1024x536.jpg\" alt=\"\" class=\"wp-image-166429\" srcset=\"https:\/\/www.one.org\/fr\/wp-content\/uploads\/sites\/4\/2026\/04\/FR_G7_handraiser_2026_1200x628-1024x536.jpg 1024w, https:\/\/www.one.org\/fr\/wp-content\/uploads\/sites\/4\/2026\/04\/FR_G7_handraiser_2026_1200x628-300x157.jpg 300w, https:\/\/www.one.org\/fr\/wp-content\/uploads\/sites\/4\/2026\/04\/FR_G7_handraiser_2026_1200x628-768x402.jpg 768w, https:\/\/www.one.org\/fr\/wp-content\/uploads\/sites\/4\/2026\/04\/FR_G7_handraiser_2026_1200x628-16x8.jpg 16w, https:\/\/www.one.org\/fr\/wp-content\/uploads\/sites\/4\/2026\/04\/FR_G7_handraiser_2026_1200x628-320x167.jpg 320w, https:\/\/www.one.org\/fr\/wp-content\/uploads\/sites\/4\/2026\/04\/FR_G7_handraiser_2026_1200x628-640x335.jpg 640w, https:\/\/www.one.org\/fr\/wp-content\/uploads\/sites\/4\/2026\/04\/FR_G7_handraiser_2026_1200x628-800x419.jpg 800w, https:\/\/www.one.org\/fr\/wp-content\/uploads\/sites\/4\/2026\/04\/FR_G7_handraiser_2026_1200x628.jpg 1200w\" sizes=\"auto, (max-width: 1024px) 100vw, 1024px\" \/><\/a><figcaption class=\"wp-element-caption\">482e3010-2942-46aa-afa5-2772075f46d7<\/figcaption><\/figure>\n\n\n\n<h3 class=\"wp-block-heading\" id=\"h-g7-stop-aux-coupes-pour-la-sante\"><a href=\"https:\/\/act.one.org\/petition\/petition-fonds-mondial-2025\">G7 : stop aux coupes pour la sant\u00e9 !<\/a><\/h3>\n\n\n\n<div class=\"wp-block-buttons is-layout-flex wp-block-buttons-is-layout-flex\">\n<div class=\"wp-block-button\"><a class=\"wp-block-button__link wp-element-button\" href=\"https:\/\/act.one.org\/sign\/fr-g7-stop-coupes-sante\/\">Je signe l&#8217;appel<\/a><\/div>\n<\/div>\n<\/div>\n\n\n\n<div class=\"wp-block-group is-vertical is-layout-flex wp-container-core-group-is-layout-fe9cc265 wp-block-group-is-layout-flex\">\n<figure class=\"wp-block-image size-large\"><img loading=\"lazy\" decoding=\"async\" width=\"1024\" height=\"536\" src=\"https:\/\/www.one.org\/fr\/wp-content\/uploads\/sites\/4\/2026\/04\/FR_MFF_handraiser_2026_2_1200x628-1024x536.jpg\" alt=\"\" class=\"wp-image-166433\" srcset=\"https:\/\/www.one.org\/fr\/wp-content\/uploads\/sites\/4\/2026\/04\/FR_MFF_handraiser_2026_2_1200x628-1024x536.jpg 1024w, https:\/\/www.one.org\/fr\/wp-content\/uploads\/sites\/4\/2026\/04\/FR_MFF_handraiser_2026_2_1200x628-300x157.jpg 300w, https:\/\/www.one.org\/fr\/wp-content\/uploads\/sites\/4\/2026\/04\/FR_MFF_handraiser_2026_2_1200x628-768x402.jpg 768w, https:\/\/www.one.org\/fr\/wp-content\/uploads\/sites\/4\/2026\/04\/FR_MFF_handraiser_2026_2_1200x628-16x8.jpg 16w, https:\/\/www.one.org\/fr\/wp-content\/uploads\/sites\/4\/2026\/04\/FR_MFF_handraiser_2026_2_1200x628-320x167.jpg 320w, https:\/\/www.one.org\/fr\/wp-content\/uploads\/sites\/4\/2026\/04\/FR_MFF_handraiser_2026_2_1200x628-640x335.jpg 640w, https:\/\/www.one.org\/fr\/wp-content\/uploads\/sites\/4\/2026\/04\/FR_MFF_handraiser_2026_2_1200x628-800x419.jpg 800w, https:\/\/www.one.org\/fr\/wp-content\/uploads\/sites\/4\/2026\/04\/FR_MFF_handraiser_2026_2_1200x628.jpg 1200w\" sizes=\"auto, (max-width: 1024px) 100vw, 1024px\" \/><\/figure>\n\n\n\n<h3 class=\"wp-block-heading\" id=\"h-ue-n-abandonnez-pas-la-sante-et-l-education\">UE : N&#8217;abandonnez pas la sant\u00e9 et l\u2019\u00e9ducation !<\/h3>\n\n\n\n<div class=\"wp-block-buttons is-layout-flex wp-block-buttons-is-layout-flex\">\n<div class=\"wp-block-button\"><a class=\"wp-block-button__link wp-element-button\" href=\"https:\/\/act.one.org\/sign\/fr-nabandonnez-pas-sante-education\/\">Je signe la p\u00e9tition<\/a><\/div>\n<\/div>\n<\/div>\n\n\n\n<div class=\"wp-block-group is-vertical is-layout-flex wp-container-core-group-is-layout-fe9cc265 wp-block-group-is-layout-flex\">\n<figure class=\"wp-block-image size-large\"><a href=\"https:\/\/act.one.org\/survey\/fr-g7-quiz\/\"><img loading=\"lazy\" decoding=\"async\" width=\"1024\" height=\"536\" src=\"https:\/\/www.one.org\/fr\/wp-content\/uploads\/sites\/4\/2026\/04\/FR_G7_Quiz_header_1200x628-1024x536.jpg\" alt=\"\" class=\"wp-image-166423\" srcset=\"https:\/\/www.one.org\/fr\/wp-content\/uploads\/sites\/4\/2026\/04\/FR_G7_Quiz_header_1200x628-1024x536.jpg 1024w, https:\/\/www.one.org\/fr\/wp-content\/uploads\/sites\/4\/2026\/04\/FR_G7_Quiz_header_1200x628-300x157.jpg 300w, https:\/\/www.one.org\/fr\/wp-content\/uploads\/sites\/4\/2026\/04\/FR_G7_Quiz_header_1200x628-768x402.jpg 768w, https:\/\/www.one.org\/fr\/wp-content\/uploads\/sites\/4\/2026\/04\/FR_G7_Quiz_header_1200x628-16x8.jpg 16w, https:\/\/www.one.org\/fr\/wp-content\/uploads\/sites\/4\/2026\/04\/FR_G7_Quiz_header_1200x628-320x167.jpg 320w, https:\/\/www.one.org\/fr\/wp-content\/uploads\/sites\/4\/2026\/04\/FR_G7_Quiz_header_1200x628-640x335.jpg 640w, https:\/\/www.one.org\/fr\/wp-content\/uploads\/sites\/4\/2026\/04\/FR_G7_Quiz_header_1200x628-800x419.jpg 800w, https:\/\/www.one.org\/fr\/wp-content\/uploads\/sites\/4\/2026\/04\/FR_G7_Quiz_header_1200x628.jpg 1200w\" sizes=\"auto, (max-width: 1024px) 100vw, 1024px\" \/><\/a><figcaption class=\"wp-element-caption\">482e3010-2942-46aa-afa5-2772075f46d7<\/figcaption><\/figure>\n\n\n\n<h3 class=\"wp-block-heading\" id=\"h-le-g7-2026-testez-vos-connaissances-et-decouvrez-les-principaux-enjeux\"><a href=\"https:\/\/act.one.org\/petition\/petition-fonds-mondial-2025\">Le G7 2026 : testez vos connaissances et d\u00e9couvrez les principaux enjeux<\/a><\/h3>\n\n\n\n<div class=\"wp-block-buttons is-layout-flex wp-block-buttons-is-layout-flex\">\n<div class=\"wp-block-button\"><a class=\"wp-block-button__link wp-element-button\" href=\"https:\/\/act.one.org\/survey\/fr-g7-quiz\/\">Je faire le quiz<\/a><\/div>\n<\/div>\n<\/div>\n\n\n\n<div class=\"wp-block-group is-vertical is-layout-flex wp-container-core-group-is-layout-fe9cc265 wp-block-group-is-layout-flex\">\n<figure class=\"wp-block-image size-large\"><img loading=\"lazy\" decoding=\"async\" width=\"1024\" height=\"680\" src=\"https:\/\/www.one.org\/fr\/wp-content\/uploads\/sites\/4\/2024\/10\/RS37935_AdobeStock_65351363-1024x680.jpeg\" alt=\"\" class=\"wp-image-165743\" srcset=\"https:\/\/www.one.org\/fr\/wp-content\/uploads\/sites\/4\/2024\/10\/RS37935_AdobeStock_65351363-1024x680.jpeg 1024w, https:\/\/www.one.org\/fr\/wp-content\/uploads\/sites\/4\/2024\/10\/RS37935_AdobeStock_65351363-300x199.jpeg 300w, https:\/\/www.one.org\/fr\/wp-content\/uploads\/sites\/4\/2024\/10\/RS37935_AdobeStock_65351363-768x510.jpeg 768w, https:\/\/www.one.org\/fr\/wp-content\/uploads\/sites\/4\/2024\/10\/RS37935_AdobeStock_65351363-1536x1020.jpeg 1536w, https:\/\/www.one.org\/fr\/wp-content\/uploads\/sites\/4\/2024\/10\/RS37935_AdobeStock_65351363-2048x1360.jpeg 2048w, https:\/\/www.one.org\/fr\/wp-content\/uploads\/sites\/4\/2024\/10\/RS37935_AdobeStock_65351363-16x11.jpeg 16w, https:\/\/www.one.org\/fr\/wp-content\/uploads\/sites\/4\/2024\/10\/RS37935_AdobeStock_65351363-320x213.jpeg 320w, https:\/\/www.one.org\/fr\/wp-content\/uploads\/sites\/4\/2024\/10\/RS37935_AdobeStock_65351363-640x425.jpeg 640w, https:\/\/www.one.org\/fr\/wp-content\/uploads\/sites\/4\/2024\/10\/RS37935_AdobeStock_65351363-800x531.jpeg 800w, https:\/\/www.one.org\/fr\/wp-content\/uploads\/sites\/4\/2024\/10\/RS37935_AdobeStock_65351363-1600x1063.jpeg 1600w, https:\/\/www.one.org\/fr\/wp-content\/uploads\/sites\/4\/2024\/10\/RS37935_AdobeStock_65351363-948x630.jpeg 948w\" sizes=\"auto, (max-width: 1024px) 100vw, 1024px\" \/><figcaption class=\"wp-element-caption\">482e3010-2942-46aa-afa5-2772075f46d7<\/figcaption><\/figure>\n\n\n\n<h3 class=\"wp-block-heading\" id=\"h-preservons-les-taxes-solidaires-pour-un-monde-plus-juste\">Pr\u00e9servons les taxes solidaires pour un monde plus juste<\/h3>\n\n\n\n<div class=\"wp-block-buttons is-layout-flex wp-block-buttons-is-layout-flex\">\n<div class=\"wp-block-button\"><a class=\"wp-block-button__link wp-element-button\" href=\"https:\/\/act.one.org\/sign\/petition-taxes-solidaires\/\">Je signe la p\u00e9tition<\/a><\/div>\n<\/div>\n<\/div>\n\n\n\n<div class=\"wp-block-group is-vertical is-layout-flex wp-container-core-group-is-layout-fe9cc265 wp-block-group-is-layout-flex\">\n<figure class=\"wp-block-image size-large\"><img decoding=\"async\" src=\"https:\/\/www.one.org\/fr\/wp-content\/uploads\/sites\/4\/2023\/11\/climate_finance_2023_1200x628-1024x536.jpg\" alt=\"\" \/><\/figure>\n\n\n\n<h3 class=\"wp-block-heading\" id=\"h-exigeons-plus-de-transparence-sur-les-engagements-climatiques\">Exigeons plus de transparence sur les engagements climatiques<\/h3>\n\n\n\n<div class=\"wp-block-buttons is-layout-flex wp-block-buttons-is-layout-flex\">\n<div class=\"wp-block-button\"><a class=\"wp-block-button__link wp-element-button\" href=\"https:\/\/act.one.org\/sign\/financements-climat-transparence\/\">Je signe la p\u00e9tition<\/a><\/div>\n<\/div>\n<\/div>\n\n\n\n<div class=\"wp-block-group is-vertical is-layout-flex wp-container-core-group-is-layout-fe9cc265 wp-block-group-is-layout-flex\">\n<figure class=\"wp-block-image size-large\"><img decoding=\"async\" src=\"https:\/\/www.one.org\/fr\/wp-content\/uploads\/sites\/4\/2023\/11\/1200x628_RED_ONE-Liberia_Ghana-148-1-1024x536.jpg\" alt=\"\" \/><\/figure>\n\n\n\n<h3 class=\"wp-block-heading\" id=\"h-investissez-dans-la-transition-verte-pour-l-afrique-et-le-monde\">Investissez dans la transition verte pour l\u2019Afrique et le monde<\/h3>\n\n\n\n<div class=\"wp-block-buttons is-layout-flex wp-block-buttons-is-layout-flex\">\n<div class=\"wp-block-button\"><a class=\"wp-block-button__link wp-element-button\" href=\"https:\/\/act.one.org\/sign\/afrique-transition-verte\/\">Je signe la p\u00e9tition<\/a><\/div>\n<\/div>\n<\/div>\n\n\n\n<div class=\"wp-block-group is-vertical is-layout-flex wp-container-core-group-is-layout-fe9cc265 wp-block-group-is-layout-flex\">\n<figure class=\"wp-block-image size-large\"><img decoding=\"async\" src=\"https:\/\/www.one.org\/fr\/wp-content\/uploads\/sites\/4\/2023\/08\/ClimateCampaign_2022_header_1440x460_FR-1024x327.png\" alt=\"\" \/><\/figure>\n\n\n\n<h3 class=\"wp-block-heading\" id=\"h-defendons-la-justice-climatique\">D\u00e9fendons la justice climatique<\/h3>\n\n\n\n<div class=\"wp-block-buttons is-layout-flex wp-block-buttons-is-layout-flex\">\n<div class=\"wp-block-button\"><a class=\"wp-block-button__link wp-element-button\" href=\"https:\/\/act.one.org\/sign\/adenike-climat-petition-fr\/\">Je signe l&#8217;appel<\/a><\/div>\n<\/div>\n<\/div>\n<\/div>\n<\/div>\n<\/div>\n<div class=\"buffer\"><\/div>","protected":false},"excerpt":{"rendered":"<p>D\u00e9couvrez nos actions du moment et d\u2019autres fa\u00e7ons de vous engager \u00e0 nos c\u00f4t\u00e9s. G7 : stop aux coupes pour la sant\u00e9 ! UE : N&#8217;abandonnez pas la sant\u00e9 et l\u2019\u00e9ducation ! Le G7 2026 : testez vos connaissances et d\u00e9couvrez les principaux enjeux Pr\u00e9servons les taxes solidaires pour un monde plus juste Exigeons plus [&hellip;]<\/p>\n","protected":false},"author":3,"featured_media":0,"parent":162048,"menu_order":0,"comment_status":"closed","ping_status":"closed","template":"","meta":{"_acf_changed":false,"_relevanssi_hide_post":"","_relevanssi_hide_content":"","_relevanssi_pin_for_all":"","_relevanssi_pin_keywords":"","_relevanssi_unpin_keywords":"","_relevanssi_related_keywords":"","_relevanssi_related_include_ids":"","_relevanssi_related_exclude_ids":"","_relevanssi_related_no_append":"","_relevanssi_related_not_related":"","_relevanssi_related_posts":"1","_relevanssi_noindex_reason":"","footnotes":""},"class_list":["post-162057","page","type-page","status-publish","hentry"],"acf":[],"yoast_head":"<!-- This site is optimized with the Yoast SEO Premium plugin v27.1 (Yoast SEO v27.1.1) - https:\/\/yoast.com\/product\/yoast-seo-premium-wordpress\/ -->\n<title>Passez \u00e0 l\u2019action - ONE.org France<\/title>\n<meta name=\"description\" content=\"Signez nos p\u00e9titions et ajoutez votre voix \u00e0 la lutte pour un monde plus juste. Encouragez les autres \u00e0 faire de m\u00eame !\" \/>\n<meta name=\"robots\" content=\"index, follow, max-snippet:-1, max-image-preview:large, max-video-preview:-1\" \/>\n<link rel=\"canonical\" href=\"https:\/\/www.one.org\/fr\/agir\/passez-a-laction\/\" \/>\n<meta property=\"og:locale\" content=\"fr_FR\" \/>\n<meta property=\"og:type\" content=\"article\" \/>\n<meta property=\"og:title\" content=\"Passez \u00e0 l\u2019action\" \/>\n<meta property=\"og:description\" content=\"Signez nos p\u00e9titions et ajoutez votre voix \u00e0 la lutte pour un monde plus juste. Encouragez les autres \u00e0 faire de m\u00eame !\" \/>\n<meta property=\"og:url\" content=\"https:\/\/www.one.org\/fr\/agir\/passez-a-laction\/\" \/>\n<meta property=\"og:site_name\" content=\"ONE.org France\" \/>\n<meta property=\"article:publisher\" content=\"https:\/\/www.facebook.com\/ONE.Fr\" \/>\n<meta property=\"article:modified_time\" content=\"2026-04-22T14:23:23+00:00\" \/>\n<meta property=\"og:image\" content=\"https:\/\/www.one.org\/fr\/wp-content\/uploads\/sites\/4\/2026\/04\/FR_G7_handraiser_2026_1200x628.jpg\" \/>\n\t<meta property=\"og:image:width\" content=\"1200\" \/>\n\t<meta property=\"og:image:height\" content=\"628\" \/>\n\t<meta property=\"og:image:type\" content=\"image\/jpeg\" \/>\n<meta name=\"twitter:card\" content=\"summary_large_image\" \/>\n<meta name=\"twitter:site\" content=\"@one_fr\" \/>\n<meta name=\"twitter:label1\" content=\"Est. reading time\" \/>\n\t<meta name=\"twitter:data1\" content=\"2 minutes\" \/>\n<script type=\"application\/ld+json\" class=\"yoast-schema-graph\">{\"@context\":\"https:\/\/schema.org\",\"@graph\":[{\"@type\":\"WebPage\",\"@id\":\"https:\/\/www.one.org\/fr\/agir\/passez-a-laction\/\",\"url\":\"https:\/\/www.one.org\/fr\/agir\/passez-a-laction\/\",\"name\":\"Passez \u00e0 l\u2019action - ONE.org France\",\"isPartOf\":{\"@id\":\"https:\/\/www.one.org\/fr\/#website\"},\"primaryImageOfPage\":{\"@id\":\"https:\/\/www.one.org\/fr\/agir\/passez-a-laction\/#primaryimage\"},\"image\":{\"@id\":\"https:\/\/www.one.org\/fr\/agir\/passez-a-laction\/#primaryimage\"},\"thumbnailUrl\":\"https:\/\/www.one.org\/fr\/wp-content\/uploads\/sites\/4\/2026\/04\/FR_G7_handraiser_2026_1200x628-1024x536.jpg\",\"datePublished\":\"2023-08-10T11:48:33+00:00\",\"dateModified\":\"2026-04-22T14:23:23+00:00\",\"description\":\"Signez nos p\u00e9titions et ajoutez votre voix \u00e0 la lutte pour un monde plus juste. Encouragez les autres \u00e0 faire de m\u00eame !\",\"breadcrumb\":{\"@id\":\"https:\/\/www.one.org\/fr\/agir\/passez-a-laction\/#breadcrumb\"},\"inLanguage\":\"fr-FR\",\"potentialAction\":[{\"@type\":\"ReadAction\",\"target\":[\"https:\/\/www.one.org\/fr\/agir\/passez-a-laction\/\"]}]},{\"@type\":\"ImageObject\",\"inLanguage\":\"fr-FR\",\"@id\":\"https:\/\/www.one.org\/fr\/agir\/passez-a-laction\/#primaryimage\",\"url\":\"https:\/\/www.one.org\/fr\/wp-content\/uploads\/sites\/4\/2026\/04\/FR_G7_handraiser_2026_1200x628.jpg\",\"contentUrl\":\"https:\/\/www.one.org\/fr\/wp-content\/uploads\/sites\/4\/2026\/04\/FR_G7_handraiser_2026_1200x628.jpg\",\"width\":1200,\"height\":628},{\"@type\":\"BreadcrumbList\",\"@id\":\"https:\/\/www.one.org\/fr\/agir\/passez-a-laction\/#breadcrumb\",\"itemListElement\":[{\"@type\":\"ListItem\",\"position\":1,\"name\":\"Home\",\"item\":\"https:\/\/www.one.org\/fr\/\"},{\"@type\":\"ListItem\",\"position\":2,\"name\":\"Agir\",\"item\":\"https:\/\/www.one.org\/fr\/agir\/\"},{\"@type\":\"ListItem\",\"position\":3,\"name\":\"Passez \u00e0 l\u2019action\"}]},{\"@type\":\"WebSite\",\"@id\":\"https:\/\/www.one.org\/fr\/#website\",\"url\":\"https:\/\/www.one.org\/fr\/\",\"name\":\"ONE.org\",\"description\":\"Cr\u00e9er des opportunit\u00e9s \u00e9conomiques et am\u00e9liorer la sant\u00e9 en Afrique\",\"potentialAction\":[{\"@type\":\"SearchAction\",\"target\":{\"@type\":\"EntryPoint\",\"urlTemplate\":\"https:\/\/www.one.org\/fr\/?s={search_term_string}\"},\"query-input\":{\"@type\":\"PropertyValueSpecification\",\"valueRequired\":true,\"valueName\":\"search_term_string\"}}],\"inLanguage\":\"fr-FR\"}]}<\/script>\n<!-- \/ Yoast SEO Premium plugin. -->","yoast_head_json":{"title":"Passez \u00e0 l\u2019action - ONE.org France","description":"Signez nos p\u00e9titions et ajoutez votre voix \u00e0 la lutte pour un monde plus juste. Encouragez les autres \u00e0 faire de m\u00eame !","robots":{"index":"index","follow":"follow","max-snippet":"max-snippet:-1","max-image-preview":"max-image-preview:large","max-video-preview":"max-video-preview:-1"},"canonical":"https:\/\/www.one.org\/fr\/agir\/passez-a-laction\/","og_locale":"fr_FR","og_type":"article","og_title":"Passez \u00e0 l\u2019action","og_description":"Signez nos p\u00e9titions et ajoutez votre voix \u00e0 la lutte pour un monde plus juste. Encouragez les autres \u00e0 faire de m\u00eame !","og_url":"https:\/\/www.one.org\/fr\/agir\/passez-a-laction\/","og_site_name":"ONE.org France","article_publisher":"https:\/\/www.facebook.com\/ONE.Fr","article_modified_time":"2026-04-22T14:23:23+00:00","og_image":[{"width":1200,"height":628,"url":"https:\/\/www.one.org\/fr\/wp-content\/uploads\/sites\/4\/2026\/04\/FR_G7_handraiser_2026_1200x628.jpg","type":"image\/jpeg"}],"twitter_card":"summary_large_image","twitter_site":"@one_fr","twitter_misc":{"Est. reading time":"2 minutes"},"schema":{"@context":"https:\/\/schema.org","@graph":[{"@type":"WebPage","@id":"https:\/\/www.one.org\/fr\/agir\/passez-a-laction\/","url":"https:\/\/www.one.org\/fr\/agir\/passez-a-laction\/","name":"Passez \u00e0 l\u2019action - ONE.org France","isPartOf":{"@id":"https:\/\/www.one.org\/fr\/#website"},"primaryImageOfPage":{"@id":"https:\/\/www.one.org\/fr\/agir\/passez-a-laction\/#primaryimage"},"image":{"@id":"https:\/\/www.one.org\/fr\/agir\/passez-a-laction\/#primaryimage"},"thumbnailUrl":"https:\/\/www.one.org\/fr\/wp-content\/uploads\/sites\/4\/2026\/04\/FR_G7_handraiser_2026_1200x628-1024x536.jpg","datePublished":"2023-08-10T11:48:33+00:00","dateModified":"2026-04-22T14:23:23+00:00","description":"Signez nos p\u00e9titions et ajoutez votre voix \u00e0 la lutte pour un monde plus juste. Encouragez les autres \u00e0 faire de m\u00eame !","breadcrumb":{"@id":"https:\/\/www.one.org\/fr\/agir\/passez-a-laction\/#breadcrumb"},"inLanguage":"fr-FR","potentialAction":[{"@type":"ReadAction","target":["https:\/\/www.one.org\/fr\/agir\/passez-a-laction\/"]}]},{"@type":"ImageObject","inLanguage":"fr-FR","@id":"https:\/\/www.one.org\/fr\/agir\/passez-a-laction\/#primaryimage","url":"https:\/\/www.one.org\/fr\/wp-content\/uploads\/sites\/4\/2026\/04\/FR_G7_handraiser_2026_1200x628.jpg","contentUrl":"https:\/\/www.one.org\/fr\/wp-content\/uploads\/sites\/4\/2026\/04\/FR_G7_handraiser_2026_1200x628.jpg","width":1200,"height":628},{"@type":"BreadcrumbList","@id":"https:\/\/www.one.org\/fr\/agir\/passez-a-laction\/#breadcrumb","itemListElement":[{"@type":"ListItem","position":1,"name":"Home","item":"https:\/\/www.one.org\/fr\/"},{"@type":"ListItem","position":2,"name":"Agir","item":"https:\/\/www.one.org\/fr\/agir\/"},{"@type":"ListItem","position":3,"name":"Passez \u00e0 l\u2019action"}]},{"@type":"WebSite","@id":"https:\/\/www.one.org\/fr\/#website","url":"https:\/\/www.one.org\/fr\/","name":"ONE.org","description":"Cr\u00e9er des opportunit\u00e9s \u00e9conomiques et am\u00e9liorer la sant\u00e9 en Afrique","potentialAction":[{"@type":"SearchAction","target":{"@type":"EntryPoint","urlTemplate":"https:\/\/www.one.org\/fr\/?s={search_term_string}"},"query-input":{"@type":"PropertyValueSpecification","valueRequired":true,"valueName":"search_term_string"}}],"inLanguage":"fr-FR"}]}},"distributor_meta":false,"distributor_terms":false,"distributor_media":false,"distributor_original_site_name":"ONE.org France","distributor_original_site_url":"https:\/\/www.one.org\/fr","push-errors":false,"_links":{"self":[{"href":"https:\/\/www.one.org\/fr\/wp-json\/wp\/v2\/pages\/162057","targetHints":{"allow":["GET"]}}],"collection":[{"href":"https:\/\/www.one.org\/fr\/wp-json\/wp\/v2\/pages"}],"about":[{"href":"https:\/\/www.one.org\/fr\/wp-json\/wp\/v2\/types\/page"}],"author":[{"embeddable":true,"href":"https:\/\/www.one.org\/fr\/wp-json\/wp\/v2\/users\/3"}],"replies":[{"embeddable":true,"href":"https:\/\/www.one.org\/fr\/wp-json\/wp\/v2\/comments?post=162057"}],"version-history":[{"count":4,"href":"https:\/\/www.one.org\/fr\/wp-json\/wp\/v2\/pages\/162057\/revisions"}],"predecessor-version":[{"id":166436,"href":"https:\/\/www.one.org\/fr\/wp-json\/wp\/v2\/pages\/162057\/revisions\/166436"}],"up":[{"embeddable":true,"href":"https:\/\/www.one.org\/fr\/wp-json\/wp\/v2\/pages\/162048"}],"wp:attachment":[{"href":"https:\/\/www.one.org\/fr\/wp-json\/wp\/v2\/media?parent=162057"}],"curies":[{"name":"wp","href":"https:\/\/api.w.org\/{rel}","templated":true}]}}