{"id":162048,"date":"2023-08-10T11:43:49","date_gmt":"2023-08-10T11:43:49","guid":{"rendered":"https:\/\/www.one.org\/fr\/?page_id=162048"},"modified":"2025-11-24T11:00:29","modified_gmt":"2025-11-24T11:00:29","slug":"agir","status":"publish","type":"page","link":"https:\/\/www.one.org\/fr\/agir\/","title":{"rendered":"Agir"},"content":{"rendered":"\n<div id=\"block_d805e9208e268490404df79f91986185\" class=\"oneorg-block oneorg-hero flush is-style-bottom  has-text-align-left has-image    has-overlay  \">\n\t\t\t\t\t\t\t\t\t\t\t<link rel=\"preload\" href=\"https:\/\/www.one.org\/fr\/wp-content\/uploads\/sites\/4\/2025\/05\/Get-Involved_820x820_V2-800x800.png\" as=\"image\" media=\"(max-width: 39.6875em)\">\n\t\t\t\t<link rel=\"preload\" href=\"https:\/\/www.one.org\/fr\/wp-content\/uploads\/sites\/4\/2025\/05\/Get-Involved_1640x800_V2-1-1600x780.png\" as=\"image\" media=\"(min-width: 40.0625em)\">\n\t\t\t\t\t\t\t\t\t<style scoped>\n\t\t\t\t\t#block_d805e9208e268490404df79f91986185.oneorg-hero:before {\n\t\t\t\t\t\tdisplay: block;\n\t\t\t\t\t\tz-index: 2; \/*Same as $z-low-1*\/\n\t\t\t\t\t\tcontent: '';\n\t\t\t\t\t\tposition: absolute;\n\t\t\t\t\t\ttop: 0;\n\t\t\t\t\t\tright: 0;\n\t\t\t\t\t\tbottom: 0;\n\t\t\t\t\t\tleft: 0;\n\t\t\t\t\t\tbackground: rgba(0,0,0);\n\t\t\t\t\t\topacity: 0.9;\n\t\t\t\t\t}\n\t\t\t\t\t@media (min-width: 48rem) {\n\t\t\t\t\t\t#block_d805e9208e268490404df79f91986185.oneorg-hero:before {\n\t\t\t\t\t\t\tbackground: linear-gradient(90.29deg, rgba(0,0,0,0.9) 0.33%, rgba(0,0,0, 0) 99.82%); \n\t\t\t\t\t\t}\n\t\t\t\t\t}\n\t\t\t\t\t<\/style>\n\t\t\t\t\t\t\t\t\t\n\t\t\t\t<div class=\"block__background\">\n\t\t\t\t\t<figure>\n\t\t\t\t\t\t<picture>\n\t\t\t\t\t\t\t<source media=\"(min-width: 64em)\" srcset=\"https:\/\/www.one.org\/fr\/wp-content\/uploads\/sites\/4\/2025\/05\/Get-Involved_1640x800_V2-1-1600x780.png\">\n\t\t\t\t\t\t\t<img \n\t\t\t\t\t\t\tsrc=\"https:\/\/www.one.org\/fr\/wp-content\/uploads\/sites\/4\/2025\/05\/Get-Involved_820x820_V2-800x800.png\" \n\t\t\t\t\t\t\talt=\"\" \n\t\t\t\t\t\t\twidth=\"640\" \n\t\t\t\t\t\t\theight=\"640\" \n\t\t\t\t\t\t\tstyle=\"background-image: url(data:image\/png;base64,iVBORw0KGgoAAAANSUhEUgAAABAAAAAICAMAAADHqI+lAAABSlBMVEXZ4OCHwLkxoJEzpZU1p5Y1p5c0ppYzoZRQsKOw19Lb6Ofc6Off6unH3dvQ3dxitKkyo5M1qJdRp6GpzMzV4uPb5+bW4eDZ5OOK0Ma419NOrqE0opVWqqSvzM7H09jR3d\/U39+dpKNkZ2eAhIO4wL+Fz8Wz1tFJrZ81l4lfnpW+1tbV4eLP297Z5eSYnZ1kZWVDQ0MpKSlPT0+11tJLrqA2qJhRsqRKbGeDhobX4uHBysmss7K8xMN0dnZzc3NkZGQcHBwmJia+2dZatahTtKa21dJeYmJydXXG0M9oa2tlZ2efoaF4eXlVVVVAQUELDAwTExPG3Np+wriRzMTK1dQ8Pj5KTEuco6NBQkI7OztXWFhlaGc\/QUEaHR0EBQUNDQ2v0s6x19LQ3NtAQ0MfICBaXl4hISE9PT1wc3O8xMRxenkoTUcLJCAODg4Q1pqOAAAAkElEQVQI12NgYGBkYmZhZWPn4OTi5ubmYeDl4xdgE2RhFxIW4RYVE+dmkJCUYhEUlJaRlZNXUFRSVmFQVVMXZNXQ1NLW0dXTNzA0YlA1NjE1M7ewtLK2sbWzd3BkUHVydnF1c\/fw9PL28fXzD2BQDQwKDgkNC4+IjIqOiY2LZ1DlTUhMSk5JTUvPyMzKzskFACf\/GIZ9hkoMAAAAAElFTkSuQmCC)\" \n\t\t\t\t\t\t\tfetchpriority=\"high\"\n\t\t\t\t\t\t\t\/>\n\t\t\t\t\t\t<\/picture>\n\t\t\t\t\t<\/figure>\n\t\t\t\t<\/div>\n\t\t\t    \n\n\t\t\t<div class=\"oneorg-hero__wrapper\">\n\n\t\t\t\t<div class=\"oneorg-hero__inner\">   \n\n\t\t\t\t\t<div class=\"oneorg-hero__content stack\" data-aos=\"fade-up\" data-aos-duration=\"1750\">\n\t\t\t\t\t\t\n\t\t\t\t\t\t<div class=\"acf-innerblocks-container\">\n\n<p>Agir<\/p>\n\n\n\n<h1 class=\"wp-block-heading\" id=\"h-pret-e-s-a-vous-nbsp-battre-pour-un-monde-plus-egalitaire\">Pr\u00eat\u00b7e\u00b7s \u00e0 vous&nbsp;battre pour un monde plus \u00e9galitaire ?<\/h1>\n\n\n\n<\/div>\n\t\t\t\t\t\t\t\t\t\t\t\t\n\t\t\t\t\t<\/div>\n\t\t\t\t<\/div>\n\n\t\t\t<\/div>\n\t\t\t\n\t\t\t\n<\/div>\n\n\n\n<div id=\"block_6c4a3821b822a671c2f62e29361e3d88\" class=\"oneorg-block oneorg-content-block  has-image  is-illustrative-type \">\n\t<div class=\"oneorg-content-block__inner\">\n\n\t\t\t<div class=\"oneorg-content-block__content\">\n\t\t\t\t<div class=\"acf-innerblocks-container\">\n\n<h2 class=\"wp-block-heading\" id=\"h-faites-entendre-votre-voix\">Faites entendre votre voix<\/h2>\n\n\n\n<p>Quand nous parlons d\u2019une seule et m\u00eame voix, on ne peut nous ignorer. Ensemble, nos voix ont plus de poids et nous donnent le pouvoir de cr\u00e9er un monde plus juste.&nbsp;<\/p>\n\n\n\n<p>ONE vous donne ce pouvoir. Ensemble, nous amplifions la voix de celles et ceux qui se battent pour plus de justice. D\u00e9couvrez comment faire entendre la v\u00f4tre et prendre part \u00e0 nos campagnes actuelles.<\/p>\n\n\n\n<div class=\"wp-block-button\"><a class=\"wp-block-button__link wp-element-button\" href=\"https:\/\/www.one.org\/fr\/agir\/passez-a-laction\/\">Nos campagnes actuelles<\/a><\/div>\n\n<\/div>\n\t\t\t<\/div>\n\n\t\t\t \t\t\t\t\t\t\t\t\t<figure class=\"oneorg-content-block__image\">\n\t\t\t\t\t<picture class=\"frame\">\n\t\t\t\t\t\t<source media=\"(min-width: 769px)\" srcset=\"https:\/\/www.one.org\/fr\/wp-content\/uploads\/sites\/4\/2023\/08\/Get-Involved_Become-an-Activist_1094x732_v1-1.jpg\">\n\t\t\t\t\t\t<img decoding=\"async\" src=\"https:\/\/www.one.org\/fr\/wp-content\/uploads\/sites\/4\/2023\/08\/Get-Involved_Become-an-Activist_1094x732_v1-1-320x214.jpg\" width=\"320\" height=\"214\" alt=\"\" loading=\"lazy\" style=\"background-image: url(data:image\/jpeg;base64,\/9j\/4AAQSkZJRgABAQAAAQABAAD\/4QAYRXhpZgAASUkqAAgAAAAAAAAAAAAAAP\/hA5BodHRwOi8vbnMuYWRvYmUuY29tL3hhcC8xLjAvADw\/eHBhY2tldCBiZWdpbj0i77u\/IiBpZD0iVzVNME1wQ2VoaUh6cmVTek5UY3prYzlkIj8+IDx4OnhtcG1ldGEgeG1sbnM6eD0iYWRvYmU6bnM6bWV0YS8iIHg6eG1wdGs9IkFkb2JlIFhNUCBDb3JlIDkuMC1jMDAxIDc5LmMwMjA0YjJkZWYsIDIwMjMvMDIvMDItMTI6MTQ6MjQgICAgICAgICI+IDxyZGY6UkRGIHhtbG5zOnJkZj0iaHR0cDovL3d3dy53My5vcmcvMTk5OS8wMi8yMi1yZGYtc3ludGF4LW5zIyI+IDxyZGY6RGVzY3JpcHRpb24gcmRmOmFib3V0PSIiIHhtbG5zOnhtcE1NPSJodHRwOi8vbnMuYWRvYmUuY29tL3hhcC8xLjAvbW0vIiB4bWxuczpzdFJlZj0iaHR0cDovL25zLmFkb2JlLmNvbS94YXAvMS4wL3NUeXBlL1Jlc291cmNlUmVmIyIgeG1sbnM6eG1wPSJodHRwOi8vbnMuYWRvYmUuY29tL3hhcC8xLjAvIiB4bXBNTTpPcmlnaW5hbERvY3VtZW50SUQ9InhtcC5kaWQ6YzIwZmE0ODAtZmIzZi00Njc4LWIxYTktNTQ0OWE0NmQwZTdlIiB4bXBNTTpEb2N1bWVudElEPSJ4bXAuZGlkOkE4MkQxRDgyRUI1RjExRUQ5M0JBOUZFRjRDODBCQTc4IiB4bXBNTTpJbnN0YW5jZUlEPSJ4bXAuaWlkOkE4MkQxRDgxRUI1RjExRUQ5M0JBOUZFRjRDODBCQTc4IiB4bXA6Q3JlYXRvclRvb2w9IkFkb2JlIFBob3Rvc2hvcCAyNC4xIChNYWNpbnRvc2gpIj4gPHhtcE1NOkRlcml2ZWRGcm9tIHN0UmVmOmluc3RhbmNlSUQ9InhtcC5paWQ6NjM3NzQ3YWMtMDMwYy00ZTU1LTg3ZGEtNmZkMTA5MTIzMGQwIiBzdFJlZjpkb2N1bWVudElEPSJhZG9iZTpkb2NpZDpwaG90b3Nob3A6MjA2OWQ0ZTgtZmIyMC1iNTQ2LWIxMWEtYjQzMWJkNGM2YzAzIi8+IDwvcmRmOkRlc2NyaXB0aW9uPiA8L3JkZjpSREY+IDwveDp4bXBtZXRhPiA8P3hwYWNrZXQgZW5kPSJyIj8+\/9sAQwAGBAQFBAQGBQUFBgYGBwkOCQkICAkSDQ0KDhUSFhYVEhQUFxohHBcYHxkUFB0nHR8iIyUlJRYcKSwoJCshJCUk\/9sAQwEGBgYJCAkRCQkRJBgUGCQkJCQkJCQkJCQkJCQkJCQkJCQkJCQkJCQkJCQkJCQkJCQkJCQkJCQkJCQkJCQkJCQk\/8AAEQgACwAQAwERAAIRAQMRAf\/EABYAAQEBAAAAAAAAAAAAAAAAAAQGB\/\/EACIQAAEDBAICAwAAAAAAAAAAAAECAwQFBhEhADESIhNRof\/EABcBAQEBAQAAAAAAAAAAAAAAAAQDAgX\/xAAkEQACAgEDAgcAAAAAAAAAAAABAgADBBEhUSJBEhMjMXHB8P\/aAAwDAQACEQMRAD8A3G87shU6ox2FypqHI76cojsqWCop0FeJ6IVvOhrlkqZhqBrDecpdkB3ENb991Sp3W1QnxAQGPMSSysuqUrxyBrSOxnOesc3ZjOihyCAfbXv8QtOd6oosHUePv8ZaNU6KmVJeDIDjygpasn2IAA\/AOH1nQKgneBotr0Wly3Z8Omx2Zck\/I88lPu4o9kn74m\/KttAR2JC7AcSCY1QcW+Hq57z\/2Q==)\" \/>\n\t\t\t\t\t<\/picture>\n\t\t\t\t<\/figure>\n\t\t\t    \n\t\t<\/div>\n <\/div>\n\n\n<div id=\"block_81a3155ce906ca6fbadbe26b3910714b\" class=\"oneorg-block oneorg-content-block  has-image  is-illustrative-type \" data-state=\"reversed\">\n\t<div class=\"oneorg-content-block__inner\">\n\n\t\t\t<div class=\"oneorg-content-block__content\">\n\t\t\t\t<div class=\"acf-innerblocks-container\">\n\n<h2 class=\"wp-block-heading\" id=\"h-devenez-jeunes-ambassadeur-ice\">Devenez Jeunes Ambassadeur\u00b7ice<\/h2>\n\n\n\n<p>Les jeunes Ambassadeurs et Ambassadrices de ONE sont de jeunes b\u00e9n\u00e9voles motiv\u00e9\u00b7e\u00b7s qui mettent en lumi\u00e8re nos campagnes \u00e0 travers l\u2019Europe. Le programme des jeunes Ambassadeurs et Ambassadrices donne \u00e0 plus de 300 jeunes activistes \u00e0 travers l\u2019Europe les moyens d\u2019agir pour mettre fin \u00e0 l\u2019extr\u00eame pauvret\u00e9 en menant des campagnes tant \u00e0 l\u2019\u00e9chelle locale qu\u2019\u00e0 l\u2019international, en se faisant les porte-paroles de l\u2019action de ONE dans les m\u00e9dias et en plaidant aupr\u00e8s des d\u00e9cideurs et d\u00e9cideuses politiques aux niveaux europ\u00e9en, national et local.<\/p>\n\n\n\n<div class=\"wp-block-button\"><a class=\"wp-block-button__link wp-element-button\" href=\"https:\/\/act.one.org\/survey\/jeunes-ambassadeurs-2026\/\">En savoir plus<\/a><\/div>\n\n<\/div>\n\t\t\t<\/div>\n\n\t\t\t \t\t\t\t\t\t\t\t\t<figure class=\"oneorg-content-block__image\">\n\t\t\t\t\t<picture class=\"frame\">\n\t\t\t\t\t\t<source media=\"(min-width: 769px)\" srcset=\"https:\/\/www.one.org\/fr\/wp-content\/uploads\/sites\/4\/2023\/08\/About_our-supporters_1094x732.jpeg\">\n\t\t\t\t\t\t<img decoding=\"async\" src=\"https:\/\/www.one.org\/fr\/wp-content\/uploads\/sites\/4\/2023\/08\/About_our-supporters_1094x732-320x214.jpeg\" width=\"320\" height=\"214\" alt=\"\" loading=\"lazy\" style=\"background-image: url(data:image\/jpeg;base64,\/9j\/4AAQSkZJRgABAQAAAQABAAD\/2wBDAAYEBAUEBAYFBQUGBgYHCQ4JCQgICRINDQoOFRIWFhUSFBQXGiEcFxgfGRQUHScdHyIjJSUlFhwpLCgkKyEkJST\/2wBDAQYGBgkICREJCREkGBQYJCQkJCQkJCQkJCQkJCQkJCQkJCQkJCQkJCQkJCQkJCQkJCQkJCQkJCQkJCQkJCQkJCT\/wAARCAALABADAREAAhEBAxEB\/8QAFgABAQEAAAAAAAAAAAAAAAAABwEE\/8QAIhAAAQQCAgMAAwAAAAAAAAAAAQIDBAUGEQASITFBB2Fx\/8QAFgEBAQEAAAAAAAAAAAAAAAAABAID\/8QAIREAAQQBAwUAAAAAAAAAAAAAAQACERIDBCFRMaGxwfD\/2gAMAwEAAhEDEQA\/AEO8yLKq7KL+LY3UWmq5DrYhSXile9lKeiEb2PAO9\/TviMbai8SPaCchtDjzt47LHhGR2lp+T7CBFyuRIYjvOKVDcjgtq6nqtIPfY67GvX85pk0xYLEg7Doeft1RdlhtSl+1x6oui2myro0tKHEupDyAoBaTsK8\/QeFBMQkFjSZIVgY1S1c+TYQauHGmSiS8+00ErcJ97P70OSrgL\/\/Z)\" \/>\n\t\t\t\t\t<\/picture>\n\t\t\t\t<\/figure>\n\t\t\t    \n\t\t<\/div>\n <\/div>\n\n\n<div id=\"block_f9534346cd29e8abef04784f5f1cd691\" class=\"oneorg-block oneorg-content-block  has-image  is-illustrative-type \">\n\t<div class=\"oneorg-content-block__inner\">\n\n\t\t\t<div class=\"oneorg-content-block__content\">\n\t\t\t\t<div class=\"acf-innerblocks-container\">\n\n<h2 class=\"wp-block-heading\" id=\"h-nous-soutenir\"><strong>Nous soutenir<\/strong><\/h2>\n\n\n\n<p>ONE s&#8217;associe \u00e0 des fondations, des entreprises et des philanthropes de premier plan pour acc\u00e9l\u00e9rer le progr\u00e8s en Afrique. Les b\u00e9n\u00e9fices sont concrets : une meilleure sant\u00e9, des \u00e9conomies plus fortes et un monde plus s\u00fbr pour toutes et tous. Construisons un avenir meilleur, ensemble.&nbsp;<\/p>\n\n\n\n<div class=\"wp-block-button\"><a class=\"wp-block-button__link wp-element-button\" href=\"https:\/\/www.one.org\/fr\/agir\/nous-soutenir\/\">En savoir plus<\/a><\/div>\n\n<\/div>\n\t\t\t<\/div>\n\n\t\t\t \t\t\t\t\t\t\t\t\t<figure class=\"oneorg-content-block__image\">\n\t\t\t\t\t<picture class=\"frame\">\n\t\t\t\t\t\t<source media=\"(min-width: 769px)\" srcset=\"https:\/\/www.one.org\/fr\/wp-content\/uploads\/sites\/4\/2025\/05\/Funders_Page_Illustration.png\">\n\t\t\t\t\t\t<img decoding=\"async\" src=\"https:\/\/www.one.org\/fr\/wp-content\/uploads\/sites\/4\/2025\/05\/Funders_Page_Illustration-320x221.png\" width=\"320\" height=\"221\" alt=\"\" loading=\"lazy\" style=\"background-image: url(data:image\/png;base64,iVBORw0KGgoAAAANSUhEUgAAABAAAAALCAMAAABBPP0LAAAABGdBTUEAALGPC\/xhBQAAACBjSFJNAAB6JgAAgIQAAPoAAACA6AAAdTAAAOpgAAA6mAAAF3CculE8AAABlVBMVEX+\/v77+\/709P34+vz3+Pj9\/v729v6+vvh7e9BlZr2CiN6vur7i8\/DW4N7r9fP1+\/r8\/v3v7\/2EhfIyMuhDQ5RPT2lLS52Air7H2tqUnpzO5OCgrqvJ2NXu+ff4+P6Li\/MqKukpKeFFRXA+PUQ0NJhBQ6yKk5VZW1t7hoQsLS1wenjZ8O3n9\/TGxvk3N+smJukpKeBJSXNFRUcnJ0wmJkGDh4Z3eHhHR0cdHR1YXl3V7Ojc8+\/0+\/qorfMrLOo1NdJfX29NTU08PFQWFh9NTk5VVlY+QEAqKiqUoZ\/a8u7b8+\/y+vnQ3fNLT+pAQMBiYmVOTVQ1NW8PDxgNDQ0MDAwiIiJGR0a0xcLe9PD3\/Pvw+fitvu5JTeo6O8RWVl5DQ0g9QH0ZGyIaGRkvLy5YWlq\/0s\/l9vPr9\/bI2++Voc5dXWE5OTpWW19BR0YjIyMnJydla2rS6eX2\/Pva4uGHh4dMTExXWVhdZWQODg8+Q0JgZWTX6+jx+vn19fXe3t7Oz8+sr69paWlwdXVISEiNj47u8\/L\/\/\/+8FNviAAAAAWJLR0SGjN47XQAAAAlwSFlzAAALEwAACxMBAJqcGAAAAAd0SU1FB+kFGw4hBt0FItgAAAC2SURBVAjXY2BgYGBgZGJmYWWAAzZ2Dk4ubh5ePn4BBgYGBgZBIWERUTFxCUkpaRlZAQYGOXkFRSVlFVU1dQ1NLW0dAQZdPX0DQyNjE1MzcwtLK2sbBls7fXsHRydnF1c3dw9PL28GH199P\/+AwKDgkNCwcK+ISIao6JjYuPiExJCk5JRUrzRWBtb0jMys7Jzc4Lz8gsIIGwYGBoai4pLSsvKKytCq6hqo02rr6hsam5pbWhkYGAB1ASV816ZV7AAAACV0RVh0ZGF0ZTpjcmVhdGUAMjAyNS0wNS0yN1QxNDozMzowMSswMDowMNlOKWwAAAAldEVYdGRhdGU6bW9kaWZ5ADIwMjUtMDUtMjdUMTQ6MzM6MDErMDA6MDCoE5HQAAAAAElFTkSuQmCC)\" \/>\n\t\t\t\t\t<\/picture>\n\t\t\t\t<\/figure>\n\t\t\t    \n\t\t<\/div>\n <\/div>\n<div class=\"buffer\"><\/div>","protected":false},"excerpt":{"rendered":"","protected":false},"author":3,"featured_media":166020,"parent":0,"menu_order":0,"comment_status":"closed","ping_status":"closed","template":"","meta":{"_acf_changed":false,"_relevanssi_hide_post":"","_relevanssi_hide_content":"","_relevanssi_pin_for_all":"","_relevanssi_pin_keywords":"","_relevanssi_unpin_keywords":"","_relevanssi_related_keywords":"","_relevanssi_related_include_ids":"","_relevanssi_related_exclude_ids":"","_relevanssi_related_no_append":"","_relevanssi_related_not_related":"","_relevanssi_related_posts":"1","_relevanssi_noindex_reason":"","footnotes":""},"class_list":["post-162048","page","type-page","status-publish","has-post-thumbnail","hentry"],"acf":[],"yoast_head":"<!-- This site is optimized with the Yoast SEO Premium plugin v27.1 (Yoast SEO v27.1.1) - https:\/\/yoast.com\/product\/yoast-seo-premium-wordpress\/ -->\n<title>Agir - ONE.org France<\/title>\n<meta name=\"description\" content=\"Rejoignez-nous et faites entendre votre voix \u00e0 nos c\u00f4t\u00e9s pour un monde plus juste et durable.\" \/>\n<meta name=\"robots\" content=\"index, follow, max-snippet:-1, max-image-preview:large, max-video-preview:-1\" \/>\n<link rel=\"canonical\" href=\"https:\/\/www.one.org\/fr\/agir\/\" \/>\n<meta property=\"og:locale\" content=\"fr_FR\" \/>\n<meta property=\"og:type\" content=\"article\" \/>\n<meta property=\"og:title\" content=\"Agir\" \/>\n<meta property=\"og:description\" content=\"Rejoignez-nous et faites entendre votre voix \u00e0 nos c\u00f4t\u00e9s pour un monde plus juste et durable.\" \/>\n<meta property=\"og:url\" content=\"https:\/\/www.one.org\/fr\/agir\/\" \/>\n<meta property=\"og:site_name\" content=\"ONE.org France\" \/>\n<meta property=\"article:publisher\" content=\"https:\/\/www.facebook.com\/ONE.Fr\" \/>\n<meta property=\"article:modified_time\" content=\"2025-11-24T11:00:29+00:00\" \/>\n<meta property=\"og:image\" content=\"https:\/\/www.one.org\/fr\/wp-content\/uploads\/sites\/4\/2025\/04\/Get-Involved_1640x800_V2.png\" \/>\n\t<meta property=\"og:image:width\" content=\"1640\" \/>\n\t<meta property=\"og:image:height\" content=\"800\" \/>\n\t<meta property=\"og:image:type\" content=\"image\/png\" \/>\n<meta name=\"twitter:card\" content=\"summary_large_image\" \/>\n<meta name=\"twitter:site\" content=\"@one_fr\" \/>\n<meta name=\"twitter:label1\" content=\"Est. reading time\" \/>\n\t<meta name=\"twitter:data1\" content=\"2 minutes\" \/>\n<script type=\"application\/ld+json\" class=\"yoast-schema-graph\">{\"@context\":\"https:\/\/schema.org\",\"@graph\":[{\"@type\":\"WebPage\",\"@id\":\"https:\/\/www.one.org\/fr\/agir\/\",\"url\":\"https:\/\/www.one.org\/fr\/agir\/\",\"name\":\"Agir - ONE.org France\",\"isPartOf\":{\"@id\":\"https:\/\/www.one.org\/fr\/#website\"},\"primaryImageOfPage\":{\"@id\":\"https:\/\/www.one.org\/fr\/agir\/#primaryimage\"},\"image\":{\"@id\":\"https:\/\/www.one.org\/fr\/agir\/#primaryimage\"},\"thumbnailUrl\":\"https:\/\/www.one.org\/fr\/wp-content\/uploads\/sites\/4\/2025\/04\/Get-Involved_1640x800_V2.png\",\"datePublished\":\"2023-08-10T11:43:49+00:00\",\"dateModified\":\"2025-11-24T11:00:29+00:00\",\"description\":\"Rejoignez-nous et faites entendre votre voix \u00e0 nos c\u00f4t\u00e9s pour un monde plus juste et durable.\",\"breadcrumb\":{\"@id\":\"https:\/\/www.one.org\/fr\/agir\/#breadcrumb\"},\"inLanguage\":\"fr-FR\",\"potentialAction\":[{\"@type\":\"ReadAction\",\"target\":[\"https:\/\/www.one.org\/fr\/agir\/\"]}]},{\"@type\":\"ImageObject\",\"inLanguage\":\"fr-FR\",\"@id\":\"https:\/\/www.one.org\/fr\/agir\/#primaryimage\",\"url\":\"https:\/\/www.one.org\/fr\/wp-content\/uploads\/sites\/4\/2025\/04\/Get-Involved_1640x800_V2.png\",\"contentUrl\":\"https:\/\/www.one.org\/fr\/wp-content\/uploads\/sites\/4\/2025\/04\/Get-Involved_1640x800_V2.png\",\"width\":1640,\"height\":800},{\"@type\":\"BreadcrumbList\",\"@id\":\"https:\/\/www.one.org\/fr\/agir\/#breadcrumb\",\"itemListElement\":[{\"@type\":\"ListItem\",\"position\":1,\"name\":\"Home\",\"item\":\"https:\/\/www.one.org\/fr\/\"},{\"@type\":\"ListItem\",\"position\":2,\"name\":\"Agir\"}]},{\"@type\":\"WebSite\",\"@id\":\"https:\/\/www.one.org\/fr\/#website\",\"url\":\"https:\/\/www.one.org\/fr\/\",\"name\":\"ONE.org\",\"description\":\"Cr\u00e9er des opportunit\u00e9s \u00e9conomiques et am\u00e9liorer la sant\u00e9 en Afrique\",\"potentialAction\":[{\"@type\":\"SearchAction\",\"target\":{\"@type\":\"EntryPoint\",\"urlTemplate\":\"https:\/\/www.one.org\/fr\/?s={search_term_string}\"},\"query-input\":{\"@type\":\"PropertyValueSpecification\",\"valueRequired\":true,\"valueName\":\"search_term_string\"}}],\"inLanguage\":\"fr-FR\"}]}<\/script>\n<!-- \/ Yoast SEO Premium plugin. -->","yoast_head_json":{"title":"Agir - ONE.org France","description":"Rejoignez-nous et faites entendre votre voix \u00e0 nos c\u00f4t\u00e9s pour un monde plus juste et durable.","robots":{"index":"index","follow":"follow","max-snippet":"max-snippet:-1","max-image-preview":"max-image-preview:large","max-video-preview":"max-video-preview:-1"},"canonical":"https:\/\/www.one.org\/fr\/agir\/","og_locale":"fr_FR","og_type":"article","og_title":"Agir","og_description":"Rejoignez-nous et faites entendre votre voix \u00e0 nos c\u00f4t\u00e9s pour un monde plus juste et durable.","og_url":"https:\/\/www.one.org\/fr\/agir\/","og_site_name":"ONE.org France","article_publisher":"https:\/\/www.facebook.com\/ONE.Fr","article_modified_time":"2025-11-24T11:00:29+00:00","og_image":[{"width":1640,"height":800,"url":"https:\/\/www.one.org\/fr\/wp-content\/uploads\/sites\/4\/2025\/04\/Get-Involved_1640x800_V2.png","type":"image\/png"}],"twitter_card":"summary_large_image","twitter_site":"@one_fr","twitter_misc":{"Est. reading time":"2 minutes"},"schema":{"@context":"https:\/\/schema.org","@graph":[{"@type":"WebPage","@id":"https:\/\/www.one.org\/fr\/agir\/","url":"https:\/\/www.one.org\/fr\/agir\/","name":"Agir - ONE.org France","isPartOf":{"@id":"https:\/\/www.one.org\/fr\/#website"},"primaryImageOfPage":{"@id":"https:\/\/www.one.org\/fr\/agir\/#primaryimage"},"image":{"@id":"https:\/\/www.one.org\/fr\/agir\/#primaryimage"},"thumbnailUrl":"https:\/\/www.one.org\/fr\/wp-content\/uploads\/sites\/4\/2025\/04\/Get-Involved_1640x800_V2.png","datePublished":"2023-08-10T11:43:49+00:00","dateModified":"2025-11-24T11:00:29+00:00","description":"Rejoignez-nous et faites entendre votre voix \u00e0 nos c\u00f4t\u00e9s pour un monde plus juste et durable.","breadcrumb":{"@id":"https:\/\/www.one.org\/fr\/agir\/#breadcrumb"},"inLanguage":"fr-FR","potentialAction":[{"@type":"ReadAction","target":["https:\/\/www.one.org\/fr\/agir\/"]}]},{"@type":"ImageObject","inLanguage":"fr-FR","@id":"https:\/\/www.one.org\/fr\/agir\/#primaryimage","url":"https:\/\/www.one.org\/fr\/wp-content\/uploads\/sites\/4\/2025\/04\/Get-Involved_1640x800_V2.png","contentUrl":"https:\/\/www.one.org\/fr\/wp-content\/uploads\/sites\/4\/2025\/04\/Get-Involved_1640x800_V2.png","width":1640,"height":800},{"@type":"BreadcrumbList","@id":"https:\/\/www.one.org\/fr\/agir\/#breadcrumb","itemListElement":[{"@type":"ListItem","position":1,"name":"Home","item":"https:\/\/www.one.org\/fr\/"},{"@type":"ListItem","position":2,"name":"Agir"}]},{"@type":"WebSite","@id":"https:\/\/www.one.org\/fr\/#website","url":"https:\/\/www.one.org\/fr\/","name":"ONE.org","description":"Cr\u00e9er des opportunit\u00e9s \u00e9conomiques et am\u00e9liorer la sant\u00e9 en Afrique","potentialAction":[{"@type":"SearchAction","target":{"@type":"EntryPoint","urlTemplate":"https:\/\/www.one.org\/fr\/?s={search_term_string}"},"query-input":{"@type":"PropertyValueSpecification","valueRequired":true,"valueName":"search_term_string"}}],"inLanguage":"fr-FR"}]}},"distributor_meta":false,"distributor_terms":false,"distributor_media":false,"distributor_original_site_name":"ONE.org France","distributor_original_site_url":"https:\/\/www.one.org\/fr","push-errors":false,"_links":{"self":[{"href":"https:\/\/www.one.org\/fr\/wp-json\/wp\/v2\/pages\/162048","targetHints":{"allow":["GET"]}}],"collection":[{"href":"https:\/\/www.one.org\/fr\/wp-json\/wp\/v2\/pages"}],"about":[{"href":"https:\/\/www.one.org\/fr\/wp-json\/wp\/v2\/types\/page"}],"author":[{"embeddable":true,"href":"https:\/\/www.one.org\/fr\/wp-json\/wp\/v2\/users\/3"}],"replies":[{"embeddable":true,"href":"https:\/\/www.one.org\/fr\/wp-json\/wp\/v2\/comments?post=162048"}],"version-history":[{"count":0,"href":"https:\/\/www.one.org\/fr\/wp-json\/wp\/v2\/pages\/162048\/revisions"}],"wp:featuredmedia":[{"embeddable":true,"href":"https:\/\/www.one.org\/fr\/wp-json\/wp\/v2\/media\/166020"}],"wp:attachment":[{"href":"https:\/\/www.one.org\/fr\/wp-json\/wp\/v2\/media?parent=162048"}],"curies":[{"name":"wp","href":"https:\/\/api.w.org\/{rel}","templated":true}]}}