{"id":161989,"date":"2023-08-09T11:11:05","date_gmt":"2023-08-09T11:11:05","guid":{"rendered":"https:\/\/www.one.org\/fr\/?page_id=161989"},"modified":"2023-09-08T12:21:17","modified_gmt":"2023-09-08T12:21:17","slug":"espace-medias","status":"publish","type":"page","link":"https:\/\/www.one.org\/fr\/a-propos\/espace-medias\/","title":{"rendered":"Espace M\u00e9dias"},"content":{"rendered":"<div id=\"block_d5aeed793ff049c6eac085b4ce31305a\" class=\"oneorg-block oneorg-cards \">\n\n\t<div class=\"oneorg-cards__content\">\n\n\t\t\t\t\t<div class=\"acf-innerblocks-container\">\n\n<h2 class=\"wp-block-heading oneorg-section-title\" id=\"h-plus-recents\">Plus r\u00e9cents<\/h2>\n\n\n<div class=\"oneorg-cards__grid oneorg-cards__grid--12 oneorg-cards__grid--one_press \">\n\t<div class=\"oneorg-list-item \" data-url=\"https:\/\/www.one.org\/fr\/press\/45-jeunes-choisis-pour-defendre-la-solidarite-internationale-avec-one\/\">\n\t<h3 class=\"oneorg-card__heading mb-1\"><a href=\"https:\/\/www.one.org\/fr\/press\/45-jeunes-choisis-pour-defendre-la-solidarite-internationale-avec-one\/\" rel=\"bookmark\">45 jeunes choisis pour d\u00e9fendre la solidarit\u00e9 internationale avec ONE<\/a><\/h3>    <div class=\"oneorg-card__content\">\n        <p><time class=\"updated\" datetime=\"2026-03-02T15:57:13\">2 March 2026<\/time><\/p>\n        Paris, le 2 mars 2026 &#8211; 45 jeunes, 45 parcours, 45 voix venues de toute la France. S\u00e9lectionn\u00e9s parmi des centaines de candidatures, ils rejoignent cette ann\u00e9e le programme&#8230;        <div class=\"oneorg-card__link\">\n            <a class=\"\" href=\"https:\/\/www.one.org\/fr\/press\/45-jeunes-choisis-pour-defendre-la-solidarite-internationale-avec-one\/\">En savoir plus<\/a>\n        <\/div>\n    <\/div>\n<\/div><div class=\"oneorg-list-item  has-image\" data-url=\"https:\/\/www.one.org\/fr\/press\/la-france-coupe-de-plus-de-moitie-sa-contribution-au-fonds-mondial\/\">\n\t<h3 class=\"oneorg-card__heading mb-1\"><a href=\"https:\/\/www.one.org\/fr\/press\/la-france-coupe-de-plus-de-moitie-sa-contribution-au-fonds-mondial\/\" rel=\"bookmark\">La France coupe de plus de moiti\u00e9 sa contribution au Fonds mondial<\/a><\/h3>    <div class=\"oneorg-card__content\">\n        <p><time class=\"updated\" datetime=\"2026-02-12T14:00:51\">12 February 2026<\/time><\/p>\n        La France d\u00e9serte la lutte contre les pand\u00e9mies, abandonne les malades et coupe de plus de moiti\u00e9 sa contribution au Fonds mondial\n\n\n\nLa France couperait sa contribution au Fonds mondial&#8230;        <div class=\"oneorg-card__link\">\n            <a class=\"\" href=\"https:\/\/www.one.org\/fr\/press\/la-france-coupe-de-plus-de-moitie-sa-contribution-au-fonds-mondial\/\">En savoir plus<\/a>\n        <\/div>\n    <\/div>\n<\/div><div class=\"oneorg-list-item \" data-url=\"https:\/\/www.one.org\/fr\/press\/one-a-la-recherche-de-sa-prochaine-promotion\/\">\n\t<h3 class=\"oneorg-card__heading mb-1\"><a href=\"https:\/\/www.one.org\/fr\/press\/one-a-la-recherche-de-sa-prochaine-promotion\/\" rel=\"bookmark\">Solidarit\u00e9 internationale\u00a0: l\u2019ONG ONE recherche sa prochaine promotion de jeunes Ambassadeurs.<\/a><\/h3>    <div class=\"oneorg-card__content\">\n        <p><time class=\"updated\" datetime=\"2025-12-20T10:00:00\">20 December 2025<\/time><\/p>\n        Louis Camelin \/ ONE\n\n\n\nParis, le 20 d\u00e9cembre 2025 \u2013 En cette Journ\u00e9e mondiale de la solidarit\u00e9 humaine, l\u2019ONG ONE, organisation de solidarit\u00e9 internationale, part \u00e0 la recherche de sa&#8230;        <div class=\"oneorg-card__link\">\n            <a class=\"\" href=\"https:\/\/www.one.org\/fr\/press\/one-a-la-recherche-de-sa-prochaine-promotion\/\">En savoir plus<\/a>\n        <\/div>\n    <\/div>\n<\/div><div class=\"oneorg-list-item \" data-url=\"https:\/\/www.one.org\/fr\/press\/la-france-condamne-des-millions-de-malades\/\">\n\t<h3 class=\"oneorg-card__heading mb-1\"><a href=\"https:\/\/www.one.org\/fr\/press\/la-france-condamne-des-millions-de-malades\/\" rel=\"bookmark\">Fonds mondial : Macron condamne des millions de malades\u00a0et sabote l\u2019h\u00e9ritage fran\u00e7ais en sant\u00e9 mondiale<\/a><\/h3>    <div class=\"oneorg-card__content\">\n        <p><time class=\"updated\" datetime=\"2025-11-21T17:40:23\">21 November 2025<\/time><\/p>\n        Alors que le monde n\u2019a jamais fait face \u00e0 un tel risque de reprises \u00e9pid\u00e9miques, la France s\u2019affiche en grande absente de la lutte contre les pand\u00e9mies en ne&#8230;        <div class=\"oneorg-card__link\">\n            <a class=\"\" href=\"https:\/\/www.one.org\/fr\/press\/la-france-condamne-des-millions-de-malades\/\">En savoir plus<\/a>\n        <\/div>\n    <\/div>\n<\/div><div class=\"oneorg-list-item \" data-url=\"https:\/\/www.one.org\/fr\/press\/one-appelle-a-un-cessez-le-feu-au-soudan\/\">\n\t<h3 class=\"oneorg-card__heading mb-1\"><a href=\"https:\/\/www.one.org\/fr\/press\/one-appelle-a-un-cessez-le-feu-au-soudan\/\" rel=\"bookmark\">Soudan : ONE appelle \u00e0 un cessez-le-feu imm\u00e9diat et \u00e0 l\u2019envoi urgent de l\u2019aide humanitaire<\/a><\/h3>    <div class=\"oneorg-card__content\">\n        <p><time class=\"updated\" datetime=\"2025-11-03T10:39:27\">3 November 2025<\/time><\/p>\n        Compte tenu du r\u00e9cent massacre perp\u00e9tr\u00e9 \u00e0 El-Fasher, l\u2019ONG ONE appelle la communaut\u00e9 internationale \u00e0 agir de toute urgence pour mettre fin au conflit qui s\u00e9vit actuellement au Soudan&#8230;        <div class=\"oneorg-card__link\">\n            <a class=\"\" href=\"https:\/\/www.one.org\/fr\/press\/one-appelle-a-un-cessez-le-feu-au-soudan\/\">En savoir plus<\/a>\n        <\/div>\n    <\/div>\n<\/div><div class=\"oneorg-list-item \" data-url=\"https:\/\/www.one.org\/fr\/press\/jeunes-ambassadeurs-parlement-europeen-2\/\">\n\t<h3 class=\"oneorg-card__heading mb-1\"><a href=\"https:\/\/www.one.org\/fr\/press\/jeunes-ambassadeurs-parlement-europeen-2\/\" rel=\"bookmark\">Les jeunes Ambassadeurs et Ambassadrices de ONE au chevet de la d\u00e9mocratie europ\u00e9enne<\/a><\/h3>    <div class=\"oneorg-card__content\">\n        <p><time class=\"updated\" datetime=\"2025-10-31T14:08:04\">31 October 2025<\/time><\/p>\n        Paris, le 23 octobre 2025 \u2013 Les 13,14 et 15 octobre 2025, plusieurs jeunes Ambassadeurs et Ambassadrices de ONE, ONG de solidarit\u00e9 internationale, se sont rendus au Parlement europ\u00e9en&#8230;        <div class=\"oneorg-card__link\">\n            <a class=\"\" href=\"https:\/\/www.one.org\/fr\/press\/jeunes-ambassadeurs-parlement-europeen-2\/\">En savoir plus<\/a>\n        <\/div>\n    <\/div>\n<\/div><div class=\"oneorg-list-item \" data-url=\"https:\/\/www.one.org\/fr\/press\/urgence-plf-le-president-doit-ressusciter-ses-propres-taxes-solidaires\/\">\n\t<h3 class=\"oneorg-card__heading mb-1\"><a href=\"https:\/\/www.one.org\/fr\/press\/urgence-plf-le-president-doit-ressusciter-ses-propres-taxes-solidaires\/\" rel=\"bookmark\">Urgence PLF : Le Pr\u00e9sident doit ressusciter ses propres taxes solidaires\u00a0<\/a><\/h3>    <div class=\"oneorg-card__content\">\n        <p><time class=\"updated\" datetime=\"2025-10-01T08:28:19\">1 October 2025<\/time><\/p>\n        Paris, 30 septembre 2025 \u2013 En amont de l\u2019annonce du prochain Projet de Loi de Finances 2026, 14 ONG rappellent le Pr\u00e9sident de la R\u00e9publique, Emmanuel Macron, \u00e0 son&#8230;        <div class=\"oneorg-card__link\">\n            <a class=\"\" href=\"https:\/\/www.one.org\/fr\/press\/urgence-plf-le-president-doit-ressusciter-ses-propres-taxes-solidaires\/\">En savoir plus<\/a>\n        <\/div>\n    <\/div>\n<\/div><div class=\"oneorg-list-item \" data-url=\"https:\/\/www.one.org\/fr\/press\/a-celles-et-ceux-qui-ne-voient-la-sante-qua-travers-les-chiffres-une-ligne-de-budget-en-moins-ce-sont-des-millions-de-morts-en-plus\/\">\n\t<h3 class=\"oneorg-card__heading mb-1\"><a href=\"https:\/\/www.one.org\/fr\/press\/a-celles-et-ceux-qui-ne-voient-la-sante-qua-travers-les-chiffres-une-ligne-de-budget-en-moins-ce-sont-des-millions-de-morts-en-plus\/\" rel=\"bookmark\">A celles et ceux qui ne voient la sant\u00e9 qu\u2019\u00e0 travers les chiffres : une ligne de budget en moins, ce sont des millions de morts en plus.\u00a0<\/a><\/h3>    <div class=\"oneorg-card__content\">\n        <p><time class=\"updated\" datetime=\"2025-09-23T07:00:00\">23 September 2025<\/time><\/p>\n        \u00c0 l\u2019heure o\u00f9 la menace d\u2019une r\u00e9surgence \u00e9pid\u00e9mique n\u2019a jamais \u00e9t\u00e9 aussi grande, la France ne peut se contenter de regarder ailleurs. L\u2019acc\u00e8s aux soins est mis en p\u00e9ril&#8230;        <div class=\"oneorg-card__link\">\n            <a class=\"\" href=\"https:\/\/www.one.org\/fr\/press\/a-celles-et-ceux-qui-ne-voient-la-sante-qua-travers-les-chiffres-une-ligne-de-budget-en-moins-ce-sont-des-millions-de-morts-en-plus\/\">En savoir plus<\/a>\n        <\/div>\n    <\/div>\n<\/div><div class=\"oneorg-list-item \" data-url=\"https:\/\/www.one.org\/fr\/press\/long-one-nomme-un-nouveau-directeur-pour-la-france\/\">\n\t<h3 class=\"oneorg-card__heading mb-1\"><a href=\"https:\/\/www.one.org\/fr\/press\/long-one-nomme-un-nouveau-directeur-pour-la-france\/\" rel=\"bookmark\">L\u2019ONG ONE nomme un nouveau directeur pour la France\u00a0<\/a><\/h3>    <div class=\"oneorg-card__content\">\n        <p><time class=\"updated\" datetime=\"2025-09-12T09:10:52\">12 September 2025<\/time><\/p>\n        Paris, le 8 septembre 2025. Khalil Elouardighi prend la direction du bureau France de l\u2019ONG de solidarit\u00e9 internationale ONE \u00e0 compter du 8 septembre 2025. Il int\u00e8gre \u00e9galement l\u2019\u00e9quipe&#8230;        <div class=\"oneorg-card__link\">\n            <a class=\"\" href=\"https:\/\/www.one.org\/fr\/press\/long-one-nomme-un-nouveau-directeur-pour-la-france\/\">En savoir plus<\/a>\n        <\/div>\n    <\/div>\n<\/div><div class=\"oneorg-list-item \" data-url=\"https:\/\/www.one.org\/fr\/press\/reaction-cadre-financier-pluriannuel-union-europeenne\/\">\n\t<h3 class=\"oneorg-card__heading mb-1\"><a href=\"https:\/\/www.one.org\/fr\/press\/reaction-cadre-financier-pluriannuel-union-europeenne\/\" rel=\"bookmark\">R\u00e9action commune des organisations de la soci\u00e9t\u00e9 civile \u00e0 propos de l\u2019instrument de la commission L\u2019Europe dans le monde.\u00a0\u00a0<\/a><\/h3>    <div class=\"oneorg-card__content\">\n        <p><time class=\"updated\" datetime=\"2025-07-16T16:26:17\">16 July 2025<\/time><\/p>\n        R\u00e9action commune de 30 organisations\u202f: La proposition de la commission L\u2019Europe dans le monde \u00ab\u202fchange potentiellement la donne\u202f\u00bb.&nbsp;&nbsp;\n\n\n\n16 juillet&nbsp;&nbsp;\n\n\n\nPubli\u00e9e aujourd\u2019hui, la proposition de la commission d\u2019investir 200 milliards d\u2019euros&#8230;        <div class=\"oneorg-card__link\">\n            <a class=\"\" href=\"https:\/\/www.one.org\/fr\/press\/reaction-cadre-financier-pluriannuel-union-europeenne\/\">En savoir plus<\/a>\n        <\/div>\n    <\/div>\n<\/div><div class=\"oneorg-list-item \" data-url=\"https:\/\/www.one.org\/fr\/press\/4e-conference-sur-le-financement-du-developpement-one-reagit\/\">\n\t<h3 class=\"oneorg-card__heading mb-1\"><a href=\"https:\/\/www.one.org\/fr\/press\/4e-conference-sur-le-financement-du-developpement-one-reagit\/\" rel=\"bookmark\">4e Conf\u00e9rence internationale sur le financement du d\u00e9veloppement : r\u00e9action de l\u2019ONG ONE \u00e0 l\u2019annonce de la cr\u00e9ation d\u2019une coalition internationale autour de la taxe billets d\u2019avion pour le climat et le d\u00e9veloppement\u00a0<\/a><\/h3>    <div class=\"oneorg-card__content\">\n        <p><time class=\"updated\" datetime=\"2025-07-01T09:54:05\">1 July 2025<\/time><\/p>\n        Paris, le 30 juin 2025 \u2013 A l\u2019occasion de la 4\u00e8me conf\u00e9rence internationale sur le financement du d\u00e9veloppement \u00e0 S\u00e9ville, ONE applaudit l\u2019annonce d\u2019une coalition mondiale men\u00e9e par la&#8230;        <div class=\"oneorg-card__link\">\n            <a class=\"\" href=\"https:\/\/www.one.org\/fr\/press\/4e-conference-sur-le-financement-du-developpement-one-reagit\/\">En savoir plus<\/a>\n        <\/div>\n    <\/div>\n<\/div><div class=\"oneorg-list-item \" data-url=\"https:\/\/www.one.org\/fr\/press\/gavi-lalliance-du-vaccin-reaction-de-long-one\/\">\n\t<h3 class=\"oneorg-card__heading mb-1\"><a href=\"https:\/\/www.one.org\/fr\/press\/gavi-lalliance-du-vaccin-reaction-de-long-one\/\" rel=\"bookmark\">Gavi, l&#8217;Alliance du Vaccin: r\u00e9action de l&#8217;ONG ONE<\/a><\/h3>    <div class=\"oneorg-card__content\">\n        <p><time class=\"updated\" datetime=\"2025-06-26T05:57:24\">26 June 2025<\/time><\/p>\n        L\u2019ONG ONE r\u00e9agit \u00e0 la conf\u00e9rence de reconstitution des ressources de Gavi, l\u2019Alliance du Vaccin, coorganis\u00e9e \u00e0 Bruxelles par la Commission europ\u00e9enne et la Fondation Gates&nbsp;:\n\n\n\nEn r\u00e9action \u00e0 l\u2019annonce&#8230;        <div class=\"oneorg-card__link\">\n            <a class=\"\" href=\"https:\/\/www.one.org\/fr\/press\/gavi-lalliance-du-vaccin-reaction-de-long-one\/\">En savoir plus<\/a>\n        <\/div>\n    <\/div>\n<\/div>\t\t<\/div>\n\n<nav class=\"oneorg-pagination\" aria-label=\"Pagination\">\n<ul class=\"oneorg-pagination__list\">\n\t\t\t\t <li class=\"oneorg-pagination__item oneorg-pagination__item--active\">\n\t\t\t\t <a href=\"https:\/\/www.one.org\/fr\/wp-json\/wp\/v2\/pages\/161989\/\" class=\"oneorg-pagination__link\">1<\/a>\n\t\t\t <\/li>\n\t\t\t \t\t\t\t <li class=\"oneorg-pagination__item\">\n\t\t\t\t\t <a href=\"https:\/\/www.one.org\/fr\/wp-json\/wp\/v2\/pages\/161989\/page\/2\/\" class=\"oneorg-pagination__link\">\n\t\t\t\t\t\t 2\t\t\t\t\t <\/a>\n\t\t\t\t <\/li>\n\t\t\t\t \t\t\t\t <li class=\"oneorg-pagination__item\">\n\t\t\t\t\t <a href=\"https:\/\/www.one.org\/fr\/wp-json\/wp\/v2\/pages\/161989\/page\/3\/\" class=\"oneorg-pagination__link\">\n\t\t\t\t\t\t 3\t\t\t\t\t <\/a>\n\t\t\t\t <\/li>\n\t\t\t\t <span class=\"oneorg-pagination__seperator\">&#8230;<\/span>\t\t\t <li class=\"oneorg-pagination__item\">\n\t\t\t\t <a href=\"https:\/\/www.one.org\/fr\/wp-json\/wp\/v2\/pages\/161989\/page\/37\/\" class=\"oneorg-pagination__link\">\n\t\t\t\t\t 37\t\t\t\t <\/a>\n\t\t\t <\/li>\n\t\t\t \t<li class=\"oneorg-pagination__item oneorg-pagination__item--next\">\n\t\t<a href=\"https:\/\/www.one.org\/fr\/wp-json\/wp\/v2\/pages\/161989\/page\/2\/\" class=\"oneorg-pagination__link\" rel=\"next\">\n\t\t\t<span class=\"oneorg-pagination__link-text\">Suivant<\/span>\n\t\t<\/a>\n\t<\/li>\n\t<\/ul>\n<\/nav>\n\n\t\n\n\n<\/div>\n\t\t\t\n\t<\/div>\n\n<\/div><div class=\"buffer\"><\/div>","protected":false},"excerpt":{"rendered":"","protected":false},"author":3,"featured_media":0,"parent":161974,"menu_order":0,"comment_status":"closed","ping_status":"closed","template":"template-sidebar.php","meta":{"_acf_changed":false,"_relevanssi_hide_post":"","_relevanssi_hide_content":"","_relevanssi_pin_for_all":"","_relevanssi_pin_keywords":"","_relevanssi_unpin_keywords":"","_relevanssi_related_keywords":"","_relevanssi_related_include_ids":"","_relevanssi_related_exclude_ids":"","_relevanssi_related_no_append":"","_relevanssi_related_not_related":"","_relevanssi_related_posts":"1","_relevanssi_noindex_reason":"","footnotes":""},"class_list":["post-161989","page","type-page","status-publish","hentry"],"acf":[],"yoast_head":"<!-- This site is optimized with the Yoast SEO Premium plugin v27.1 (Yoast SEO v27.1.1) - https:\/\/yoast.com\/product\/yoast-seo-premium-wordpress\/ -->\n<title>Espace M\u00e9dias - ONE.org France<\/title>\n<meta name=\"description\" content=\"Retrouvez tous nos communiqu\u00e9s de presse dans notre espace m\u00e9dias pour avoir acc\u00e8s \u00e0 nos derni\u00e8res annonces et communications.\" \/>\n<meta name=\"robots\" content=\"index, follow, max-snippet:-1, max-image-preview:large, max-video-preview:-1\" \/>\n<link rel=\"canonical\" href=\"https:\/\/www.one.org\/fr\/a-propos\/espace-medias\/\" \/>\n<meta property=\"og:locale\" content=\"fr_FR\" \/>\n<meta property=\"og:type\" content=\"article\" \/>\n<meta property=\"og:title\" content=\"Espace M\u00e9dias\" \/>\n<meta property=\"og:description\" content=\"Retrouvez tous nos communiqu\u00e9s de presse dans notre espace m\u00e9dias pour avoir acc\u00e8s \u00e0 nos derni\u00e8res annonces et communications.\" \/>\n<meta property=\"og:url\" content=\"https:\/\/www.one.org\/fr\/a-propos\/espace-medias\/\" \/>\n<meta property=\"og:site_name\" content=\"ONE.org France\" \/>\n<meta property=\"article:publisher\" content=\"https:\/\/www.facebook.com\/ONE.Fr\" \/>\n<meta property=\"article:modified_time\" content=\"2023-09-08T12:21:17+00:00\" \/>\n<meta property=\"og:image\" content=\"https:\/\/www.one.org\/fr\/wp-content\/uploads\/sites\/4\/2023\/09\/GA_share_1200x628-768x402-1.png\" \/>\n\t<meta property=\"og:image:width\" content=\"768\" \/>\n\t<meta property=\"og:image:height\" content=\"402\" \/>\n\t<meta property=\"og:image:type\" content=\"image\/png\" \/>\n<meta name=\"twitter:card\" content=\"summary_large_image\" \/>\n<meta name=\"twitter:site\" content=\"@one_fr\" \/>\n<script type=\"application\/ld+json\" class=\"yoast-schema-graph\">{\"@context\":\"https:\/\/schema.org\",\"@graph\":[{\"@type\":\"WebPage\",\"@id\":\"https:\/\/www.one.org\/fr\/a-propos\/espace-medias\/\",\"url\":\"https:\/\/www.one.org\/fr\/a-propos\/espace-medias\/\",\"name\":\"Espace M\u00e9dias - ONE.org France\",\"isPartOf\":{\"@id\":\"https:\/\/www.one.org\/fr\/#website\"},\"datePublished\":\"2023-08-09T11:11:05+00:00\",\"dateModified\":\"2023-09-08T12:21:17+00:00\",\"description\":\"Retrouvez tous nos communiqu\u00e9s de presse dans notre espace m\u00e9dias pour avoir acc\u00e8s \u00e0 nos derni\u00e8res annonces et communications.\",\"breadcrumb\":{\"@id\":\"https:\/\/www.one.org\/fr\/a-propos\/espace-medias\/#breadcrumb\"},\"inLanguage\":\"fr-FR\",\"potentialAction\":[{\"@type\":\"ReadAction\",\"target\":[\"https:\/\/www.one.org\/fr\/a-propos\/espace-medias\/\"]}]},{\"@type\":\"BreadcrumbList\",\"@id\":\"https:\/\/www.one.org\/fr\/a-propos\/espace-medias\/#breadcrumb\",\"itemListElement\":[{\"@type\":\"ListItem\",\"position\":1,\"name\":\"Home\",\"item\":\"https:\/\/www.one.org\/fr\/\"},{\"@type\":\"ListItem\",\"position\":2,\"name\":\"\u00c0 propos\",\"item\":\"https:\/\/www.one.org\/fr\/a-propos\/\"},{\"@type\":\"ListItem\",\"position\":3,\"name\":\"Espace M\u00e9dias\"}]},{\"@type\":\"WebSite\",\"@id\":\"https:\/\/www.one.org\/fr\/#website\",\"url\":\"https:\/\/www.one.org\/fr\/\",\"name\":\"ONE.org\",\"description\":\"Cr\u00e9er des opportunit\u00e9s \u00e9conomiques et am\u00e9liorer la sant\u00e9 en Afrique\",\"potentialAction\":[{\"@type\":\"SearchAction\",\"target\":{\"@type\":\"EntryPoint\",\"urlTemplate\":\"https:\/\/www.one.org\/fr\/?s={search_term_string}\"},\"query-input\":{\"@type\":\"PropertyValueSpecification\",\"valueRequired\":true,\"valueName\":\"search_term_string\"}}],\"inLanguage\":\"fr-FR\"}]}<\/script>\n<!-- \/ Yoast SEO Premium plugin. -->","yoast_head_json":{"title":"Espace M\u00e9dias - ONE.org France","description":"Retrouvez tous nos communiqu\u00e9s de presse dans notre espace m\u00e9dias pour avoir acc\u00e8s \u00e0 nos derni\u00e8res annonces et communications.","robots":{"index":"index","follow":"follow","max-snippet":"max-snippet:-1","max-image-preview":"max-image-preview:large","max-video-preview":"max-video-preview:-1"},"canonical":"https:\/\/www.one.org\/fr\/a-propos\/espace-medias\/","og_locale":"fr_FR","og_type":"article","og_title":"Espace M\u00e9dias","og_description":"Retrouvez tous nos communiqu\u00e9s de presse dans notre espace m\u00e9dias pour avoir acc\u00e8s \u00e0 nos derni\u00e8res annonces et communications.","og_url":"https:\/\/www.one.org\/fr\/a-propos\/espace-medias\/","og_site_name":"ONE.org France","article_publisher":"https:\/\/www.facebook.com\/ONE.Fr","article_modified_time":"2023-09-08T12:21:17+00:00","og_image":[{"width":768,"height":402,"url":"https:\/\/www.one.org\/fr\/wp-content\/uploads\/sites\/4\/2023\/09\/GA_share_1200x628-768x402-1.png","type":"image\/png"}],"twitter_card":"summary_large_image","twitter_site":"@one_fr","schema":{"@context":"https:\/\/schema.org","@graph":[{"@type":"WebPage","@id":"https:\/\/www.one.org\/fr\/a-propos\/espace-medias\/","url":"https:\/\/www.one.org\/fr\/a-propos\/espace-medias\/","name":"Espace M\u00e9dias - ONE.org France","isPartOf":{"@id":"https:\/\/www.one.org\/fr\/#website"},"datePublished":"2023-08-09T11:11:05+00:00","dateModified":"2023-09-08T12:21:17+00:00","description":"Retrouvez tous nos communiqu\u00e9s de presse dans notre espace m\u00e9dias pour avoir acc\u00e8s \u00e0 nos derni\u00e8res annonces et communications.","breadcrumb":{"@id":"https:\/\/www.one.org\/fr\/a-propos\/espace-medias\/#breadcrumb"},"inLanguage":"fr-FR","potentialAction":[{"@type":"ReadAction","target":["https:\/\/www.one.org\/fr\/a-propos\/espace-medias\/"]}]},{"@type":"BreadcrumbList","@id":"https:\/\/www.one.org\/fr\/a-propos\/espace-medias\/#breadcrumb","itemListElement":[{"@type":"ListItem","position":1,"name":"Home","item":"https:\/\/www.one.org\/fr\/"},{"@type":"ListItem","position":2,"name":"\u00c0 propos","item":"https:\/\/www.one.org\/fr\/a-propos\/"},{"@type":"ListItem","position":3,"name":"Espace M\u00e9dias"}]},{"@type":"WebSite","@id":"https:\/\/www.one.org\/fr\/#website","url":"https:\/\/www.one.org\/fr\/","name":"ONE.org","description":"Cr\u00e9er des opportunit\u00e9s \u00e9conomiques et am\u00e9liorer la sant\u00e9 en Afrique","potentialAction":[{"@type":"SearchAction","target":{"@type":"EntryPoint","urlTemplate":"https:\/\/www.one.org\/fr\/?s={search_term_string}"},"query-input":{"@type":"PropertyValueSpecification","valueRequired":true,"valueName":"search_term_string"}}],"inLanguage":"fr-FR"}]}},"distributor_meta":false,"distributor_terms":false,"distributor_media":false,"distributor_original_site_name":"ONE.org France","distributor_original_site_url":"https:\/\/www.one.org\/fr","push-errors":false,"_links":{"self":[{"href":"https:\/\/www.one.org\/fr\/wp-json\/wp\/v2\/pages\/161989","targetHints":{"allow":["GET"]}}],"collection":[{"href":"https:\/\/www.one.org\/fr\/wp-json\/wp\/v2\/pages"}],"about":[{"href":"https:\/\/www.one.org\/fr\/wp-json\/wp\/v2\/types\/page"}],"author":[{"embeddable":true,"href":"https:\/\/www.one.org\/fr\/wp-json\/wp\/v2\/users\/3"}],"replies":[{"embeddable":true,"href":"https:\/\/www.one.org\/fr\/wp-json\/wp\/v2\/comments?post=161989"}],"version-history":[{"count":0,"href":"https:\/\/www.one.org\/fr\/wp-json\/wp\/v2\/pages\/161989\/revisions"}],"up":[{"embeddable":true,"href":"https:\/\/www.one.org\/fr\/wp-json\/wp\/v2\/pages\/161974"}],"wp:attachment":[{"href":"https:\/\/www.one.org\/fr\/wp-json\/wp\/v2\/media?parent=161989"}],"curies":[{"name":"wp","href":"https:\/\/api.w.org\/{rel}","templated":true}]}}