{"id":161963,"date":"2023-08-09T10:02:16","date_gmt":"2023-08-09T10:02:16","guid":{"rendered":"https:\/\/www.one.org\/fr\/?page_id=161963"},"modified":"2025-06-06T08:51:47","modified_gmt":"2025-06-06T08:51:47","slug":"nos-combats","status":"publish","type":"page","link":"https:\/\/www.one.org\/fr\/nous-connaitre\/nos-combats\/","title":{"rendered":"Nos combats"},"content":{"rendered":"\n<div id=\"block_c68f4a459cc21d7c9ee322af84907780\" class=\"oneorg-block oneorg-promo flush is-style-bottom  has-text-align-left  \">\n\n\t\t\t    \n\n\t\t\t<div class=\"oneorg-promo__wrapper\">\n\t\t\t\t<div class=\"oneorg-promo__inner\">   \n\n\t\t\t\t<div class=\"oneorg-promo__content\">\n\t\t\t\t\t<div class=\"acf-innerblocks-container\">\n\n<p class=\"oneorg-section-title\">Nous conna\u00eetre<\/p>\n\n\n\n<h2 class=\"wp-block-heading\" id=\"h-nos-combats\">Nos combats<\/h2>\n\n\n\n<\/div>\n\t\t\t\t<\/div>\n\t\t\t\t\n\t\t\t\t<\/div>\n\t\t\t<\/div>\n\n<\/div>\n\n\n\n<div style=\"height:25px\" aria-hidden=\"true\" class=\"wp-block-spacer\"><\/div>\n\n\n\n<p>Chaque personne, o\u00f9 qu\u2019elle vive, a le droit \u00e0 une vie digne, juste et pleine d\u2019opportunit\u00e9s. Pour y parvenir, nous nous attaquons aux causes sous-jacentes de l&#8217;injustice et des in\u00e9galit\u00e9s. Nous d\u00e9fendons des solutions concr\u00e8tes et efficaces qui changent vraiment la donne.&nbsp;<\/p>\n\n\n\n<figure class=\"wp-block-image aligncenter size-large is-resized\"><img loading=\"lazy\" decoding=\"async\" width=\"1024\" height=\"685\" src=\"https:\/\/www.one.org\/fr\/wp-content\/uploads\/sites\/4\/2023\/08\/What-we-do_Issues_1094x732-1024x685.png\" alt=\"\" class=\"wp-image-161933\" style=\"width:768px;height:514px\" srcset=\"https:\/\/www.one.org\/fr\/wp-content\/uploads\/sites\/4\/2023\/08\/What-we-do_Issues_1094x732-1024x685.png 1024w, https:\/\/www.one.org\/fr\/wp-content\/uploads\/sites\/4\/2023\/08\/What-we-do_Issues_1094x732-300x201.png 300w, https:\/\/www.one.org\/fr\/wp-content\/uploads\/sites\/4\/2023\/08\/What-we-do_Issues_1094x732-768x514.png 768w, https:\/\/www.one.org\/fr\/wp-content\/uploads\/sites\/4\/2023\/08\/What-we-do_Issues_1094x732-16x11.png 16w, https:\/\/www.one.org\/fr\/wp-content\/uploads\/sites\/4\/2023\/08\/What-we-do_Issues_1094x732-320x214.png 320w, https:\/\/www.one.org\/fr\/wp-content\/uploads\/sites\/4\/2023\/08\/What-we-do_Issues_1094x732-640x428.png 640w, https:\/\/www.one.org\/fr\/wp-content\/uploads\/sites\/4\/2023\/08\/What-we-do_Issues_1094x732-820x549.png 820w, https:\/\/www.one.org\/fr\/wp-content\/uploads\/sites\/4\/2023\/08\/What-we-do_Issues_1094x732-942x630.png 942w, https:\/\/www.one.org\/fr\/wp-content\/uploads\/sites\/4\/2023\/08\/What-we-do_Issues_1094x732.png 1094w\" sizes=\"auto, (max-width: 1024px) 100vw, 1024px\" \/><\/figure>\n\n\n\n<p>Notre objectif : un monde plus \u00e9galitaire. L\u2019acc\u00e8s aux soins, \u00e0 une \u00e9ducation de qualit\u00e9, \u00e0 un emploi d\u00e9cent et \u00e0 un logement s\u00fbr ne devraient pas \u00eatre des privil\u00e8ges li\u00e9s \u00e0 l\u2019endroit o\u00f9 l\u2019on vit. Nous savons ce qu\u2019il faut mettre en place : des lois plus ambitieuses, des financements mieux cibl\u00e9s et des partenariats solides \u00e0 l\u2019\u00e9chelle mondiale pour r\u00e9pondre aux d\u00e9fis majeurs de notre \u00e9poque.&nbsp;<\/p>\n\n\n\n<p>Nous agissons sur les causes et les cons\u00e9quences de l\u2019injustice, en promouvant des solutions qui font leurs preuves :&nbsp;<\/p>\n\n\n\n<ul class=\"wp-block-list\">\n<li>Renforcer les investissements dans les programmes de sant\u00e9 mondiaux, comme Gavi et le Fonds mondial de lutte contre le sida, la tuberculose et le paludisme, afin de garantir un acc\u00e8s \u00e9quitable aux traitements et m\u00e9dicaments vitaux.&nbsp;<\/li>\n\n\n\n<li>Plaider en faveur de mesures qui cr\u00e9ent des opportunit\u00e9s \u00e9conomiques durables, r\u00e9duisent les in\u00e9galit\u00e9s et soutiennent une \u00e9conomie mondiale plus inclusive.&nbsp;<\/li>\n\n\n\n<li>Promouvoir des r\u00e9formes financi\u00e8res capables de d\u00e9bloquer des financements de long terme et de stimuler la croissance sur le continent africain.&nbsp;<\/li>\n\n\n\n<li>Am\u00e9liorer la repr\u00e9sentation et l\u2019influence des pays africains au sein des instances d\u00e9cisionnelles mondiales.&nbsp;<\/li>\n<\/ul>\n\n\n\n<p>Nous collaborons avec des organisations qui mettent en \u0153uvre des strat\u00e9gies av\u00e9r\u00e9es pour surmonter ces d\u00e9fis. Et nous poussons les gouvernements et les institutions mondiales \u00e0 inclure des financements cibl\u00e9s et intelligents qui am\u00e9liorent la vie des populations.\u00a0<\/p>\n\n\n\n<p>Nous nous associons \u00e0 des organisations qui apportent des solutions tangibles \u00e0 ces d\u00e9fis. Et nous poussons les gouvernements et institutions mondiales \u00e0 investir intelligement, afin d&#8217;avoir un v\u00e9ritable impact durable sur les populations.&nbsp;<\/p>\n\n\n\n<div style=\"height:50px\" aria-hidden=\"true\" class=\"wp-block-spacer\"><\/div>\n\n\n\n<div class=\"wp-block-group has-background has-dark-background-color oneorg-block-group oneorg-block-group-impact oneorg-block-group-impact--4 has-light-color has-text-color has-link-color wp-elements-bd9aeda1d16d665a6730a12e7503034c is-layout-flow wp-block-group-is-layout-flow\">\n<div class=\"wp-block-group is-layout-flow wp-block-group-is-layout-flow\">\n<h2 class=\"wp-block-heading\" id=\"h-en-savoir-plus\">En savoir plus<\/h2>\n\n\n\n<div class=\"wp-block-columns is-layout-flex wp-container-core-columns-is-layout-28f84493 wp-block-columns-is-layout-flex\">\n<div class=\"wp-block-column is-layout-flow wp-block-column-is-layout-flow\">\n<figure class=\"wp-block-image size-large\"><img loading=\"lazy\" decoding=\"async\" width=\"1024\" height=\"1024\" src=\"https:\/\/www.one.org\/fr\/wp-content\/uploads\/sites\/4\/2023\/08\/Impact_Icon_300x300-1024x1024.png\" alt=\"\" class=\"wp-image-161966\" srcset=\"https:\/\/www.one.org\/fr\/wp-content\/uploads\/sites\/4\/2023\/08\/Impact_Icon_300x300-1024x1024.png 1024w, https:\/\/www.one.org\/fr\/wp-content\/uploads\/sites\/4\/2023\/08\/Impact_Icon_300x300-300x300.png 300w, https:\/\/www.one.org\/fr\/wp-content\/uploads\/sites\/4\/2023\/08\/Impact_Icon_300x300-150x150.png 150w, https:\/\/www.one.org\/fr\/wp-content\/uploads\/sites\/4\/2023\/08\/Impact_Icon_300x300-768x768.png 768w, https:\/\/www.one.org\/fr\/wp-content\/uploads\/sites\/4\/2023\/08\/Impact_Icon_300x300-16x16.png 16w, https:\/\/www.one.org\/fr\/wp-content\/uploads\/sites\/4\/2023\/08\/Impact_Icon_300x300-320x320.png 320w, https:\/\/www.one.org\/fr\/wp-content\/uploads\/sites\/4\/2023\/08\/Impact_Icon_300x300-640x640.png 640w, https:\/\/www.one.org\/fr\/wp-content\/uploads\/sites\/4\/2023\/08\/Impact_Icon_300x300-820x820.png 820w, https:\/\/www.one.org\/fr\/wp-content\/uploads\/sites\/4\/2023\/08\/Impact_Icon_300x300-630x630.png 630w, https:\/\/www.one.org\/fr\/wp-content\/uploads\/sites\/4\/2023\/08\/Impact_Icon_300x300.png 1251w\" sizes=\"auto, (max-width: 1024px) 100vw, 1024px\" \/><\/figure>\n\n\n\n<h3 class=\"wp-block-heading\" id=\"h-notre-impact\">Notre impact<\/h3>\n\n\n\n<p>D\u00e9couvrez ce qu\u2019ont accompli nos activistes \u00e0 travers leur mobilisation pour un monde meilleur.<\/p>\n\n\n\n<div class=\"wp-block-button\"><a class=\"wp-block-button__link wp-element-button\" href=\"https:\/\/www.one.org\/fr\/nous-connaitre\/nos-victoires\/\">Notre impact<\/a><\/div>\n<\/div>\n\n\n\n<div class=\"wp-block-column is-layout-flow wp-block-column-is-layout-flow\">\n<figure class=\"wp-block-image size-large\"><img loading=\"lazy\" decoding=\"async\" width=\"1024\" height=\"1024\" src=\"https:\/\/www.one.org\/fr\/wp-content\/uploads\/sites\/4\/2023\/08\/ChangeModel_Icon_300x300-1024x1024.png\" alt=\"\" class=\"wp-image-161964\" srcset=\"https:\/\/www.one.org\/fr\/wp-content\/uploads\/sites\/4\/2023\/08\/ChangeModel_Icon_300x300-1024x1024.png 1024w, https:\/\/www.one.org\/fr\/wp-content\/uploads\/sites\/4\/2023\/08\/ChangeModel_Icon_300x300-300x300.png 300w, https:\/\/www.one.org\/fr\/wp-content\/uploads\/sites\/4\/2023\/08\/ChangeModel_Icon_300x300-150x150.png 150w, https:\/\/www.one.org\/fr\/wp-content\/uploads\/sites\/4\/2023\/08\/ChangeModel_Icon_300x300-768x768.png 768w, https:\/\/www.one.org\/fr\/wp-content\/uploads\/sites\/4\/2023\/08\/ChangeModel_Icon_300x300-16x16.png 16w, https:\/\/www.one.org\/fr\/wp-content\/uploads\/sites\/4\/2023\/08\/ChangeModel_Icon_300x300-320x320.png 320w, https:\/\/www.one.org\/fr\/wp-content\/uploads\/sites\/4\/2023\/08\/ChangeModel_Icon_300x300-640x640.png 640w, https:\/\/www.one.org\/fr\/wp-content\/uploads\/sites\/4\/2023\/08\/ChangeModel_Icon_300x300-820x820.png 820w, https:\/\/www.one.org\/fr\/wp-content\/uploads\/sites\/4\/2023\/08\/ChangeModel_Icon_300x300-630x630.png 630w, https:\/\/www.one.org\/fr\/wp-content\/uploads\/sites\/4\/2023\/08\/ChangeModel_Icon_300x300.png 1251w\" sizes=\"auto, (max-width: 1024px) 100vw, 1024px\" \/><\/figure>\n\n\n\n<h3 class=\"wp-block-heading\" id=\"h-nous-bougeons-les-lignes\">Nous bougeons les lignes<\/h3>\n\n\n\n<p>Nous \u0153uvrons pour que tout le monde, partout, puisse mener une vie digne et pleine de possibilit\u00e9s. D\u00e9couvrez comment.<\/p>\n\n\n\n<div class=\"wp-block-button\"><a class=\"wp-block-button__link wp-element-button\" href=\"https:\/\/www.one.org\/fr\/nous-connaitre\/nous-bougeons-les-lignes\/\">En savoir plus<\/a><\/div>\n<\/div>\n\n\n\n<div class=\"wp-block-column is-layout-flow wp-block-column-is-layout-flow\">\n<figure class=\"wp-block-image size-large\"><img loading=\"lazy\" decoding=\"async\" width=\"1024\" height=\"1024\" src=\"https:\/\/www.one.org\/fr\/wp-content\/uploads\/sites\/4\/2023\/08\/Data_Icon_300x300-1024x1024.png\" alt=\"\" class=\"wp-image-161965\" srcset=\"https:\/\/www.one.org\/fr\/wp-content\/uploads\/sites\/4\/2023\/08\/Data_Icon_300x300-1024x1024.png 1024w, https:\/\/www.one.org\/fr\/wp-content\/uploads\/sites\/4\/2023\/08\/Data_Icon_300x300-300x300.png 300w, https:\/\/www.one.org\/fr\/wp-content\/uploads\/sites\/4\/2023\/08\/Data_Icon_300x300-150x150.png 150w, https:\/\/www.one.org\/fr\/wp-content\/uploads\/sites\/4\/2023\/08\/Data_Icon_300x300-768x768.png 768w, https:\/\/www.one.org\/fr\/wp-content\/uploads\/sites\/4\/2023\/08\/Data_Icon_300x300-16x16.png 16w, https:\/\/www.one.org\/fr\/wp-content\/uploads\/sites\/4\/2023\/08\/Data_Icon_300x300-320x320.png 320w, https:\/\/www.one.org\/fr\/wp-content\/uploads\/sites\/4\/2023\/08\/Data_Icon_300x300-640x640.png 640w, https:\/\/www.one.org\/fr\/wp-content\/uploads\/sites\/4\/2023\/08\/Data_Icon_300x300-820x820.png 820w, https:\/\/www.one.org\/fr\/wp-content\/uploads\/sites\/4\/2023\/08\/Data_Icon_300x300-630x630.png 630w, https:\/\/www.one.org\/fr\/wp-content\/uploads\/sites\/4\/2023\/08\/Data_Icon_300x300.png 1251w\" sizes=\"auto, (max-width: 1024px) 100vw, 1024px\" \/><\/figure>\n\n\n\n<h3 class=\"wp-block-heading\" id=\"h-donnees-amp-analyses\">Donn\u00e9es &amp; Analyses<\/h3>\n\n\n\n<p>Nos donn\u00e9es et analyses sur les d\u00e9fis \u00e9conomiques, politiques et sociaux du continent africain.<\/p>\n\n\n\n<div class=\"wp-block-button\"><a class=\"wp-block-button__link wp-element-button\" href=\"https:\/\/data.one.org\/\">Consulter data.one.org<\/a><\/div>\n<\/div>\n\n\n\n<div class=\"wp-block-column is-layout-flow wp-block-column-is-layout-flow\">\n<figure class=\"wp-block-image size-large\"><img loading=\"lazy\" decoding=\"async\" width=\"1024\" height=\"1024\" src=\"https:\/\/www.one.org\/fr\/wp-content\/uploads\/sites\/4\/2023\/08\/Stories_Icon_300x300-1024x1024.png\" alt=\"\" class=\"wp-image-161967\" srcset=\"https:\/\/www.one.org\/fr\/wp-content\/uploads\/sites\/4\/2023\/08\/Stories_Icon_300x300-1024x1024.png 1024w, https:\/\/www.one.org\/fr\/wp-content\/uploads\/sites\/4\/2023\/08\/Stories_Icon_300x300-300x300.png 300w, https:\/\/www.one.org\/fr\/wp-content\/uploads\/sites\/4\/2023\/08\/Stories_Icon_300x300-150x150.png 150w, https:\/\/www.one.org\/fr\/wp-content\/uploads\/sites\/4\/2023\/08\/Stories_Icon_300x300-768x768.png 768w, https:\/\/www.one.org\/fr\/wp-content\/uploads\/sites\/4\/2023\/08\/Stories_Icon_300x300-16x16.png 16w, https:\/\/www.one.org\/fr\/wp-content\/uploads\/sites\/4\/2023\/08\/Stories_Icon_300x300-320x320.png 320w, https:\/\/www.one.org\/fr\/wp-content\/uploads\/sites\/4\/2023\/08\/Stories_Icon_300x300-640x640.png 640w, https:\/\/www.one.org\/fr\/wp-content\/uploads\/sites\/4\/2023\/08\/Stories_Icon_300x300-820x820.png 820w, https:\/\/www.one.org\/fr\/wp-content\/uploads\/sites\/4\/2023\/08\/Stories_Icon_300x300-630x630.png 630w, https:\/\/www.one.org\/fr\/wp-content\/uploads\/sites\/4\/2023\/08\/Stories_Icon_300x300.png 1251w\" sizes=\"auto, (max-width: 1024px) 100vw, 1024px\" \/><\/figure>\n\n\n\n<h3 class=\"wp-block-heading\" id=\"h-temoignages-reflexions-et-perspectives\">T\u00e9moignages, r\u00e9flexions et perspectives<\/h3>\n\n\n\n<p>Nous vous expliquons comment votre voix peut contribuer \u00e0 la lutte pour la justice et l\u2019\u00e9galit\u00e9.<\/p>\n\n\n\n<div class=\"wp-block-button\"><a class=\"wp-block-button__link wp-element-button\" href=\"https:\/\/www.one.org\/fr\/actualites\/\">En savoir plus<\/a><\/div>\n<\/div>\n<\/div>\n<\/div>\n<\/div>\n<div class=\"buffer\"><\/div>","protected":false},"excerpt":{"rendered":"<p>Chaque personne, o\u00f9 qu\u2019elle vive, a le droit \u00e0 une vie digne, juste et pleine d\u2019opportunit\u00e9s. Pour y parvenir, nous nous attaquons aux causes sous-jacentes de l&#8217;injustice et des in\u00e9galit\u00e9s. Nous d\u00e9fendons des solutions concr\u00e8tes et efficaces qui changent vraiment la donne.&nbsp; Notre objectif : un monde plus \u00e9galitaire. L\u2019acc\u00e8s aux soins, \u00e0 une \u00e9ducation [&hellip;]<\/p>\n","protected":false},"author":3,"featured_media":0,"parent":161923,"menu_order":0,"comment_status":"closed","ping_status":"closed","template":"","meta":{"_acf_changed":false,"_relevanssi_hide_post":"","_relevanssi_hide_content":"","_relevanssi_pin_for_all":"","_relevanssi_pin_keywords":"","_relevanssi_unpin_keywords":"","_relevanssi_related_keywords":"","_relevanssi_related_include_ids":"","_relevanssi_related_exclude_ids":"","_relevanssi_related_no_append":"","_relevanssi_related_not_related":"","_relevanssi_related_posts":"1","_relevanssi_noindex_reason":"","footnotes":""},"class_list":["post-161963","page","type-page","status-publish","hentry"],"acf":[],"yoast_head":"<!-- This site is optimized with the Yoast SEO Premium plugin v27.1 (Yoast SEO v27.1.1) - https:\/\/yoast.com\/product\/yoast-seo-premium-wordpress\/ -->\n<title>Nos combats - ONE.org France<\/title>\n<meta name=\"description\" content=\"ONE se mobilise pour un meilleur acc\u00e8s aux soins de sant\u00e9, \u00e0 l&#039;emploi, \u00e0 une \u00e9ducation de qualit\u00e9, et bien plus encore, afin de cr\u00e9er des opportunit\u00e9s \u00e9conomiques et am\u00e9liorer la sant\u00e9 en Afrique.\" \/>\n<meta name=\"robots\" content=\"index, follow, max-snippet:-1, max-image-preview:large, max-video-preview:-1\" \/>\n<link rel=\"canonical\" href=\"https:\/\/www.one.org\/fr\/nous-connaitre\/nos-combats\/\" \/>\n<meta property=\"og:locale\" content=\"fr_FR\" \/>\n<meta property=\"og:type\" content=\"article\" \/>\n<meta property=\"og:title\" content=\"Nos combats\" \/>\n<meta property=\"og:description\" content=\"ONE se mobilise pour un meilleur acc\u00e8s aux soins de sant\u00e9, \u00e0 l&#039;emploi, \u00e0 une \u00e9ducation de qualit\u00e9, et bien plus encore, afin de cr\u00e9er des opportunit\u00e9s \u00e9conomiques et am\u00e9liorer la sant\u00e9 en Afrique.\" \/>\n<meta property=\"og:url\" content=\"https:\/\/www.one.org\/fr\/nous-connaitre\/nos-combats\/\" \/>\n<meta property=\"og:site_name\" content=\"ONE.org France\" \/>\n<meta property=\"article:publisher\" content=\"https:\/\/www.facebook.com\/ONE.Fr\" \/>\n<meta property=\"article:modified_time\" content=\"2025-06-06T08:51:47+00:00\" \/>\n<meta property=\"og:image\" content=\"https:\/\/www.one.org\/fr\/wp-content\/uploads\/sites\/4\/2023\/08\/What-we-do_Issues_1094x732.png\" \/>\n\t<meta property=\"og:image:width\" content=\"1094\" \/>\n\t<meta property=\"og:image:height\" content=\"732\" \/>\n\t<meta property=\"og:image:type\" content=\"image\/png\" \/>\n<meta name=\"twitter:card\" content=\"summary_large_image\" \/>\n<meta name=\"twitter:site\" content=\"@one_fr\" \/>\n<meta name=\"twitter:label1\" content=\"Est. reading time\" \/>\n\t<meta name=\"twitter:data1\" content=\"3 minutes\" \/>\n<script type=\"application\/ld+json\" class=\"yoast-schema-graph\">{\"@context\":\"https:\/\/schema.org\",\"@graph\":[{\"@type\":\"WebPage\",\"@id\":\"https:\/\/www.one.org\/fr\/nous-connaitre\/nos-combats\/\",\"url\":\"https:\/\/www.one.org\/fr\/nous-connaitre\/nos-combats\/\",\"name\":\"Nos combats - ONE.org France\",\"isPartOf\":{\"@id\":\"https:\/\/www.one.org\/fr\/#website\"},\"primaryImageOfPage\":{\"@id\":\"https:\/\/www.one.org\/fr\/nous-connaitre\/nos-combats\/#primaryimage\"},\"image\":{\"@id\":\"https:\/\/www.one.org\/fr\/nous-connaitre\/nos-combats\/#primaryimage\"},\"thumbnailUrl\":\"https:\/\/www.one.org\/fr\/wp-content\/uploads\/sites\/4\/2023\/08\/What-we-do_Issues_1094x732-1024x685.png\",\"datePublished\":\"2023-08-09T10:02:16+00:00\",\"dateModified\":\"2025-06-06T08:51:47+00:00\",\"description\":\"ONE se mobilise pour un meilleur acc\u00e8s aux soins de sant\u00e9, \u00e0 l'emploi, \u00e0 une \u00e9ducation de qualit\u00e9, et bien plus encore, afin de cr\u00e9er des opportunit\u00e9s \u00e9conomiques et am\u00e9liorer la sant\u00e9 en Afrique.\",\"breadcrumb\":{\"@id\":\"https:\/\/www.one.org\/fr\/nous-connaitre\/nos-combats\/#breadcrumb\"},\"inLanguage\":\"fr-FR\",\"potentialAction\":[{\"@type\":\"ReadAction\",\"target\":[\"https:\/\/www.one.org\/fr\/nous-connaitre\/nos-combats\/\"]}]},{\"@type\":\"ImageObject\",\"inLanguage\":\"fr-FR\",\"@id\":\"https:\/\/www.one.org\/fr\/nous-connaitre\/nos-combats\/#primaryimage\",\"url\":\"https:\/\/www.one.org\/fr\/wp-content\/uploads\/sites\/4\/2023\/08\/What-we-do_Issues_1094x732.png\",\"contentUrl\":\"https:\/\/www.one.org\/fr\/wp-content\/uploads\/sites\/4\/2023\/08\/What-we-do_Issues_1094x732.png\",\"width\":1094,\"height\":732},{\"@type\":\"BreadcrumbList\",\"@id\":\"https:\/\/www.one.org\/fr\/nous-connaitre\/nos-combats\/#breadcrumb\",\"itemListElement\":[{\"@type\":\"ListItem\",\"position\":1,\"name\":\"Home\",\"item\":\"https:\/\/www.one.org\/fr\/\"},{\"@type\":\"ListItem\",\"position\":2,\"name\":\"Nous conna\u00eetre\",\"item\":\"https:\/\/www.one.org\/fr\/nous-connaitre\/\"},{\"@type\":\"ListItem\",\"position\":3,\"name\":\"Nos combats\"}]},{\"@type\":\"WebSite\",\"@id\":\"https:\/\/www.one.org\/fr\/#website\",\"url\":\"https:\/\/www.one.org\/fr\/\",\"name\":\"ONE.org\",\"description\":\"Cr\u00e9er des opportunit\u00e9s \u00e9conomiques et am\u00e9liorer la sant\u00e9 en Afrique\",\"potentialAction\":[{\"@type\":\"SearchAction\",\"target\":{\"@type\":\"EntryPoint\",\"urlTemplate\":\"https:\/\/www.one.org\/fr\/?s={search_term_string}\"},\"query-input\":{\"@type\":\"PropertyValueSpecification\",\"valueRequired\":true,\"valueName\":\"search_term_string\"}}],\"inLanguage\":\"fr-FR\"}]}<\/script>\n<!-- \/ Yoast SEO Premium plugin. -->","yoast_head_json":{"title":"Nos combats - ONE.org France","description":"ONE se mobilise pour un meilleur acc\u00e8s aux soins de sant\u00e9, \u00e0 l'emploi, \u00e0 une \u00e9ducation de qualit\u00e9, et bien plus encore, afin de cr\u00e9er des opportunit\u00e9s \u00e9conomiques et am\u00e9liorer la sant\u00e9 en Afrique.","robots":{"index":"index","follow":"follow","max-snippet":"max-snippet:-1","max-image-preview":"max-image-preview:large","max-video-preview":"max-video-preview:-1"},"canonical":"https:\/\/www.one.org\/fr\/nous-connaitre\/nos-combats\/","og_locale":"fr_FR","og_type":"article","og_title":"Nos combats","og_description":"ONE se mobilise pour un meilleur acc\u00e8s aux soins de sant\u00e9, \u00e0 l'emploi, \u00e0 une \u00e9ducation de qualit\u00e9, et bien plus encore, afin de cr\u00e9er des opportunit\u00e9s \u00e9conomiques et am\u00e9liorer la sant\u00e9 en Afrique.","og_url":"https:\/\/www.one.org\/fr\/nous-connaitre\/nos-combats\/","og_site_name":"ONE.org France","article_publisher":"https:\/\/www.facebook.com\/ONE.Fr","article_modified_time":"2025-06-06T08:51:47+00:00","og_image":[{"width":1094,"height":732,"url":"https:\/\/www.one.org\/fr\/wp-content\/uploads\/sites\/4\/2023\/08\/What-we-do_Issues_1094x732.png","type":"image\/png"}],"twitter_card":"summary_large_image","twitter_site":"@one_fr","twitter_misc":{"Est. reading time":"3 minutes"},"schema":{"@context":"https:\/\/schema.org","@graph":[{"@type":"WebPage","@id":"https:\/\/www.one.org\/fr\/nous-connaitre\/nos-combats\/","url":"https:\/\/www.one.org\/fr\/nous-connaitre\/nos-combats\/","name":"Nos combats - ONE.org France","isPartOf":{"@id":"https:\/\/www.one.org\/fr\/#website"},"primaryImageOfPage":{"@id":"https:\/\/www.one.org\/fr\/nous-connaitre\/nos-combats\/#primaryimage"},"image":{"@id":"https:\/\/www.one.org\/fr\/nous-connaitre\/nos-combats\/#primaryimage"},"thumbnailUrl":"https:\/\/www.one.org\/fr\/wp-content\/uploads\/sites\/4\/2023\/08\/What-we-do_Issues_1094x732-1024x685.png","datePublished":"2023-08-09T10:02:16+00:00","dateModified":"2025-06-06T08:51:47+00:00","description":"ONE se mobilise pour un meilleur acc\u00e8s aux soins de sant\u00e9, \u00e0 l'emploi, \u00e0 une \u00e9ducation de qualit\u00e9, et bien plus encore, afin de cr\u00e9er des opportunit\u00e9s \u00e9conomiques et am\u00e9liorer la sant\u00e9 en Afrique.","breadcrumb":{"@id":"https:\/\/www.one.org\/fr\/nous-connaitre\/nos-combats\/#breadcrumb"},"inLanguage":"fr-FR","potentialAction":[{"@type":"ReadAction","target":["https:\/\/www.one.org\/fr\/nous-connaitre\/nos-combats\/"]}]},{"@type":"ImageObject","inLanguage":"fr-FR","@id":"https:\/\/www.one.org\/fr\/nous-connaitre\/nos-combats\/#primaryimage","url":"https:\/\/www.one.org\/fr\/wp-content\/uploads\/sites\/4\/2023\/08\/What-we-do_Issues_1094x732.png","contentUrl":"https:\/\/www.one.org\/fr\/wp-content\/uploads\/sites\/4\/2023\/08\/What-we-do_Issues_1094x732.png","width":1094,"height":732},{"@type":"BreadcrumbList","@id":"https:\/\/www.one.org\/fr\/nous-connaitre\/nos-combats\/#breadcrumb","itemListElement":[{"@type":"ListItem","position":1,"name":"Home","item":"https:\/\/www.one.org\/fr\/"},{"@type":"ListItem","position":2,"name":"Nous conna\u00eetre","item":"https:\/\/www.one.org\/fr\/nous-connaitre\/"},{"@type":"ListItem","position":3,"name":"Nos combats"}]},{"@type":"WebSite","@id":"https:\/\/www.one.org\/fr\/#website","url":"https:\/\/www.one.org\/fr\/","name":"ONE.org","description":"Cr\u00e9er des opportunit\u00e9s \u00e9conomiques et am\u00e9liorer la sant\u00e9 en Afrique","potentialAction":[{"@type":"SearchAction","target":{"@type":"EntryPoint","urlTemplate":"https:\/\/www.one.org\/fr\/?s={search_term_string}"},"query-input":{"@type":"PropertyValueSpecification","valueRequired":true,"valueName":"search_term_string"}}],"inLanguage":"fr-FR"}]}},"distributor_meta":false,"distributor_terms":false,"distributor_media":false,"distributor_original_site_name":"ONE.org France","distributor_original_site_url":"https:\/\/www.one.org\/fr","push-errors":false,"_links":{"self":[{"href":"https:\/\/www.one.org\/fr\/wp-json\/wp\/v2\/pages\/161963","targetHints":{"allow":["GET"]}}],"collection":[{"href":"https:\/\/www.one.org\/fr\/wp-json\/wp\/v2\/pages"}],"about":[{"href":"https:\/\/www.one.org\/fr\/wp-json\/wp\/v2\/types\/page"}],"author":[{"embeddable":true,"href":"https:\/\/www.one.org\/fr\/wp-json\/wp\/v2\/users\/3"}],"replies":[{"embeddable":true,"href":"https:\/\/www.one.org\/fr\/wp-json\/wp\/v2\/comments?post=161963"}],"version-history":[{"count":0,"href":"https:\/\/www.one.org\/fr\/wp-json\/wp\/v2\/pages\/161963\/revisions"}],"up":[{"embeddable":true,"href":"https:\/\/www.one.org\/fr\/wp-json\/wp\/v2\/pages\/161923"}],"wp:attachment":[{"href":"https:\/\/www.one.org\/fr\/wp-json\/wp\/v2\/media?parent=161963"}],"curies":[{"name":"wp","href":"https:\/\/api.w.org\/{rel}","templated":true}]}}