{"id":91,"date":"2023-05-04T14:22:12","date_gmt":"2023-05-04T14:22:12","guid":{"rendered":"https:\/\/www.one.org\/?page_id=475"},"modified":"2023-10-30T19:29:53","modified_gmt":"2023-10-30T19:29:53","slug":"digitale-barrierefreiheit","status":"publish","type":"page","link":"https:\/\/www.one.org\/de\/info\/digitale-barrierefreiheit\/","title":{"rendered":"Digitale Barrierefreiheit"},"content":{"rendered":"\n<div id=\"block_477d3056f8a90c31aa0d3ee2c5a45fde\" class=\"oneorg-block oneorg-promo flush is-style-bottom  has-text-align-left  \">\n\n\t\t\t    \n\n\t\t\t<div class=\"oneorg-promo__wrapper\">\n\t\t\t\t<div class=\"oneorg-promo__inner\">   \n\n\t\t\t\t<div class=\"oneorg-promo__content\">\n\t\t\t\t\t<div class=\"acf-innerblocks-container\">\n\n<p class=\"oneorg-section-title\"><\/p>\n\n\n\n<h2 class=\"wp-block-heading\" id=\"h-digitale-barrierefreiheit\"><strong>Digitale Barrierefreiheit<\/strong><\/h2>\n\n<\/div>\n\t\t\t\t<\/div>\n\t\t\t\t\n\t\t\t\t<\/div>\n\t\t\t<\/div>\n\n<\/div>\n\n\n\n<div style=\"height:25px\" aria-hidden=\"true\" class=\"wp-block-spacer\"><\/div>\n\n\n\n<p>ONE ist entschlossen, digitale Inhalte und Tools auf ihrer Website so vielen Menschen wie m\u00f6glich zug\u00e4nglich zu machen, unabh\u00e4ngig von deren F\u00e4higkeiten oder technischen Ressourcen.<\/p>\n\n\n\n<p>Auf ONE.org bem\u00fchen wir uns, die <a href=\"https:\/\/www.w3.org\/TR\/WCAG22\/\">WCAG 2.2 AA<\/a> Standards zu erf\u00fcllen. Das sind die internationalen Richtlinien der W3C Web Accessibility Initiative, die die Nutzung von Websites erleichtern sollen.<\/p>\n\n\n\n<p>Wir haben folgende Ma\u00dfnahmen zur Barrierefreiheit auf unserer Website getroffen:<\/p>\n\n\n\n<ul class=\"wp-block-list\">\n<li>Alternativtext f\u00fcr Bilder und andere Nicht-Text-Inhalte<\/li>\n\n\n\n<li>Tastaturnavigation f\u00fcr Benutzer*innen, die keine Computermaus benutzen k\u00f6nnen<\/li>\n\n\n\n<li>Klare und einheitliche \u00dcberschriften und Beschriftungen f\u00fcr eine einfache Nutzung<\/li>\n\n\n\n<li>Videos mit Untertiteln f\u00fcr geh\u00f6rlose und schwerh\u00f6rige Benutzer*innen<\/li>\n\n\n\n<li>Korrekte Verwendung von HTML-Tags f\u00fcr die Kompatibilit\u00e4t mit Bildschirmleseger\u00e4ten<\/li>\n<\/ul>\n\n\n\n<p>Au\u00dferdem testen und pr\u00fcfen wir unsere Website regelm\u00e4\u00dfig, um die Benutzerfreundlichkeit zu gew\u00e4hrleisten.<\/p>\n\n\n\n<h3 class=\"wp-block-heading\">Was wir tun, um die digitale Barrierefreiheit zu verbessern<\/h3>\n\n\n\n<p>Um ONE.org und die zugeh\u00f6rigen Websites zug\u00e4nglich zu machen, werden wir:<\/p>\n\n\n\n<ul class=\"wp-block-list\">\n<li>Kontinuierlich Best Practices der digitalen Barrierefreiheit in die Planung und Entwicklung unserer Website mit einbeziehen.<\/li>\n\n\n\n<li>Schulungen zur digitalen Barrierefreiheit f\u00fcr unsere Mitarbeiter*innen anbieten.<\/li>\n<\/ul>\n\n\n\n<h3 class=\"wp-block-heading\">Probleme in Bezug auf Barrierefreiheit melden<\/h3>\n\n\n\n<p>Wenn Sie Schwierigkeiten bei der Nutzung von ONE.org haben oder uns Feedback geben m\u00f6chten, wie wir die Barrierefreiheit unserer Website verbessern k\u00f6nnen, z\u00f6gern Sie bitte nicht, <a href=\"https:\/\/www.one.org\/de\/kontakt\/\">uns zu kontaktieren<\/a>.&nbsp;<\/p>\n\n\n\n<h3 class=\"wp-block-heading\">Aktualisierung dieser Erkl\u00e4rung zur Barrierefreiheit<\/h3>\n\n\n\n<p>Diese Erkl\u00e4rung wurde zuletzt am 20. Oktober 2023 aktualisiert. Wir aktualisieren diese Erkl\u00e4rung mindestens einmal j\u00e4hrlich.<\/p>\n<div class=\"buffer\"><\/div>","protected":false},"excerpt":{"rendered":"<p>ONE ist entschlossen, digitale Inhalte und Tools auf ihrer Website so vielen Menschen wie m\u00f6glich zug\u00e4nglich zu machen, unabh\u00e4ngig von deren F\u00e4higkeiten oder technischen Ressourcen. Auf ONE.org bem\u00fchen wir uns, die WCAG 2.2 AA Standards zu erf\u00fcllen. Das sind die internationalen Richtlinien der W3C Web Accessibility Initiative, die die Nutzung von Websites erleichtern sollen. Wir [&hellip;]<\/p>\n","protected":false},"author":3,"featured_media":0,"parent":204,"menu_order":0,"comment_status":"closed","ping_status":"closed","template":"","meta":{"_acf_changed":false,"_relevanssi_hide_post":"","_relevanssi_hide_content":"","_relevanssi_pin_for_all":"","_relevanssi_pin_keywords":"","_relevanssi_unpin_keywords":"","_relevanssi_related_keywords":"","_relevanssi_related_include_ids":"","_relevanssi_related_exclude_ids":"","_relevanssi_related_no_append":"","_relevanssi_related_not_related":"","_relevanssi_related_posts":"1,886,1770,992","_relevanssi_noindex_reason":"","footnotes":""},"class_list":["post-91","page","type-page","status-publish","hentry"],"acf":[],"yoast_head":"<!-- This site is optimized with the Yoast SEO Premium plugin v27.1 (Yoast SEO v27.1.1) - https:\/\/yoast.com\/product\/yoast-seo-premium-wordpress\/ -->\n<title>Digitale Barrierefreiheit - ONE.org Deutschland<\/title>\n<meta name=\"description\" content=\"ONE is determined to make our online content and actions accessible to as many people as possible, regardless of ability or technology. ONE.org includes international guidelines provided by the W3C Web Accessibility Initiative for making websites easier to use.\" \/>\n<meta name=\"robots\" content=\"index, follow, max-snippet:-1, max-image-preview:large, max-video-preview:-1\" \/>\n<link rel=\"canonical\" href=\"https:\/\/www.one.org\/de\/info\/digitale-barrierefreiheit\/\" \/>\n<meta property=\"og:locale\" content=\"de_DE\" \/>\n<meta property=\"og:type\" content=\"article\" \/>\n<meta property=\"og:title\" content=\"Digitale Barrierefreiheit\" \/>\n<meta property=\"og:description\" content=\"ONE is determined to make our online content and actions accessible to as many people as possible, regardless of ability or technology. ONE.org includes international guidelines provided by the W3C Web Accessibility Initiative for making websites easier to use.\" \/>\n<meta property=\"og:url\" content=\"https:\/\/www.one.org\/de\/info\/digitale-barrierefreiheit\/\" \/>\n<meta property=\"og:site_name\" content=\"ONE.org Deutschland\" \/>\n<meta property=\"article:publisher\" content=\"https:\/\/www.facebook.com\/ONEinNederland\" \/>\n<meta property=\"article:modified_time\" content=\"2023-10-30T19:29:53+00:00\" \/>\n<meta property=\"og:image\" content=\"https:\/\/www.one.org\/de\/wp-content\/uploads\/sites\/3\/2023\/09\/GA_share_1200x628-768x402-1.png\" \/>\n\t<meta property=\"og:image:width\" content=\"768\" \/>\n\t<meta property=\"og:image:height\" content=\"402\" \/>\n\t<meta property=\"og:image:type\" content=\"image\/png\" \/>\n<meta name=\"twitter:card\" content=\"summary_large_image\" \/>\n<meta name=\"twitter:site\" content=\"@ONENederland\" \/>\n<meta name=\"twitter:label1\" content=\"Est. reading time\" \/>\n\t<meta name=\"twitter:data1\" content=\"1 minute\" \/>\n<script type=\"application\/ld+json\" class=\"yoast-schema-graph\">{\"@context\":\"https:\/\/schema.org\",\"@graph\":[{\"@type\":\"WebPage\",\"@id\":\"https:\/\/www.one.org\/de\/info\/digitale-barrierefreiheit\/\",\"url\":\"https:\/\/www.one.org\/de\/info\/digitale-barrierefreiheit\/\",\"name\":\"Digitale Barrierefreiheit - ONE.org Deutschland\",\"isPartOf\":{\"@id\":\"https:\/\/www.one.org\/de\/#website\"},\"datePublished\":\"2023-05-04T14:22:12+00:00\",\"dateModified\":\"2023-10-30T19:29:53+00:00\",\"description\":\"ONE is determined to make our online content and actions accessible to as many people as possible, regardless of ability or technology. ONE.org includes international guidelines provided by the W3C Web Accessibility Initiative for making websites easier to use.\",\"breadcrumb\":{\"@id\":\"https:\/\/www.one.org\/de\/info\/digitale-barrierefreiheit\/#breadcrumb\"},\"inLanguage\":\"de-DE\",\"potentialAction\":[{\"@type\":\"ReadAction\",\"target\":[\"https:\/\/www.one.org\/de\/info\/digitale-barrierefreiheit\/\"]}]},{\"@type\":\"BreadcrumbList\",\"@id\":\"https:\/\/www.one.org\/de\/info\/digitale-barrierefreiheit\/#breadcrumb\",\"itemListElement\":[{\"@type\":\"ListItem\",\"position\":1,\"name\":\"Home\",\"item\":\"https:\/\/www.one.org\/de\/\"},{\"@type\":\"ListItem\",\"position\":2,\"name\":\"Info\",\"item\":\"https:\/\/www.one.org\/de\/info\/\"},{\"@type\":\"ListItem\",\"position\":3,\"name\":\"Digitale Barrierefreiheit\"}]},{\"@type\":\"WebSite\",\"@id\":\"https:\/\/www.one.org\/de\/#website\",\"url\":\"https:\/\/www.one.org\/de\/\",\"name\":\"ONE.org\",\"description\":\"F\u00fcr mehr wirtschaftliche Chancen und ein starkes Gesundheitswesen in Afrika\",\"potentialAction\":[{\"@type\":\"SearchAction\",\"target\":{\"@type\":\"EntryPoint\",\"urlTemplate\":\"https:\/\/www.one.org\/de\/?s={search_term_string}\"},\"query-input\":{\"@type\":\"PropertyValueSpecification\",\"valueRequired\":true,\"valueName\":\"search_term_string\"}}],\"inLanguage\":\"de-DE\"}]}<\/script>\n<!-- \/ Yoast SEO Premium plugin. -->","yoast_head_json":{"title":"Digitale Barrierefreiheit - ONE.org Deutschland","description":"ONE is determined to make our online content and actions accessible to as many people as possible, regardless of ability or technology. ONE.org includes international guidelines provided by the W3C Web Accessibility Initiative for making websites easier to use.","robots":{"index":"index","follow":"follow","max-snippet":"max-snippet:-1","max-image-preview":"max-image-preview:large","max-video-preview":"max-video-preview:-1"},"canonical":"https:\/\/www.one.org\/de\/info\/digitale-barrierefreiheit\/","og_locale":"de_DE","og_type":"article","og_title":"Digitale Barrierefreiheit","og_description":"ONE is determined to make our online content and actions accessible to as many people as possible, regardless of ability or technology. ONE.org includes international guidelines provided by the W3C Web Accessibility Initiative for making websites easier to use.","og_url":"https:\/\/www.one.org\/de\/info\/digitale-barrierefreiheit\/","og_site_name":"ONE.org Deutschland","article_publisher":"https:\/\/www.facebook.com\/ONEinNederland","article_modified_time":"2023-10-30T19:29:53+00:00","og_image":[{"width":768,"height":402,"url":"https:\/\/www.one.org\/de\/wp-content\/uploads\/sites\/3\/2023\/09\/GA_share_1200x628-768x402-1.png","type":"image\/png"}],"twitter_card":"summary_large_image","twitter_site":"@ONENederland","twitter_misc":{"Est. reading time":"1 minute"},"schema":{"@context":"https:\/\/schema.org","@graph":[{"@type":"WebPage","@id":"https:\/\/www.one.org\/de\/info\/digitale-barrierefreiheit\/","url":"https:\/\/www.one.org\/de\/info\/digitale-barrierefreiheit\/","name":"Digitale Barrierefreiheit - ONE.org Deutschland","isPartOf":{"@id":"https:\/\/www.one.org\/de\/#website"},"datePublished":"2023-05-04T14:22:12+00:00","dateModified":"2023-10-30T19:29:53+00:00","description":"ONE is determined to make our online content and actions accessible to as many people as possible, regardless of ability or technology. ONE.org includes international guidelines provided by the W3C Web Accessibility Initiative for making websites easier to use.","breadcrumb":{"@id":"https:\/\/www.one.org\/de\/info\/digitale-barrierefreiheit\/#breadcrumb"},"inLanguage":"de-DE","potentialAction":[{"@type":"ReadAction","target":["https:\/\/www.one.org\/de\/info\/digitale-barrierefreiheit\/"]}]},{"@type":"BreadcrumbList","@id":"https:\/\/www.one.org\/de\/info\/digitale-barrierefreiheit\/#breadcrumb","itemListElement":[{"@type":"ListItem","position":1,"name":"Home","item":"https:\/\/www.one.org\/de\/"},{"@type":"ListItem","position":2,"name":"Info","item":"https:\/\/www.one.org\/de\/info\/"},{"@type":"ListItem","position":3,"name":"Digitale Barrierefreiheit"}]},{"@type":"WebSite","@id":"https:\/\/www.one.org\/de\/#website","url":"https:\/\/www.one.org\/de\/","name":"ONE.org","description":"F\u00fcr mehr wirtschaftliche Chancen und ein starkes Gesundheitswesen in Afrika","potentialAction":[{"@type":"SearchAction","target":{"@type":"EntryPoint","urlTemplate":"https:\/\/www.one.org\/de\/?s={search_term_string}"},"query-input":{"@type":"PropertyValueSpecification","valueRequired":true,"valueName":"search_term_string"}}],"inLanguage":"de-DE"}]}},"distributor_meta":false,"distributor_terms":false,"distributor_media":false,"distributor_original_site_name":"ONE.org Deutschland","distributor_original_site_url":"https:\/\/www.one.org\/de","push-errors":false,"_links":{"self":[{"href":"https:\/\/www.one.org\/de\/wp-json\/wp\/v2\/pages\/91","targetHints":{"allow":["GET"]}}],"collection":[{"href":"https:\/\/www.one.org\/de\/wp-json\/wp\/v2\/pages"}],"about":[{"href":"https:\/\/www.one.org\/de\/wp-json\/wp\/v2\/types\/page"}],"author":[{"embeddable":true,"href":"https:\/\/www.one.org\/de\/wp-json\/wp\/v2\/users\/3"}],"replies":[{"embeddable":true,"href":"https:\/\/www.one.org\/de\/wp-json\/wp\/v2\/comments?post=91"}],"version-history":[{"count":0,"href":"https:\/\/www.one.org\/de\/wp-json\/wp\/v2\/pages\/91\/revisions"}],"up":[{"embeddable":true,"href":"https:\/\/www.one.org\/de\/wp-json\/wp\/v2\/pages\/204"}],"wp:attachment":[{"href":"https:\/\/www.one.org\/de\/wp-json\/wp\/v2\/media?parent=91"}],"curies":[{"name":"wp","href":"https:\/\/api.w.org\/{rel}","templated":true}]}}