{"id":7,"date":"2023-04-20T15:33:42","date_gmt":"2023-04-20T15:33:42","guid":{"rendered":"https:\/\/www.one.org\/?page_id=128"},"modified":"2025-05-27T08:48:02","modified_gmt":"2025-05-27T08:48:02","slug":"ueber-one","status":"publish","type":"page","link":"https:\/\/www.one.org\/de\/ueber-one\/","title":{"rendered":"\u00dcber ONE"},"content":{"rendered":"\n<div id=\"block_eb4f138671bb56a72944383f09527904\" class=\"oneorg-block oneorg-hero flush is-style-bottom  has-text-align-left has-image    has-overlay  \">\n\t\t\t\t\t\t\t\t\t\t\t<link rel=\"preload\" href=\"https:\/\/www.one.org\/de\/wp-content\/uploads\/sites\/3\/2025\/05\/About_820x820-800x800.png\" as=\"image\" media=\"(max-width: 39.6875em)\">\n\t\t\t\t<link rel=\"preload\" href=\"https:\/\/www.one.org\/de\/wp-content\/uploads\/sites\/3\/2025\/05\/About_1640x800-1600x780.png\" as=\"image\" media=\"(min-width: 40.0625em)\">\n\t\t\t\t\t\t\t\t\t<style scoped>\n\t\t\t\t\t#block_eb4f138671bb56a72944383f09527904.oneorg-hero:before {\n\t\t\t\t\t\tdisplay: block;\n\t\t\t\t\t\tz-index: 2; \/*Same as $z-low-1*\/\n\t\t\t\t\t\tcontent: '';\n\t\t\t\t\t\tposition: absolute;\n\t\t\t\t\t\ttop: 0;\n\t\t\t\t\t\tright: 0;\n\t\t\t\t\t\tbottom: 0;\n\t\t\t\t\t\tleft: 0;\n\t\t\t\t\t\tbackground: rgba(0,0,0);\n\t\t\t\t\t\topacity: 0.9;\n\t\t\t\t\t}\n\t\t\t\t\t@media (min-width: 48rem) {\n\t\t\t\t\t\t#block_eb4f138671bb56a72944383f09527904.oneorg-hero:before {\n\t\t\t\t\t\t\tbackground: linear-gradient(90.29deg, rgba(0,0,0,0.9) 0.33%, rgba(0,0,0, 0) 99.82%); \n\t\t\t\t\t\t}\n\t\t\t\t\t}\n\t\t\t\t\t<\/style>\n\t\t\t\t\t\t\t\t\t\n\t\t\t\t<div class=\"block__background\">\n\t\t\t\t\t<figure>\n\t\t\t\t\t\t<picture>\n\t\t\t\t\t\t\t<source media=\"(min-width: 64em)\" srcset=\"https:\/\/www.one.org\/de\/wp-content\/uploads\/sites\/3\/2025\/05\/About_1640x800-1600x780.png\">\n\t\t\t\t\t\t\t<img \n\t\t\t\t\t\t\tsrc=\"https:\/\/www.one.org\/de\/wp-content\/uploads\/sites\/3\/2025\/05\/About_820x820-800x800.png\" \n\t\t\t\t\t\t\talt=\"\" \n\t\t\t\t\t\t\twidth=\"640\" \n\t\t\t\t\t\t\theight=\"640\" \n\t\t\t\t\t\t\tstyle=\"background-image: url(data:image\/png;base64,iVBORw0KGgoAAAANSUhEUgAAABAAAAAICAMAAADHqI+lAAABI1BMVEXa7+3U6+nR6ufV7Onb7+3T5+yNm+BASNU1PNQ1O9PT6ujY7evY7uvU6+jW6eyJl+A8Q9U5PsM4PsnQ6ebX6ujU6ObM4+DR5uO6xsXR4+Gpt9dLUcw\/RMY9Qr1XWYBoa54+Q8bM3NqzwL+subiHjo6Di4qWo6KWnJuJj49tb4FdX4ZKS2dAQFRISElaW3xBRZ7D1NJ3fn1SUlIiIyMzMzMpKilQUFBFRUVwcHCFhYUwMDBHR0c5OTlxcXZjZHqotrQ8PDxNTU1TU1M1NTVKSkp6enqPj4+lpaWLi4tubm5YWFhRUVGYp6VbW1u4uLikpKQ0NDS6urqJiYlhYWFaWlrB0c9XWVnHyMivr68aGhoUFBQmJiY+Pj52dnatra1kZGRCQkKQwcGJAAAAjUlEQVQI1wXBBQKCQBAAwBVWBRS7u7vRU8EAxO7u+P8rnAHQURQNiIh6g5FhWKA4k5njEdBitbF2BwtOF6Lb4\/X5A8FQOBKNAR9PJFPpTDaXLxRL5UoV6Fq9ITRbpN3pilKvPwB+KCtEHWnjyVSdzRdLoFdrZbMVhZ2skf3heAI8X8j1Jt0fz9f785V+f5ZfFSVQS7LCAAAAAElFTkSuQmCC)\" \n\t\t\t\t\t\t\tfetchpriority=\"high\"\n\t\t\t\t\t\t\t\/>\n\t\t\t\t\t\t<\/picture>\n\t\t\t\t\t<\/figure>\n\t\t\t\t<\/div>\n\t\t\t    \n\n\t\t\t<div class=\"oneorg-hero__wrapper\">\n\n\t\t\t\t<div class=\"oneorg-hero__inner\">   \n\n\t\t\t\t\t<div class=\"oneorg-hero__content stack\" data-aos=\"fade-up\" data-aos-duration=\"1750\">\n\t\t\t\t\t\t\n\t\t\t\t\t\t<div class=\"acf-innerblocks-container\">\n\n<p>\u00dcber ONE<\/p>\n\n\n\n<h1 class=\"wp-block-heading\" id=\"h-deine-stimme-zahlt-wir-machen-sie-unuberhorbar\">Deine Stimme z\u00e4hlt.\u00a0 Wir machen sie un\u00fcberh\u00f6rbar.<\/h1>\n\n<\/div>\n\t\t\t\t\t\t\t\t\t\t\t\t\n\t\t\t\t\t<\/div>\n\t\t\t\t<\/div>\n\n\t\t\t<\/div>\n\t\t\t\n\t\t\t\n<\/div>\n\n\n\n\n<div style=\"height:25px\" aria-hidden=\"true\" class=\"wp-block-spacer\"><\/div>\n\n\n\n<p>ONE ist eine globale, \u00fcberparteiliche Organisation, die sich f\u00fcr wirtschaftliche Chancen und ein starkes Gesundheitswesen in Afrika einsetzt. Datenbasierte Analysen treffen auf zivilgesellschaftliches Engagement, politische Kampagnen und strategische Partnerschaften, um politischen Wandel m\u00f6glich zu machen.&nbsp;<\/p>\n\n\n\n<p>Unsere politischen Forderungen schaffen es auf die<strong> Agenda von Entscheidungstr\u00e4ger*innen weltweit.<\/strong> Daf\u00fcr haben seit zwei Jahrzehnten ein Netzwerk aufgebaut, Daten analysiert und <strong>mehr als 25 Millionen Unterschriften, Postkarten und digitalen Aktionen <\/strong>erm\u00f6glicht.&nbsp;<\/p>\n\n\n\n<p>The ONE Campaign gGmbH ist gemeinn\u00fctzig, \u00fcberparteilich und erh\u00e4lt keine staatlichen Gelder.&nbsp;<\/p>\n\n\n\n<div class=\"wp-block-buttons is-layout-flex wp-block-buttons-is-layout-flex\">\n<div class=\"wp-block-button\"><a class=\"wp-block-button__link wp-element-button\" href=\"https:\/\/www.one.org\/de\/engagier-dich\/bleib-informiert\/\">Jetzt mitmachen<\/a><\/div>\n<\/div>\n\n\n<div id=\"block_0d2b968c6e43bed3ae7c06d9e33c18ee\" class=\"oneorg-block oneorg-content-block  has-image  is-illustrative-type \">\n\t<div class=\"oneorg-content-block__inner\">\n\n\t\t\t<div class=\"oneorg-content-block__content\">\n\t\t\t\t<div class=\"acf-innerblocks-container\">\n\n<h2 class=\"wp-block-heading\" id=\"h-unsere-geschichte\"><strong><strong>Unsere Geschichte<\/strong><\/strong><\/h2>\n\n\n\n<p>ONE wurde <a href=\"https:\/\/www.one.org\/de\/person\/bono\/\">2004 von Bono<\/a> und anderen Aktivist*innen gegr\u00fcndet, um f\u00fcr eine faire Welt zu k\u00e4mpfen. Wir agieren \u00fcberparteilich und sind stolz darauf, <a href=\"https:\/\/www.one.org\/de\/ueber-one\/finanzen\/\">keine staatliche Finanzierung<\/a> zu erhalten. Denn so bewahren wir uns unsere Unabh\u00e4ngigkeit. Wir sammeln keine Spenden. Unser Geld erhalten wir von Philanthrop*innen, Stiftungen und Unternehmen.<\/p>\n\n\n\n<div class=\"wp-block-button\"><a class=\"wp-block-button__link wp-element-button\" href=\"https:\/\/www.one.org\/de\/ueber-one\/one-international\/\">ONE International<\/a><\/div>\n\n<\/div>\n\t\t\t<\/div>\n\n\t\t\t \t\t\t\t\t\t\t\t\t<figure class=\"oneorg-content-block__image\">\n\t\t\t\t\t<picture class=\"frame\">\n\t\t\t\t\t\t<source media=\"(min-width: 769px)\" srcset=\"https:\/\/www.one.org\/de\/wp-content\/uploads\/sites\/3\/2024\/12\/What-we-do_Mission_1094x732.png\">\n\t\t\t\t\t\t<img decoding=\"async\" src=\"https:\/\/www.one.org\/de\/wp-content\/uploads\/sites\/3\/2024\/12\/What-we-do_Mission_1094x732-320x214.png\" width=\"320\" height=\"214\" alt=\"\" loading=\"lazy\" style=\"background-image: url(data:image\/png;base64,iVBORw0KGgoAAAANSUhEUgAAABAAAAALCAMAAABBPP0LAAABF1BMVEX+\/v7\/\/\/\/9\/v75\/Pzr9vXl9PLp9fTx+fj7\/f38\/f3b8O7a7+3S6ee+z82+zcva7Ory+fj0+vnc8O7T6ui82NWyzcuMk5OJj4+0z83B29jl8vHK3tyw1NCu7eXW7OqjqamuubjU6Oa2zM+409Tg7ezg7vKWord\/mZuf39bR5+ZcYW+hr7TK3NpufpFRk5azyMfu+Pf8\/v3A0+cvSbhQaoipwsDO4eFITV+aqa\/E4uJ5l6Ymc4KIs7vi8\/HK5eQ7lJcnioehz8vF19lITWCYp67I3+RTXqQlLYeNnMHk8\/K43dqo1NHT6um+0NVyfIultLzT6Oi5y9uerMzQ4+ft9\/b2+\/vp9vTq9vXw+fjt9fXl9PPk9PL+\/\/+GxSNdAAAAo0lEQVQI1zXO2UIBYRiA4ff7zWAq2Ytk34maaLGviRayJOT+r6MDOn2OHhARlAIRERFAsGi6brXZ+QdDPzk9c5w7XeoIbo\/X57+4DASv7AiAFroOR6KxeCKZMgRQ6Uw2ly8Ub0rl2zsA875SfXh8eq7VG82WCRjtTrfXHwxfRq\/jlgmoydv7x+d09jVfLFcAfK9\/NratZt39roxDDPYioBQi\/AGwmxISkblCDwAAAABJRU5ErkJggg==)\" \/>\n\t\t\t\t\t<\/picture>\n\t\t\t\t<\/figure>\n\t\t\t    \n\t\t<\/div>\n <\/div>\n\n\n<div id=\"block_38fbf0b8942dc107a5264d9485af1e57\" class=\"oneorg-block oneorg-content-block  has-image  is-illustrative-type \" data-state=\"reversed\">\n\t<div class=\"oneorg-content-block__inner\">\n\n\t\t\t<div class=\"oneorg-content-block__content\">\n\t\t\t\t<div class=\"acf-innerblocks-container\">\n\n<h2 class=\"wp-block-heading\" id=\"h-unsere-ehrenamtlichen\"><strong><strong><strong>Unsere Ehrenamtlichen<\/strong><\/strong><\/strong><\/h2>\n\n\n\n<p>Sie mobilisieren, demonstrieren und \u00fcberzeugen \u2013 Als Jugendbotschafter*innen und Regionalbotschafter*innen engagieren sich unsere Ehrenamtlichen unnachgiebig f\u00fcr eine w\u00fcrdevolle Zukunft f\u00fcr alle Menschen auf dieser Welt. Sie akzeptieren kein \u201eNein\u201c und geben nicht auf. Sie sind es, die die Welt gerechter machen.<\/p>\n\n\n\n<div class=\"wp-block-button\"><a class=\"wp-block-button__link wp-element-button\" href=\"https:\/\/www.one.org\/de\/ueber-one\/jugendbotschafter-innen\/\">Jetzt Kennenlernen<\/a><\/div>\n\n<\/div>\n\t\t\t<\/div>\n\n\t\t\t \t\t\t\t\t\t\t\t\t<figure class=\"oneorg-content-block__image\">\n\t\t\t\t\t<picture class=\"frame\">\n\t\t\t\t\t\t<source media=\"(min-width: 769px)\" srcset=\"https:\/\/www.one.org\/de\/wp-content\/uploads\/sites\/3\/2024\/12\/Get-Involved_Volunteer_1094x732_v1.jpg\">\n\t\t\t\t\t\t<img decoding=\"async\" src=\"https:\/\/www.one.org\/de\/wp-content\/uploads\/sites\/3\/2024\/12\/Get-Involved_Volunteer_1094x732_v1-320x214.jpg\" width=\"320\" height=\"214\" alt=\"\" loading=\"lazy\" style=\"background-image: url(data:image\/jpeg;base64,\/9j\/4AAQSkZJRgABAQAAAQABAAD\/2wBDAAYEBAUEBAYFBQUGBgYHCQ4JCQgICRINDQoOFRIWFhUSFBQXGiEcFxgfGRQUHScdHyIjJSUlFhwpLCgkKyEkJST\/2wBDAQYGBgkICREJCREkGBQYJCQkJCQkJCQkJCQkJCQkJCQkJCQkJCQkJCQkJCQkJCQkJCQkJCQkJCQkJCQkJCQkJCT\/wAARCAALABADAREAAhEBAxEB\/8QAFgABAQEAAAAAAAAAAAAAAAAABwIE\/8QAJRAAAQMDAwMFAAAAAAAAAAAAAQIDBQQGEQASMQcUUSEiJEFh\/8QAFwEAAwEAAAAAAAAAAAAAAAAAAAIDAf\/EABsRAAMBAQADAAAAAAAAAAAAAAABEQISAyGh\/9oADAMBAAIRAxEAPwBWlOqM\/T31LW6zCYao2fjLHu7h3YpwAq4SFAAfmedU1nKnLvr6T29Sojpndd13NIxypOtpEMt07hqqRkoWtSsnaoqBOBgp9M\/esUWWJnyPqRiVWQsdIOh6qomHnUjaHFIG4DxnnSF2qZLftGBtVDiISJpaAO43llGCvHk8nQB\/\/9k=)\" \/>\n\t\t\t\t\t<\/picture>\n\t\t\t\t<\/figure>\n\t\t\t    \n\t\t<\/div>\n <\/div>\n\n\n<div id=\"block_635f3df4437150486d1874f56d28ae9a\" class=\"oneorg-block oneorg-content-block  has-image  is-illustrative-type \">\n\t<div class=\"oneorg-content-block__inner\">\n\n\t\t\t<div class=\"oneorg-content-block__content\">\n\t\t\t\t<div class=\"acf-innerblocks-container\">\n\n<h2 class=\"wp-block-heading\" id=\"h-red\"><strong>(RED)<\/strong><\/h2>\n\n\n\n<p>Unsere Schwesterorganisation (RED) arbeitet mit verschiedenen namhaften Marken und Personen zusammen. Durch den Verkauf von Produkten mobilisieren sie Geld und Unterst\u00fctzung f\u00fcr den Kampf gegen vermeidbare Krankheiten wie HIV\/Aids, Malaria, Tuberkulose oder COVID-19.<\/p>\n\n\n\n<div class=\"wp-block-button\"><a class=\"wp-block-button__link wp-element-button\" href=\"https:\/\/www.red.org\/\">RED.ORG<\/a><\/div>\n\n<\/div>\n\t\t\t<\/div>\n\n\t\t\t \t\t\t\t\t\t\t\t\t<figure class=\"oneorg-content-block__image\">\n\t\t\t\t\t<picture class=\"frame\">\n\t\t\t\t\t\t<source media=\"(min-width: 769px)\" srcset=\"https:\/\/www.one.org\/de\/wp-content\/uploads\/sites\/3\/2023\/09\/About_RED_1094x732.jpg\">\n\t\t\t\t\t\t<img decoding=\"async\" src=\"https:\/\/www.one.org\/de\/wp-content\/uploads\/sites\/3\/2023\/09\/About_RED_1094x732-320x214.jpg\" width=\"320\" height=\"214\" alt=\"\" loading=\"lazy\" style=\"background-image: url(data:image\/jpeg;base64,\/9j\/4AAQSkZJRgABAQAAAQABAAD\/4QAYRXhpZgAASUkqAAgAAAAAAAAAAAAAAP\/hA49odHRwOi8vbnMuYWRvYmUuY29tL3hhcC8xLjAvADw\/eHBhY2tldCBiZWdpbj0i77u\/IiBpZD0iVzVNME1wQ2VoaUh6cmVTek5UY3prYzlkIj8+IDx4OnhtcG1ldGEgeG1sbnM6eD0iYWRvYmU6bnM6bWV0YS8iIHg6eG1wdGs9IkFkb2JlIFhNUCBDb3JlIDkuMS1jMDAxIDc5LmE4ZDQ3NTM0OSwgMjAyMy8wMy8yMy0xMzowNTo0NSAgICAgICAgIj4gPHJkZjpSREYgeG1sbnM6cmRmPSJodHRwOi8vd3d3LnczLm9yZy8xOTk5LzAyLzIyLXJkZi1zeW50YXgtbnMjIj4gPHJkZjpEZXNjcmlwdGlvbiByZGY6YWJvdXQ9IiIgeG1sbnM6eG1wTU09Imh0dHA6Ly9ucy5hZG9iZS5jb20veGFwLzEuMC9tbS8iIHhtbG5zOnN0UmVmPSJodHRwOi8vbnMuYWRvYmUuY29tL3hhcC8xLjAvc1R5cGUvUmVzb3VyY2VSZWYjIiB4bWxuczp4bXA9Imh0dHA6Ly9ucy5hZG9iZS5jb20veGFwLzEuMC8iIHhtcE1NOk9yaWdpbmFsRG9jdW1lbnRJRD0ieG1wLmRpZDpjMjBmYTQ4MC1mYjNmLTQ2NzgtYjFhOS01NDQ5YTQ2ZDBlN2UiIHhtcE1NOkRvY3VtZW50SUQ9InhtcC5kaWQ6MjZBNTRDNDQzOUM4MTFFRUE5M0FGNUU4NEU5OTU1RTQiIHhtcE1NOkluc3RhbmNlSUQ9InhtcC5paWQ6MjZBNTRDNDMzOUM4MTFFRUE5M0FGNUU4NEU5OTU1RTQiIHhtcDpDcmVhdG9yVG9vbD0iQWRvYmUgUGhvdG9zaG9wIDI0LjEgKE1hY2ludG9zaCkiPiA8eG1wTU06RGVyaXZlZEZyb20gc3RSZWY6aW5zdGFuY2VJRD0ieG1wLmlpZDplODk2MTMwYy05ZWI3LTRjNWEtYjkyYS05NDY5NjlmODMzMTkiIHN0UmVmOmRvY3VtZW50SUQ9ImFkb2JlOmRvY2lkOnBob3Rvc2hvcDoyMDY5ZDRlOC1mYjIwLWI1NDYtYjExYS1iNDMxYmQ0YzZjMDMiLz4gPC9yZGY6RGVzY3JpcHRpb24+IDwvcmRmOlJERj4gPC94OnhtcG1ldGE+IDw\/eHBhY2tldCBlbmQ9InIiPz7\/2wBDAAYEBAUEBAYFBQUGBgYHCQ4JCQgICRINDQoOFRIWFhUSFBQXGiEcFxgfGRQUHScdHyIjJSUlFhwpLCgkKyEkJST\/2wBDAQYGBgkICREJCREkGBQYJCQkJCQkJCQkJCQkJCQkJCQkJCQkJCQkJCQkJCQkJCQkJCQkJCQkJCQkJCQkJCQkJCT\/wAARCAALABADAREAAhEBAxEB\/8QAFgABAQEAAAAAAAAAAAAAAAAABQYH\/8QAJRAAAQMCBgEFAAAAAAAAAAAAAQIDBAURAAYHEiExEyIyQVFx\/8QAFwEAAwEAAAAAAAAAAAAAAAAAAAECA\/\/EABgRAQEBAQEAAAAAAAAAAAAAAAABIQIR\/9oADAMBAAIRAxEAPwDTdQNQq\/Tpz0GizIqJYcjqDLgCfC2Sd5UT2Dx0L8HDuMeLep6VyQzX6NOqkaqVCZJLs9TjCpa9+5sgezngXvx19YF3NqkzZlejVZlUqZBbcfSkpDgJSq1j8gi\/Zwlko0CMuUJK2gp1sehSiTt\/MAf\/2Q==)\" \/>\n\t\t\t\t\t<\/picture>\n\t\t\t\t<\/figure>\n\t\t\t    \n\t\t<\/div>\n <\/div>\n\n\n<div id=\"block_ffa6a0904182bec14ff06a02d1a0a2a5\" class=\"oneorg-block oneorg-content-block  has-image  is-illustrative-type \" data-state=\"reversed\">\n\t<div class=\"oneorg-content-block__inner\">\n\n\t\t\t<div class=\"oneorg-content-block__content\">\n\t\t\t\t<div class=\"acf-innerblocks-container\">\n\n<h2 class=\"wp-block-heading\" id=\"h-bei-one-arbeiten\"><strong><strong>Bei ONE arbeiten<\/strong><\/strong><\/h2>\n\n\n\n<p>Wir sind ein weltweites Expert*innenteam f\u00fcr Kampagnen und politische \u00dcberzeugungsarbeit. Unsere B\u00fcros befinden sich in Abuja, Berlin, Br\u00fcssel, Dakar, Johannesburg, London, Ottawa, Paris, und Washington D.C. Du m\u00f6chtest dabei sein und deine F\u00e4higkeiten unnachgiebig f\u00fcr globale Ver\u00e4nderung einsetzen? Dann bewirb dich jetzt.<\/p>\n\n\n\n<div class=\"wp-block-button\"><a class=\"wp-block-button__link wp-element-button\" href=\"https:\/\/www.one.org\/de\/ueber-one\/bei-one-arbeiten\/\">Offene Stellen ansehen<\/a><\/div>\n\n<\/div>\n\t\t\t<\/div>\n\n\t\t\t \t\t\t\t\t\t\t\t\t<figure class=\"oneorg-content-block__image\">\n\t\t\t\t\t<picture class=\"frame\">\n\t\t\t\t\t\t<source media=\"(min-width: 769px)\" srcset=\"https:\/\/www.one.org\/de\/wp-content\/uploads\/sites\/3\/2024\/12\/About_jobs_1094x732_v1.jpg\">\n\t\t\t\t\t\t<img decoding=\"async\" src=\"https:\/\/www.one.org\/de\/wp-content\/uploads\/sites\/3\/2024\/12\/About_jobs_1094x732_v1-320x214.jpg\" width=\"320\" height=\"214\" alt=\"\" loading=\"lazy\" style=\"background-image: url(data:image\/jpeg;base64,\/9j\/4AAQSkZJRgABAQAAAQABAAD\/2wBDAAYEBAUEBAYFBQUGBgYHCQ4JCQgICRINDQoOFRIWFhUSFBQXGiEcFxgfGRQUHScdHyIjJSUlFhwpLCgkKyEkJST\/2wBDAQYGBgkICREJCREkGBQYJCQkJCQkJCQkJCQkJCQkJCQkJCQkJCQkJCQkJCQkJCQkJCQkJCQkJCQkJCQkJCQkJCT\/wAARCAALABADAREAAhEBAxEB\/8QAFwAAAwEAAAAAAAAAAAAAAAAABAUGB\/\/EACMQAAEDBAEEAwAAAAAAAAAAAAECAwQFBhESABMxQlEUImH\/xAAXAQADAQAAAAAAAAAAAAAAAAAAAgME\/8QAIREAAgEEAAcAAAAAAAAAAAAAAAERAgMSISIxQVFhccH\/2gAMAwEAAhEDEQA\/ANPv+9Llp9y1OLQ54CafDbfdidAK1QVjLmx8sbYHrmhXLasuh08U8\/HYTbY3t+\/51Rq0RoRXHYcllsl5R11cKgFJx38gRyLiCNnPKrJ9deoX2S0NApaqi9UjBY+Y+hLbr2v2cSnsFe8fvFNISzCjRkBDMdlpKewQgADgB\/\/Z)\" \/>\n\t\t\t\t\t<\/picture>\n\t\t\t\t<\/figure>\n\t\t\t    \n\t\t<\/div>\n <\/div>\n\n\n\n<div class=\"wp-block-group oneorg-block-group oneorg-block-group-cards is-layout-flow wp-block-group-is-layout-flow\">\n<div class=\"wp-block-group is-layout-flow wp-block-group-is-layout-flow\">\n<h2 class=\"wp-block-heading\">Mehr \u00fcber uns<\/h2>\n\n\n\n<div class=\"wp-block-columns is-layout-flex wp-container-core-columns-is-layout-28f84493 wp-block-columns-is-layout-flex\">\n<div class=\"wp-block-column is-layout-flow wp-block-column-is-layout-flow\">\n<h3 class=\"wp-block-heading\">Gesch\u00e4ftsf\u00fchrung und Team<\/h3>\n\n\n\n<p>Erfahre mehr \u00fcber die Gesch\u00e4ftsf\u00fchrung und das Team von ONE in Deutschland.<\/p>\n\n\n\n<div class=\"wp-block-button\"><a class=\"wp-block-button__link wp-element-button\" href=\"https:\/\/www.one.org\/de\/ueber-one\/geschaeftsfuehrung-und-team\/\">Lerne uns kennen<\/a><\/div>\n<\/div>\n\n\n\n<div class=\"wp-block-column is-layout-flow wp-block-column-is-layout-flow\">\n<h3 class=\"wp-block-heading\">Kontakt<\/h3>\n\n\n\n<p>Nimm Kontakt mit uns auf oder finde die richtige Antwort auf eine h\u00e4ufig gestellte Frage.<\/p>\n\n\n\n<div class=\"wp-block-button\"><a class=\"wp-block-button__link wp-element-button\" href=\"https:\/\/www.one.org\/de\/kontakt\/\">Kontakt aufnehmen<\/a><\/div>\n<\/div>\n\n\n\n<div class=\"wp-block-column is-layout-flow wp-block-column-is-layout-flow\">\n<h3 class=\"wp-block-heading\">Presse<\/h3>\n\n\n\n<p>Entdecke unsere neuesten Pressemitteilungen und nimm Kontakt auf zu unserem Media-Team.<\/p>\n\n\n\n<div class=\"wp-block-button\"><a class=\"wp-block-button__link wp-element-button\" href=\"https:\/\/www.one.org\/de\/ueber-one\/pressebereich\/\">Zum Pressebereich<\/a><\/div>\n<\/div>\n<\/div>\n<\/div>\n<\/div>\n\n\n\n<p><\/p>\n<div class=\"buffer\"><\/div>","protected":false},"excerpt":{"rendered":"<p>ONE ist eine globale, \u00fcberparteiliche Organisation, die sich f\u00fcr wirtschaftliche Chancen und ein starkes Gesundheitswesen in Afrika einsetzt. Datenbasierte Analysen treffen auf zivilgesellschaftliches Engagement, politische Kampagnen und strategische Partnerschaften, um politischen Wandel m\u00f6glich zu machen.&nbsp; Unsere politischen Forderungen schaffen es auf die Agenda von Entscheidungstr\u00e4ger*innen weltweit. Daf\u00fcr haben seit zwei Jahrzehnten ein Netzwerk aufgebaut, Daten [&hellip;]<\/p>\n","protected":false},"author":3,"featured_media":172451,"parent":0,"menu_order":0,"comment_status":"closed","ping_status":"closed","template":"","meta":{"_acf_changed":false,"_relevanssi_hide_post":"","_relevanssi_hide_content":"","_relevanssi_pin_for_all":"","_relevanssi_pin_keywords":"","_relevanssi_unpin_keywords":"","_relevanssi_related_keywords":"","_relevanssi_related_include_ids":"","_relevanssi_related_exclude_ids":"","_relevanssi_related_no_append":"","_relevanssi_related_not_related":"","_relevanssi_related_posts":"1","_relevanssi_noindex_reason":"","footnotes":""},"class_list":["post-7","page","type-page","status-publish","has-post-thumbnail","hentry"],"acf":[],"yoast_head":"<!-- This site is optimized with the Yoast SEO Premium plugin v27.1 (Yoast SEO v27.1.1) - https:\/\/yoast.com\/product\/yoast-seo-premium-wordpress\/ -->\n<title>\u00dcber ONE - ONE.org Deutschland<\/title>\n<meta name=\"description\" content=\"ONE setzt sich f\u00fcr eine gerechtere Welt ein. F\u00fcr wirtschaftliche Chancen und ein starkes Gesundheitswesen in Afrika. Daf\u00fcr fordern wir die n\u00f6tigen Investitionen.\" \/>\n<meta name=\"robots\" content=\"index, follow, max-snippet:-1, max-image-preview:large, max-video-preview:-1\" \/>\n<link rel=\"canonical\" href=\"https:\/\/www.one.org\/de\/ueber-one\/\" \/>\n<meta property=\"og:locale\" content=\"de_DE\" \/>\n<meta property=\"og:type\" content=\"article\" \/>\n<meta property=\"og:title\" content=\"\u00dcber ONE\" \/>\n<meta property=\"og:description\" content=\"ONE setzt sich f\u00fcr eine gerechtere Welt ein. F\u00fcr wirtschaftliche Chancen und ein starkes Gesundheitswesen in Afrika. Daf\u00fcr fordern wir die n\u00f6tigen Investitionen.\" \/>\n<meta property=\"og:url\" content=\"https:\/\/www.one.org\/de\/ueber-one\/\" \/>\n<meta property=\"og:site_name\" content=\"ONE.org Deutschland\" \/>\n<meta property=\"article:publisher\" content=\"https:\/\/www.facebook.com\/ONEinNederland\" \/>\n<meta property=\"article:modified_time\" content=\"2025-05-27T08:48:02+00:00\" \/>\n<meta property=\"og:image\" content=\"https:\/\/www.one.org\/de\/wp-content\/uploads\/sites\/3\/2025\/05\/About_1640x800.png\" \/>\n\t<meta property=\"og:image:width\" content=\"1640\" \/>\n\t<meta property=\"og:image:height\" content=\"800\" \/>\n\t<meta property=\"og:image:type\" content=\"image\/png\" \/>\n<meta name=\"twitter:card\" content=\"summary_large_image\" \/>\n<meta name=\"twitter:site\" content=\"@ONENederland\" \/>\n<meta name=\"twitter:label1\" content=\"Est. reading time\" \/>\n\t<meta name=\"twitter:data1\" content=\"2 minutes\" \/>\n<script type=\"application\/ld+json\" class=\"yoast-schema-graph\">{\"@context\":\"https:\/\/schema.org\",\"@graph\":[{\"@type\":\"WebPage\",\"@id\":\"https:\/\/www.one.org\/de\/ueber-one\/\",\"url\":\"https:\/\/www.one.org\/de\/ueber-one\/\",\"name\":\"\u00dcber ONE - ONE.org Deutschland\",\"isPartOf\":{\"@id\":\"https:\/\/www.one.org\/de\/#website\"},\"primaryImageOfPage\":{\"@id\":\"https:\/\/www.one.org\/de\/ueber-one\/#primaryimage\"},\"image\":{\"@id\":\"https:\/\/www.one.org\/de\/ueber-one\/#primaryimage\"},\"thumbnailUrl\":\"https:\/\/www.one.org\/de\/wp-content\/uploads\/sites\/3\/2025\/05\/About_1640x800.png\",\"datePublished\":\"2023-04-20T15:33:42+00:00\",\"dateModified\":\"2025-05-27T08:48:02+00:00\",\"description\":\"ONE setzt sich f\u00fcr eine gerechtere Welt ein. F\u00fcr wirtschaftliche Chancen und ein starkes Gesundheitswesen in Afrika. Daf\u00fcr fordern wir die n\u00f6tigen Investitionen.\",\"breadcrumb\":{\"@id\":\"https:\/\/www.one.org\/de\/ueber-one\/#breadcrumb\"},\"inLanguage\":\"de-DE\",\"potentialAction\":[{\"@type\":\"ReadAction\",\"target\":[\"https:\/\/www.one.org\/de\/ueber-one\/\"]}]},{\"@type\":\"ImageObject\",\"inLanguage\":\"de-DE\",\"@id\":\"https:\/\/www.one.org\/de\/ueber-one\/#primaryimage\",\"url\":\"https:\/\/www.one.org\/de\/wp-content\/uploads\/sites\/3\/2025\/05\/About_1640x800.png\",\"contentUrl\":\"https:\/\/www.one.org\/de\/wp-content\/uploads\/sites\/3\/2025\/05\/About_1640x800.png\",\"width\":1640,\"height\":800},{\"@type\":\"BreadcrumbList\",\"@id\":\"https:\/\/www.one.org\/de\/ueber-one\/#breadcrumb\",\"itemListElement\":[{\"@type\":\"ListItem\",\"position\":1,\"name\":\"Home\",\"item\":\"https:\/\/www.one.org\/de\/\"},{\"@type\":\"ListItem\",\"position\":2,\"name\":\"\u00dcber ONE\"}]},{\"@type\":\"WebSite\",\"@id\":\"https:\/\/www.one.org\/de\/#website\",\"url\":\"https:\/\/www.one.org\/de\/\",\"name\":\"ONE.org\",\"description\":\"F\u00fcr mehr wirtschaftliche Chancen und ein starkes Gesundheitswesen in Afrika\",\"potentialAction\":[{\"@type\":\"SearchAction\",\"target\":{\"@type\":\"EntryPoint\",\"urlTemplate\":\"https:\/\/www.one.org\/de\/?s={search_term_string}\"},\"query-input\":{\"@type\":\"PropertyValueSpecification\",\"valueRequired\":true,\"valueName\":\"search_term_string\"}}],\"inLanguage\":\"de-DE\"}]}<\/script>\n<!-- \/ Yoast SEO Premium plugin. -->","yoast_head_json":{"title":"\u00dcber ONE - ONE.org Deutschland","description":"ONE setzt sich f\u00fcr eine gerechtere Welt ein. F\u00fcr wirtschaftliche Chancen und ein starkes Gesundheitswesen in Afrika. Daf\u00fcr fordern wir die n\u00f6tigen Investitionen.","robots":{"index":"index","follow":"follow","max-snippet":"max-snippet:-1","max-image-preview":"max-image-preview:large","max-video-preview":"max-video-preview:-1"},"canonical":"https:\/\/www.one.org\/de\/ueber-one\/","og_locale":"de_DE","og_type":"article","og_title":"\u00dcber ONE","og_description":"ONE setzt sich f\u00fcr eine gerechtere Welt ein. F\u00fcr wirtschaftliche Chancen und ein starkes Gesundheitswesen in Afrika. Daf\u00fcr fordern wir die n\u00f6tigen Investitionen.","og_url":"https:\/\/www.one.org\/de\/ueber-one\/","og_site_name":"ONE.org Deutschland","article_publisher":"https:\/\/www.facebook.com\/ONEinNederland","article_modified_time":"2025-05-27T08:48:02+00:00","og_image":[{"width":1640,"height":800,"url":"https:\/\/www.one.org\/de\/wp-content\/uploads\/sites\/3\/2025\/05\/About_1640x800.png","type":"image\/png"}],"twitter_card":"summary_large_image","twitter_site":"@ONENederland","twitter_misc":{"Est. reading time":"2 minutes"},"schema":{"@context":"https:\/\/schema.org","@graph":[{"@type":"WebPage","@id":"https:\/\/www.one.org\/de\/ueber-one\/","url":"https:\/\/www.one.org\/de\/ueber-one\/","name":"\u00dcber ONE - ONE.org Deutschland","isPartOf":{"@id":"https:\/\/www.one.org\/de\/#website"},"primaryImageOfPage":{"@id":"https:\/\/www.one.org\/de\/ueber-one\/#primaryimage"},"image":{"@id":"https:\/\/www.one.org\/de\/ueber-one\/#primaryimage"},"thumbnailUrl":"https:\/\/www.one.org\/de\/wp-content\/uploads\/sites\/3\/2025\/05\/About_1640x800.png","datePublished":"2023-04-20T15:33:42+00:00","dateModified":"2025-05-27T08:48:02+00:00","description":"ONE setzt sich f\u00fcr eine gerechtere Welt ein. F\u00fcr wirtschaftliche Chancen und ein starkes Gesundheitswesen in Afrika. Daf\u00fcr fordern wir die n\u00f6tigen Investitionen.","breadcrumb":{"@id":"https:\/\/www.one.org\/de\/ueber-one\/#breadcrumb"},"inLanguage":"de-DE","potentialAction":[{"@type":"ReadAction","target":["https:\/\/www.one.org\/de\/ueber-one\/"]}]},{"@type":"ImageObject","inLanguage":"de-DE","@id":"https:\/\/www.one.org\/de\/ueber-one\/#primaryimage","url":"https:\/\/www.one.org\/de\/wp-content\/uploads\/sites\/3\/2025\/05\/About_1640x800.png","contentUrl":"https:\/\/www.one.org\/de\/wp-content\/uploads\/sites\/3\/2025\/05\/About_1640x800.png","width":1640,"height":800},{"@type":"BreadcrumbList","@id":"https:\/\/www.one.org\/de\/ueber-one\/#breadcrumb","itemListElement":[{"@type":"ListItem","position":1,"name":"Home","item":"https:\/\/www.one.org\/de\/"},{"@type":"ListItem","position":2,"name":"\u00dcber ONE"}]},{"@type":"WebSite","@id":"https:\/\/www.one.org\/de\/#website","url":"https:\/\/www.one.org\/de\/","name":"ONE.org","description":"F\u00fcr mehr wirtschaftliche Chancen und ein starkes Gesundheitswesen in Afrika","potentialAction":[{"@type":"SearchAction","target":{"@type":"EntryPoint","urlTemplate":"https:\/\/www.one.org\/de\/?s={search_term_string}"},"query-input":{"@type":"PropertyValueSpecification","valueRequired":true,"valueName":"search_term_string"}}],"inLanguage":"de-DE"}]}},"distributor_meta":false,"distributor_terms":false,"distributor_media":false,"distributor_original_site_name":"ONE.org Deutschland","distributor_original_site_url":"https:\/\/www.one.org\/de","push-errors":false,"_links":{"self":[{"href":"https:\/\/www.one.org\/de\/wp-json\/wp\/v2\/pages\/7","targetHints":{"allow":["GET"]}}],"collection":[{"href":"https:\/\/www.one.org\/de\/wp-json\/wp\/v2\/pages"}],"about":[{"href":"https:\/\/www.one.org\/de\/wp-json\/wp\/v2\/types\/page"}],"author":[{"embeddable":true,"href":"https:\/\/www.one.org\/de\/wp-json\/wp\/v2\/users\/3"}],"replies":[{"embeddable":true,"href":"https:\/\/www.one.org\/de\/wp-json\/wp\/v2\/comments?post=7"}],"version-history":[{"count":0,"href":"https:\/\/www.one.org\/de\/wp-json\/wp\/v2\/pages\/7\/revisions"}],"wp:featuredmedia":[{"embeddable":true,"href":"https:\/\/www.one.org\/de\/wp-json\/wp\/v2\/media\/172451"}],"wp:attachment":[{"href":"https:\/\/www.one.org\/de\/wp-json\/wp\/v2\/media?parent=7"}],"curies":[{"name":"wp","href":"https:\/\/api.w.org\/{rel}","templated":true}]}}