{"id":33,"date":"2023-07-04T12:47:07","date_gmt":"2023-07-04T12:47:07","guid":{"rendered":"https:\/\/www.one.org\/de\/?page_id=33"},"modified":"2026-01-20T08:23:23","modified_gmt":"2026-01-20T08:23:23","slug":"impressum","status":"publish","type":"page","link":"https:\/\/www.one.org\/de\/info\/impressum\/","title":{"rendered":"Impressum"},"content":{"rendered":"\n<div id=\"block_1d65cd398c32a041ae3690d36fedd916\" class=\"oneorg-block oneorg-promo flush is-style-bottom  has-text-align-left  \">\n\n\t\t\t    \n\n\t\t\t<div class=\"oneorg-promo__wrapper\">\n\t\t\t\t<div class=\"oneorg-promo__inner\">   \n\n\t\t\t\t<div class=\"oneorg-promo__content\">\n\t\t\t\t\t<div class=\"acf-innerblocks-container\">\n\n<p class=\"oneorg-section-title\"><\/p>\n\n\n\n<h2 class=\"wp-block-heading\" id=\"h-impressum\">Impressum<\/h2>\n\n\n\n<\/div>\n\t\t\t\t<\/div>\n\t\t\t\t\n\t\t\t\t<\/div>\n\t\t\t<\/div>\n\n<\/div>\n\n\n\n<div style=\"height:25px\" aria-hidden=\"true\" class=\"wp-block-spacer\"><\/div>\n\n\n\n<p>The ONE Campaign gGmbH<\/p>\n\n\n\n<p>Exekutivdirektor Europa und Gesch\u00e4ftsf\u00fchrer ONE Deutschland:<\/p>\n\n\n\n<p>Stephan Exo-Kreischer<br>Luisenstra\u00dfe 40<br>10117 Berlin<\/p>\n\n\n\n<p>deutschland@one.org<\/p>\n\n\n\n<p><strong>Haftungsrechtliche Hinweise zur Website<\/strong><\/p>\n\n\n\n<p>Die Inhalte der ONE.org Webseiten wurden sorgf\u00e4ltig erarbeitet. Es wurde darauf Wert gelegt, aktuelle und korrekte Informationen anzubieten. Gleichwohl k\u00f6nnen Fehler auftreten. Wir \u00fcbernehmen keine Gew\u00e4hr f\u00fcr Aktualit\u00e4t, Richtigkeit und Vollst\u00e4ndigkeit der Informationen. Wir \u00fcbernehmen zudem keinerlei Verantwortung f\u00fcr die Inhalte von externen, von uns angegebenen Webseiten.<\/p>\n<div class=\"buffer\"><\/div>","protected":false},"excerpt":{"rendered":"<p>The ONE Campaign gGmbH Exekutivdirektor Europa und Gesch\u00e4ftsf\u00fchrer ONE Deutschland: Stephan Exo-KreischerLuisenstra\u00dfe 4010117 Berlin deutschland@one.org Haftungsrechtliche Hinweise zur Website Die Inhalte der ONE.org Webseiten wurden sorgf\u00e4ltig erarbeitet. Es wurde darauf Wert gelegt, aktuelle und korrekte Informationen anzubieten. Gleichwohl k\u00f6nnen Fehler auftreten. Wir \u00fcbernehmen keine Gew\u00e4hr f\u00fcr Aktualit\u00e4t, Richtigkeit und Vollst\u00e4ndigkeit der Informationen. Wir \u00fcbernehmen zudem [&hellip;]<\/p>\n","protected":false},"author":3,"featured_media":0,"parent":204,"menu_order":0,"comment_status":"closed","ping_status":"closed","template":"","meta":{"_acf_changed":false,"_relevanssi_hide_post":"","_relevanssi_hide_content":"","_relevanssi_pin_for_all":"","_relevanssi_pin_keywords":"","_relevanssi_unpin_keywords":"","_relevanssi_related_keywords":"","_relevanssi_related_include_ids":"","_relevanssi_related_exclude_ids":"","_relevanssi_related_no_append":"","_relevanssi_related_not_related":"","_relevanssi_related_posts":"1","_relevanssi_noindex_reason":"","footnotes":""},"class_list":["post-33","page","type-page","status-publish","hentry"],"acf":[],"yoast_head":"<!-- This site is optimized with the Yoast SEO Premium plugin v27.1 (Yoast SEO v27.1.1) - https:\/\/yoast.com\/product\/yoast-seo-premium-wordpress\/ -->\n<title>Impressum - ONE.org Deutschland<\/title>\n<meta name=\"description\" content=\"Haftungsrechtliche Hinweise zur Website. Wir \u00fcbernehmen keine Gew\u00e4hr f\u00fcr Aktualit\u00e4t, Richtigkeit und Vollst\u00e4ndigkeit der Informationen. Wir \u00fcbernehmen zudem keinerlei Verantwortung f\u00fcr die Inhalte von externen, von uns angegebenen Webseiten.\" \/>\n<meta name=\"robots\" content=\"index, follow, max-snippet:-1, max-image-preview:large, max-video-preview:-1\" \/>\n<link rel=\"canonical\" href=\"https:\/\/www.one.org\/de\/info\/impressum\/\" \/>\n<meta property=\"og:locale\" content=\"de_DE\" \/>\n<meta property=\"og:type\" content=\"article\" \/>\n<meta property=\"og:title\" content=\"Impressum\" \/>\n<meta property=\"og:description\" content=\"Haftungsrechtliche Hinweise zur Website. Wir \u00fcbernehmen keine Gew\u00e4hr f\u00fcr Aktualit\u00e4t, Richtigkeit und Vollst\u00e4ndigkeit der Informationen. Wir \u00fcbernehmen zudem keinerlei Verantwortung f\u00fcr die Inhalte von externen, von uns angegebenen Webseiten.\" \/>\n<meta property=\"og:url\" content=\"https:\/\/www.one.org\/de\/info\/impressum\/\" \/>\n<meta property=\"og:site_name\" content=\"ONE.org Deutschland\" \/>\n<meta property=\"article:publisher\" content=\"https:\/\/www.facebook.com\/ONEinNederland\" \/>\n<meta property=\"article:modified_time\" content=\"2026-01-20T08:23:23+00:00\" \/>\n<meta property=\"og:image\" content=\"https:\/\/www.one.org\/de\/wp-content\/uploads\/sites\/3\/2023\/09\/GA_share_1200x628-768x402-1.png\" \/>\n\t<meta property=\"og:image:width\" content=\"768\" \/>\n\t<meta property=\"og:image:height\" content=\"402\" \/>\n\t<meta property=\"og:image:type\" content=\"image\/png\" \/>\n<meta name=\"twitter:card\" content=\"summary_large_image\" \/>\n<meta name=\"twitter:site\" content=\"@ONENederland\" \/>\n<meta name=\"twitter:label1\" content=\"Est. reading time\" \/>\n\t<meta name=\"twitter:data1\" content=\"1 minute\" \/>\n<script type=\"application\/ld+json\" class=\"yoast-schema-graph\">{\"@context\":\"https:\/\/schema.org\",\"@graph\":[{\"@type\":\"WebPage\",\"@id\":\"https:\/\/www.one.org\/de\/info\/impressum\/\",\"url\":\"https:\/\/www.one.org\/de\/info\/impressum\/\",\"name\":\"Impressum - ONE.org Deutschland\",\"isPartOf\":{\"@id\":\"https:\/\/www.one.org\/de\/#website\"},\"datePublished\":\"2023-07-04T12:47:07+00:00\",\"dateModified\":\"2026-01-20T08:23:23+00:00\",\"description\":\"Haftungsrechtliche Hinweise zur Website. Wir \u00fcbernehmen keine Gew\u00e4hr f\u00fcr Aktualit\u00e4t, Richtigkeit und Vollst\u00e4ndigkeit der Informationen. Wir \u00fcbernehmen zudem keinerlei Verantwortung f\u00fcr die Inhalte von externen, von uns angegebenen Webseiten.\",\"breadcrumb\":{\"@id\":\"https:\/\/www.one.org\/de\/info\/impressum\/#breadcrumb\"},\"inLanguage\":\"de-DE\",\"potentialAction\":[{\"@type\":\"ReadAction\",\"target\":[\"https:\/\/www.one.org\/de\/info\/impressum\/\"]}]},{\"@type\":\"BreadcrumbList\",\"@id\":\"https:\/\/www.one.org\/de\/info\/impressum\/#breadcrumb\",\"itemListElement\":[{\"@type\":\"ListItem\",\"position\":1,\"name\":\"Home\",\"item\":\"https:\/\/www.one.org\/de\/\"},{\"@type\":\"ListItem\",\"position\":2,\"name\":\"Info\",\"item\":\"https:\/\/www.one.org\/de\/info\/\"},{\"@type\":\"ListItem\",\"position\":3,\"name\":\"Impressum\"}]},{\"@type\":\"WebSite\",\"@id\":\"https:\/\/www.one.org\/de\/#website\",\"url\":\"https:\/\/www.one.org\/de\/\",\"name\":\"ONE.org\",\"description\":\"F\u00fcr mehr wirtschaftliche Chancen und ein starkes Gesundheitswesen in Afrika\",\"potentialAction\":[{\"@type\":\"SearchAction\",\"target\":{\"@type\":\"EntryPoint\",\"urlTemplate\":\"https:\/\/www.one.org\/de\/?s={search_term_string}\"},\"query-input\":{\"@type\":\"PropertyValueSpecification\",\"valueRequired\":true,\"valueName\":\"search_term_string\"}}],\"inLanguage\":\"de-DE\"}]}<\/script>\n<!-- \/ Yoast SEO Premium plugin. -->","yoast_head_json":{"title":"Impressum - ONE.org Deutschland","description":"Haftungsrechtliche Hinweise zur Website. Wir \u00fcbernehmen keine Gew\u00e4hr f\u00fcr Aktualit\u00e4t, Richtigkeit und Vollst\u00e4ndigkeit der Informationen. Wir \u00fcbernehmen zudem keinerlei Verantwortung f\u00fcr die Inhalte von externen, von uns angegebenen Webseiten.","robots":{"index":"index","follow":"follow","max-snippet":"max-snippet:-1","max-image-preview":"max-image-preview:large","max-video-preview":"max-video-preview:-1"},"canonical":"https:\/\/www.one.org\/de\/info\/impressum\/","og_locale":"de_DE","og_type":"article","og_title":"Impressum","og_description":"Haftungsrechtliche Hinweise zur Website. Wir \u00fcbernehmen keine Gew\u00e4hr f\u00fcr Aktualit\u00e4t, Richtigkeit und Vollst\u00e4ndigkeit der Informationen. Wir \u00fcbernehmen zudem keinerlei Verantwortung f\u00fcr die Inhalte von externen, von uns angegebenen Webseiten.","og_url":"https:\/\/www.one.org\/de\/info\/impressum\/","og_site_name":"ONE.org Deutschland","article_publisher":"https:\/\/www.facebook.com\/ONEinNederland","article_modified_time":"2026-01-20T08:23:23+00:00","og_image":[{"width":768,"height":402,"url":"https:\/\/www.one.org\/de\/wp-content\/uploads\/sites\/3\/2023\/09\/GA_share_1200x628-768x402-1.png","type":"image\/png"}],"twitter_card":"summary_large_image","twitter_site":"@ONENederland","twitter_misc":{"Est. reading time":"1 minute"},"schema":{"@context":"https:\/\/schema.org","@graph":[{"@type":"WebPage","@id":"https:\/\/www.one.org\/de\/info\/impressum\/","url":"https:\/\/www.one.org\/de\/info\/impressum\/","name":"Impressum - ONE.org Deutschland","isPartOf":{"@id":"https:\/\/www.one.org\/de\/#website"},"datePublished":"2023-07-04T12:47:07+00:00","dateModified":"2026-01-20T08:23:23+00:00","description":"Haftungsrechtliche Hinweise zur Website. Wir \u00fcbernehmen keine Gew\u00e4hr f\u00fcr Aktualit\u00e4t, Richtigkeit und Vollst\u00e4ndigkeit der Informationen. Wir \u00fcbernehmen zudem keinerlei Verantwortung f\u00fcr die Inhalte von externen, von uns angegebenen Webseiten.","breadcrumb":{"@id":"https:\/\/www.one.org\/de\/info\/impressum\/#breadcrumb"},"inLanguage":"de-DE","potentialAction":[{"@type":"ReadAction","target":["https:\/\/www.one.org\/de\/info\/impressum\/"]}]},{"@type":"BreadcrumbList","@id":"https:\/\/www.one.org\/de\/info\/impressum\/#breadcrumb","itemListElement":[{"@type":"ListItem","position":1,"name":"Home","item":"https:\/\/www.one.org\/de\/"},{"@type":"ListItem","position":2,"name":"Info","item":"https:\/\/www.one.org\/de\/info\/"},{"@type":"ListItem","position":3,"name":"Impressum"}]},{"@type":"WebSite","@id":"https:\/\/www.one.org\/de\/#website","url":"https:\/\/www.one.org\/de\/","name":"ONE.org","description":"F\u00fcr mehr wirtschaftliche Chancen und ein starkes Gesundheitswesen in Afrika","potentialAction":[{"@type":"SearchAction","target":{"@type":"EntryPoint","urlTemplate":"https:\/\/www.one.org\/de\/?s={search_term_string}"},"query-input":{"@type":"PropertyValueSpecification","valueRequired":true,"valueName":"search_term_string"}}],"inLanguage":"de-DE"}]}},"distributor_meta":false,"distributor_terms":false,"distributor_media":false,"distributor_original_site_name":"ONE.org Deutschland","distributor_original_site_url":"https:\/\/www.one.org\/de","push-errors":false,"_links":{"self":[{"href":"https:\/\/www.one.org\/de\/wp-json\/wp\/v2\/pages\/33","targetHints":{"allow":["GET"]}}],"collection":[{"href":"https:\/\/www.one.org\/de\/wp-json\/wp\/v2\/pages"}],"about":[{"href":"https:\/\/www.one.org\/de\/wp-json\/wp\/v2\/types\/page"}],"author":[{"embeddable":true,"href":"https:\/\/www.one.org\/de\/wp-json\/wp\/v2\/users\/3"}],"replies":[{"embeddable":true,"href":"https:\/\/www.one.org\/de\/wp-json\/wp\/v2\/comments?post=33"}],"version-history":[{"count":0,"href":"https:\/\/www.one.org\/de\/wp-json\/wp\/v2\/pages\/33\/revisions"}],"up":[{"embeddable":true,"href":"https:\/\/www.one.org\/de\/wp-json\/wp\/v2\/pages\/204"}],"wp:attachment":[{"href":"https:\/\/www.one.org\/de\/wp-json\/wp\/v2\/media?parent=33"}],"curies":[{"name":"wp","href":"https:\/\/api.w.org\/{rel}","templated":true}]}}