{"id":248,"date":"2023-08-03T08:26:46","date_gmt":"2023-08-03T08:26:46","guid":{"rendered":"https:\/\/www.one.org\/de\/?page_id=248"},"modified":"2024-12-20T11:10:00","modified_gmt":"2024-12-20T11:10:00","slug":"alumni","status":"publish","type":"page","link":"https:\/\/www.one.org\/de\/ueber-one\/alumni\/","title":{"rendered":"Alumni"},"content":{"rendered":"\n<div id=\"block_8bb89c44a4b6772d13dad6e78281512a\" class=\"oneorg-block oneorg-promo flush is-style-bottom  has-text-align-left  \">\n\n\t\t\t    \n\n\t\t\t<div class=\"oneorg-promo__wrapper\">\n\t\t\t\t<div class=\"oneorg-promo__inner\">   \n\n\t\t\t\t<div class=\"oneorg-promo__content\">\n\t\t\t\t\t<div class=\"acf-innerblocks-container\">\n\n<p class=\"oneorg-section-title\">\u00dcber ONE<\/p>\n\n\n\n<h2 class=\"wp-block-heading\" id=\"h-alumni\">Alumni<\/h2>\n\n\n\n<\/div>\n\t\t\t\t<\/div>\n\t\t\t\t\n\t\t\t\t<\/div>\n\t\t\t<\/div>\n\n<\/div>\n\n\n\n<div style=\"height:25px\" aria-hidden=\"true\" class=\"wp-block-spacer\"><\/div>\n\n\n\n<p>Das&nbsp;<strong>Alumni-Netzwerk<\/strong>&nbsp;besteht aus ehemaligen Jugendbotschafter*innen, die auch nach ihrer Teilnahme am Programm \u00fcber unsere Arbeit auf dem Laufenden gehalten und mit anderen ehemaligen ONE-Aktivist*innen vernetzt bleiben m\u00f6chten.<\/p>\n\n\n\n<p>Daf\u00fcr bieten wir regelm\u00e4\u00dfige Newsletter und digitale Stammtische an, wo wir \u00fcber aktuelle Kampagnen berichten. Unsere Alumni profitieren au\u00dferdem vom Austausch \u00fcber Berufserfahrungen und andere M\u00f6glichkeiten des Engagements. Denn viele unserer Alumni gestalten auch noch nach ihrer Zeit im Jugendbotschafter*innen-Programm die Gesellschaft aktiv mit. Und nat\u00fcrlich kommt auch das gemeinsame Schwelgen in Erinnerungen in unseren Treffen nicht zu kurz.<\/p>\n\n\n\n<p>Wenn du in der Vergangenheit am Jugendbotschafter*innen-Programm teilgenommen hast und noch nicht Teil des Netzwerkes bist, dann melde dich bei uns unter&nbsp;<a href=\"mailto:alumni@one.org\">alumni@one.org<\/a>. Wir freuen uns euch wiederzusehen und zu h\u00f6ren, was ihr gerade macht!<\/p>\n\n\n\n<div class=\"wp-block-group oneorg-block-group oneorg-block-group-cards is-layout-flow wp-block-group-is-layout-flow\">\n<div class=\"wp-block-group is-layout-flow wp-block-group-is-layout-flow\">\n<h2 class=\"wp-block-heading\">Alumni-Profile<\/h2>\n\n\n\n<div class=\"wp-block-columns is-layout-flex wp-container-core-columns-is-layout-28f84493 wp-block-columns-is-layout-flex\">\n<div class=\"wp-block-column is-layout-flow wp-block-column-is-layout-flow\">\n<figure class=\"wp-block-image size-full size-large\"><img loading=\"lazy\" decoding=\"async\" width=\"640\" height=\"640\" src=\"https:\/\/www.one.org\/de\/wp-content\/uploads\/sites\/3\/2024\/12\/Carolin-Desiree-Toepfer-640x640-1.jpeg\" alt=\"\" class=\"wp-image-171996\" srcset=\"https:\/\/www.one.org\/de\/wp-content\/uploads\/sites\/3\/2024\/12\/Carolin-Desiree-Toepfer-640x640-1.jpeg 640w, https:\/\/www.one.org\/de\/wp-content\/uploads\/sites\/3\/2024\/12\/Carolin-Desiree-Toepfer-640x640-1-300x300.jpeg 300w, https:\/\/www.one.org\/de\/wp-content\/uploads\/sites\/3\/2024\/12\/Carolin-Desiree-Toepfer-640x640-1-150x150.jpeg 150w, https:\/\/www.one.org\/de\/wp-content\/uploads\/sites\/3\/2024\/12\/Carolin-Desiree-Toepfer-640x640-1-16x16.jpeg 16w, https:\/\/www.one.org\/de\/wp-content\/uploads\/sites\/3\/2024\/12\/Carolin-Desiree-Toepfer-640x640-1-320x320.jpeg 320w, https:\/\/www.one.org\/de\/wp-content\/uploads\/sites\/3\/2024\/12\/Carolin-Desiree-Toepfer-640x640-1-630x630.jpeg 630w\" sizes=\"auto, (max-width: 640px) 100vw, 640px\" \/><\/figure>\n\n\n\n<h3 class=\"wp-block-heading\"><strong>Carolin Desir\u00e9e Toepfer<\/strong><\/h3>\n\n\n\n<p>\u201eIch bin Carolin, 32 Jahre alt und war von 2013 bis 2016 ONE-Jugendbotschafter*in. Damals hatte ich gerade meine Diplom-Arbeit \u00fcber strategische Investments und nachhaltige Entwicklungshilfe geschrieben. Jetzt bin ich Gr\u00fcnderin &amp; CTO eines internationalen Cybersecurity Startups sowie Initiatorin eines Diverse Tech Accelerators &amp; sp\u00e4teren Venture Capital Funds und engagiere mich immer noch leidenschaftlich f\u00fcr globale Gerechtigkeit, Gleichberechtigung und die \u00dcberwindung des Digital Skill Gap. Ich habe als Jugendbotschafterin viele tolle Menschen kennen und neue Dinge gelernt, die mich auch heute noch oft weiterbringen. Daher m\u00f6chte ich als Teil des Alumni-Netzwerks auch weiterhin auf diese tolle M\u00f6glichkeit f\u00fcr junge Talente und die Arbeit des ONE-Teams aufmerksam machen.\u201c<\/p>\n<\/div>\n\n\n\n<div class=\"wp-block-column is-layout-flow wp-block-column-is-layout-flow\">\n<figure class=\"wp-block-image size-full size-large\"><img loading=\"lazy\" decoding=\"async\" width=\"640\" height=\"640\" src=\"https:\/\/www.one.org\/de\/wp-content\/uploads\/sites\/3\/2024\/12\/Ali-Can-640x640-1.jpeg\" alt=\"\" class=\"wp-image-171997\" srcset=\"https:\/\/www.one.org\/de\/wp-content\/uploads\/sites\/3\/2024\/12\/Ali-Can-640x640-1.jpeg 640w, https:\/\/www.one.org\/de\/wp-content\/uploads\/sites\/3\/2024\/12\/Ali-Can-640x640-1-300x300.jpeg 300w, https:\/\/www.one.org\/de\/wp-content\/uploads\/sites\/3\/2024\/12\/Ali-Can-640x640-1-150x150.jpeg 150w, https:\/\/www.one.org\/de\/wp-content\/uploads\/sites\/3\/2024\/12\/Ali-Can-640x640-1-16x16.jpeg 16w, https:\/\/www.one.org\/de\/wp-content\/uploads\/sites\/3\/2024\/12\/Ali-Can-640x640-1-320x320.jpeg 320w, https:\/\/www.one.org\/de\/wp-content\/uploads\/sites\/3\/2024\/12\/Ali-Can-640x640-1-630x630.jpeg 630w\" sizes=\"auto, (max-width: 640px) 100vw, 640px\" \/><\/figure>\n\n\n\n<h3 class=\"wp-block-heading\"><strong>Ali Can<\/strong><\/h3>\n\n\n\n<p>\u201cHey, ich hei\u00dfe Ali Can und war zwei Mal bereits Jugendbotschafter bei ONE. Die Zeit als Jugendbotschafter bedeutet mir viel. Zum einen habe ich dort liebe Menschen kennengelernt, mit denen ich noch heute Aktionen starte. Zum anderen habe ich dort meine aktivistischen F\u00e4higkeiten verbessern und mich f\u00fcr wichtige Ziele engagieren k\u00f6nnen. Ich kann die Teilnahme von Herzen empfehlen und m\u00f6chte nochmal wiederkommen.\u201c<\/p>\n<\/div>\n\n\n\n<div class=\"wp-block-column is-layout-flow wp-block-column-is-layout-flow\">\n<figure class=\"wp-block-image size-full size-large\"><img loading=\"lazy\" decoding=\"async\" width=\"640\" height=\"640\" src=\"https:\/\/www.one.org\/de\/wp-content\/uploads\/sites\/3\/2024\/12\/Vanessa_Hirneis-640x640-1.jpeg\" alt=\"\" class=\"wp-image-171998\" srcset=\"https:\/\/www.one.org\/de\/wp-content\/uploads\/sites\/3\/2024\/12\/Vanessa_Hirneis-640x640-1.jpeg 640w, https:\/\/www.one.org\/de\/wp-content\/uploads\/sites\/3\/2024\/12\/Vanessa_Hirneis-640x640-1-300x300.jpeg 300w, https:\/\/www.one.org\/de\/wp-content\/uploads\/sites\/3\/2024\/12\/Vanessa_Hirneis-640x640-1-150x150.jpeg 150w, https:\/\/www.one.org\/de\/wp-content\/uploads\/sites\/3\/2024\/12\/Vanessa_Hirneis-640x640-1-16x16.jpeg 16w, https:\/\/www.one.org\/de\/wp-content\/uploads\/sites\/3\/2024\/12\/Vanessa_Hirneis-640x640-1-320x320.jpeg 320w, https:\/\/www.one.org\/de\/wp-content\/uploads\/sites\/3\/2024\/12\/Vanessa_Hirneis-640x640-1-630x630.jpeg 630w\" sizes=\"auto, (max-width: 640px) 100vw, 640px\" \/><\/figure>\n\n\n\n<h3 class=\"wp-block-heading\"><strong>Vanessa Hirneis<\/strong><\/h3>\n\n\n\n<p>\u201cHi, ich bin Vanessa! In meinem Fall ist das ONE-Jugendbotschafter*innen Programm ma\u00dfgeblich daf\u00fcr verantwortlich, dass ich mich noch heute dem Kampf gegen Armut verschrieben habe. Nach meiner Teilnahme (2016-2018) verschob ich den Fokus meines Studiums der Psychologie prim\u00e4r auf soziale und wirtschaftliche Ungleichheiten. Heute untersuche ich im Rahmen des Mercator Fellowships on International Affairs in Kooperation mit diversen internationalen Organisationen \u201cevidenzbasierte Ans\u00e4tze zur Reduktion sozialer Ungleichheiten und finanzieller Disparit\u00e4ten\u201d. Das Alumni-Programm hilft mir dabei vernetzt, informiert und motiviert zu bleiben \u2013 und damit mein Engagement nachhaltig zu gestalten.\u201d<\/p>\n<\/div>\n<\/div>\n<\/div>\n<\/div>\n\n\n\n<div id=\"block_ff74303262d760eb86a4736d3c933fd9\" class=\"oneorg-block oneorg-promo flush  has-text-align-left has-image  has-overlay \">\n\n\t\t\t  \n\t\t\t\t\t\t\t\t\t\t\t\t\t<style scoped>\n\t\t\t\t\t#block_ff74303262d760eb86a4736d3c933fd9.oneorg-promo:before {\n\t\t\t\t\t\tdisplay: block;\n\t\t\t\t\t\tz-index: 2;\n\t\t\t\t\t\tcontent: '';\n\t\t\t\t\t\tposition: absolute;\n\t\t\t\t\t\ttop: 0;\n\t\t\t\t\t\tright: 0;\n\t\t\t\t\t\tbottom: 0;\n\t\t\t\t\t\tleft: 0;\n\t\t\t\t\t\tbackground: linear-gradient(0deg, rgba(16,130,123,0.2), rgba(16,130,123,0.2)), linear-gradient(90deg, #10827b 0%, rgba(16,130,123, 0) 100%);\n\t\t\t\t\t}\n\t\t\t\t\t<\/style>\n\t\t\t\t\t\t\t\t\t<div class=\"block__background\">\n\t\t\t\t\t\t<figure>\n\t\t\t\t\t\t<picture>\n\t\t\t\t\t\t\t<source media=\"(min-width: 900px)\" srcset=\"https:\/\/www.one.org\/de\/wp-content\/uploads\/sites\/3\/2024\/12\/OVDE_2021_blog5_1440x460.jpeg\">\n\t\t\t\t\t\t\t<img \n\t\t\t\t\t\t\tsrc=\"https:\/\/www.one.org\/de\/wp-content\/uploads\/sites\/3\/2024\/12\/OVDE_2021_blog5_1440x460-800x256.jpeg\" \n\t\t\t\t\t\t\twidth=\"640\" \n\t\t\t\t\t\t\theight=\"204\" \n\t\t\t\t\t\t\talt=\"\" \n\t\t\t\t\t\t\tloading=\"lazy\" \n\t\t\t\t\t\t\tstyle=\"background-image: url(data:image\/jpeg;base64,\/9j\/4AAQSkZJRgABAQAAAQABAAD\/2wBDAAYEBAUEBAYFBQUGBgYHCQ4JCQgICRINDQoOFRIWFhUSFBQXGiEcFxgfGRQUHScdHyIjJSUlFhwpLCgkKyEkJST\/2wBDAQYGBgkICREJCREkGBQYJCQkJCQkJCQkJCQkJCQkJCQkJCQkJCQkJCQkJCQkJCQkJCQkJCQkJCQkJCQkJCQkJCT\/wAARCAAFABADAREAAhEBAxEB\/8QAFQABAQAAAAAAAAAAAAAAAAAABQf\/xAAgEAABBAEEAwAAAAAAAAAAAAABAgMEBQYAB0FRERIi\/8QAFwEAAwEAAAAAAAAAAAAAAAAAAgMFBv\/EABoRAQACAwEAAAAAAAAAAAAAAAEAAgMEESH\/2gAMAwEAAhEDEQA\/AJttpZS8fv50mveLTyYaiFeOlJOtFepY4yZr5FIluNk1vkGHti1muyiiS2UeyiQn5VwSezzocVaj4Rrbryf\/2Q==)\" \n\t\t\t\t\t\t\t\/>\n\t\t\t\t\t\t<\/picture>\n\t\t\t\t\t\t<\/figure>\n\t\t\t\t\t<\/div>\n\t\t\t    \n\n\t\t\t<div class=\"oneorg-promo__wrapper\">\n\t\t\t\t<div class=\"oneorg-promo__inner\">   \n\n\t\t\t\t<div class=\"oneorg-promo__content\">\n\t\t\t\t\t<div class=\"acf-innerblocks-container\">\n\n<p class=\"oneorg-section-title\"><\/p>\n\n\n\n<h2 class=\"wp-block-heading\" id=\"h-du-mochtest-teil-des-alumni-netzwerkes-zu-werden\"><strong>Du m\u00f6chtest Teil des Alumni &#8211; Netzwerkes zu werden?<\/strong><\/h2>\n\n\n\n<p>Wir freuen uns immer, von ehemaligen Jugendbotschafter*innen zu h\u00f6ren. Klick auf den Button, um mit uns in Kontakt zu treten.<\/p>\n\n\n\n<div class=\"wp-block-button\"><a class=\"wp-block-button__link wp-element-button\" href=\"https:\/\/www.one.org\/de\/engagier-dich\/engagier-dich-ehrenamtlich\/\">Informationen erhalten<\/a><\/div>\n\n<\/div>\n\t\t\t\t<\/div>\n\t\t\t\t\n\t\t\t\t<\/div>\n\t\t\t<\/div>\n\n<\/div>\n<div class=\"buffer\"><\/div>","protected":false},"excerpt":{"rendered":"<p>Das&nbsp;Alumni-Netzwerk&nbsp;besteht aus ehemaligen Jugendbotschafter*innen, die auch nach ihrer Teilnahme am Programm \u00fcber unsere Arbeit auf dem Laufenden gehalten und mit anderen ehemaligen ONE-Aktivist*innen vernetzt bleiben m\u00f6chten. Daf\u00fcr bieten wir regelm\u00e4\u00dfige Newsletter und digitale Stammtische an, wo wir \u00fcber aktuelle Kampagnen berichten. Unsere Alumni profitieren au\u00dferdem vom Austausch \u00fcber Berufserfahrungen und andere M\u00f6glichkeiten des Engagements. Denn [&hellip;]<\/p>\n","protected":false},"author":3,"featured_media":257,"parent":7,"menu_order":0,"comment_status":"closed","ping_status":"closed","template":"","meta":{"_acf_changed":false,"_relevanssi_hide_post":"","_relevanssi_hide_content":"","_relevanssi_pin_for_all":"","_relevanssi_pin_keywords":"","_relevanssi_unpin_keywords":"","_relevanssi_related_keywords":"","_relevanssi_related_include_ids":"","_relevanssi_related_exclude_ids":"","_relevanssi_related_no_append":"","_relevanssi_related_not_related":"","_relevanssi_related_posts":"1","_relevanssi_noindex_reason":"","footnotes":""},"class_list":["post-248","page","type-page","status-publish","has-post-thumbnail","hentry"],"acf":[],"yoast_head":"<!-- This site is optimized with the Yoast SEO Premium plugin v27.1 (Yoast SEO v27.1.1) - https:\/\/yoast.com\/product\/yoast-seo-premium-wordpress\/ -->\n<title>Alumni-Programm - ONE.org Deutschland<\/title>\n<meta name=\"description\" content=\"\u00dcber unser Alumni-Programm bleiben ehemalige ONE-Jugendbotschafter*innen weiterhin miteinander vernetzt und profitieren vom regelm\u00e4\u00dfigen Austausch, auch \u00fcber ONE-Themen hinaus.\" \/>\n<meta name=\"robots\" content=\"index, follow, max-snippet:-1, max-image-preview:large, max-video-preview:-1\" \/>\n<link rel=\"canonical\" href=\"https:\/\/www.one.org\/de\/ueber-one\/alumni\/\" \/>\n<meta property=\"og:locale\" content=\"de_DE\" \/>\n<meta property=\"og:type\" content=\"article\" \/>\n<meta property=\"og:title\" content=\"Alumni\" \/>\n<meta property=\"og:description\" content=\"\u00dcber unser Alumni-Programm bleiben ehemalige ONE-Jugendbotschafter*innen weiterhin miteinander vernetzt und profitieren vom regelm\u00e4\u00dfigen Austausch, auch \u00fcber ONE-Themen hinaus.\" \/>\n<meta property=\"og:url\" content=\"https:\/\/www.one.org\/de\/ueber-one\/alumni\/\" \/>\n<meta property=\"og:site_name\" content=\"ONE.org Deutschland\" \/>\n<meta property=\"article:publisher\" content=\"https:\/\/www.facebook.com\/ONEinNederland\" \/>\n<meta property=\"article:modified_time\" content=\"2024-12-20T11:10:00+00:00\" \/>\n<meta property=\"og:image\" content=\"https:\/\/www.one.org\/de\/wp-content\/uploads\/sites\/3\/sites\/3\/2023\/08\/OVDE_2021_blog5_1440x460.jpeg\" \/>\n\t<meta property=\"og:image:width\" content=\"1440\" \/>\n\t<meta property=\"og:image:height\" content=\"460\" \/>\n\t<meta property=\"og:image:type\" content=\"image\/jpeg\" \/>\n<meta name=\"twitter:card\" content=\"summary_large_image\" \/>\n<meta name=\"twitter:site\" content=\"@ONENederland\" \/>\n<meta name=\"twitter:label1\" content=\"Est. reading time\" \/>\n\t<meta name=\"twitter:data1\" content=\"3 minutes\" \/>\n<script type=\"application\/ld+json\" class=\"yoast-schema-graph\">{\"@context\":\"https:\/\/schema.org\",\"@graph\":[{\"@type\":\"WebPage\",\"@id\":\"https:\/\/www.one.org\/de\/ueber-one\/alumni\/\",\"url\":\"https:\/\/www.one.org\/de\/ueber-one\/alumni\/\",\"name\":\"Alumni-Programm - ONE.org Deutschland\",\"isPartOf\":{\"@id\":\"https:\/\/www.one.org\/de\/#website\"},\"primaryImageOfPage\":{\"@id\":\"https:\/\/www.one.org\/de\/ueber-one\/alumni\/#primaryimage\"},\"image\":{\"@id\":\"https:\/\/www.one.org\/de\/ueber-one\/alumni\/#primaryimage\"},\"thumbnailUrl\":\"https:\/\/www.one.org\/de\/wp-content\/uploads\/sites\/3\/sites\/3\/2023\/08\/OVDE_2021_blog5_1440x460.jpeg\",\"datePublished\":\"2023-08-03T08:26:46+00:00\",\"dateModified\":\"2024-12-20T11:10:00+00:00\",\"description\":\"\u00dcber unser Alumni-Programm bleiben ehemalige ONE-Jugendbotschafter*innen weiterhin miteinander vernetzt und profitieren vom regelm\u00e4\u00dfigen Austausch, auch \u00fcber ONE-Themen hinaus.\",\"breadcrumb\":{\"@id\":\"https:\/\/www.one.org\/de\/ueber-one\/alumni\/#breadcrumb\"},\"inLanguage\":\"de-DE\",\"potentialAction\":[{\"@type\":\"ReadAction\",\"target\":[\"https:\/\/www.one.org\/de\/ueber-one\/alumni\/\"]}]},{\"@type\":\"ImageObject\",\"inLanguage\":\"de-DE\",\"@id\":\"https:\/\/www.one.org\/de\/ueber-one\/alumni\/#primaryimage\",\"url\":\"https:\/\/www.one.org\/de\/wp-content\/uploads\/sites\/3\/sites\/3\/2023\/08\/OVDE_2021_blog5_1440x460.jpeg\",\"contentUrl\":\"https:\/\/www.one.org\/de\/wp-content\/uploads\/sites\/3\/sites\/3\/2023\/08\/OVDE_2021_blog5_1440x460.jpeg\",\"width\":1440,\"height\":460},{\"@type\":\"BreadcrumbList\",\"@id\":\"https:\/\/www.one.org\/de\/ueber-one\/alumni\/#breadcrumb\",\"itemListElement\":[{\"@type\":\"ListItem\",\"position\":1,\"name\":\"Home\",\"item\":\"https:\/\/www.one.org\/de\/\"},{\"@type\":\"ListItem\",\"position\":2,\"name\":\"\u00dcber ONE\",\"item\":\"https:\/\/www.one.org\/de\/ueber-one\/\"},{\"@type\":\"ListItem\",\"position\":3,\"name\":\"Alumni\"}]},{\"@type\":\"WebSite\",\"@id\":\"https:\/\/www.one.org\/de\/#website\",\"url\":\"https:\/\/www.one.org\/de\/\",\"name\":\"ONE.org\",\"description\":\"F\u00fcr mehr wirtschaftliche Chancen und ein starkes Gesundheitswesen in Afrika\",\"potentialAction\":[{\"@type\":\"SearchAction\",\"target\":{\"@type\":\"EntryPoint\",\"urlTemplate\":\"https:\/\/www.one.org\/de\/?s={search_term_string}\"},\"query-input\":{\"@type\":\"PropertyValueSpecification\",\"valueRequired\":true,\"valueName\":\"search_term_string\"}}],\"inLanguage\":\"de-DE\"}]}<\/script>\n<!-- \/ Yoast SEO Premium plugin. -->","yoast_head_json":{"title":"Alumni-Programm - ONE.org Deutschland","description":"\u00dcber unser Alumni-Programm bleiben ehemalige ONE-Jugendbotschafter*innen weiterhin miteinander vernetzt und profitieren vom regelm\u00e4\u00dfigen Austausch, auch \u00fcber ONE-Themen hinaus.","robots":{"index":"index","follow":"follow","max-snippet":"max-snippet:-1","max-image-preview":"max-image-preview:large","max-video-preview":"max-video-preview:-1"},"canonical":"https:\/\/www.one.org\/de\/ueber-one\/alumni\/","og_locale":"de_DE","og_type":"article","og_title":"Alumni","og_description":"\u00dcber unser Alumni-Programm bleiben ehemalige ONE-Jugendbotschafter*innen weiterhin miteinander vernetzt und profitieren vom regelm\u00e4\u00dfigen Austausch, auch \u00fcber ONE-Themen hinaus.","og_url":"https:\/\/www.one.org\/de\/ueber-one\/alumni\/","og_site_name":"ONE.org Deutschland","article_publisher":"https:\/\/www.facebook.com\/ONEinNederland","article_modified_time":"2024-12-20T11:10:00+00:00","og_image":[{"width":1440,"height":460,"url":"https:\/\/www.one.org\/de\/wp-content\/uploads\/sites\/3\/sites\/3\/2023\/08\/OVDE_2021_blog5_1440x460.jpeg","type":"image\/jpeg"}],"twitter_card":"summary_large_image","twitter_site":"@ONENederland","twitter_misc":{"Est. reading time":"3 minutes"},"schema":{"@context":"https:\/\/schema.org","@graph":[{"@type":"WebPage","@id":"https:\/\/www.one.org\/de\/ueber-one\/alumni\/","url":"https:\/\/www.one.org\/de\/ueber-one\/alumni\/","name":"Alumni-Programm - ONE.org Deutschland","isPartOf":{"@id":"https:\/\/www.one.org\/de\/#website"},"primaryImageOfPage":{"@id":"https:\/\/www.one.org\/de\/ueber-one\/alumni\/#primaryimage"},"image":{"@id":"https:\/\/www.one.org\/de\/ueber-one\/alumni\/#primaryimage"},"thumbnailUrl":"https:\/\/www.one.org\/de\/wp-content\/uploads\/sites\/3\/sites\/3\/2023\/08\/OVDE_2021_blog5_1440x460.jpeg","datePublished":"2023-08-03T08:26:46+00:00","dateModified":"2024-12-20T11:10:00+00:00","description":"\u00dcber unser Alumni-Programm bleiben ehemalige ONE-Jugendbotschafter*innen weiterhin miteinander vernetzt und profitieren vom regelm\u00e4\u00dfigen Austausch, auch \u00fcber ONE-Themen hinaus.","breadcrumb":{"@id":"https:\/\/www.one.org\/de\/ueber-one\/alumni\/#breadcrumb"},"inLanguage":"de-DE","potentialAction":[{"@type":"ReadAction","target":["https:\/\/www.one.org\/de\/ueber-one\/alumni\/"]}]},{"@type":"ImageObject","inLanguage":"de-DE","@id":"https:\/\/www.one.org\/de\/ueber-one\/alumni\/#primaryimage","url":"https:\/\/www.one.org\/de\/wp-content\/uploads\/sites\/3\/sites\/3\/2023\/08\/OVDE_2021_blog5_1440x460.jpeg","contentUrl":"https:\/\/www.one.org\/de\/wp-content\/uploads\/sites\/3\/sites\/3\/2023\/08\/OVDE_2021_blog5_1440x460.jpeg","width":1440,"height":460},{"@type":"BreadcrumbList","@id":"https:\/\/www.one.org\/de\/ueber-one\/alumni\/#breadcrumb","itemListElement":[{"@type":"ListItem","position":1,"name":"Home","item":"https:\/\/www.one.org\/de\/"},{"@type":"ListItem","position":2,"name":"\u00dcber ONE","item":"https:\/\/www.one.org\/de\/ueber-one\/"},{"@type":"ListItem","position":3,"name":"Alumni"}]},{"@type":"WebSite","@id":"https:\/\/www.one.org\/de\/#website","url":"https:\/\/www.one.org\/de\/","name":"ONE.org","description":"F\u00fcr mehr wirtschaftliche Chancen und ein starkes Gesundheitswesen in Afrika","potentialAction":[{"@type":"SearchAction","target":{"@type":"EntryPoint","urlTemplate":"https:\/\/www.one.org\/de\/?s={search_term_string}"},"query-input":{"@type":"PropertyValueSpecification","valueRequired":true,"valueName":"search_term_string"}}],"inLanguage":"de-DE"}]}},"distributor_meta":false,"distributor_terms":false,"distributor_media":false,"distributor_original_site_name":"ONE.org Deutschland","distributor_original_site_url":"https:\/\/www.one.org\/de","push-errors":false,"_links":{"self":[{"href":"https:\/\/www.one.org\/de\/wp-json\/wp\/v2\/pages\/248","targetHints":{"allow":["GET"]}}],"collection":[{"href":"https:\/\/www.one.org\/de\/wp-json\/wp\/v2\/pages"}],"about":[{"href":"https:\/\/www.one.org\/de\/wp-json\/wp\/v2\/types\/page"}],"author":[{"embeddable":true,"href":"https:\/\/www.one.org\/de\/wp-json\/wp\/v2\/users\/3"}],"replies":[{"embeddable":true,"href":"https:\/\/www.one.org\/de\/wp-json\/wp\/v2\/comments?post=248"}],"version-history":[{"count":0,"href":"https:\/\/www.one.org\/de\/wp-json\/wp\/v2\/pages\/248\/revisions"}],"up":[{"embeddable":true,"href":"https:\/\/www.one.org\/de\/wp-json\/wp\/v2\/pages\/7"}],"wp:featuredmedia":[{"embeddable":true,"href":"https:\/\/www.one.org\/de\/wp-json\/wp\/v2\/media\/257"}],"wp:attachment":[{"href":"https:\/\/www.one.org\/de\/wp-json\/wp\/v2\/media?parent=248"}],"curies":[{"name":"wp","href":"https:\/\/api.w.org\/{rel}","templated":true}]}}