{"id":211,"date":"2023-08-01T15:24:06","date_gmt":"2023-08-01T15:24:06","guid":{"rendered":"https:\/\/www.one.org\/de\/?page_id=211"},"modified":"2026-04-07T08:52:47","modified_gmt":"2026-04-07T08:52:47","slug":"geschaeftsfuehrung-und-team","status":"publish","type":"page","link":"https:\/\/www.one.org\/de\/ueber-one\/geschaeftsfuehrung-und-team\/","title":{"rendered":"Gesch\u00e4ftsf\u00fchrung und Team"},"content":{"rendered":"\n<div id=\"block_45aa15669bd5348e14adc45400efd641\" class=\"oneorg-block oneorg-promo flush is-style-bottom  has-text-align-left  \">\n\n\t\t\t    \n\n\t\t\t<div class=\"oneorg-promo__wrapper\">\n\t\t\t\t<div class=\"oneorg-promo__inner\">   \n\n\t\t\t\t<div class=\"oneorg-promo__content\">\n\t\t\t\t\t<div class=\"acf-innerblocks-container\">\n\n<p class=\"oneorg-section-title\">\u00dcber ONE<\/p>\n\n\n\n<h2 class=\"wp-block-heading\" id=\"h-geschaftsfuhrung-und-team\">Gesch\u00e4ftsf\u00fchrung und Team<\/h2>\n\n\n\n<\/div>\n\t\t\t\t<\/div>\n\t\t\t\t\n\t\t\t\t<\/div>\n\t\t\t<\/div>\n\n<\/div>\n\n\n\n<div style=\"height:25px\" aria-hidden=\"true\" class=\"wp-block-spacer\"><\/div>\n\n\n\n<h3 class=\"wp-block-heading\" id=\"h-stephan-exo-kreischer\"><a href=\"https:\/\/www.one.org\/de\/person\/stephan-exo-kreischer\/\">Stephan Exo-Kreischer<\/a><\/h3>\n\n\n\n<p><em>Exekutivdirektor Kontinentaleuropa und Gesch\u00e4ftsf\u00fchrer Deutschland<\/em><\/p>\n\n\n\n<h3 class=\"wp-block-heading\">Lisa Ditlmann<\/h3>\n\n\n\n<p><em>Direktorin Deutschland<\/em><\/p>\n\n\n\n<h3 class=\"wp-block-heading\">Karoline Lerche<\/h3>\n\n\n\n<p><em>Stellvertretende Gesch\u00e4ftsf\u00fchrerin Deutschland und Direktorin f\u00fcr Partnerschaften, Kommunikation und Public Relations<\/em><\/p>\n\n\n\n<h3 class=\"wp-block-heading\">Juliane Wilke<\/h3>\n\n\n\n<p><em>Senior Operations Coordinator<\/em><\/p>\n\n\n\n<h3 class=\"wp-block-heading\">Joanna Klever<\/h3>\n\n\n\n<p><em>Senior Policy &amp; Advocacy Managerin<\/em><\/p>\n\n\n\n<h3 class=\"wp-block-heading\" id=\"h-hannah-kickert\">Hannah Kickert<\/h3>\n\n\n\n<p><em>Policy &amp; Advocacy Coordinator<\/em><\/p>\n\n\n\n<h3 class=\"wp-block-heading\" id=\"h-ezgi-akarsu\">Ezgi Akarsu<\/h3>\n\n\n\n<p><em>Senior Advocacy Coordinator Gender Equality<\/em><\/p>\n\n\n\n<h3 class=\"wp-block-heading\" id=\"h-dr-med-marlize-andre\">Dr. med. Marlize Andre<\/h3>\n\n\n\n<p><em>Manager Global Health Policy and Government Relations<\/em><\/p>\n\n\n\n<h3 class=\"wp-block-heading\">Scherwin Saedi<\/h3>\n\n\n\n<p><em>Communications Director, Germany &amp; The Nordics<\/em><\/p>\n\n\n\n<h3 class=\"wp-block-heading\" id=\"h-pia-schwaiger\">Pia Schwaiger<\/h3>\n\n\n\n<p><em>Media Coordinator<\/em><\/p>\n\n\n\n<h3 class=\"wp-block-heading\">Pearl Abbey-Obaro<\/h3>\n\n\n\n<p><em>Digital Content Manager<\/em><\/p>\n\n\n\n<h3 class=\"wp-block-heading\" id=\"h-chisom-nweke\">Chisom Nweke<\/h3>\n\n\n\n<p><em>Campaigns Coordinator&nbsp;<\/em><\/p>\n\n\n\n<h3 class=\"wp-block-heading\">Roberta Tartaglione<\/h3>\n\n\n\n<p><em>Social Media Werkstudentin<\/em><\/p>\n\n\n\n<div style=\"height:25px\" aria-hidden=\"true\" class=\"wp-block-spacer\"><\/div>\n\n\n\n<p><\/p>\n<div class=\"buffer\"><\/div>","protected":false},"excerpt":{"rendered":"<p>Stephan Exo-Kreischer Exekutivdirektor Kontinentaleuropa und Gesch\u00e4ftsf\u00fchrer Deutschland Lisa Ditlmann Direktorin Deutschland Karoline Lerche Stellvertretende Gesch\u00e4ftsf\u00fchrerin Deutschland und Direktorin f\u00fcr Partnerschaften, Kommunikation und Public Relations Juliane Wilke Senior Operations Coordinator Joanna Klever Senior Policy &amp; Advocacy Managerin Hannah Kickert Policy &amp; Advocacy Coordinator Ezgi Akarsu Senior Advocacy Coordinator Gender Equality Dr. med. Marlize Andre Manager Global [&hellip;]<\/p>\n","protected":false},"author":3,"featured_media":0,"parent":7,"menu_order":0,"comment_status":"closed","ping_status":"closed","template":"","meta":{"_acf_changed":false,"_relevanssi_hide_post":"","_relevanssi_hide_content":"","_relevanssi_pin_for_all":"","_relevanssi_pin_keywords":"","_relevanssi_unpin_keywords":"","_relevanssi_related_keywords":"","_relevanssi_related_include_ids":"","_relevanssi_related_exclude_ids":"","_relevanssi_related_no_append":"","_relevanssi_related_not_related":"","_relevanssi_related_posts":"1","_relevanssi_noindex_reason":"","footnotes":""},"class_list":["post-211","page","type-page","status-publish","hentry"],"acf":[],"yoast_head":"<!-- This site is optimized with the Yoast SEO Premium plugin v27.1 (Yoast SEO v27.1.1) - https:\/\/yoast.com\/product\/yoast-seo-premium-wordpress\/ -->\n<title>Gesch\u00e4ftsf\u00fchrung und Team - ONE.org Deutschland<\/title>\n<meta name=\"description\" content=\"Die Gesch\u00e4ftsf\u00fchrung und das Team von ONE Deutschland stellen sich vor.\" \/>\n<meta name=\"robots\" content=\"index, follow, max-snippet:-1, max-image-preview:large, max-video-preview:-1\" \/>\n<link rel=\"canonical\" href=\"https:\/\/www.one.org\/de\/ueber-one\/geschaeftsfuehrung-und-team\/\" \/>\n<meta property=\"og:locale\" content=\"de_DE\" \/>\n<meta property=\"og:type\" content=\"article\" \/>\n<meta property=\"og:title\" content=\"Gesch\u00e4ftsf\u00fchrung und Team\" \/>\n<meta property=\"og:description\" content=\"Die Gesch\u00e4ftsf\u00fchrung und das Team von ONE Deutschland stellen sich vor.\" \/>\n<meta property=\"og:url\" content=\"https:\/\/www.one.org\/de\/ueber-one\/geschaeftsfuehrung-und-team\/\" \/>\n<meta property=\"og:site_name\" content=\"ONE.org Deutschland\" \/>\n<meta property=\"article:publisher\" content=\"https:\/\/www.facebook.com\/ONEinNederland\" \/>\n<meta property=\"article:modified_time\" content=\"2026-04-07T08:52:47+00:00\" \/>\n<meta property=\"og:image\" content=\"https:\/\/www.one.org\/de\/wp-content\/uploads\/sites\/3\/2023\/09\/GA_share_1200x628-768x402-1.png\" \/>\n\t<meta property=\"og:image:width\" content=\"768\" \/>\n\t<meta property=\"og:image:height\" content=\"402\" \/>\n\t<meta property=\"og:image:type\" content=\"image\/png\" \/>\n<meta name=\"twitter:card\" content=\"summary_large_image\" \/>\n<meta name=\"twitter:site\" content=\"@ONENederland\" \/>\n<meta name=\"twitter:label1\" content=\"Est. reading time\" \/>\n\t<meta name=\"twitter:data1\" content=\"1 minute\" \/>\n<script type=\"application\/ld+json\" class=\"yoast-schema-graph\">{\"@context\":\"https:\/\/schema.org\",\"@graph\":[{\"@type\":\"WebPage\",\"@id\":\"https:\/\/www.one.org\/de\/ueber-one\/geschaeftsfuehrung-und-team\/\",\"url\":\"https:\/\/www.one.org\/de\/ueber-one\/geschaeftsfuehrung-und-team\/\",\"name\":\"Gesch\u00e4ftsf\u00fchrung und Team - ONE.org Deutschland\",\"isPartOf\":{\"@id\":\"https:\/\/www.one.org\/de\/#website\"},\"datePublished\":\"2023-08-01T15:24:06+00:00\",\"dateModified\":\"2026-04-07T08:52:47+00:00\",\"description\":\"Die Gesch\u00e4ftsf\u00fchrung und das Team von ONE Deutschland stellen sich vor.\",\"breadcrumb\":{\"@id\":\"https:\/\/www.one.org\/de\/ueber-one\/geschaeftsfuehrung-und-team\/#breadcrumb\"},\"inLanguage\":\"de-DE\",\"potentialAction\":[{\"@type\":\"ReadAction\",\"target\":[\"https:\/\/www.one.org\/de\/ueber-one\/geschaeftsfuehrung-und-team\/\"]}]},{\"@type\":\"BreadcrumbList\",\"@id\":\"https:\/\/www.one.org\/de\/ueber-one\/geschaeftsfuehrung-und-team\/#breadcrumb\",\"itemListElement\":[{\"@type\":\"ListItem\",\"position\":1,\"name\":\"Home\",\"item\":\"https:\/\/www.one.org\/de\/\"},{\"@type\":\"ListItem\",\"position\":2,\"name\":\"\u00dcber ONE\",\"item\":\"https:\/\/www.one.org\/de\/ueber-one\/\"},{\"@type\":\"ListItem\",\"position\":3,\"name\":\"Gesch\u00e4ftsf\u00fchrung und Team\"}]},{\"@type\":\"WebSite\",\"@id\":\"https:\/\/www.one.org\/de\/#website\",\"url\":\"https:\/\/www.one.org\/de\/\",\"name\":\"ONE.org\",\"description\":\"F\u00fcr mehr wirtschaftliche Chancen und ein starkes Gesundheitswesen in Afrika\",\"potentialAction\":[{\"@type\":\"SearchAction\",\"target\":{\"@type\":\"EntryPoint\",\"urlTemplate\":\"https:\/\/www.one.org\/de\/?s={search_term_string}\"},\"query-input\":{\"@type\":\"PropertyValueSpecification\",\"valueRequired\":true,\"valueName\":\"search_term_string\"}}],\"inLanguage\":\"de-DE\"}]}<\/script>\n<!-- \/ Yoast SEO Premium plugin. -->","yoast_head_json":{"title":"Gesch\u00e4ftsf\u00fchrung und Team - ONE.org Deutschland","description":"Die Gesch\u00e4ftsf\u00fchrung und das Team von ONE Deutschland stellen sich vor.","robots":{"index":"index","follow":"follow","max-snippet":"max-snippet:-1","max-image-preview":"max-image-preview:large","max-video-preview":"max-video-preview:-1"},"canonical":"https:\/\/www.one.org\/de\/ueber-one\/geschaeftsfuehrung-und-team\/","og_locale":"de_DE","og_type":"article","og_title":"Gesch\u00e4ftsf\u00fchrung und Team","og_description":"Die Gesch\u00e4ftsf\u00fchrung und das Team von ONE Deutschland stellen sich vor.","og_url":"https:\/\/www.one.org\/de\/ueber-one\/geschaeftsfuehrung-und-team\/","og_site_name":"ONE.org Deutschland","article_publisher":"https:\/\/www.facebook.com\/ONEinNederland","article_modified_time":"2026-04-07T08:52:47+00:00","og_image":[{"width":768,"height":402,"url":"https:\/\/www.one.org\/de\/wp-content\/uploads\/sites\/3\/2023\/09\/GA_share_1200x628-768x402-1.png","type":"image\/png"}],"twitter_card":"summary_large_image","twitter_site":"@ONENederland","twitter_misc":{"Est. reading time":"1 minute"},"schema":{"@context":"https:\/\/schema.org","@graph":[{"@type":"WebPage","@id":"https:\/\/www.one.org\/de\/ueber-one\/geschaeftsfuehrung-und-team\/","url":"https:\/\/www.one.org\/de\/ueber-one\/geschaeftsfuehrung-und-team\/","name":"Gesch\u00e4ftsf\u00fchrung und Team - ONE.org Deutschland","isPartOf":{"@id":"https:\/\/www.one.org\/de\/#website"},"datePublished":"2023-08-01T15:24:06+00:00","dateModified":"2026-04-07T08:52:47+00:00","description":"Die Gesch\u00e4ftsf\u00fchrung und das Team von ONE Deutschland stellen sich vor.","breadcrumb":{"@id":"https:\/\/www.one.org\/de\/ueber-one\/geschaeftsfuehrung-und-team\/#breadcrumb"},"inLanguage":"de-DE","potentialAction":[{"@type":"ReadAction","target":["https:\/\/www.one.org\/de\/ueber-one\/geschaeftsfuehrung-und-team\/"]}]},{"@type":"BreadcrumbList","@id":"https:\/\/www.one.org\/de\/ueber-one\/geschaeftsfuehrung-und-team\/#breadcrumb","itemListElement":[{"@type":"ListItem","position":1,"name":"Home","item":"https:\/\/www.one.org\/de\/"},{"@type":"ListItem","position":2,"name":"\u00dcber ONE","item":"https:\/\/www.one.org\/de\/ueber-one\/"},{"@type":"ListItem","position":3,"name":"Gesch\u00e4ftsf\u00fchrung und Team"}]},{"@type":"WebSite","@id":"https:\/\/www.one.org\/de\/#website","url":"https:\/\/www.one.org\/de\/","name":"ONE.org","description":"F\u00fcr mehr wirtschaftliche Chancen und ein starkes Gesundheitswesen in Afrika","potentialAction":[{"@type":"SearchAction","target":{"@type":"EntryPoint","urlTemplate":"https:\/\/www.one.org\/de\/?s={search_term_string}"},"query-input":{"@type":"PropertyValueSpecification","valueRequired":true,"valueName":"search_term_string"}}],"inLanguage":"de-DE"}]}},"distributor_meta":false,"distributor_terms":false,"distributor_media":false,"distributor_original_site_name":"ONE.org Deutschland","distributor_original_site_url":"https:\/\/www.one.org\/de","push-errors":false,"_links":{"self":[{"href":"https:\/\/www.one.org\/de\/wp-json\/wp\/v2\/pages\/211","targetHints":{"allow":["GET"]}}],"collection":[{"href":"https:\/\/www.one.org\/de\/wp-json\/wp\/v2\/pages"}],"about":[{"href":"https:\/\/www.one.org\/de\/wp-json\/wp\/v2\/types\/page"}],"author":[{"embeddable":true,"href":"https:\/\/www.one.org\/de\/wp-json\/wp\/v2\/users\/3"}],"replies":[{"embeddable":true,"href":"https:\/\/www.one.org\/de\/wp-json\/wp\/v2\/comments?post=211"}],"version-history":[{"count":1,"href":"https:\/\/www.one.org\/de\/wp-json\/wp\/v2\/pages\/211\/revisions"}],"predecessor-version":[{"id":173735,"href":"https:\/\/www.one.org\/de\/wp-json\/wp\/v2\/pages\/211\/revisions\/173735"}],"up":[{"embeddable":true,"href":"https:\/\/www.one.org\/de\/wp-json\/wp\/v2\/pages\/7"}],"wp:attachment":[{"href":"https:\/\/www.one.org\/de\/wp-json\/wp\/v2\/media?parent=211"}],"curies":[{"name":"wp","href":"https:\/\/api.w.org\/{rel}","templated":true}]}}