{"id":208,"date":"2023-04-24T09:26:35","date_gmt":"2023-04-24T09:26:35","guid":{"rendered":"https:\/\/www.one.org\/?page_id=166"},"modified":"2025-05-16T10:19:03","modified_gmt":"2025-05-16T10:19:03","slug":"bei-one-arbeiten","status":"publish","type":"page","link":"https:\/\/www.one.org\/de\/ueber-one\/bei-one-arbeiten\/","title":{"rendered":"Bei ONE Arbeiten"},"content":{"rendered":"\n<div id=\"block_0132797e0cceedda4a2900c4c88e7e66\" class=\"oneorg-block oneorg-promo flush is-style-bottom  has-text-align-left  \">\n\n\t\t\t    \n\n\t\t\t<div class=\"oneorg-promo__wrapper\">\n\t\t\t\t<div class=\"oneorg-promo__inner\">   \n\n\t\t\t\t<div class=\"oneorg-promo__content\">\n\t\t\t\t\t<div class=\"acf-innerblocks-container\">\n\n<p class=\"oneorg-section-title\">\u00dcber ONE<\/p>\n\n\n\n<h2 class=\"wp-block-heading\" id=\"h-bei-one-arbeiten\">Bei ONE Arbeiten<\/h2>\n\n\n\n<div class=\"wp-block-button\"><a class=\"wp-block-button__link wp-element-button\" href=\"https:\/\/job-boards.greenhouse.io\/onegermanyboard\">Stellenangebote anzeigen<\/a><\/div>\n\n<\/div>\n\t\t\t\t<\/div>\n\t\t\t\t\n\t\t\t\t<\/div>\n\t\t\t<\/div>\n\n<\/div>\n\n\n\n<div style=\"height:25px\" aria-hidden=\"true\" class=\"wp-block-spacer\"><\/div>\n\n\n\n<p><strong>Jeder Mensch auf der ganzen Welt verdient es, ein Leben in W\u00fcrde und voller Chancen zu f\u00fchren. Damit das Realit\u00e4t wird, arbeiten wir bei ONE an echtem globalen Wandel.<\/strong><\/p>\n\n\n\n<p>ONE setzt sich f\u00fcr eine gerechtere Welt ein. F\u00fcr wirtschaftliche Chancen und ein starkes Gesundheitswesen in Afrika. Daf\u00fcr fordern wir die n\u00f6tigen Investitionen.&nbsp;Daf\u00fcr mobilisieren wir B\u00fcrger*innen und fordern die Staats- und Regierungschef*innen der Welt auf, echte Fortschritte zu erzielen. Wir sind Probleml\u00f6ser*innen, Kampagnenmacher*innen, Aktivist*innen und Organisator*innen, die sich f\u00fcr eine bessere Welt einsetzen. Denn wir glauben, dass es keine Gleichberechtigung gibt, solange wir nicht alle gleichberechtigt sind.<\/p>\n\n\n\n<figure class=\"wp-block-image aligncenter size-large is-resized\"><img loading=\"lazy\" decoding=\"async\" width=\"1024\" height=\"685\" src=\"https:\/\/www.one.org\/de\/wp-content\/uploads\/sites\/3\/2024\/12\/About_jobs_1094x732_v1-1024x685.jpg\" alt=\"\" class=\"wp-image-171993\" style=\"width:768px;height:514px\" srcset=\"https:\/\/www.one.org\/de\/wp-content\/uploads\/sites\/3\/2024\/12\/About_jobs_1094x732_v1-1024x685.jpg 1024w, https:\/\/www.one.org\/de\/wp-content\/uploads\/sites\/3\/2024\/12\/About_jobs_1094x732_v1-300x201.jpg 300w, https:\/\/www.one.org\/de\/wp-content\/uploads\/sites\/3\/2024\/12\/About_jobs_1094x732_v1-768x514.jpg 768w, https:\/\/www.one.org\/de\/wp-content\/uploads\/sites\/3\/2024\/12\/About_jobs_1094x732_v1-16x11.jpg 16w, https:\/\/www.one.org\/de\/wp-content\/uploads\/sites\/3\/2024\/12\/About_jobs_1094x732_v1-320x214.jpg 320w, https:\/\/www.one.org\/de\/wp-content\/uploads\/sites\/3\/2024\/12\/About_jobs_1094x732_v1-640x428.jpg 640w, https:\/\/www.one.org\/de\/wp-content\/uploads\/sites\/3\/2024\/12\/About_jobs_1094x732_v1-800x535.jpg 800w, https:\/\/www.one.org\/de\/wp-content\/uploads\/sites\/3\/2024\/12\/About_jobs_1094x732_v1-942x630.jpg 942w, https:\/\/www.one.org\/de\/wp-content\/uploads\/sites\/3\/2024\/12\/About_jobs_1094x732_v1.jpg 1094w\" sizes=\"auto, (max-width: 1024px) 100vw, 1024px\" \/><\/figure>\n\n\n\n<p>Wir wissen die Vielfalt von St\u00e4rken, Erfahrungen und Hintergr\u00fcnden in unserem Team als St\u00e4rke zu sch\u00e4tzen. Daher sind wir auf der Suche nach talentierten Menschen, die sich mit Leidenschaft f\u00fcr Ver\u00e4nderung einsetzen und unsere Werte verk\u00f6rpern, unabh\u00e4ngig davon, woher sie kommen oder wer sie sind. Als Mitarbeiter*in von ONE arbeiten Sie in einem kollaborativen und kreativen Umfeld an einer globalen Mission, erhalten ausgezeichnete Benefits und haben die M\u00f6glichkeit, Teil einer internationalen Organisation zu sein. Sind Sie bereit, sich anzuschlie\u00dfen? Dann bewerben Sie sich noch heute!<\/p>\n\n\n\n<div class=\"wp-block-buttons is-layout-flex wp-block-buttons-is-layout-flex\">\n<div class=\"wp-block-button\"><a class=\"wp-block-button__link wp-element-button\" href=\"https:\/\/job-boards.greenhouse.io\/onegermanyboard\">Stellenangebote anzeigen<\/a><\/div>\n<\/div>\n\n\n\n<div style=\"height:50px\" aria-hidden=\"true\" class=\"wp-block-spacer\"><\/div>\n\n\n\n<div class=\"wp-block-group has-background has-global-padding is-layout-constrained wp-block-group-is-layout-constrained\" style=\"background-color:#ededed\">\n<div style=\"height:15px\" aria-hidden=\"true\" class=\"wp-block-spacer\"><\/div>\n\n\n\n<h2 class=\"wp-block-heading\" id=\"h-was-bedeutet-es-bei-one-zu-arbeiten\">Was bedeutet es bei ONE zu arbeiten<\/h2>\n\n\n\n<p>ONE ist eine dynamische und globale Organisation. Wenn Sie bei uns arbeiten, sind Sie Teil eines diversen Teams, das sich f\u00fcr eine bessere und gerechtere Welt einsetzt. Wir unterst\u00fctzen unsere Mitarbeiter*innen und ihre Ziele, damit sie sich entfalten und einen sinnvollen Beitrag zu unserer Mission leisten k\u00f6nnen. Wir scheuen uns nicht, Risiken einzugehen, aus unseren Fehlern zu lernen und unsere Erfolge zu feiern. Wir nehmen unsere Arbeit ernst und sind uns bewusst, was auf dem Spiel steht \u2013 aber wir finden auch, dass es in Ordnung ist, dabei Spa\u00df zu haben.<\/p>\n\n\n\n<div class=\"wp-block-columns is-layout-flex wp-container-core-columns-is-layout-28f84493 wp-block-columns-is-layout-flex\">\n<div class=\"wp-block-column is-layout-flow wp-block-column-is-layout-flow\">\n<figure class=\"wp-block-image size-full\"><img loading=\"lazy\" decoding=\"async\" width=\"812\" height=\"543\" src=\"https:\/\/www.one.org\/de\/wp-content\/uploads\/sites\/3\/2023\/08\/Jobs_Page_2022_DC_812x543.jpeg\" alt=\"\" class=\"wp-image-162214\" srcset=\"https:\/\/www.one.org\/de\/wp-content\/uploads\/sites\/3\/2023\/08\/Jobs_Page_2022_DC_812x543.jpeg 812w, https:\/\/www.one.org\/de\/wp-content\/uploads\/sites\/3\/2023\/08\/Jobs_Page_2022_DC_812x543-300x201.jpeg 300w, https:\/\/www.one.org\/de\/wp-content\/uploads\/sites\/3\/2023\/08\/Jobs_Page_2022_DC_812x543-768x514.jpeg 768w, https:\/\/www.one.org\/de\/wp-content\/uploads\/sites\/3\/2023\/08\/Jobs_Page_2022_DC_812x543-16x11.jpeg 16w, https:\/\/www.one.org\/de\/wp-content\/uploads\/sites\/3\/2023\/08\/Jobs_Page_2022_DC_812x543-320x214.jpeg 320w, https:\/\/www.one.org\/de\/wp-content\/uploads\/sites\/3\/2023\/08\/Jobs_Page_2022_DC_812x543-640x428.jpeg 640w\" sizes=\"auto, (max-width: 812px) 100vw, 812px\" \/><\/figure>\n<\/div>\n\n\n\n<div class=\"wp-block-column is-layout-flow wp-block-column-is-layout-flow\">\n<figure class=\"wp-block-image size-full\"><img loading=\"lazy\" decoding=\"async\" width=\"812\" height=\"543\" src=\"https:\/\/www.one.org\/de\/wp-content\/uploads\/sites\/3\/2023\/08\/Jobs_Page_2022_Abuja_812x543.jpeg\" alt=\"\" class=\"wp-image-162215\" srcset=\"https:\/\/www.one.org\/de\/wp-content\/uploads\/sites\/3\/2023\/08\/Jobs_Page_2022_Abuja_812x543.jpeg 812w, https:\/\/www.one.org\/de\/wp-content\/uploads\/sites\/3\/2023\/08\/Jobs_Page_2022_Abuja_812x543-300x201.jpeg 300w, https:\/\/www.one.org\/de\/wp-content\/uploads\/sites\/3\/2023\/08\/Jobs_Page_2022_Abuja_812x543-768x514.jpeg 768w, https:\/\/www.one.org\/de\/wp-content\/uploads\/sites\/3\/2023\/08\/Jobs_Page_2022_Abuja_812x543-16x11.jpeg 16w, https:\/\/www.one.org\/de\/wp-content\/uploads\/sites\/3\/2023\/08\/Jobs_Page_2022_Abuja_812x543-320x214.jpeg 320w, https:\/\/www.one.org\/de\/wp-content\/uploads\/sites\/3\/2023\/08\/Jobs_Page_2022_Abuja_812x543-640x428.jpeg 640w\" sizes=\"auto, (max-width: 812px) 100vw, 812px\" \/><\/figure>\n<\/div>\n<\/div>\n<\/div>\n\n\n\n<div style=\"height:15px\" aria-hidden=\"true\" class=\"wp-block-spacer\"><\/div>\n\n\n\n<h2 class=\"wp-block-heading\" id=\"h-wer-arbeitet-bei-one\">Wer arbeitet bei ONE<\/h2>\n\n\n\n<p>Mit Mitarbeiter*innen in Afrika, Europa und Nordamerika ist ONE eine vielf\u00e4ltige, hochqualifizierte und kooperative Organisation, die durch ihre Mission und ihre Werte geeint ist.\u202f<\/p>\n\n\n\n<p>Das sagen unsere Mitarbeiter*innnen:<\/p>\n\n\n\n<div class=\"wp-block-columns is-layout-flex wp-container-core-columns-is-layout-28f84493 wp-block-columns-is-layout-flex\">\n<div class=\"wp-block-column is-layout-flow wp-block-column-is-layout-flow\">\n<figure class=\"wp-block-image size-full is-resized\"><img loading=\"lazy\" decoding=\"async\" width=\"812\" height=\"543\" src=\"https:\/\/www.one.org\/de\/wp-content\/uploads\/sites\/3\/2023\/10\/Noma_812x543-1.png\" alt=\"\" class=\"wp-image-169868\" style=\"width:406px;height:272px\" srcset=\"https:\/\/www.one.org\/de\/wp-content\/uploads\/sites\/3\/2023\/10\/Noma_812x543-1.png 812w, https:\/\/www.one.org\/de\/wp-content\/uploads\/sites\/3\/2023\/10\/Noma_812x543-1-300x201.png 300w, https:\/\/www.one.org\/de\/wp-content\/uploads\/sites\/3\/2023\/10\/Noma_812x543-1-768x514.png 768w, https:\/\/www.one.org\/de\/wp-content\/uploads\/sites\/3\/2023\/10\/Noma_812x543-1-16x11.png 16w, https:\/\/www.one.org\/de\/wp-content\/uploads\/sites\/3\/2023\/10\/Noma_812x543-1-320x214.png 320w, https:\/\/www.one.org\/de\/wp-content\/uploads\/sites\/3\/2023\/10\/Noma_812x543-1-640x428.png 640w, https:\/\/www.one.org\/de\/wp-content\/uploads\/sites\/3\/2023\/10\/Noma_812x543-1-800x535.png 800w\" sizes=\"auto, (max-width: 812px) 100vw, 812px\" \/><\/figure>\n\n\n\n<p>\u201eIch wollte schon immer f\u00fcr eine Organisation arbeiten, deren Werte ich teile. Als globaler Arbeitgeber erm\u00f6glicht mir ONE, mit Kolleg*innen aus der ganzen Welt zusammenzuarbeiten und von ihnen und ihren unterschiedlichen Perspektiven zu lernen. Ich lerne jeden Tag etwas Neues dazu und f\u00fchle mich, als ob ich zur richtigen Zeit am richtigen Ort bin.\u201d<\/p>\n\n\n\n<h5 class=\"wp-block-heading\" id=\"h-nomaqhawe-muhlwa-sudafrika\">Nomaqhawe Muhlwa, S\u00fcdafrika<\/h5>\n<\/div>\n\n\n\n<div class=\"wp-block-column has-global-padding is-content-justification-left is-layout-constrained wp-container-core-column-is-layout-12dd3699 wp-block-column-is-layout-constrained\">\n<figure class=\"wp-block-image size-full is-resized\"><img loading=\"lazy\" decoding=\"async\" width=\"812\" height=\"543\" src=\"https:\/\/www.one.org\/de\/wp-content\/uploads\/sites\/3\/2023\/08\/Jobs_Page_2022_staff_Lisa_812x543.jpeg\" alt=\"\" class=\"wp-image-162217\" style=\"width:406px;height:272px\" srcset=\"https:\/\/www.one.org\/de\/wp-content\/uploads\/sites\/3\/2023\/08\/Jobs_Page_2022_staff_Lisa_812x543.jpeg 812w, https:\/\/www.one.org\/de\/wp-content\/uploads\/sites\/3\/2023\/08\/Jobs_Page_2022_staff_Lisa_812x543-300x201.jpeg 300w, https:\/\/www.one.org\/de\/wp-content\/uploads\/sites\/3\/2023\/08\/Jobs_Page_2022_staff_Lisa_812x543-768x514.jpeg 768w, https:\/\/www.one.org\/de\/wp-content\/uploads\/sites\/3\/2023\/08\/Jobs_Page_2022_staff_Lisa_812x543-16x11.jpeg 16w, https:\/\/www.one.org\/de\/wp-content\/uploads\/sites\/3\/2023\/08\/Jobs_Page_2022_staff_Lisa_812x543-320x214.jpeg 320w, https:\/\/www.one.org\/de\/wp-content\/uploads\/sites\/3\/2023\/08\/Jobs_Page_2022_staff_Lisa_812x543-640x428.jpeg 640w\" sizes=\"auto, (max-width: 812px) 100vw, 812px\" \/><\/figure>\n\n\n\n<p>\u201eDie gr\u00f6\u00dfte St\u00e4rke von ONE sind zweifellos die Menschen. Wir haben das gro\u00dfe Gl\u00fcck, dass wir ein starkes Netzwerk von tatkr\u00e4ftigen, kreativen und engagierten Mitarbeitenden und Freiwilligen rund um den Globus mobilisieren k\u00f6nnen. Jede*r von uns setzt sich mit so viel Engagement daf\u00fcr ein, die Welt Tag f\u00fcr Tag und St\u00fcck f\u00fcr St\u00fcck zu ver\u00e4ndern.\u201d<\/p>\n\n\n\n<h5 class=\"wp-block-heading\" id=\"h-lisa-berlin\">Lisa, Berlin<\/h5>\n<\/div>\n<\/div>\n\n\n\n<div class=\"wp-block-group has-background has-global-padding is-layout-constrained wp-block-group-is-layout-constrained\" style=\"background-color:#ededed\">\n<div style=\"height:15px\" aria-hidden=\"true\" class=\"wp-block-spacer\"><\/div>\n\n\n\n<h2 class=\"wp-block-heading has-text-align-left\" id=\"h-was-one-bietet\">Was ONE bietet<\/h2>\n\n\n\n<p class=\"has-text-align-left\"><strong><strong>Wir sind davon \u00fcberzeugt, dass unsere Mitarbeiter*innen erfolgreich sind, wenn sie neben wettbewerbsf\u00e4higen Geh\u00e4ltern und Benefits auch die M\u00f6glichkeit haben, sich weiterzuentwickeln und ihr pers\u00f6nliches Wohlbefinden zu steigern.<\/strong><\/strong><\/p>\n\n\n\n<div class=\"container\">\n<div class=\"row\">\n<div class=\"col col-1 circle-column\">\n<div class=\"circle\">\n  <div class=\"circle-txt\">01<\/div>\n<\/div>\n<\/div>\n<div class=\"col col-11 benefit-text\">\n<p>Flexibilit\u00e4t am Arbeitsplatz. Unsere Mitarbeitenden haben die Wahl zwischen der Arbeit im B\u00fcro, der Arbeit von zu Hause oder einer Mischform &#8211; je nachdem, welche Aufgaben sie haben und wie sie am besten arbeiten k\u00f6nnen.<\/p>\n<\/div>\n<\/div>\n<div class=\"row benefits\">\n<div class=\"col col-1 circle-column\">\n<div class=\"circle\"><div class=\"circle-txt\">02<\/div><\/div>\n<\/div>\n<div class=\"col col-11 benefit-text\">\n<p>Berufliche Weiterentwicklung. Wir bieten regelm\u00e4\u00dfige Schulungen und Trainings an und bezuschussen berufliche Weiterbildungen oder Bildungsurlaub.<\/p>\n<\/div>\n<\/div>\n<div class=\"row benefits\">\n<div class=\"col col-1 circle-column\">\n<div class=\"circle\"><div class=\"circle-txt\">03<\/div><\/div>\n<\/div>\n<div class=\"col col-11 benefit-text\">\n<p>Bezahltes Sabbatical nach 10 Dienstjahren.<\/p>\n<\/div>\n<\/div>\n<div class=\"row benefits\">\n<div class=\"col col-1 circle-column\">\n<div class=\"circle\"><div class=\"circle-txt\">04<\/div><\/div>\n<\/div>\n<div class=\"col col-11 benefit-text\">\n<p>Finanzielle Leistungen zur Steigerung der Gesundheit, Erstattung von Kosten f\u00fcr \u00f6ffentliche Verkehrsmittel und in Form einer betrieblichen Altersvorsorge.<\/p>\n<\/div>\n<\/div>\n<div class=\"row benefits\">\n<div class=\"col col-1 circle-column\">\n<div class=\"circle\"><div class=\"circle-txt\">05<\/div><\/div>\n<\/div>\n<div class=\"col col-11 benefit-text\">\n<p>Nicht nur bezahlter Urlaub, sondern auch zus\u00e4tzliche freie Tage in Form von globalen B\u00fcroschlie\u00dfungen (wird von Jahr zu Jahr festgelegt, meistens die Woche zwischen Weihnachten und Neujahr sowie freie Freitage im August).<\/p>\n<\/div>\n<\/div>\n<div class=\"row benefits\">\n<div class=\"col col-1 circle-column\">\n<div class=\"circle\"><div class=\"circle-txt\">06<\/div><\/div>\n<\/div>\n<div class=\"col col-11 benefit-text\">\n<p>Zus\u00e4tzlicher bezahlter Urlaub f\u00fcr ehrenamtliches Engagement.<\/p>\n<\/div>\n<\/div>\n\n<div class=\"row diversity-text\">\n<p>Lesen Sie unser <a href=\"https:\/\/www.one.org\/de\/ueber-one\/one-diversitaets-und-inklusionserklaerung\/\">Diversity Statement<\/a> \u00fcber ONEs Bestreben, ein vielf\u00e4ltiges und dynamisches Team zu erhalten.<\/p>\n<\/div>\n<\/div>\n<\/div>\n<div class=\"buffer\"><\/div>","protected":false},"excerpt":{"rendered":"<p>Jeder Mensch auf der ganzen Welt verdient es, ein Leben in W\u00fcrde und voller Chancen zu f\u00fchren. Damit das Realit\u00e4t wird, arbeiten wir bei ONE an echtem globalen Wandel. ONE setzt sich f\u00fcr eine gerechtere Welt ein. F\u00fcr wirtschaftliche Chancen und ein starkes Gesundheitswesen in Afrika. Daf\u00fcr fordern wir die n\u00f6tigen Investitionen.&nbsp;Daf\u00fcr mobilisieren wir B\u00fcrger*innen [&hellip;]<\/p>\n","protected":false},"author":3,"featured_media":0,"parent":7,"menu_order":0,"comment_status":"closed","ping_status":"closed","template":"","meta":{"_acf_changed":false,"_relevanssi_hide_post":"","_relevanssi_hide_content":"","_relevanssi_pin_for_all":"","_relevanssi_pin_keywords":"","_relevanssi_unpin_keywords":"","_relevanssi_related_keywords":"","_relevanssi_related_include_ids":"","_relevanssi_related_exclude_ids":"","_relevanssi_related_no_append":"","_relevanssi_related_not_related":"","_relevanssi_related_posts":"1770,886,1,992","_relevanssi_noindex_reason":"","footnotes":""},"class_list":["post-208","page","type-page","status-publish","hentry"],"acf":[],"yoast_head":"<!-- This site is optimized with the Yoast SEO Premium plugin v27.1 (Yoast SEO v27.1.1) - https:\/\/yoast.com\/product\/yoast-seo-premium-wordpress\/ -->\n<title>Bei ONE Arbeiten - ONE.org Deutschland<\/title>\n<meta name=\"description\" content=\"Wir sind auf der Suche nach talentierten Menschen, die sich mit Leidenschaft f\u00fcr Ver\u00e4nderung einsetzen und unsere Werte verk\u00f6rpern. Hier geht&#039;s zu unseren Stellenangeboten.\" \/>\n<meta name=\"robots\" content=\"index, follow, max-snippet:-1, max-image-preview:large, max-video-preview:-1\" \/>\n<link rel=\"canonical\" href=\"https:\/\/www.one.org\/de\/ueber-one\/bei-one-arbeiten\/\" \/>\n<meta property=\"og:locale\" content=\"de_DE\" \/>\n<meta property=\"og:type\" content=\"article\" \/>\n<meta property=\"og:title\" content=\"Bei ONE Arbeiten\" \/>\n<meta property=\"og:description\" content=\"Wir sind auf der Suche nach talentierten Menschen, die sich mit Leidenschaft f\u00fcr Ver\u00e4nderung einsetzen und unsere Werte verk\u00f6rpern. Hier geht&#039;s zu unseren Stellenangeboten.\" \/>\n<meta property=\"og:url\" content=\"https:\/\/www.one.org\/de\/ueber-one\/bei-one-arbeiten\/\" \/>\n<meta property=\"og:site_name\" content=\"ONE.org Deutschland\" \/>\n<meta property=\"article:publisher\" content=\"https:\/\/www.facebook.com\/ONEinNederland\" \/>\n<meta property=\"article:modified_time\" content=\"2025-05-16T10:19:03+00:00\" \/>\n<meta property=\"og:image\" content=\"https:\/\/www.one.org\/de\/wp-content\/uploads\/sites\/3\/2024\/12\/About_jobs_1094x732_v1.jpg\" \/>\n\t<meta property=\"og:image:width\" content=\"1094\" \/>\n\t<meta property=\"og:image:height\" content=\"732\" \/>\n\t<meta property=\"og:image:type\" content=\"image\/jpeg\" \/>\n<meta name=\"twitter:card\" content=\"summary_large_image\" \/>\n<meta name=\"twitter:site\" content=\"@ONENederland\" \/>\n<meta name=\"twitter:label1\" content=\"Est. reading time\" \/>\n\t<meta name=\"twitter:data1\" content=\"4 minutes\" \/>\n<script type=\"application\/ld+json\" class=\"yoast-schema-graph\">{\"@context\":\"https:\/\/schema.org\",\"@graph\":[{\"@type\":\"WebPage\",\"@id\":\"https:\/\/www.one.org\/de\/ueber-one\/bei-one-arbeiten\/\",\"url\":\"https:\/\/www.one.org\/de\/ueber-one\/bei-one-arbeiten\/\",\"name\":\"Bei ONE Arbeiten - ONE.org Deutschland\",\"isPartOf\":{\"@id\":\"https:\/\/www.one.org\/de\/#website\"},\"primaryImageOfPage\":{\"@id\":\"https:\/\/www.one.org\/de\/ueber-one\/bei-one-arbeiten\/#primaryimage\"},\"image\":{\"@id\":\"https:\/\/www.one.org\/de\/ueber-one\/bei-one-arbeiten\/#primaryimage\"},\"thumbnailUrl\":\"https:\/\/www.one.org\/de\/wp-content\/uploads\/sites\/3\/2024\/12\/About_jobs_1094x732_v1-1024x685.jpg\",\"datePublished\":\"2023-04-24T09:26:35+00:00\",\"dateModified\":\"2025-05-16T10:19:03+00:00\",\"description\":\"Wir sind auf der Suche nach talentierten Menschen, die sich mit Leidenschaft f\u00fcr Ver\u00e4nderung einsetzen und unsere Werte verk\u00f6rpern. Hier geht's zu unseren Stellenangeboten.\",\"breadcrumb\":{\"@id\":\"https:\/\/www.one.org\/de\/ueber-one\/bei-one-arbeiten\/#breadcrumb\"},\"inLanguage\":\"de-DE\",\"potentialAction\":[{\"@type\":\"ReadAction\",\"target\":[\"https:\/\/www.one.org\/de\/ueber-one\/bei-one-arbeiten\/\"]}]},{\"@type\":\"ImageObject\",\"inLanguage\":\"de-DE\",\"@id\":\"https:\/\/www.one.org\/de\/ueber-one\/bei-one-arbeiten\/#primaryimage\",\"url\":\"https:\/\/www.one.org\/de\/wp-content\/uploads\/sites\/3\/2024\/12\/About_jobs_1094x732_v1.jpg\",\"contentUrl\":\"https:\/\/www.one.org\/de\/wp-content\/uploads\/sites\/3\/2024\/12\/About_jobs_1094x732_v1.jpg\",\"width\":1094,\"height\":732},{\"@type\":\"BreadcrumbList\",\"@id\":\"https:\/\/www.one.org\/de\/ueber-one\/bei-one-arbeiten\/#breadcrumb\",\"itemListElement\":[{\"@type\":\"ListItem\",\"position\":1,\"name\":\"Home\",\"item\":\"https:\/\/www.one.org\/de\/\"},{\"@type\":\"ListItem\",\"position\":2,\"name\":\"\u00dcber ONE\",\"item\":\"https:\/\/www.one.org\/de\/ueber-one\/\"},{\"@type\":\"ListItem\",\"position\":3,\"name\":\"Bei ONE Arbeiten\"}]},{\"@type\":\"WebSite\",\"@id\":\"https:\/\/www.one.org\/de\/#website\",\"url\":\"https:\/\/www.one.org\/de\/\",\"name\":\"ONE.org\",\"description\":\"F\u00fcr mehr wirtschaftliche Chancen und ein starkes Gesundheitswesen in Afrika\",\"potentialAction\":[{\"@type\":\"SearchAction\",\"target\":{\"@type\":\"EntryPoint\",\"urlTemplate\":\"https:\/\/www.one.org\/de\/?s={search_term_string}\"},\"query-input\":{\"@type\":\"PropertyValueSpecification\",\"valueRequired\":true,\"valueName\":\"search_term_string\"}}],\"inLanguage\":\"de-DE\"}]}<\/script>\n<!-- \/ Yoast SEO Premium plugin. -->","yoast_head_json":{"title":"Bei ONE Arbeiten - ONE.org Deutschland","description":"Wir sind auf der Suche nach talentierten Menschen, die sich mit Leidenschaft f\u00fcr Ver\u00e4nderung einsetzen und unsere Werte verk\u00f6rpern. Hier geht's zu unseren Stellenangeboten.","robots":{"index":"index","follow":"follow","max-snippet":"max-snippet:-1","max-image-preview":"max-image-preview:large","max-video-preview":"max-video-preview:-1"},"canonical":"https:\/\/www.one.org\/de\/ueber-one\/bei-one-arbeiten\/","og_locale":"de_DE","og_type":"article","og_title":"Bei ONE Arbeiten","og_description":"Wir sind auf der Suche nach talentierten Menschen, die sich mit Leidenschaft f\u00fcr Ver\u00e4nderung einsetzen und unsere Werte verk\u00f6rpern. Hier geht's zu unseren Stellenangeboten.","og_url":"https:\/\/www.one.org\/de\/ueber-one\/bei-one-arbeiten\/","og_site_name":"ONE.org Deutschland","article_publisher":"https:\/\/www.facebook.com\/ONEinNederland","article_modified_time":"2025-05-16T10:19:03+00:00","og_image":[{"width":1094,"height":732,"url":"https:\/\/www.one.org\/de\/wp-content\/uploads\/sites\/3\/2024\/12\/About_jobs_1094x732_v1.jpg","type":"image\/jpeg"}],"twitter_card":"summary_large_image","twitter_site":"@ONENederland","twitter_misc":{"Est. reading time":"4 minutes"},"schema":{"@context":"https:\/\/schema.org","@graph":[{"@type":"WebPage","@id":"https:\/\/www.one.org\/de\/ueber-one\/bei-one-arbeiten\/","url":"https:\/\/www.one.org\/de\/ueber-one\/bei-one-arbeiten\/","name":"Bei ONE Arbeiten - ONE.org Deutschland","isPartOf":{"@id":"https:\/\/www.one.org\/de\/#website"},"primaryImageOfPage":{"@id":"https:\/\/www.one.org\/de\/ueber-one\/bei-one-arbeiten\/#primaryimage"},"image":{"@id":"https:\/\/www.one.org\/de\/ueber-one\/bei-one-arbeiten\/#primaryimage"},"thumbnailUrl":"https:\/\/www.one.org\/de\/wp-content\/uploads\/sites\/3\/2024\/12\/About_jobs_1094x732_v1-1024x685.jpg","datePublished":"2023-04-24T09:26:35+00:00","dateModified":"2025-05-16T10:19:03+00:00","description":"Wir sind auf der Suche nach talentierten Menschen, die sich mit Leidenschaft f\u00fcr Ver\u00e4nderung einsetzen und unsere Werte verk\u00f6rpern. Hier geht's zu unseren Stellenangeboten.","breadcrumb":{"@id":"https:\/\/www.one.org\/de\/ueber-one\/bei-one-arbeiten\/#breadcrumb"},"inLanguage":"de-DE","potentialAction":[{"@type":"ReadAction","target":["https:\/\/www.one.org\/de\/ueber-one\/bei-one-arbeiten\/"]}]},{"@type":"ImageObject","inLanguage":"de-DE","@id":"https:\/\/www.one.org\/de\/ueber-one\/bei-one-arbeiten\/#primaryimage","url":"https:\/\/www.one.org\/de\/wp-content\/uploads\/sites\/3\/2024\/12\/About_jobs_1094x732_v1.jpg","contentUrl":"https:\/\/www.one.org\/de\/wp-content\/uploads\/sites\/3\/2024\/12\/About_jobs_1094x732_v1.jpg","width":1094,"height":732},{"@type":"BreadcrumbList","@id":"https:\/\/www.one.org\/de\/ueber-one\/bei-one-arbeiten\/#breadcrumb","itemListElement":[{"@type":"ListItem","position":1,"name":"Home","item":"https:\/\/www.one.org\/de\/"},{"@type":"ListItem","position":2,"name":"\u00dcber ONE","item":"https:\/\/www.one.org\/de\/ueber-one\/"},{"@type":"ListItem","position":3,"name":"Bei ONE Arbeiten"}]},{"@type":"WebSite","@id":"https:\/\/www.one.org\/de\/#website","url":"https:\/\/www.one.org\/de\/","name":"ONE.org","description":"F\u00fcr mehr wirtschaftliche Chancen und ein starkes Gesundheitswesen in Afrika","potentialAction":[{"@type":"SearchAction","target":{"@type":"EntryPoint","urlTemplate":"https:\/\/www.one.org\/de\/?s={search_term_string}"},"query-input":{"@type":"PropertyValueSpecification","valueRequired":true,"valueName":"search_term_string"}}],"inLanguage":"de-DE"}]}},"distributor_meta":false,"distributor_terms":false,"distributor_media":false,"distributor_original_site_name":"ONE.org Deutschland","distributor_original_site_url":"https:\/\/www.one.org\/de","push-errors":false,"_links":{"self":[{"href":"https:\/\/www.one.org\/de\/wp-json\/wp\/v2\/pages\/208","targetHints":{"allow":["GET"]}}],"collection":[{"href":"https:\/\/www.one.org\/de\/wp-json\/wp\/v2\/pages"}],"about":[{"href":"https:\/\/www.one.org\/de\/wp-json\/wp\/v2\/types\/page"}],"author":[{"embeddable":true,"href":"https:\/\/www.one.org\/de\/wp-json\/wp\/v2\/users\/3"}],"replies":[{"embeddable":true,"href":"https:\/\/www.one.org\/de\/wp-json\/wp\/v2\/comments?post=208"}],"version-history":[{"count":0,"href":"https:\/\/www.one.org\/de\/wp-json\/wp\/v2\/pages\/208\/revisions"}],"up":[{"embeddable":true,"href":"https:\/\/www.one.org\/de\/wp-json\/wp\/v2\/pages\/7"}],"wp:attachment":[{"href":"https:\/\/www.one.org\/de\/wp-json\/wp\/v2\/media?parent=208"}],"curies":[{"name":"wp","href":"https:\/\/api.w.org\/{rel}","templated":true}]}}