{"id":172464,"date":"2025-05-27T09:17:18","date_gmt":"2025-05-27T09:17:18","guid":{"rendered":"https:\/\/www.one.org\/de\/?page_id=172464"},"modified":"2025-07-17T10:52:47","modified_gmt":"2025-07-17T10:52:47","slug":"partnerschaft-mit-one","status":"publish","type":"page","link":"https:\/\/www.one.org\/de\/engagier-dich\/partnerschaft-mit-one\/","title":{"rendered":"Partnerschaft mit ONE\u00a0"},"content":{"rendered":"\n<div id=\"block_3f90e29fa0271e337845282c30d0a162\" class=\"oneorg-block oneorg-promo flush is-style-bottom  has-text-align-left  \">\n\n\t\t\t    \n\n\t\t\t<div class=\"oneorg-promo__wrapper\">\n\t\t\t\t<div class=\"oneorg-promo__inner\">   \n\n\t\t\t\t<div class=\"oneorg-promo__content\">\n\t\t\t\t\t<div class=\"acf-innerblocks-container\">\n\n<p class=\"oneorg-section-title\">M\u00f6glichkeiten zu spenden<\/p>\n\n\n\n<h2 class=\"wp-block-heading\" id=\"h-gemeinsam-fur-eine-gerechtere-und-sicherere-welt-nbsp\">Gemeinsam f\u00fcr eine gerechtere und sicherere Welt.&nbsp;<\/h2>\n\n\n\n<\/div>\n\t\t\t\t<\/div>\n\t\t\t\t\n\t\t\t\t<\/div>\n\t\t\t<\/div>\n\n<\/div>\n\n\n\n<div style=\"height:25px\" aria-hidden=\"true\" class=\"wp-block-spacer\"><\/div>\n\n\n\n<p>Echter Wandel braucht echte Champions \u2013 ONE arbeitet mit Stiftungen, Unternehmen und Philanthrop*innen zusammen, die sich f\u00fcr nachhaltigen und wirksamen Wandel engagieren.&nbsp;<\/p>\n\n\n\n<p>Unser zuk\u00fcnftiger globaler Fortschritt h\u00e4ngt von einer starken Partnerschaft mit Afrika ab. Durch gezielte Investitionen k\u00f6nnen wir dieses Wachstum beschleunigen. Davon wird nicht nur Afrika profitieren, sondern es wird auch f\u00fcr die Wirtschaft, Gesundheit und Sicherheit in Europa und Nordamerika f\u00f6rderlich sein.&nbsp;<\/p>\n\n\n\n<p>In die Arbeit von ONE zu investieren bedeutet, den Kampf gegen Armut und f\u00fcr bessere wirtschaftliche Chancen effizient zu unterst\u00fctzen. In den vergangenen 20 Jahren hat ONEs Arbeit dazu beigetragen, dass die sogenannten Geberl\u00e4nder ihre Mittel f\u00fcr Entwicklungszusammenarbeit verdoppelt haben. Dadurch konnten <strong>1 Billion US-Dollar in Wirtschaftswachstum <\/strong>und gesunde Lebensbedingungen in Afrika investiert werden \u2013 Investitionen in eine sichere und wohlhabende Welt.&nbsp;&nbsp;<\/p>\n\n\n\n<p>Eine Partnerschaft mit ONE tr\u00e4gt dazu bei:&nbsp;<\/p>\n\n\n\n<ul class=\"wp-block-list\">\n<li>Die wirtschaftlichen Beziehungen zwischen Europa, Nordamerika und Afrika zu st\u00e4rken&nbsp;&nbsp;<\/li>\n\n\n\n<li>Zahlreiche Menschenleben und Lebensgrundlagen zu verbessern&nbsp;&nbsp;<\/li>\n\n\n\n<li>Die n\u00e4chste Generation von F\u00fchrungskr\u00e4ften auszubilden und zu f\u00f6rdern&nbsp;&nbsp;<\/li>\n\n\n\n<li>Unabh\u00e4ngige Daten, Zahlen und Analysen zu gewinnen, um Probleme und L\u00f6sungen visuell darzustellen&nbsp;<\/li>\n\n\n\n<li>Aufsehenerregende \u00f6ffentliche Kampagnen zu entwickeln, um unsere Advocacy-Arbeit zu st\u00e4rken&nbsp;<\/li>\n<\/ul>\n\n\n\n<p>Dank der gro\u00dfz\u00fcgigen Unterst\u00fctzung der Personen, die ONE finanziell f\u00f6rdern, k\u00f6nnen die Teams von ONE in Afrika, Nordamerika, Europa, Asien und dem Nahen Osten arbeiten, um Aktivist*innen und Entscheidungstr\u00e4ger*innen zu mobilisieren \u2013 damit jeder Mensch \u00fcberall ein chancenreiches Leben in W\u00fcrde f\u00fchren kann.&nbsp;<\/p>\n\n\n\n<p>The ONE Campaign in Deutschland ist als gemeinn\u00fctzige Gesellschaft mit beschr\u00e4nkter Haftung im Handelsregister eingetragen. Sie ist strikt \u00fcberparteilich, erh\u00e4lt keine staatlichen Mittel und hat ihren Sitz in Berlin. Die einzige Gesellschafterin der The ONE Campaign gGmbH ist die The ONE Campaign in den USA. The One Campaign in den USA wird von mehreren Stiftungen, einzelnen Wohlt\u00e4ter*innen und Unternehmen finanziert.\u00a0<\/p>\n\n\n\n<div class=\"wp-block-group oneorg-block-group oneorg-block-group-impact oneorg-block-group-impact--cta has-light-color has-dark-background-color has-text-color has-background has-global-padding is-layout-constrained wp-block-group-is-layout-constrained\">\n<div class=\"wp-block-group is-layout-flow wp-block-group-is-layout-flow\">\n<h2 class=\"wp-block-heading has-text-align-center has-neon-color has-text-color\" id=\"h-interesse-an-einer-spende-oder-partnerschaft\">Interesse an einer Spende oder Partnerschaft?<\/h2>\n\n\n\n<p class=\"has-text-align-center\">Schicken Sie uns eine E-Mail an karoline.lerche@one.org und wir melden uns umgehend mit mehr Informationen zur\u00fcck.<\/p>\n\n\n\n<div class=\"wp-block-buttons is-content-justification-center is-layout-flex wp-container-core-buttons-is-layout-a89b3969 wp-block-buttons-is-layout-flex\">\n<div class=\"wp-block-button\"><a class=\"wp-block-button__link wp-element-button\" href=\"mailto:karoline.lerche@one.org\">Jetzt E-Mail senden<\/a><\/div>\n<\/div>\n<\/div>\n<\/div>\n<div class=\"buffer\"><\/div>","protected":false},"excerpt":{"rendered":"<p>Echter Wandel braucht echte Champions \u2013 ONE arbeitet mit Stiftungen, Unternehmen und Philanthrop*innen zusammen, die sich f\u00fcr nachhaltigen und wirksamen Wandel engagieren.&nbsp; Unser zuk\u00fcnftiger globaler Fortschritt h\u00e4ngt von einer starken Partnerschaft mit Afrika ab. Durch gezielte Investitionen k\u00f6nnen wir dieses Wachstum beschleunigen. Davon wird nicht nur Afrika profitieren, sondern es wird auch f\u00fcr die Wirtschaft, [&hellip;]<\/p>\n","protected":false},"author":3,"featured_media":0,"parent":158,"menu_order":0,"comment_status":"closed","ping_status":"closed","template":"","meta":{"_acf_changed":false,"_relevanssi_hide_post":"","_relevanssi_hide_content":"","_relevanssi_pin_for_all":"","_relevanssi_pin_keywords":"","_relevanssi_unpin_keywords":"","_relevanssi_related_keywords":"","_relevanssi_related_include_ids":"","_relevanssi_related_exclude_ids":"","_relevanssi_related_no_append":"","_relevanssi_related_not_related":"","_relevanssi_related_posts":"172402,172357,172267,172282,172219,172090","_relevanssi_noindex_reason":"","footnotes":""},"class_list":["post-172464","page","type-page","status-publish","hentry"],"acf":[],"yoast_head":"<!-- This site is optimized with the Yoast SEO Premium plugin v27.1 (Yoast SEO v27.1.1) - https:\/\/yoast.com\/product\/yoast-seo-premium-wordpress\/ -->\n<title>Partnerschaft mit ONE\u00a0 - ONE.org Deutschland<\/title>\n<meta name=\"description\" content=\"ONE arbeitet mit Stiftungen, Unternehmen und Philanthrop*innen zusammen. Gemeinsam verfolgen wir das Ziel einer gerechteren Welt, in der Gesundheitsversorgung und wirtschaftliche Chancen kein Privileg, sondern ein Recht f\u00fcr alle ist.\" \/>\n<meta name=\"robots\" content=\"index, follow, max-snippet:-1, max-image-preview:large, max-video-preview:-1\" \/>\n<link rel=\"canonical\" href=\"https:\/\/www.one.org\/de\/engagier-dich\/partnerschaft-mit-one\/\" \/>\n<meta property=\"og:locale\" content=\"de_DE\" \/>\n<meta property=\"og:type\" content=\"article\" \/>\n<meta property=\"og:title\" content=\"Partnerschaft mit ONE\u00a0\" \/>\n<meta property=\"og:description\" content=\"ONE arbeitet mit Stiftungen, Unternehmen und Philanthrop*innen zusammen. Gemeinsam verfolgen wir das Ziel einer gerechteren Welt, in der Gesundheitsversorgung und wirtschaftliche Chancen kein Privileg, sondern ein Recht f\u00fcr alle ist.\" \/>\n<meta property=\"og:url\" content=\"https:\/\/www.one.org\/de\/engagier-dich\/partnerschaft-mit-one\/\" \/>\n<meta property=\"og:site_name\" content=\"ONE.org Deutschland\" \/>\n<meta property=\"article:publisher\" content=\"https:\/\/www.facebook.com\/ONEinNederland\" \/>\n<meta property=\"article:modified_time\" content=\"2025-07-17T10:52:47+00:00\" \/>\n<meta property=\"og:image\" content=\"https:\/\/www.one.org\/de\/wp-content\/uploads\/sites\/3\/2023\/09\/GA_share_1200x628-768x402-1.png\" \/>\n\t<meta property=\"og:image:width\" content=\"768\" \/>\n\t<meta property=\"og:image:height\" content=\"402\" \/>\n\t<meta property=\"og:image:type\" content=\"image\/png\" \/>\n<meta name=\"twitter:card\" content=\"summary_large_image\" \/>\n<meta name=\"twitter:site\" content=\"@ONENederland\" \/>\n<meta name=\"twitter:label1\" content=\"Est. reading time\" \/>\n\t<meta name=\"twitter:data1\" content=\"2 minutes\" \/>\n<script type=\"application\/ld+json\" class=\"yoast-schema-graph\">{\"@context\":\"https:\/\/schema.org\",\"@graph\":[{\"@type\":\"WebPage\",\"@id\":\"https:\/\/www.one.org\/de\/engagier-dich\/partnerschaft-mit-one\/\",\"url\":\"https:\/\/www.one.org\/de\/engagier-dich\/partnerschaft-mit-one\/\",\"name\":\"Partnerschaft mit ONE\u00a0 - ONE.org Deutschland\",\"isPartOf\":{\"@id\":\"https:\/\/www.one.org\/de\/#website\"},\"datePublished\":\"2025-05-27T09:17:18+00:00\",\"dateModified\":\"2025-07-17T10:52:47+00:00\",\"description\":\"ONE arbeitet mit Stiftungen, Unternehmen und Philanthrop*innen zusammen. Gemeinsam verfolgen wir das Ziel einer gerechteren Welt, in der Gesundheitsversorgung und wirtschaftliche Chancen kein Privileg, sondern ein Recht f\u00fcr alle ist.\",\"breadcrumb\":{\"@id\":\"https:\/\/www.one.org\/de\/engagier-dich\/partnerschaft-mit-one\/#breadcrumb\"},\"inLanguage\":\"de-DE\",\"potentialAction\":[{\"@type\":\"ReadAction\",\"target\":[\"https:\/\/www.one.org\/de\/engagier-dich\/partnerschaft-mit-one\/\"]}]},{\"@type\":\"BreadcrumbList\",\"@id\":\"https:\/\/www.one.org\/de\/engagier-dich\/partnerschaft-mit-one\/#breadcrumb\",\"itemListElement\":[{\"@type\":\"ListItem\",\"position\":1,\"name\":\"Home\",\"item\":\"https:\/\/www.one.org\/de\/\"},{\"@type\":\"ListItem\",\"position\":2,\"name\":\"Engagier dich\",\"item\":\"https:\/\/www.one.org\/de\/engagier-dich\/\"},{\"@type\":\"ListItem\",\"position\":3,\"name\":\"Partnerschaft mit ONE\u00a0\"}]},{\"@type\":\"WebSite\",\"@id\":\"https:\/\/www.one.org\/de\/#website\",\"url\":\"https:\/\/www.one.org\/de\/\",\"name\":\"ONE.org\",\"description\":\"F\u00fcr mehr wirtschaftliche Chancen und ein starkes Gesundheitswesen in Afrika\",\"potentialAction\":[{\"@type\":\"SearchAction\",\"target\":{\"@type\":\"EntryPoint\",\"urlTemplate\":\"https:\/\/www.one.org\/de\/?s={search_term_string}\"},\"query-input\":{\"@type\":\"PropertyValueSpecification\",\"valueRequired\":true,\"valueName\":\"search_term_string\"}}],\"inLanguage\":\"de-DE\"}]}<\/script>\n<!-- \/ Yoast SEO Premium plugin. -->","yoast_head_json":{"title":"Partnerschaft mit ONE\u00a0 - ONE.org Deutschland","description":"ONE arbeitet mit Stiftungen, Unternehmen und Philanthrop*innen zusammen. Gemeinsam verfolgen wir das Ziel einer gerechteren Welt, in der Gesundheitsversorgung und wirtschaftliche Chancen kein Privileg, sondern ein Recht f\u00fcr alle ist.","robots":{"index":"index","follow":"follow","max-snippet":"max-snippet:-1","max-image-preview":"max-image-preview:large","max-video-preview":"max-video-preview:-1"},"canonical":"https:\/\/www.one.org\/de\/engagier-dich\/partnerschaft-mit-one\/","og_locale":"de_DE","og_type":"article","og_title":"Partnerschaft mit ONE\u00a0","og_description":"ONE arbeitet mit Stiftungen, Unternehmen und Philanthrop*innen zusammen. Gemeinsam verfolgen wir das Ziel einer gerechteren Welt, in der Gesundheitsversorgung und wirtschaftliche Chancen kein Privileg, sondern ein Recht f\u00fcr alle ist.","og_url":"https:\/\/www.one.org\/de\/engagier-dich\/partnerschaft-mit-one\/","og_site_name":"ONE.org Deutschland","article_publisher":"https:\/\/www.facebook.com\/ONEinNederland","article_modified_time":"2025-07-17T10:52:47+00:00","og_image":[{"width":768,"height":402,"url":"https:\/\/www.one.org\/de\/wp-content\/uploads\/sites\/3\/2023\/09\/GA_share_1200x628-768x402-1.png","type":"image\/png"}],"twitter_card":"summary_large_image","twitter_site":"@ONENederland","twitter_misc":{"Est. reading time":"2 minutes"},"schema":{"@context":"https:\/\/schema.org","@graph":[{"@type":"WebPage","@id":"https:\/\/www.one.org\/de\/engagier-dich\/partnerschaft-mit-one\/","url":"https:\/\/www.one.org\/de\/engagier-dich\/partnerschaft-mit-one\/","name":"Partnerschaft mit ONE\u00a0 - ONE.org Deutschland","isPartOf":{"@id":"https:\/\/www.one.org\/de\/#website"},"datePublished":"2025-05-27T09:17:18+00:00","dateModified":"2025-07-17T10:52:47+00:00","description":"ONE arbeitet mit Stiftungen, Unternehmen und Philanthrop*innen zusammen. Gemeinsam verfolgen wir das Ziel einer gerechteren Welt, in der Gesundheitsversorgung und wirtschaftliche Chancen kein Privileg, sondern ein Recht f\u00fcr alle ist.","breadcrumb":{"@id":"https:\/\/www.one.org\/de\/engagier-dich\/partnerschaft-mit-one\/#breadcrumb"},"inLanguage":"de-DE","potentialAction":[{"@type":"ReadAction","target":["https:\/\/www.one.org\/de\/engagier-dich\/partnerschaft-mit-one\/"]}]},{"@type":"BreadcrumbList","@id":"https:\/\/www.one.org\/de\/engagier-dich\/partnerschaft-mit-one\/#breadcrumb","itemListElement":[{"@type":"ListItem","position":1,"name":"Home","item":"https:\/\/www.one.org\/de\/"},{"@type":"ListItem","position":2,"name":"Engagier dich","item":"https:\/\/www.one.org\/de\/engagier-dich\/"},{"@type":"ListItem","position":3,"name":"Partnerschaft mit ONE\u00a0"}]},{"@type":"WebSite","@id":"https:\/\/www.one.org\/de\/#website","url":"https:\/\/www.one.org\/de\/","name":"ONE.org","description":"F\u00fcr mehr wirtschaftliche Chancen und ein starkes Gesundheitswesen in Afrika","potentialAction":[{"@type":"SearchAction","target":{"@type":"EntryPoint","urlTemplate":"https:\/\/www.one.org\/de\/?s={search_term_string}"},"query-input":{"@type":"PropertyValueSpecification","valueRequired":true,"valueName":"search_term_string"}}],"inLanguage":"de-DE"}]}},"distributor_meta":false,"distributor_terms":false,"distributor_media":false,"distributor_original_site_name":"ONE.org Deutschland","distributor_original_site_url":"https:\/\/www.one.org\/de","push-errors":false,"_links":{"self":[{"href":"https:\/\/www.one.org\/de\/wp-json\/wp\/v2\/pages\/172464","targetHints":{"allow":["GET"]}}],"collection":[{"href":"https:\/\/www.one.org\/de\/wp-json\/wp\/v2\/pages"}],"about":[{"href":"https:\/\/www.one.org\/de\/wp-json\/wp\/v2\/types\/page"}],"author":[{"embeddable":true,"href":"https:\/\/www.one.org\/de\/wp-json\/wp\/v2\/users\/3"}],"replies":[{"embeddable":true,"href":"https:\/\/www.one.org\/de\/wp-json\/wp\/v2\/comments?post=172464"}],"version-history":[{"count":0,"href":"https:\/\/www.one.org\/de\/wp-json\/wp\/v2\/pages\/172464\/revisions"}],"up":[{"embeddable":true,"href":"https:\/\/www.one.org\/de\/wp-json\/wp\/v2\/pages\/158"}],"wp:attachment":[{"href":"https:\/\/www.one.org\/de\/wp-json\/wp\/v2\/media?parent=172464"}],"curies":[{"name":"wp","href":"https:\/\/api.w.org\/{rel}","templated":true}]}}