{"id":171,"date":"2023-04-24T08:32:45","date_gmt":"2023-04-24T08:32:45","guid":{"rendered":"https:\/\/www.one.org\/?page_id=143"},"modified":"2025-05-27T08:51:07","modified_gmt":"2025-05-27T08:51:07","slug":"unsere-schwerpunkte","status":"publish","type":"page","link":"https:\/\/www.one.org\/de\/was-wir-tun\/unsere-schwerpunkte\/","title":{"rendered":"Unsere Schwerpunkte"},"content":{"rendered":"\n<div id=\"block_225de5ce18866befe3bf336cc1aab6b7\" class=\"oneorg-block oneorg-promo flush is-style-bottom  has-text-align-left  \">\n\n\t\t\t    \n\n\t\t\t<div class=\"oneorg-promo__wrapper\">\n\t\t\t\t<div class=\"oneorg-promo__inner\">   \n\n\t\t\t\t<div class=\"oneorg-promo__content\">\n\t\t\t\t\t<div class=\"acf-innerblocks-container\">\n\n<p class=\"oneorg-section-title\">Was wir tun<\/p>\n\n\n\n<h2 class=\"wp-block-heading\" id=\"h-unsere-schwerpunkte\">Unsere Schwerpunkte<\/h2>\n\n<\/div>\n\t\t\t\t<\/div>\n\t\t\t\t\n\t\t\t\t<\/div>\n\t\t\t<\/div>\n\n<\/div>\n\n\n\n<div style=\"height:25px\" aria-hidden=\"true\" class=\"wp-block-spacer\"><\/div>\n\n\n\n<p>Jeder Mensch \u2013 \u00fcberall auf der Welt \u2013 hat das Recht auf ein gerechtes, w\u00fcrdevolles und chancenreiches Leben. Deshalb setzen wir uns f\u00fcr L\u00f6sungen ein, die die Ursachen von Ungleichheit und Ungerechtigkeit bek\u00e4mpfen \u2013 und das Leben von Millionen Menschen verbessern.\u00a0<\/p>\n\n\n\n<figure class=\"wp-block-image aligncenter size-full is-resized\"><img loading=\"lazy\" decoding=\"async\" width=\"816\" height=\"517\" src=\"https:\/\/www.one.org\/de\/wp-content\/uploads\/sites\/3\/2023\/08\/What-we-do_Issues_1094x732_v1-1-1.png\" alt=\"\" class=\"wp-image-162265\" style=\"object-fit:contain;width:612px;height:388px\" srcset=\"https:\/\/www.one.org\/de\/wp-content\/uploads\/sites\/3\/2023\/08\/What-we-do_Issues_1094x732_v1-1-1.png 816w, https:\/\/www.one.org\/de\/wp-content\/uploads\/sites\/3\/2023\/08\/What-we-do_Issues_1094x732_v1-1-1-300x190.png 300w, https:\/\/www.one.org\/de\/wp-content\/uploads\/sites\/3\/2023\/08\/What-we-do_Issues_1094x732_v1-1-1-768x487.png 768w, https:\/\/www.one.org\/de\/wp-content\/uploads\/sites\/3\/2023\/08\/What-we-do_Issues_1094x732_v1-1-1-16x10.png 16w, https:\/\/www.one.org\/de\/wp-content\/uploads\/sites\/3\/2023\/08\/What-we-do_Issues_1094x732_v1-1-1-320x203.png 320w, https:\/\/www.one.org\/de\/wp-content\/uploads\/sites\/3\/2023\/08\/What-we-do_Issues_1094x732_v1-1-1-640x405.png 640w\" sizes=\"auto, (max-width: 816px) 100vw, 816px\" \/><\/figure>\n\n\n\n<p>ONE k\u00e4mpft heute, damit der n\u00e4chste Tag besser ist. Gesundheit, Bildung, ein sicherer Job mit fairem Lohn und ein Zuhause in W\u00fcrde: Das sollte f\u00fcr alle zug\u00e4nglich sein. Doch das ist es nicht. Deshalb machen wir uns stark f\u00fcr Ver\u00e4nderung \u2013 mit klaren Zielen und durchdachten L\u00f6sungen. Wir wissen, was es braucht: bessere Gesetze, gezielte Investitionen und starke, internationale Partnerschaften, die Ungleichheit wirklich bek\u00e4mpfen.\u00a0<\/p>\n\n\n\n<p><strong>Wir bek\u00e4mpfen Ursachen und Folgen von Ungerechtigkeit \u2013 und setzen uns konkret ein f\u00fcr:<\/strong>&nbsp;<\/p>\n\n\n\n<ul class=\"wp-block-list\">\n<li><strong>Mehr finanzielle Mittel f\u00fcr lebensrettende Gesundheitsprogramme<\/strong>, z.\u202fB. f\u00fcr Impfstoffe oder Medikamente gegen HIV, Tuberkulose und Malaria (\u00fcber Gavi und den Globalen Fonds).\u00a0<\/li>\n\n\n\n<li><strong>Gesetze und Ma\u00dfnahmen, die Ungleichheit abbauen <\/strong>und wirtschaftliche Chancen f\u00fcr alle Menschen schaffen.\u00a0<\/li>\n\n\n\n<li><strong>Finanzreformen, die neue Mittel freisetzen<\/strong>, um Wachstum und Entwicklung in afrikanischen L\u00e4ndern zu erm\u00f6glichen.\u00a0<\/li>\n\n\n\n<li><strong>Mehr Mitsprache f\u00fcr afrikanische Staaten<\/strong> in internationalen Entscheidungsgremien \u2013 f\u00fcr echte Augenh\u00f6he.\u00a0<\/li>\n<\/ul>\n\n\n\n<p>Wir arbeiten mit Organisationen zusammen, die bew\u00e4hrte L\u00f6sungen umsetzen. Und wir setzen Regierungen und globalen Institutionen so lange unter Druck, bis sie Verantwortung \u00fcbernehmen und mit klugen, zielgerichteten Investitionen Leben verbessern.&nbsp;&nbsp;<\/p>\n\n\n\n<div style=\"height:35px\" aria-hidden=\"true\" class=\"wp-block-spacer\"><\/div>\n\n\n\n<div class=\"wp-block-group has-background has-dark-background-color oneorg-block-group oneorg-block-group-impact oneorg-block-group-impact--4 has-light-color has-text-color has-link-color wp-elements-ac0fb22164242d61d177d923b030b30c is-layout-flow wp-block-group-is-layout-flow\">\n<div class=\"wp-block-group is-layout-flow wp-block-group-is-layout-flow\">\n<h2 class=\"wp-block-heading\" id=\"h-schau-dich-um\"><strong>Schau dich um<\/strong><\/h2>\n\n\n\n<div class=\"wp-block-columns is-layout-flex wp-container-core-columns-is-layout-28f84493 wp-block-columns-is-layout-flex\">\n<div class=\"wp-block-column is-layout-flow wp-block-column-is-layout-flow\">\n<figure class=\"wp-block-image size-large\"><img loading=\"lazy\" decoding=\"async\" width=\"1024\" height=\"1024\" src=\"https:\/\/www.one.org\/de\/wp-content\/uploads\/sites\/3\/2024\/12\/Impact_Icon_300x300-1024x1024.png\" alt=\"\" class=\"wp-image-172018\" srcset=\"https:\/\/www.one.org\/de\/wp-content\/uploads\/sites\/3\/2024\/12\/Impact_Icon_300x300-1024x1024.png 1024w, https:\/\/www.one.org\/de\/wp-content\/uploads\/sites\/3\/2024\/12\/Impact_Icon_300x300-300x300.png 300w, https:\/\/www.one.org\/de\/wp-content\/uploads\/sites\/3\/2024\/12\/Impact_Icon_300x300-150x150.png 150w, https:\/\/www.one.org\/de\/wp-content\/uploads\/sites\/3\/2024\/12\/Impact_Icon_300x300-768x768.png 768w, https:\/\/www.one.org\/de\/wp-content\/uploads\/sites\/3\/2024\/12\/Impact_Icon_300x300-16x16.png 16w, https:\/\/www.one.org\/de\/wp-content\/uploads\/sites\/3\/2024\/12\/Impact_Icon_300x300-320x320.png 320w, https:\/\/www.one.org\/de\/wp-content\/uploads\/sites\/3\/2024\/12\/Impact_Icon_300x300-640x640.png 640w, https:\/\/www.one.org\/de\/wp-content\/uploads\/sites\/3\/2024\/12\/Impact_Icon_300x300-800x800.png 800w, https:\/\/www.one.org\/de\/wp-content\/uploads\/sites\/3\/2024\/12\/Impact_Icon_300x300-630x630.png 630w, https:\/\/www.one.org\/de\/wp-content\/uploads\/sites\/3\/2024\/12\/Impact_Icon_300x300.png 1251w\" sizes=\"auto, (max-width: 1024px) 100vw, 1024px\" \/><\/figure>\n\n\n\n<h3 class=\"wp-block-heading\" id=\"h-unsere-erfolge\">Unsere Erfolge<\/h3>\n\n\n\n<p>Wirf einen Blick auf das, was unsere Kampagnen bisher erreicht haben.&nbsp;<\/p>\n\n\n\n<div class=\"wp-block-button\"><a class=\"wp-block-button__link wp-element-button\" href=\"https:\/\/www.one.org\/de\/was-wir-tun\/unsere-erfolge\/\">Unsere Erfolge<\/a><\/div>\n<\/div>\n\n\n\n<div class=\"wp-block-column is-layout-flow wp-block-column-is-layout-flow\">\n<figure class=\"wp-block-image size-large\"><img loading=\"lazy\" decoding=\"async\" width=\"1024\" height=\"1024\" src=\"https:\/\/www.one.org\/de\/wp-content\/uploads\/sites\/3\/2024\/12\/ChangeModel_Icon_300x300-1024x1024.png\" alt=\"\" class=\"wp-image-172017\" srcset=\"https:\/\/www.one.org\/de\/wp-content\/uploads\/sites\/3\/2024\/12\/ChangeModel_Icon_300x300-1024x1024.png 1024w, https:\/\/www.one.org\/de\/wp-content\/uploads\/sites\/3\/2024\/12\/ChangeModel_Icon_300x300-300x300.png 300w, https:\/\/www.one.org\/de\/wp-content\/uploads\/sites\/3\/2024\/12\/ChangeModel_Icon_300x300-150x150.png 150w, https:\/\/www.one.org\/de\/wp-content\/uploads\/sites\/3\/2024\/12\/ChangeModel_Icon_300x300-768x768.png 768w, https:\/\/www.one.org\/de\/wp-content\/uploads\/sites\/3\/2024\/12\/ChangeModel_Icon_300x300-16x16.png 16w, https:\/\/www.one.org\/de\/wp-content\/uploads\/sites\/3\/2024\/12\/ChangeModel_Icon_300x300-320x320.png 320w, https:\/\/www.one.org\/de\/wp-content\/uploads\/sites\/3\/2024\/12\/ChangeModel_Icon_300x300-640x640.png 640w, https:\/\/www.one.org\/de\/wp-content\/uploads\/sites\/3\/2024\/12\/ChangeModel_Icon_300x300-800x800.png 800w, https:\/\/www.one.org\/de\/wp-content\/uploads\/sites\/3\/2024\/12\/ChangeModel_Icon_300x300-630x630.png 630w, https:\/\/www.one.org\/de\/wp-content\/uploads\/sites\/3\/2024\/12\/ChangeModel_Icon_300x300.png 1251w\" sizes=\"auto, (max-width: 1024px) 100vw, 1024px\" \/><\/figure>\n\n\n\n<h3 class=\"wp-block-heading\" id=\"h-wie-wir-die-welt-verandern\">Wie wir die Welt ver\u00e4ndern<\/h3>\n\n\n\n<p>Finde heraus, was unser Erfolgsgeheimnis ausmacht.<\/p>\n\n\n\n<div class=\"wp-block-button\"><a class=\"wp-block-button__link wp-element-button\" href=\"https:\/\/www.one.org\/de\/was-wir-tun\/so-verandern-wir-die-welt\/\">So geht Ver\u00e4nderung<\/a><\/div>\n<\/div>\n\n\n\n<div class=\"wp-block-column is-layout-flow wp-block-column-is-layout-flow\">\n<figure class=\"wp-block-image size-full size-large\"><img loading=\"lazy\" decoding=\"async\" width=\"300\" height=\"300\" src=\"https:\/\/www.one.org\/de\/wp-content\/uploads\/sites\/3\/2024\/12\/Data_Icon_300x300-300x300-1.png\" alt=\"\" class=\"wp-image-172016\" srcset=\"https:\/\/www.one.org\/de\/wp-content\/uploads\/sites\/3\/2024\/12\/Data_Icon_300x300-300x300-1.png 300w, https:\/\/www.one.org\/de\/wp-content\/uploads\/sites\/3\/2024\/12\/Data_Icon_300x300-300x300-1-150x150.png 150w, https:\/\/www.one.org\/de\/wp-content\/uploads\/sites\/3\/2024\/12\/Data_Icon_300x300-300x300-1-16x16.png 16w\" sizes=\"auto, (max-width: 300px) 100vw, 300px\" \/><\/figure>\n\n\n\n<h3 class=\"wp-block-heading\" id=\"h-analysen-daten-forderungen\">Analysen, Daten, Forderungen<\/h3>\n\n\n\n<p>Lerne Daten und Fakten \u00fcber die wirtschaftlichen, politischen und sozialen Herausforderungen Afrikas kennen.<\/p>\n\n\n\n<div class=\"wp-block-button\"><a class=\"wp-block-button__link wp-element-button\" href=\"https:\/\/data.one.org\/\">Data.one.org besuchen<\/a><\/div>\n<\/div>\n\n\n\n<div class=\"wp-block-column is-layout-flow wp-block-column-is-layout-flow\">\n<figure class=\"wp-block-image size-full size-large\"><img loading=\"lazy\" decoding=\"async\" width=\"300\" height=\"300\" src=\"https:\/\/www.one.org\/de\/wp-content\/uploads\/sites\/3\/2024\/12\/Stories_Icon_300x300-300x300-1.png\" alt=\"\" class=\"wp-image-172015\" srcset=\"https:\/\/www.one.org\/de\/wp-content\/uploads\/sites\/3\/2024\/12\/Stories_Icon_300x300-300x300-1.png 300w, https:\/\/www.one.org\/de\/wp-content\/uploads\/sites\/3\/2024\/12\/Stories_Icon_300x300-300x300-1-150x150.png 150w, https:\/\/www.one.org\/de\/wp-content\/uploads\/sites\/3\/2024\/12\/Stories_Icon_300x300-300x300-1-16x16.png 16w\" sizes=\"auto, (max-width: 300px) 100vw, 300px\" \/><\/figure>\n\n\n\n<h3 class=\"wp-block-heading\" id=\"h-geschichten-amp-hintergrunde\"><strong>Geschichten &amp; Hintergr\u00fcnde<\/strong><\/h3>\n\n\n\n<p>Lass dich vom Aktivismus anderer inspirieren und lerne mehr \u00fcber unsere Kampagnen.<\/p>\n\n\n\n<div class=\"wp-block-button\"><a class=\"wp-block-button__link wp-element-button\" href=\"https:\/\/www.one.org\/de\/neuigkeiten\/\">Inspirieren lassen<\/a><\/div>\n<\/div>\n<\/div>\n<\/div>\n<\/div>\n<div class=\"buffer\"><\/div>","protected":false},"excerpt":{"rendered":"<p>Jeder Mensch \u2013 \u00fcberall auf der Welt \u2013 hat das Recht auf ein gerechtes, w\u00fcrdevolles und chancenreiches Leben. Deshalb setzen wir uns f\u00fcr L\u00f6sungen ein, die die Ursachen von Ungleichheit und Ungerechtigkeit bek\u00e4mpfen \u2013 und das Leben von Millionen Menschen verbessern.\u00a0 ONE k\u00e4mpft heute, damit der n\u00e4chste Tag besser ist. Gesundheit, Bildung, ein sicherer Job [&hellip;]<\/p>\n","protected":false},"author":3,"featured_media":0,"parent":72,"menu_order":0,"comment_status":"closed","ping_status":"closed","template":"","meta":{"_acf_changed":false,"_relevanssi_hide_post":"","_relevanssi_hide_content":"","_relevanssi_pin_for_all":"","_relevanssi_pin_keywords":"","_relevanssi_unpin_keywords":"","_relevanssi_related_keywords":"","_relevanssi_related_include_ids":"","_relevanssi_related_exclude_ids":"","_relevanssi_related_no_append":"","_relevanssi_related_not_related":"","_relevanssi_related_posts":"992,1,1770,886","_relevanssi_noindex_reason":"","footnotes":""},"class_list":["post-171","page","type-page","status-publish","hentry"],"acf":[],"yoast_head":"<!-- This site is optimized with the Yoast SEO Premium plugin v27.1 (Yoast SEO v27.1.1) - https:\/\/yoast.com\/product\/yoast-seo-premium-wordpress\/ -->\n<title>Unsere Schwerpunkte - ONE.org Deutschland<\/title>\n<meta name=\"description\" content=\"ONE k\u00e4mpft f\u00fcr Investitionen, die Leben retten, Ungleichheit abbauen und mehr wirtschaftliche Chancen schaffen.\" \/>\n<meta name=\"robots\" content=\"index, follow, max-snippet:-1, max-image-preview:large, max-video-preview:-1\" \/>\n<link rel=\"canonical\" href=\"https:\/\/www.one.org\/de\/was-wir-tun\/unsere-schwerpunkte\/\" \/>\n<meta property=\"og:locale\" content=\"de_DE\" \/>\n<meta property=\"og:type\" content=\"article\" \/>\n<meta property=\"og:title\" content=\"Unsere Schwerpunkte\" \/>\n<meta property=\"og:description\" content=\"ONE k\u00e4mpft f\u00fcr Investitionen, die Leben retten, Ungleichheit abbauen und mehr wirtschaftliche Chancen schaffen.\" \/>\n<meta property=\"og:url\" content=\"https:\/\/www.one.org\/de\/was-wir-tun\/unsere-schwerpunkte\/\" \/>\n<meta property=\"og:site_name\" content=\"ONE.org Deutschland\" \/>\n<meta property=\"article:publisher\" content=\"https:\/\/www.facebook.com\/ONEinNederland\" \/>\n<meta property=\"article:modified_time\" content=\"2025-05-27T08:51:07+00:00\" \/>\n<meta property=\"og:image\" content=\"https:\/\/www.one.org\/de\/wp-content\/uploads\/sites\/3\/2023\/08\/What-we-do_Issues_1094x732_v1-1-1.png\" \/>\n\t<meta property=\"og:image:width\" content=\"816\" \/>\n\t<meta property=\"og:image:height\" content=\"517\" \/>\n\t<meta property=\"og:image:type\" content=\"image\/png\" \/>\n<meta name=\"twitter:card\" content=\"summary_large_image\" \/>\n<meta name=\"twitter:site\" content=\"@ONENederland\" \/>\n<meta name=\"twitter:label1\" content=\"Est. reading time\" \/>\n\t<meta name=\"twitter:data1\" content=\"3 minutes\" \/>\n<script type=\"application\/ld+json\" class=\"yoast-schema-graph\">{\"@context\":\"https:\/\/schema.org\",\"@graph\":[{\"@type\":\"WebPage\",\"@id\":\"https:\/\/www.one.org\/de\/was-wir-tun\/unsere-schwerpunkte\/\",\"url\":\"https:\/\/www.one.org\/de\/was-wir-tun\/unsere-schwerpunkte\/\",\"name\":\"Unsere Schwerpunkte - ONE.org Deutschland\",\"isPartOf\":{\"@id\":\"https:\/\/www.one.org\/de\/#website\"},\"primaryImageOfPage\":{\"@id\":\"https:\/\/www.one.org\/de\/was-wir-tun\/unsere-schwerpunkte\/#primaryimage\"},\"image\":{\"@id\":\"https:\/\/www.one.org\/de\/was-wir-tun\/unsere-schwerpunkte\/#primaryimage\"},\"thumbnailUrl\":\"https:\/\/www.one.org\/de\/wp-content\/uploads\/sites\/3\/2023\/08\/What-we-do_Issues_1094x732_v1-1-1.png\",\"datePublished\":\"2023-04-24T08:32:45+00:00\",\"dateModified\":\"2025-05-27T08:51:07+00:00\",\"description\":\"ONE k\u00e4mpft f\u00fcr Investitionen, die Leben retten, Ungleichheit abbauen und mehr wirtschaftliche Chancen schaffen.\",\"breadcrumb\":{\"@id\":\"https:\/\/www.one.org\/de\/was-wir-tun\/unsere-schwerpunkte\/#breadcrumb\"},\"inLanguage\":\"de-DE\",\"potentialAction\":[{\"@type\":\"ReadAction\",\"target\":[\"https:\/\/www.one.org\/de\/was-wir-tun\/unsere-schwerpunkte\/\"]}]},{\"@type\":\"ImageObject\",\"inLanguage\":\"de-DE\",\"@id\":\"https:\/\/www.one.org\/de\/was-wir-tun\/unsere-schwerpunkte\/#primaryimage\",\"url\":\"https:\/\/www.one.org\/de\/wp-content\/uploads\/sites\/3\/2023\/08\/What-we-do_Issues_1094x732_v1-1-1.png\",\"contentUrl\":\"https:\/\/www.one.org\/de\/wp-content\/uploads\/sites\/3\/2023\/08\/What-we-do_Issues_1094x732_v1-1-1.png\",\"width\":816,\"height\":517},{\"@type\":\"BreadcrumbList\",\"@id\":\"https:\/\/www.one.org\/de\/was-wir-tun\/unsere-schwerpunkte\/#breadcrumb\",\"itemListElement\":[{\"@type\":\"ListItem\",\"position\":1,\"name\":\"Home\",\"item\":\"https:\/\/www.one.org\/de\/\"},{\"@type\":\"ListItem\",\"position\":2,\"name\":\"Was wir tun\",\"item\":\"https:\/\/www.one.org\/de\/was-wir-tun\/\"},{\"@type\":\"ListItem\",\"position\":3,\"name\":\"Unsere Schwerpunkte\"}]},{\"@type\":\"WebSite\",\"@id\":\"https:\/\/www.one.org\/de\/#website\",\"url\":\"https:\/\/www.one.org\/de\/\",\"name\":\"ONE.org\",\"description\":\"F\u00fcr mehr wirtschaftliche Chancen und ein starkes Gesundheitswesen in Afrika\",\"potentialAction\":[{\"@type\":\"SearchAction\",\"target\":{\"@type\":\"EntryPoint\",\"urlTemplate\":\"https:\/\/www.one.org\/de\/?s={search_term_string}\"},\"query-input\":{\"@type\":\"PropertyValueSpecification\",\"valueRequired\":true,\"valueName\":\"search_term_string\"}}],\"inLanguage\":\"de-DE\"}]}<\/script>\n<!-- \/ Yoast SEO Premium plugin. -->","yoast_head_json":{"title":"Unsere Schwerpunkte - ONE.org Deutschland","description":"ONE k\u00e4mpft f\u00fcr Investitionen, die Leben retten, Ungleichheit abbauen und mehr wirtschaftliche Chancen schaffen.","robots":{"index":"index","follow":"follow","max-snippet":"max-snippet:-1","max-image-preview":"max-image-preview:large","max-video-preview":"max-video-preview:-1"},"canonical":"https:\/\/www.one.org\/de\/was-wir-tun\/unsere-schwerpunkte\/","og_locale":"de_DE","og_type":"article","og_title":"Unsere Schwerpunkte","og_description":"ONE k\u00e4mpft f\u00fcr Investitionen, die Leben retten, Ungleichheit abbauen und mehr wirtschaftliche Chancen schaffen.","og_url":"https:\/\/www.one.org\/de\/was-wir-tun\/unsere-schwerpunkte\/","og_site_name":"ONE.org Deutschland","article_publisher":"https:\/\/www.facebook.com\/ONEinNederland","article_modified_time":"2025-05-27T08:51:07+00:00","og_image":[{"width":816,"height":517,"url":"https:\/\/www.one.org\/de\/wp-content\/uploads\/sites\/3\/2023\/08\/What-we-do_Issues_1094x732_v1-1-1.png","type":"image\/png"}],"twitter_card":"summary_large_image","twitter_site":"@ONENederland","twitter_misc":{"Est. reading time":"3 minutes"},"schema":{"@context":"https:\/\/schema.org","@graph":[{"@type":"WebPage","@id":"https:\/\/www.one.org\/de\/was-wir-tun\/unsere-schwerpunkte\/","url":"https:\/\/www.one.org\/de\/was-wir-tun\/unsere-schwerpunkte\/","name":"Unsere Schwerpunkte - ONE.org Deutschland","isPartOf":{"@id":"https:\/\/www.one.org\/de\/#website"},"primaryImageOfPage":{"@id":"https:\/\/www.one.org\/de\/was-wir-tun\/unsere-schwerpunkte\/#primaryimage"},"image":{"@id":"https:\/\/www.one.org\/de\/was-wir-tun\/unsere-schwerpunkte\/#primaryimage"},"thumbnailUrl":"https:\/\/www.one.org\/de\/wp-content\/uploads\/sites\/3\/2023\/08\/What-we-do_Issues_1094x732_v1-1-1.png","datePublished":"2023-04-24T08:32:45+00:00","dateModified":"2025-05-27T08:51:07+00:00","description":"ONE k\u00e4mpft f\u00fcr Investitionen, die Leben retten, Ungleichheit abbauen und mehr wirtschaftliche Chancen schaffen.","breadcrumb":{"@id":"https:\/\/www.one.org\/de\/was-wir-tun\/unsere-schwerpunkte\/#breadcrumb"},"inLanguage":"de-DE","potentialAction":[{"@type":"ReadAction","target":["https:\/\/www.one.org\/de\/was-wir-tun\/unsere-schwerpunkte\/"]}]},{"@type":"ImageObject","inLanguage":"de-DE","@id":"https:\/\/www.one.org\/de\/was-wir-tun\/unsere-schwerpunkte\/#primaryimage","url":"https:\/\/www.one.org\/de\/wp-content\/uploads\/sites\/3\/2023\/08\/What-we-do_Issues_1094x732_v1-1-1.png","contentUrl":"https:\/\/www.one.org\/de\/wp-content\/uploads\/sites\/3\/2023\/08\/What-we-do_Issues_1094x732_v1-1-1.png","width":816,"height":517},{"@type":"BreadcrumbList","@id":"https:\/\/www.one.org\/de\/was-wir-tun\/unsere-schwerpunkte\/#breadcrumb","itemListElement":[{"@type":"ListItem","position":1,"name":"Home","item":"https:\/\/www.one.org\/de\/"},{"@type":"ListItem","position":2,"name":"Was wir tun","item":"https:\/\/www.one.org\/de\/was-wir-tun\/"},{"@type":"ListItem","position":3,"name":"Unsere Schwerpunkte"}]},{"@type":"WebSite","@id":"https:\/\/www.one.org\/de\/#website","url":"https:\/\/www.one.org\/de\/","name":"ONE.org","description":"F\u00fcr mehr wirtschaftliche Chancen und ein starkes Gesundheitswesen in Afrika","potentialAction":[{"@type":"SearchAction","target":{"@type":"EntryPoint","urlTemplate":"https:\/\/www.one.org\/de\/?s={search_term_string}"},"query-input":{"@type":"PropertyValueSpecification","valueRequired":true,"valueName":"search_term_string"}}],"inLanguage":"de-DE"}]}},"distributor_meta":false,"distributor_terms":false,"distributor_media":false,"distributor_original_site_name":"ONE.org Deutschland","distributor_original_site_url":"https:\/\/www.one.org\/de","push-errors":false,"_links":{"self":[{"href":"https:\/\/www.one.org\/de\/wp-json\/wp\/v2\/pages\/171","targetHints":{"allow":["GET"]}}],"collection":[{"href":"https:\/\/www.one.org\/de\/wp-json\/wp\/v2\/pages"}],"about":[{"href":"https:\/\/www.one.org\/de\/wp-json\/wp\/v2\/types\/page"}],"author":[{"embeddable":true,"href":"https:\/\/www.one.org\/de\/wp-json\/wp\/v2\/users\/3"}],"replies":[{"embeddable":true,"href":"https:\/\/www.one.org\/de\/wp-json\/wp\/v2\/comments?post=171"}],"version-history":[{"count":0,"href":"https:\/\/www.one.org\/de\/wp-json\/wp\/v2\/pages\/171\/revisions"}],"up":[{"embeddable":true,"href":"https:\/\/www.one.org\/de\/wp-json\/wp\/v2\/pages\/72"}],"wp:attachment":[{"href":"https:\/\/www.one.org\/de\/wp-json\/wp\/v2\/media?parent=171"}],"curies":[{"name":"wp","href":"https:\/\/api.w.org\/{rel}","templated":true}]}}