{"id":162338,"date":"2023-09-05T10:18:44","date_gmt":"2023-09-05T10:18:44","guid":{"rendered":"https:\/\/www.one.org\/de\/?page_id=162338"},"modified":"2023-11-15T14:56:11","modified_gmt":"2023-11-15T14:56:11","slug":"gleichbehandlungsgewahrleistung","status":"publish","type":"page","link":"https:\/\/www.one.org\/de\/info\/gleichbehandlungsgewahrleistung\/","title":{"rendered":"Gleichbehandlungsgewahrleistung"},"content":{"rendered":"\n<div id=\"block_8a55f5a2653c206a46b8a3dcdc43153c\" class=\"oneorg-block oneorg-promo flush is-style-bottom  has-text-align-left  \">\n\n\t\t\t    \n\n\t\t\t<div class=\"oneorg-promo__wrapper\">\n\t\t\t\t<div class=\"oneorg-promo__inner\">   \n\n\t\t\t\t<div class=\"oneorg-promo__content\">\n\t\t\t\t\t<div class=\"acf-innerblocks-container\">\n\n<p class=\"oneorg-section-title\"><\/p>\n\n\n\n<h2>Gleichbehand&shy;lungsgewahrleistung<\/h2>\n\n\n\n<\/div>\n\t\t\t\t<\/div>\n\t\t\t\t\n\t\t\t\t<\/div>\n\t\t\t<\/div>\n\n<\/div>\n\n\n\n<div style=\"height:25px\" aria-hidden=\"true\" class=\"wp-block-spacer\"><\/div>\n\n\n\n<p>Bei ONE sind unsere Mitarbeiter*innen unser h\u00f6chstes Gut: Deshalb engagieren wir uns f\u00fcr ihren Schutz und ihre Sicherheit.<\/p>\n\n\n\n<p>Wir bei ONE sind \u00fcberzeugt, dass der Ort, an dem ein Mensch lebt, nicht ausschlaggebend daf\u00fcr sein darf, ob er lebt. Unsere Mitarbeiter*innen gehen jeden Tag zur Arbeit um eine Welt zu schaffen, in der jede*r Einzelne eine faire Chance hat, ihr\/sein volles Potential zu entfalten. Fairness und Gerechtigkeit sind das Fundament unseres Engagements, deshalb ist es unerl\u00e4sslich, dass der Arbeitsplatz, von dem aus wir diesen Kampf f\u00fchren, den Grunds\u00e4tzen entspricht, f\u00fcr die wir uns einsetzen.<\/p>\n\n\n\n<p>Wie alle Gemeinn\u00fctzigen Organisationen, deren Daseinszweck es ist, sich f\u00fcr andere einzusetzen, m\u00fcssen auch wir bei ONE h\u00f6here Standards f\u00fcr den Umgang mit denen erf\u00fcllen, die f\u00fcr und mit uns arbeiten. Wir \u00fcbernehmen die volle Verantwortung f\u00fcr alle Entscheidungen und Ma\u00dfnahmen, die wir treffen oder unterlassen. Wir verhalten uns so, dass wir das Vertrauen anderer verdienen. Wir unterst\u00fctzen unsere Kolleg*innen und helfen einander dabei, gute Arbeit zu leisten. Wir behandeln jede*n mit Respekt. Wir sch\u00e4tzen und f\u00f6rdern aktiv den Beitrag unterschiedlicher Ideen, Perspektiven und Hintergr\u00fcnde. Wir sind l\u00f6sungsorientiert. Wir begr\u00fc\u00dfen jede Kritik und kritische Haltung, lehnen aber Zynismus ab. Wir m\u00fcssen uns der eigenen Verantwortung und der Verantwortung f\u00fcreinander stellen.<\/p>\n\n\n\n<p>Jede*r angestellte und freiwillige Mitarbeiter*in muss in einer Umgebung arbeiten k\u00f6nnen, die sicher und frei von Bel\u00e4stigung, Missbrauch oder anderen unangemessenen Verhaltensweisen ist. Ebenso hat jede*r in unserer Organisation die Verantwortung, sich angemessen zu verhalten und eine gesunde und offene Organisationskultur zu f\u00f6rdern, aufeinander zu achten und Fehlverhalten zu melden, wenn es ihr\/ihm auff\u00e4llt.<\/p>\n\n\n\n<p>Dieses Dokument ist eine offizielle Erkl\u00e4rung. Es ist ein Leitfaden f\u00fcr das n\u00e4chste Kapitel von ONE \u2013 ein Kapitel, das wir gemeinsam schreiben werden.<\/p>\n\n\n\n<p><strong>UNSERE VERPFLICHTUNG GEGEN\u00dcBER UNSEREN MITARBEITER*INNEN<\/strong><\/p>\n\n\n\n<p>Jede*r im Team von ONE ist der Sicherheit und dem Wohlergehen von jedem anderen Teammitglied verpflichtet. Dementsprechend bekennen wir uns als Organisation zu diesen acht Grunds\u00e4tzen:<\/p>\n\n\n\n<ol class=\"wp-block-list\">\n<li>Wir tolerieren kein Mobbing, keine Bel\u00e4stigung oder anderes missbr\u00e4uchliches Verhalten am Arbeitsplatz.<\/li>\n\n\n\n<li>Wir tolerieren kein rassistisches, sexistisches, homophobes, transphobes oder sonstiges diskriminierendes Verhalten von irgendjemandem auf irgendeiner Ebene der Organisation.<\/li>\n\n\n\n<li>Wir fordern die Mitarbeiter*innen auf allen Ebenen auf, Verantwortung f\u00fcr ihr eigenes Handeln zu \u00fcbernehmen und die F\u00fchrungskr\u00e4fte zu informieren, wenn sie Fehlverhalten beobachten.<\/li>\n\n\n\n<li>Wir bieten verschiedene M\u00f6glichkeiten, den F\u00fchrungskr\u00e4ften Bedenken, Beschwerden und Beanstandungen mitzuteilen.<\/li>\n\n\n\n<li>Wir nehmen alle Beschwerden und Beanstandungen ernst, und kein Vorwurf wird unber\u00fccksichtigt gelassen.<\/li>\n\n\n\n<li>Wir sprechen Herausforderungen an das Management an.<\/li>\n\n\n\n<li>Wir gew\u00e4hrleisten, dass alle Mitarbeiter*innen ein Management- sowie ein j\u00e4hrliches Gender- und Diversit\u00e4ts-Training erhalten.<\/li>\n\n\n\n<li>Das leidenschaftliche Verh\u00e4ltnis zu unserer Arbeit werden wir niemals als Entschuldigung f\u00fcr unangemessenes Verhalten am Arbeitsplatz akzeptieren.<\/li>\n<\/ol>\n\n\n\n<p>Diese Grunds\u00e4tze sind das Fundament jeglichen Engagements f\u00fcr unser Personal. Sie finden sich in unserer Organisationskultur, unserem F\u00fchrungsstil und unseren Entscheidungen. Sie setzen die Standards f\u00fcr unseren Umgang mit unseren Mitarbeiter*innen, Auftragnehmer*innen und Unterst\u00fctzer*innen, und sie stellen sicher, dass wir unserem Bestreben eine Welt zu schaffen, wie wir sie sehen wollen, auch eine Organisation schaffen, die unsere Werte widerspiegelt.<\/p>\n\n\n\n<p>Wie die Geschichte gezeigt hat, kann kein Mensch garantieren, dass es niemals zu Fehlverhalten kommen wird. Wir k\u00f6nnen aber versprechen, dass die F\u00fchrung von ONE alles in ihrer Macht Stehende tun wird, um Fehlverhalten zu verhindern und sicherzustellen, dass die Organisation schnell und verantwortungsvoll handelt, sollte es dennoch dazu kommen.<\/p>\n\n\n\n<p>Diese Erkl\u00e4rung steht am Anfang unserer Arbeit \u2013 nicht am Ende. Der Schutz und die Sicherheit unserer Mitarbeiter*innen liegen in der st\u00e4ndigen Verantwortung einer jeder F\u00fchrungskraft und jeder\/jedes Angestellten. Gemeinsam k\u00f6nnen wir nicht nur den h\u00f6heren Standards gen\u00fcgen, die wir an uns selbst stellen, sondern auch denen, die wir uns f\u00fcr die Welt w\u00fcnschen.<\/p>\n\n\n\n<div style=\"height:25px\" aria-hidden=\"true\" class=\"wp-block-spacer\"><\/div>\n<div class=\"buffer\"><\/div>","protected":false},"excerpt":{"rendered":"<p>Bei ONE sind unsere Mitarbeiter*innen unser h\u00f6chstes Gut: Deshalb engagieren wir uns f\u00fcr ihren Schutz und ihre Sicherheit. Wir bei ONE sind \u00fcberzeugt, dass der Ort, an dem ein Mensch lebt, nicht ausschlaggebend daf\u00fcr sein darf, ob er lebt. Unsere Mitarbeiter*innen gehen jeden Tag zur Arbeit um eine Welt zu schaffen, in der jede*r Einzelne [&hellip;]<\/p>\n","protected":false},"author":3,"featured_media":0,"parent":204,"menu_order":0,"comment_status":"closed","ping_status":"closed","template":"","meta":{"_acf_changed":false,"_relevanssi_hide_post":"","_relevanssi_hide_content":"","_relevanssi_pin_for_all":"","_relevanssi_pin_keywords":"","_relevanssi_unpin_keywords":"","_relevanssi_related_keywords":"","_relevanssi_related_include_ids":"","_relevanssi_related_exclude_ids":"","_relevanssi_related_no_append":"","_relevanssi_related_not_related":"","_relevanssi_related_posts":"1","_relevanssi_noindex_reason":"","footnotes":""},"class_list":["post-162338","page","type-page","status-publish","hentry"],"acf":[],"yoast_head":"<!-- This site is optimized with the Yoast SEO Premium plugin v27.1 (Yoast SEO v27.1.1) - https:\/\/yoast.com\/product\/yoast-seo-premium-wordpress\/ -->\n<title>Gleichbehandlungsgewahrleistung - ONE.org Deutschland<\/title>\n<meta name=\"description\" content=\"Wir bei ONE sind \u00fcberzeugt, dass der Ort, an dem ein Mensch lebt, nicht ausschlaggebend daf\u00fcr sein darf, ob er lebt. Fairness und Gerechtigkeit sind das Fundament unseres Engagements\" \/>\n<meta name=\"robots\" content=\"index, follow, max-snippet:-1, max-image-preview:large, max-video-preview:-1\" \/>\n<link rel=\"canonical\" href=\"https:\/\/www.one.org\/de\/info\/gleichbehandlungsgewahrleistung\/\" \/>\n<meta property=\"og:locale\" content=\"de_DE\" \/>\n<meta property=\"og:type\" content=\"article\" \/>\n<meta property=\"og:title\" content=\"Gleichbehandlungsgewahrleistung\" \/>\n<meta property=\"og:description\" content=\"Wir bei ONE sind \u00fcberzeugt, dass der Ort, an dem ein Mensch lebt, nicht ausschlaggebend daf\u00fcr sein darf, ob er lebt. Fairness und Gerechtigkeit sind das Fundament unseres Engagements\" \/>\n<meta property=\"og:url\" content=\"https:\/\/www.one.org\/de\/info\/gleichbehandlungsgewahrleistung\/\" \/>\n<meta property=\"og:site_name\" content=\"ONE.org Deutschland\" \/>\n<meta property=\"article:publisher\" content=\"https:\/\/www.facebook.com\/ONEinNederland\" \/>\n<meta property=\"article:modified_time\" content=\"2023-11-15T14:56:11+00:00\" \/>\n<meta property=\"og:image\" content=\"https:\/\/www.one.org\/de\/wp-content\/uploads\/sites\/3\/2023\/09\/GA_share_1200x628-768x402-1.png\" \/>\n\t<meta property=\"og:image:width\" content=\"768\" \/>\n\t<meta property=\"og:image:height\" content=\"402\" \/>\n\t<meta property=\"og:image:type\" content=\"image\/png\" \/>\n<meta name=\"twitter:card\" content=\"summary_large_image\" \/>\n<meta name=\"twitter:site\" content=\"@ONENederland\" \/>\n<meta name=\"twitter:label1\" content=\"Est. reading time\" \/>\n\t<meta name=\"twitter:data1\" content=\"3 minutes\" \/>\n<script type=\"application\/ld+json\" class=\"yoast-schema-graph\">{\"@context\":\"https:\/\/schema.org\",\"@graph\":[{\"@type\":\"WebPage\",\"@id\":\"https:\/\/www.one.org\/de\/info\/gleichbehandlungsgewahrleistung\/\",\"url\":\"https:\/\/www.one.org\/de\/info\/gleichbehandlungsgewahrleistung\/\",\"name\":\"Gleichbehandlungsgewahrleistung - ONE.org Deutschland\",\"isPartOf\":{\"@id\":\"https:\/\/www.one.org\/de\/#website\"},\"datePublished\":\"2023-09-05T10:18:44+00:00\",\"dateModified\":\"2023-11-15T14:56:11+00:00\",\"description\":\"Wir bei ONE sind \u00fcberzeugt, dass der Ort, an dem ein Mensch lebt, nicht ausschlaggebend daf\u00fcr sein darf, ob er lebt. Fairness und Gerechtigkeit sind das Fundament unseres Engagements\",\"breadcrumb\":{\"@id\":\"https:\/\/www.one.org\/de\/info\/gleichbehandlungsgewahrleistung\/#breadcrumb\"},\"inLanguage\":\"de-DE\",\"potentialAction\":[{\"@type\":\"ReadAction\",\"target\":[\"https:\/\/www.one.org\/de\/info\/gleichbehandlungsgewahrleistung\/\"]}]},{\"@type\":\"BreadcrumbList\",\"@id\":\"https:\/\/www.one.org\/de\/info\/gleichbehandlungsgewahrleistung\/#breadcrumb\",\"itemListElement\":[{\"@type\":\"ListItem\",\"position\":1,\"name\":\"Home\",\"item\":\"https:\/\/www.one.org\/de\/\"},{\"@type\":\"ListItem\",\"position\":2,\"name\":\"Info\",\"item\":\"https:\/\/www.one.org\/de\/info\/\"},{\"@type\":\"ListItem\",\"position\":3,\"name\":\"Gleichbehandlungsgewahrleistung\"}]},{\"@type\":\"WebSite\",\"@id\":\"https:\/\/www.one.org\/de\/#website\",\"url\":\"https:\/\/www.one.org\/de\/\",\"name\":\"ONE.org\",\"description\":\"F\u00fcr mehr wirtschaftliche Chancen und ein starkes Gesundheitswesen in Afrika\",\"potentialAction\":[{\"@type\":\"SearchAction\",\"target\":{\"@type\":\"EntryPoint\",\"urlTemplate\":\"https:\/\/www.one.org\/de\/?s={search_term_string}\"},\"query-input\":{\"@type\":\"PropertyValueSpecification\",\"valueRequired\":true,\"valueName\":\"search_term_string\"}}],\"inLanguage\":\"de-DE\"}]}<\/script>\n<!-- \/ Yoast SEO Premium plugin. -->","yoast_head_json":{"title":"Gleichbehandlungsgewahrleistung - ONE.org Deutschland","description":"Wir bei ONE sind \u00fcberzeugt, dass der Ort, an dem ein Mensch lebt, nicht ausschlaggebend daf\u00fcr sein darf, ob er lebt. Fairness und Gerechtigkeit sind das Fundament unseres Engagements","robots":{"index":"index","follow":"follow","max-snippet":"max-snippet:-1","max-image-preview":"max-image-preview:large","max-video-preview":"max-video-preview:-1"},"canonical":"https:\/\/www.one.org\/de\/info\/gleichbehandlungsgewahrleistung\/","og_locale":"de_DE","og_type":"article","og_title":"Gleichbehandlungsgewahrleistung","og_description":"Wir bei ONE sind \u00fcberzeugt, dass der Ort, an dem ein Mensch lebt, nicht ausschlaggebend daf\u00fcr sein darf, ob er lebt. Fairness und Gerechtigkeit sind das Fundament unseres Engagements","og_url":"https:\/\/www.one.org\/de\/info\/gleichbehandlungsgewahrleistung\/","og_site_name":"ONE.org Deutschland","article_publisher":"https:\/\/www.facebook.com\/ONEinNederland","article_modified_time":"2023-11-15T14:56:11+00:00","og_image":[{"width":768,"height":402,"url":"https:\/\/www.one.org\/de\/wp-content\/uploads\/sites\/3\/2023\/09\/GA_share_1200x628-768x402-1.png","type":"image\/png"}],"twitter_card":"summary_large_image","twitter_site":"@ONENederland","twitter_misc":{"Est. reading time":"3 minutes"},"schema":{"@context":"https:\/\/schema.org","@graph":[{"@type":"WebPage","@id":"https:\/\/www.one.org\/de\/info\/gleichbehandlungsgewahrleistung\/","url":"https:\/\/www.one.org\/de\/info\/gleichbehandlungsgewahrleistung\/","name":"Gleichbehandlungsgewahrleistung - ONE.org Deutschland","isPartOf":{"@id":"https:\/\/www.one.org\/de\/#website"},"datePublished":"2023-09-05T10:18:44+00:00","dateModified":"2023-11-15T14:56:11+00:00","description":"Wir bei ONE sind \u00fcberzeugt, dass der Ort, an dem ein Mensch lebt, nicht ausschlaggebend daf\u00fcr sein darf, ob er lebt. Fairness und Gerechtigkeit sind das Fundament unseres Engagements","breadcrumb":{"@id":"https:\/\/www.one.org\/de\/info\/gleichbehandlungsgewahrleistung\/#breadcrumb"},"inLanguage":"de-DE","potentialAction":[{"@type":"ReadAction","target":["https:\/\/www.one.org\/de\/info\/gleichbehandlungsgewahrleistung\/"]}]},{"@type":"BreadcrumbList","@id":"https:\/\/www.one.org\/de\/info\/gleichbehandlungsgewahrleistung\/#breadcrumb","itemListElement":[{"@type":"ListItem","position":1,"name":"Home","item":"https:\/\/www.one.org\/de\/"},{"@type":"ListItem","position":2,"name":"Info","item":"https:\/\/www.one.org\/de\/info\/"},{"@type":"ListItem","position":3,"name":"Gleichbehandlungsgewahrleistung"}]},{"@type":"WebSite","@id":"https:\/\/www.one.org\/de\/#website","url":"https:\/\/www.one.org\/de\/","name":"ONE.org","description":"F\u00fcr mehr wirtschaftliche Chancen und ein starkes Gesundheitswesen in Afrika","potentialAction":[{"@type":"SearchAction","target":{"@type":"EntryPoint","urlTemplate":"https:\/\/www.one.org\/de\/?s={search_term_string}"},"query-input":{"@type":"PropertyValueSpecification","valueRequired":true,"valueName":"search_term_string"}}],"inLanguage":"de-DE"}]}},"distributor_meta":false,"distributor_terms":false,"distributor_media":false,"distributor_original_site_name":"ONE.org Deutschland","distributor_original_site_url":"https:\/\/www.one.org\/de","push-errors":false,"_links":{"self":[{"href":"https:\/\/www.one.org\/de\/wp-json\/wp\/v2\/pages\/162338","targetHints":{"allow":["GET"]}}],"collection":[{"href":"https:\/\/www.one.org\/de\/wp-json\/wp\/v2\/pages"}],"about":[{"href":"https:\/\/www.one.org\/de\/wp-json\/wp\/v2\/types\/page"}],"author":[{"embeddable":true,"href":"https:\/\/www.one.org\/de\/wp-json\/wp\/v2\/users\/3"}],"replies":[{"embeddable":true,"href":"https:\/\/www.one.org\/de\/wp-json\/wp\/v2\/comments?post=162338"}],"version-history":[{"count":0,"href":"https:\/\/www.one.org\/de\/wp-json\/wp\/v2\/pages\/162338\/revisions"}],"up":[{"embeddable":true,"href":"https:\/\/www.one.org\/de\/wp-json\/wp\/v2\/pages\/204"}],"wp:attachment":[{"href":"https:\/\/www.one.org\/de\/wp-json\/wp\/v2\/media?parent=162338"}],"curies":[{"name":"wp","href":"https:\/\/api.w.org\/{rel}","templated":true}]}}