{"id":162285,"date":"2023-08-28T09:19:23","date_gmt":"2023-08-28T09:19:23","guid":{"rendered":"https:\/\/www.one.org\/de\/?page_id=162285"},"modified":"2023-09-05T12:21:23","modified_gmt":"2023-09-05T12:21:23","slug":"one-berichte","status":"publish","type":"page","link":"https:\/\/www.one.org\/de\/was-wir-tun\/one-berichte\/","title":{"rendered":"ONE Berichte"},"content":{"rendered":"\n<div id=\"block_afd143f85740bfd839fd29c7fb672c4a\" class=\"oneorg-block oneorg-promo flush is-style-bottom  has-text-align-left  \">\n\n\t\t\t    \n\n\t\t\t<div class=\"oneorg-promo__wrapper\">\n\t\t\t\t<div class=\"oneorg-promo__inner\">   \n\n\t\t\t\t<div class=\"oneorg-promo__content\">\n\t\t\t\t\t<div class=\"acf-innerblocks-container\">\n\n<p class=\"oneorg-section-title\">Was wir tun<\/p>\n\n\n\n<h2 class=\"wp-block-heading\" id=\"h-one-berichte\">ONE Berichte<\/h2>\n\n\n\n<\/div>\n\t\t\t\t<\/div>\n\t\t\t\t\n\t\t\t\t<\/div>\n\t\t\t<\/div>\n\n<\/div>\n\n\n<div id=\"block_7135de63fbab90b4f16bc9161b9159b0\" class=\"oneorg-block oneorg-cards \">\n\n\t<div class=\"oneorg-cards__content\">\n\n\t\t\t\t\t<div class=\"acf-innerblocks-container\">\n\n<h2 class=\"wp-block-heading oneorg-section-title\" id=\"h-\"><\/h2>\n\n\n<div class=\"oneorg-cards__grid oneorg-cards__grid--12 oneorg-cards__grid--one_policy \">\n\t<div class=\"oneorg-list-item  has-image\" data-url=\"https:\/\/www.one.org\/de\/policy\/wirtschaftliche-chancengleichheit-frauen-wachstum-stabilitaet\/\">\n\t<h3 class=\"oneorg-card__heading mb-1\"><a href=\"https:\/\/www.one.org\/de\/policy\/wirtschaftliche-chancengleichheit-frauen-wachstum-stabilitaet\/\" rel=\"bookmark\">Gleiche Chancen:\u00a0ein Motor f\u00fcr Wachstum, eine S\u00e4ule der Stabilit\u00e4t.<\/a><\/h3>    <div class=\"oneorg-card__content\">\n        <p><time class=\"updated\" datetime=\"2026-03-04T13:32:31\">4 March 2026<\/time><\/p>\n        Gleiche wirtschaftliche Chancen f\u00fcr Frauen sind ein zentraler Hebel f\u00fcr Wachstum, Armutsbek\u00e4mpfung und globale Stabilit\u00e4t. Der Text zeigt, warum Geschlechtergleichstellung entwicklungspolitisch, sicherheitspolitisch und wirtschaftlich im strategischen Interesse Deutschlands liegt \u2013 und welche Rolle Entwicklungszusammenarbeit dabei spielt.        <div class=\"oneorg-card__link\">\n            <a class=\"\" href=\"https:\/\/www.one.org\/de\/policy\/wirtschaftliche-chancengleichheit-frauen-wachstum-stabilitaet\/\">Mehr lesen<\/a>\n        <\/div>\n    <\/div>\n<\/div><div class=\"oneorg-list-item  has-image\" data-url=\"https:\/\/www.one.org\/de\/policy\/das-sicherheitsparadox-mehr-verteidigung-weniger-stabilitaet\/\">\n\t<h3 class=\"oneorg-card__heading mb-1\"><a href=\"https:\/\/www.one.org\/de\/policy\/das-sicherheitsparadox-mehr-verteidigung-weniger-stabilitaet\/\" rel=\"bookmark\">Das Sicherheitsparadox: Mehr Verteidigung, weniger Stabilit\u00e4t?\u00a0<\/a><\/h3>    <div class=\"oneorg-card__content\">\n        <p><time class=\"updated\" datetime=\"2026-02-12T11:26:47\">12 February 2026<\/time><\/p>\n        Vor der M\u00fcnchner Sicherheitskonferenz ver\u00f6ffentlich die Entwicklungsorganisation ONE ihren Bericht \u201cDas Sicherheitsparadox: Mehr Verteidigung, Weniger Stabilit\u00e4t?\u201d. Das Ergebnis: Sicherheitspolitik setzt immer st\u00e4rker auf \u201cHard Power\u201d statt \u201cSoft Power\u201d.\u00a0\u00a0        <div class=\"oneorg-card__link\">\n            <a class=\"\" href=\"https:\/\/www.one.org\/de\/policy\/das-sicherheitsparadox-mehr-verteidigung-weniger-stabilitaet\/\">Mehr lesen<\/a>\n        <\/div>\n    <\/div>\n<\/div><div class=\"oneorg-list-item  has-image\" data-url=\"https:\/\/www.one.org\/de\/policy\/globaler-fonds-2025\/\">\n\t<h3 class=\"oneorg-card__heading mb-1\"><a href=\"https:\/\/www.one.org\/de\/policy\/globaler-fonds-2025\/\" rel=\"bookmark\">Der Globale Fonds \u2013 eine Investition, die sich auszahlt<\/a><\/h3>    <div class=\"oneorg-card__content\">\n        <p><time class=\"updated\" datetime=\"2025-10-09T10:33:30\">9 October 2025<\/time><\/p>\n        Deutschlands Beitrag zum Globalen Fonds rettet Millionen Leben, st\u00e4rkt die Wirtschaft und muss gesichert bleiben. Unsere interaktive Karte zeigt, wie stark der Globale Fonds auch hierzulande wirkt: Mehr als jeder f\u00fcnfte Euro, den Deutschland in den Fonds investiert, flie\u00dft \u00fcber Auftr\u00e4ge und Zulieferungen an Unternehmen in Deutschland zur\u00fcck.        <div class=\"oneorg-card__link\">\n            <a class=\"\" href=\"https:\/\/www.one.org\/de\/policy\/globaler-fonds-2025\/\">Mehr lesen<\/a>\n        <\/div>\n    <\/div>\n<\/div><div class=\"oneorg-list-item \" data-url=\"https:\/\/www.one.org\/de\/policy\/kosten-der-kuerzungen\/\">\n\t<h3 class=\"oneorg-card__heading mb-1\"><a href=\"https:\/\/www.one.org\/de\/policy\/kosten-der-kuerzungen\/\" rel=\"bookmark\">Deutsche Entwicklungszusammenarbeit: Die Kosten der K\u00fcrzungen<\/a><\/h3>    <div class=\"oneorg-card__content\">\n        <p><time class=\"updated\" datetime=\"2025-09-04T08:54:30\">4 September 2025<\/time><\/p>\n        Entwicklungszusammenarbeit ist eine Investition in globale Stabilit\u00e4t, Sicherheit und wirtschaftliches Wachstum. Doch nun plant die Bundesregierung f\u00fcr 2025 und 2026 drastische K\u00fcrzungen im Etat des Entwicklungsministeriums (BMZ) und setzt damit mindestens 650.000 Menschenleben aufs Spiel.        <div class=\"oneorg-card__link\">\n            <a class=\"\" href=\"https:\/\/www.one.org\/de\/policy\/kosten-der-kuerzungen\/\">Mehr lesen<\/a>\n        <\/div>\n    <\/div>\n<\/div><div class=\"oneorg-list-item  has-image\" data-url=\"https:\/\/www.one.org\/de\/policy\/one-feministische-entwicklungspolitik\/\">\n\t<h3 class=\"oneorg-card__heading mb-1\"><a href=\"https:\/\/www.one.org\/de\/policy\/one-feministische-entwicklungspolitik\/\" rel=\"bookmark\">Feminismus Global: Unsere Forderungen f\u00fcr die Realisierung einer feministischen Entwicklungspolitik<\/a><\/h3>    <div class=\"oneorg-card__content\">\n        <p><time class=\"updated\" datetime=\"2023-02-27T08:00:31\">27 February 2023<\/time><\/p>\n        Nur mit einer feministischen Entwicklungspolitik kann die Bundesregierung die Nachhaltigen Entwicklungsziele der Agenda 2030 erreichen. Denn die gr\u00f6\u00dften Herausforderungen unserer Zeit \u2013 extreme Armut und Ungleichheiten, die Klimakrise, bewaffnete Konflikte, gesundheitliche Bedrohungen \u2013 treffen Frauen* und andere marginalisierte Gruppen am st\u00e4rksten.        <div class=\"oneorg-card__link\">\n            <a class=\"\" href=\"https:\/\/www.one.org\/de\/policy\/one-feministische-entwicklungspolitik\/\">Mehr lesen<\/a>\n        <\/div>\n    <\/div>\n<\/div><div class=\"oneorg-list-item  has-image\" data-url=\"https:\/\/www.one.org\/de\/policy\/g7-covid-klima-konflikte-2022\/\">\n\t<h3 class=\"oneorg-card__heading mb-1\"><a href=\"https:\/\/www.one.org\/de\/policy\/g7-covid-klima-konflikte-2022\/\" rel=\"bookmark\">Wie sich die multiplen Krisen von COVID-19, Klima und Konflikten auf afrikanische L\u00e4nder auswirken &#8211; und was die G7 dagegen tun sollten<\/a><\/h3>    <div class=\"oneorg-card__content\">\n        <p><time class=\"updated\" datetime=\"2022-05-10T08:07:06\">10 May 2022<\/time><\/p>\n        Unter der diesj\u00e4hrigen Pr\u00e4sidentschaft Deutschlands f\u00e4llt das Gipfeltreffen der G7-Staats- und Regierungschefs in eine Zeit von multiplen, sich \u00fcberlagernden Weltkrisen. Die andauernden Auswirkungen der COVID-19-Pandemie, der Klimakrise und bewaffneter Konflikte bringen Entscheidungstr\u00e4ger*innen an einen Scheideweg.        <div class=\"oneorg-card__link\">\n            <a class=\"\" href=\"https:\/\/www.one.org\/de\/policy\/g7-covid-klima-konflikte-2022\/\">Mehr lesen<\/a>\n        <\/div>\n    <\/div>\n<\/div><div class=\"oneorg-list-item  has-image\" data-url=\"https:\/\/www.one.org\/de\/policy\/weitergabe-impfdosen\/\">\n\t<h3 class=\"oneorg-card__heading mb-1\"><a href=\"https:\/\/www.one.org\/de\/policy\/weitergabe-impfdosen\/\" rel=\"bookmark\">Die Bundesregierung muss \u00fcberfl\u00fcssige COVID-19-Impfdosen an andere L\u00e4nder weitergeben: Was bisher passiert ist<\/a><\/h3>    <div class=\"oneorg-card__content\">\n        <p><time class=\"updated\" datetime=\"2022-01-18T10:38:06\">18 January 2022<\/time><\/p>\n        Damit wir die Coronapandemie f\u00fcr die globale Gemeinschaft beenden k\u00f6nnen, d\u00fcrfen Regierungen reicher L\u00e4nder nicht l\u00e4nger \u00fcberfl\u00fcssige Impfdosen horten. Eine schnelle Weitergabe, insbesondere an von Armut betroffene L\u00e4nder, ist dabei ein entscheidender Schritt. Letztes Jahr sagte die Bundesregierung zu, bis Ende 2021 100 Millionen COVID-19-Impfdosen weiterzugeben.        <div class=\"oneorg-card__link\">\n            <a class=\"\" href=\"https:\/\/www.one.org\/de\/policy\/weitergabe-impfdosen\/\">Mehr lesen<\/a>\n        <\/div>\n    <\/div>\n<\/div><div class=\"oneorg-list-item \" data-url=\"https:\/\/www.one.org\/de\/policy\/covid-19-und-hiv-aids\/\">\n\t<h3 class=\"oneorg-card__heading mb-1\"><a href=\"https:\/\/www.one.org\/de\/policy\/covid-19-und-hiv-aids\/\" rel=\"bookmark\">Weshalb wir die Bek\u00e4mpfung von COVID-19 und HIV\/Aids zusammendenken m\u00fcssen<\/a><\/h3>    <div class=\"oneorg-card__content\">\n        <p><time class=\"updated\" datetime=\"2021-11-26T12:16:06\">26 November 2021<\/time><\/p>\n        Zwei Jahre im Kampf gegen zwei Pandemien gleichzeitig haben eines sehr deutlich gemacht: Um zwei Jahrzehnte des Fortschritts im Kampf gegen HIV\/Aids zu bewahren und fortsetzen zu k\u00f6nnen, muss zun\u00e4chst die Verbreitung von COVID-19 gestoppt werden.        <div class=\"oneorg-card__link\">\n            <a class=\"\" href=\"https:\/\/www.one.org\/de\/policy\/covid-19-und-hiv-aids\/\">Mehr lesen<\/a>\n        <\/div>\n    <\/div>\n<\/div><div class=\"oneorg-list-item  has-image\" data-url=\"https:\/\/www.one.org\/de\/policy\/die-zukunft-von-70-millionen-kindern-neu-schreiben\/\">\n\t<h3 class=\"oneorg-card__heading mb-1\"><a href=\"https:\/\/www.one.org\/de\/policy\/die-zukunft-von-70-millionen-kindern-neu-schreiben\/\" rel=\"bookmark\">Die Zukunft von 70 Millionen Kindern neu schreiben<\/a><\/h3>    <div class=\"oneorg-card__content\">\n        <p><time class=\"updated\" datetime=\"2021-03-29T16:58:59\">29 March 2021<\/time><\/p>\n        Auf dem H\u00f6hepunkt der COVID-19-Pandemie konnten. 1,6 Milliarden Kinder nicht zur Schule gehen.\n\nIn diesem Jahr ist es vielleicht zu sp\u00e4t, um die Lernkurve von mehr als der H\u00e4lfte der Zehnj\u00e4hrigen auf dem Planeten zu \u00e4ndern. Das ist sehr schlimm. Aber wir k\u00f6nnen etwas f\u00fcr die Kinder tun, die n\u00e4chstes Jahr und jedes Jahr danach die Tage bis zu ihrem zehnten Geburtstag z\u00e4hlen.        <div class=\"oneorg-card__link\">\n            <a class=\"\" href=\"https:\/\/www.one.org\/de\/policy\/die-zukunft-von-70-millionen-kindern-neu-schreiben\/\">Mehr lesen<\/a>\n        <\/div>\n    <\/div>\n<\/div><div class=\"oneorg-list-item  has-image\" data-url=\"https:\/\/www.one.org\/de\/policy\/weshalb-die-g20-ein-multilaterales-schuldenmoratorium-unterstuetzen-sollten\/\">\n\t<h3 class=\"oneorg-card__heading mb-1\"><a href=\"https:\/\/www.one.org\/de\/policy\/weshalb-die-g20-ein-multilaterales-schuldenmoratorium-unterstuetzen-sollten\/\" rel=\"bookmark\">Weshalb die G20 ein multilaterales Schuldenmoratorium unterst\u00fctzen sollten<\/a><\/h3>    <div class=\"oneorg-card__content\">\n        <p><time class=\"updated\" datetime=\"2020-09-03T11:48:45\">3 September 2020<\/time><\/p>\n        Um die aktuelle Krise und ihre wirtschaftlichen Folgen zu bew\u00e4ltigen, sind viele afrikanische L\u00e4nder dringend auf umfangreiche Finanzhilfen angewiesen. F\u00fcr alle finanzschwachen L\u00e4nder m\u00fcssen die richtigen Bedingungen geschaffen werden, damit sie niemals vor dem Dilemma stehen, entweder Schuldendienstzahlungen zu leisten oder die unmittelbaren medizinischen und wirtschaftlichen Folgen von Covid-19 zu bew\u00e4ltigen.\u00a0\n\nDie G20-Finanzminister*innen sollten umgehend Ma\u00dfnahmen ergreifen, um die Bereitstellung schneller und flexibler Hilfe, die Vermeidung von Zahlungsausf\u00e4llen und deren Auswirkungen und die Sicherstellung einer kollektiven, umfassenden und gerechten Reaktion sicherstellen zu k\u00f6nnen.        <div class=\"oneorg-card__link\">\n            <a class=\"\" href=\"https:\/\/www.one.org\/de\/policy\/weshalb-die-g20-ein-multilaterales-schuldenmoratorium-unterstuetzen-sollten\/\">Mehr lesen<\/a>\n        <\/div>\n    <\/div>\n<\/div><div class=\"oneorg-list-item  has-image\" data-url=\"https:\/\/www.one.org\/de\/policy\/die-europaeische-finanztransaktionssteuer-und-warum-wir-sie-brauchen\/\">\n\t<h3 class=\"oneorg-card__heading mb-1\"><a href=\"https:\/\/www.one.org\/de\/policy\/die-europaeische-finanztransaktionssteuer-und-warum-wir-sie-brauchen\/\" rel=\"bookmark\">Die europ\u00e4ische Finanztransaktionssteuer &#8211; und warum wir sie brauchen<\/a><\/h3>    <div class=\"oneorg-card__content\">\n        <p><time class=\"updated\" datetime=\"2020-09-03T11:03:29\">3 September 2020<\/time><\/p>\n        Mit einer Besteuerung b\u00f6rslicher und au\u00dferb\u00f6rslicher Finanztransaktionen k\u00f6nnte die EU den am st\u00e4rksten von Armut betroffenen Staaten helfen, sich von der Folgen der Covid-19-Krise zu erholen.\u00a0Der von der deutschen und franz\u00f6sischen Regierung vorgelegte Vorschlag ist jedoch noch nicht ambitioniert genug. Die EU muss dringend handeln und sich auf eine robuste und substanzielle Finanztransaktionssteuer einigen, um die \u00e4rmsten und schw\u00e4chsten L\u00e4nder der Welt bei der Bek\u00e4mpfung der Pandemie zu unterst\u00fctzen.        <div class=\"oneorg-card__link\">\n            <a class=\"\" href=\"https:\/\/www.one.org\/de\/policy\/die-europaeische-finanztransaktionssteuer-und-warum-wir-sie-brauchen\/\">Mehr lesen<\/a>\n        <\/div>\n    <\/div>\n<\/div><div class=\"oneorg-list-item  has-image\" data-url=\"https:\/\/www.one.org\/de\/policy\/one-world-unsere-forderungen-an-die-bundesregierung\/\">\n\t<h3 class=\"oneorg-card__heading mb-1\"><a href=\"https:\/\/www.one.org\/de\/policy\/one-world-unsere-forderungen-an-die-bundesregierung\/\" rel=\"bookmark\">ONE World: Unsere Forderungen an die Bundesregierung<\/a><\/h3>    <div class=\"oneorg-card__content\">\n        <p><time class=\"updated\" datetime=\"2020-08-12T13:37:48\">12 August 2020<\/time><\/p>\n        Das Coronavirus f\u00fchrt zu tiefgreifenden Einschnitten in unser Leben, unsere Wirtschaft und Gesellschaft. Es zeigt uns wie nie zuvor, dass wir gemeinsam gegen globale Bedrohungen vorgehen m\u00fcssen. Viren achten&#8230;        <div class=\"oneorg-card__link\">\n            <a class=\"\" href=\"https:\/\/www.one.org\/de\/policy\/one-world-unsere-forderungen-an-die-bundesregierung\/\">Mehr lesen<\/a>\n        <\/div>\n    <\/div>\n<\/div>\t\t<\/div>\n\n<nav class=\"oneorg-pagination\" aria-label=\"Pagination\">\n<ul class=\"oneorg-pagination__list\">\n\t\t\t\t <li class=\"oneorg-pagination__item oneorg-pagination__item--active\">\n\t\t\t\t <a href=\"https:\/\/www.one.org\/de\/wp-json\/wp\/v2\/pages\/162285\/\" class=\"oneorg-pagination__link\">\n\t\t\t\t\t 1\t\t\t\t <\/a>\n\t\t\t <\/li>\n\t\t\t \t\t\t <li class=\"oneorg-pagination__item\">\n\t\t\t\t <a href=\"https:\/\/www.one.org\/de\/wp-json\/wp\/v2\/pages\/162285\/page\/2\/\" class=\"oneorg-pagination__link\">\n\t\t\t\t\t 2\t\t\t\t <\/a>\n\t\t\t <\/li>\n\t\t\t \t<li class=\"oneorg-pagination__item oneorg-pagination__item--next\">\n\t\t<a href=\"https:\/\/www.one.org\/de\/wp-json\/wp\/v2\/pages\/162285\/page\/2\/\" class=\"oneorg-pagination__link\" rel=\"next\">\n\t\t\t<span class=\"oneorg-pagination__link-text\">N\u00e4chste<\/span>\n\t\t<\/a>\n\t<\/li>\n\t<\/ul>\n<\/nav>\n\n\t\n\n\n<\/div>\n\t\t\t\n\t<\/div>\n\n<\/div><div class=\"buffer\"><\/div>","protected":false},"excerpt":{"rendered":"","protected":false},"author":3,"featured_media":0,"parent":72,"menu_order":0,"comment_status":"closed","ping_status":"closed","template":"","meta":{"_acf_changed":false,"_relevanssi_hide_post":"","_relevanssi_hide_content":"","_relevanssi_pin_for_all":"","_relevanssi_pin_keywords":"","_relevanssi_unpin_keywords":"","_relevanssi_related_keywords":"","_relevanssi_related_include_ids":"","_relevanssi_related_exclude_ids":"","_relevanssi_related_no_append":"","_relevanssi_related_not_related":"","_relevanssi_related_posts":"1","_relevanssi_noindex_reason":"","footnotes":""},"class_list":["post-162285","page","type-page","status-publish","hentry"],"acf":[],"yoast_head":"<!-- This site is optimized with the Yoast SEO Premium plugin v27.1 (Yoast SEO v27.1.1) - https:\/\/yoast.com\/product\/yoast-seo-premium-wordpress\/ -->\n<title>ONE Berichte - ONE.org Deutschland<\/title>\n<meta name=\"robots\" content=\"index, follow, max-snippet:-1, max-image-preview:large, max-video-preview:-1\" \/>\n<link rel=\"canonical\" href=\"https:\/\/www.one.org\/de\/was-wir-tun\/one-berichte\/\" \/>\n<meta property=\"og:locale\" content=\"de_DE\" \/>\n<meta property=\"og:type\" content=\"article\" \/>\n<meta property=\"og:title\" content=\"ONE Berichte\" \/>\n<meta property=\"og:url\" content=\"https:\/\/www.one.org\/de\/was-wir-tun\/one-berichte\/\" \/>\n<meta property=\"og:site_name\" content=\"ONE.org Deutschland\" \/>\n<meta property=\"article:publisher\" content=\"https:\/\/www.facebook.com\/ONEinNederland\" \/>\n<meta property=\"article:modified_time\" content=\"2023-09-05T12:21:23+00:00\" \/>\n<meta property=\"og:image\" content=\"https:\/\/www.one.org\/de\/wp-content\/uploads\/sites\/3\/2023\/09\/GA_share_1200x628-768x402-1.png\" \/>\n\t<meta property=\"og:image:width\" content=\"768\" \/>\n\t<meta property=\"og:image:height\" content=\"402\" \/>\n\t<meta property=\"og:image:type\" content=\"image\/png\" \/>\n<meta name=\"twitter:card\" content=\"summary_large_image\" \/>\n<meta name=\"twitter:site\" content=\"@ONENederland\" \/>\n<meta name=\"twitter:label1\" content=\"Est. reading time\" \/>\n\t<meta name=\"twitter:data1\" content=\"1 minute\" \/>\n<script type=\"application\/ld+json\" class=\"yoast-schema-graph\">{\"@context\":\"https:\/\/schema.org\",\"@graph\":[{\"@type\":\"WebPage\",\"@id\":\"https:\/\/www.one.org\/de\/was-wir-tun\/one-berichte\/\",\"url\":\"https:\/\/www.one.org\/de\/was-wir-tun\/one-berichte\/\",\"name\":\"ONE Berichte - ONE.org Deutschland\",\"isPartOf\":{\"@id\":\"https:\/\/www.one.org\/de\/#website\"},\"datePublished\":\"2023-08-28T09:19:23+00:00\",\"dateModified\":\"2023-09-05T12:21:23+00:00\",\"breadcrumb\":{\"@id\":\"https:\/\/www.one.org\/de\/was-wir-tun\/one-berichte\/#breadcrumb\"},\"inLanguage\":\"de-DE\",\"potentialAction\":[{\"@type\":\"ReadAction\",\"target\":[\"https:\/\/www.one.org\/de\/was-wir-tun\/one-berichte\/\"]}]},{\"@type\":\"BreadcrumbList\",\"@id\":\"https:\/\/www.one.org\/de\/was-wir-tun\/one-berichte\/#breadcrumb\",\"itemListElement\":[{\"@type\":\"ListItem\",\"position\":1,\"name\":\"Home\",\"item\":\"https:\/\/www.one.org\/de\/\"},{\"@type\":\"ListItem\",\"position\":2,\"name\":\"Was wir tun\",\"item\":\"https:\/\/www.one.org\/de\/was-wir-tun\/\"},{\"@type\":\"ListItem\",\"position\":3,\"name\":\"ONE Berichte\"}]},{\"@type\":\"WebSite\",\"@id\":\"https:\/\/www.one.org\/de\/#website\",\"url\":\"https:\/\/www.one.org\/de\/\",\"name\":\"ONE.org\",\"description\":\"F\u00fcr mehr wirtschaftliche Chancen und ein starkes Gesundheitswesen in Afrika\",\"potentialAction\":[{\"@type\":\"SearchAction\",\"target\":{\"@type\":\"EntryPoint\",\"urlTemplate\":\"https:\/\/www.one.org\/de\/?s={search_term_string}\"},\"query-input\":{\"@type\":\"PropertyValueSpecification\",\"valueRequired\":true,\"valueName\":\"search_term_string\"}}],\"inLanguage\":\"de-DE\"}]}<\/script>\n<!-- \/ Yoast SEO Premium plugin. -->","yoast_head_json":{"title":"ONE Berichte - ONE.org Deutschland","robots":{"index":"index","follow":"follow","max-snippet":"max-snippet:-1","max-image-preview":"max-image-preview:large","max-video-preview":"max-video-preview:-1"},"canonical":"https:\/\/www.one.org\/de\/was-wir-tun\/one-berichte\/","og_locale":"de_DE","og_type":"article","og_title":"ONE Berichte","og_url":"https:\/\/www.one.org\/de\/was-wir-tun\/one-berichte\/","og_site_name":"ONE.org Deutschland","article_publisher":"https:\/\/www.facebook.com\/ONEinNederland","article_modified_time":"2023-09-05T12:21:23+00:00","og_image":[{"width":768,"height":402,"url":"https:\/\/www.one.org\/de\/wp-content\/uploads\/sites\/3\/2023\/09\/GA_share_1200x628-768x402-1.png","type":"image\/png"}],"twitter_card":"summary_large_image","twitter_site":"@ONENederland","twitter_misc":{"Est. reading time":"1 minute"},"schema":{"@context":"https:\/\/schema.org","@graph":[{"@type":"WebPage","@id":"https:\/\/www.one.org\/de\/was-wir-tun\/one-berichte\/","url":"https:\/\/www.one.org\/de\/was-wir-tun\/one-berichte\/","name":"ONE Berichte - ONE.org Deutschland","isPartOf":{"@id":"https:\/\/www.one.org\/de\/#website"},"datePublished":"2023-08-28T09:19:23+00:00","dateModified":"2023-09-05T12:21:23+00:00","breadcrumb":{"@id":"https:\/\/www.one.org\/de\/was-wir-tun\/one-berichte\/#breadcrumb"},"inLanguage":"de-DE","potentialAction":[{"@type":"ReadAction","target":["https:\/\/www.one.org\/de\/was-wir-tun\/one-berichte\/"]}]},{"@type":"BreadcrumbList","@id":"https:\/\/www.one.org\/de\/was-wir-tun\/one-berichte\/#breadcrumb","itemListElement":[{"@type":"ListItem","position":1,"name":"Home","item":"https:\/\/www.one.org\/de\/"},{"@type":"ListItem","position":2,"name":"Was wir tun","item":"https:\/\/www.one.org\/de\/was-wir-tun\/"},{"@type":"ListItem","position":3,"name":"ONE Berichte"}]},{"@type":"WebSite","@id":"https:\/\/www.one.org\/de\/#website","url":"https:\/\/www.one.org\/de\/","name":"ONE.org","description":"F\u00fcr mehr wirtschaftliche Chancen und ein starkes Gesundheitswesen in Afrika","potentialAction":[{"@type":"SearchAction","target":{"@type":"EntryPoint","urlTemplate":"https:\/\/www.one.org\/de\/?s={search_term_string}"},"query-input":{"@type":"PropertyValueSpecification","valueRequired":true,"valueName":"search_term_string"}}],"inLanguage":"de-DE"}]}},"distributor_meta":false,"distributor_terms":false,"distributor_media":false,"distributor_original_site_name":"ONE.org Deutschland","distributor_original_site_url":"https:\/\/www.one.org\/de","push-errors":false,"_links":{"self":[{"href":"https:\/\/www.one.org\/de\/wp-json\/wp\/v2\/pages\/162285","targetHints":{"allow":["GET"]}}],"collection":[{"href":"https:\/\/www.one.org\/de\/wp-json\/wp\/v2\/pages"}],"about":[{"href":"https:\/\/www.one.org\/de\/wp-json\/wp\/v2\/types\/page"}],"author":[{"embeddable":true,"href":"https:\/\/www.one.org\/de\/wp-json\/wp\/v2\/users\/3"}],"replies":[{"embeddable":true,"href":"https:\/\/www.one.org\/de\/wp-json\/wp\/v2\/comments?post=162285"}],"version-history":[{"count":0,"href":"https:\/\/www.one.org\/de\/wp-json\/wp\/v2\/pages\/162285\/revisions"}],"up":[{"embeddable":true,"href":"https:\/\/www.one.org\/de\/wp-json\/wp\/v2\/pages\/72"}],"wp:attachment":[{"href":"https:\/\/www.one.org\/de\/wp-json\/wp\/v2\/media?parent=162285"}],"curies":[{"name":"wp","href":"https:\/\/api.w.org\/{rel}","templated":true}]}}