{"id":162200,"date":"2023-08-17T11:26:17","date_gmt":"2023-08-17T11:26:17","guid":{"rendered":"https:\/\/www.one.org\/de\/?page_id=162200"},"modified":"2023-08-17T11:27:36","modified_gmt":"2023-08-17T11:27:36","slug":"one-diversitaets-und-inklusionserklaerung","status":"publish","type":"page","link":"https:\/\/www.one.org\/de\/ueber-one\/one-diversitaets-und-inklusionserklaerung\/","title":{"rendered":"ONE Diversit\u00e4ts- und Inklusionserkl\u00e4rung"},"content":{"rendered":"\n<div id=\"block_ff7d0751690919faf367c5ec3cd8a5e0\" class=\"oneorg-block oneorg-promo flush is-style-bottom  has-text-align-left  \">\n\n\t\t\t    \n\n\t\t\t<div class=\"oneorg-promo__wrapper\">\n\t\t\t\t<div class=\"oneorg-promo__inner\">   \n\n\t\t\t\t<div class=\"oneorg-promo__content\">\n\t\t\t\t\t<div class=\"acf-innerblocks-container\">\n\n<p class=\"oneorg-section-title\"><\/p>\n\n\n\n<h2 class=\"wp-block-heading\" id=\"h-one-diversitats-und-inklusionserklarung\">ONE Diversit\u00e4ts- und Inklusionserkl\u00e4rung<\/h2>\n\n\n\n<\/div>\n\t\t\t\t<\/div>\n\t\t\t\t\n\t\t\t\t<\/div>\n\t\t\t<\/div>\n\n<\/div>\n\n\n\n<div style=\"height:25px\" aria-hidden=\"true\" class=\"wp-block-spacer\"><\/div>\n\n\n\n<p>ONE ist eine internationale Organisation. Wo immer wir t\u00e4tig sind, streben wir danach, eine integrative Unternehmenskultur zu etablieren, in der Vielfalt gesch\u00e4tzt und gelebt wird. <\/p>\n\n\n\n<p>ONE begreift eine kulturell vielf\u00e4ltige und integrationsfreudige Belegschaft als Gewinn f\u00fcr jedes Unternehmen. Indem wir eine Gemeinschaft von Menschen mit unterschiedlichsten Hintergr\u00fcnden, Erfahrungen und Perspektiven schaffen \u2013 das ist unsere feste \u00dcberzeugung \u2013, sind wir st\u00e4rker und besser ger\u00fcstet, f\u00fcr eine Welt zu k\u00e4mpfen, wie wir sie sehen wollen: Eine Welt, in der es alle Menschen m\u00f6glich ist, ihr volles Potenzial auszusch\u00f6pfen und an den Entscheidungen teilzuhaben, die Einfluss auf ihr Leben haben. Die Kreativit\u00e4t und Innovation, die sich aus Meinungs- und Gedankenvielfalt sowie der Einbeziehung von Perspektiven ergibt, ist f\u00fcr die Umsetzung der Ziele von ONE unerl\u00e4sslich.<\/p>\n\n\n\n<p><strong>Was Vielfalt und Integration f\u00fcr ONE bedeutet:<\/strong><\/p>\n\n\n\n<ul class=\"wp-block-list\">\n<li><strong>Personelle Vielfalt zu f\u00f6rdern und zu leben<\/strong>\u00a0\u2013 Gew\u00e4hrleistung einer integrativen Unternehmenskultur f\u00fcr alle, unabh\u00e4ngig von Rasse, Geschlecht, nationaler oder ethnischer Herkunft, Kultur, Sprache, Alter, Religion, sexueller Orientierung, k\u00f6rperlichen F\u00e4higkeiten, politischen \u00dcberzeugungen und sonstigen Unterschieden zwischen den Menschen.<\/li>\n\n\n\n<li><strong>Daf\u00fcr zu sorgen, dass die Organisation allen offensteht<\/strong>\u00a0\u2013 Ein Umfeld zu f\u00f6rdern und zu wahren, das unterschiedliche Perspektiven erm\u00f6glicht und den Mitarbeiter*innen den Raum und die M\u00f6glichkeiten bietet, bei der Arbeit ganz sie selbst zu sein. Wo alle eine Stimme haben und ermutigt werden, sich einzubringen.<\/li>\n\n\n\n<li><strong>Perspektivische Vielfalt wertzusch\u00e4tzen<\/strong>\u00a0\u2013 Die unterschiedlichen Meinungen, Denkweisen, F\u00e4higkeiten und Erfahrungen unserer Mitarbeiter*innen und anderer Interessenvertreter*innen anzuerkennen und miteinzubeziehen. M\u00f6glichkeiten zum Lernen zu bieten, sowie eine Kultur der Offenheit, der Anteilnahme und der Inklusivit\u00e4t zwischen Einzelpersonen und Gruppen f\u00f6rdern.<\/li>\n\n\n\n<li><strong>Die unterschiedlichen Interessengruppen gleicherma\u00dfen zu respektieren<\/strong>\u00a0\u2013 Sicherzustellen, dass wir die verschiedenen Gemeinschaften und Interessengruppen \u2013 darunter Mitarbeiter*innen, Unterst\u00fctzer*innen, Aktivist*innen, Regierungen, Partner und unser Vorstand \u2013 gleicherma\u00dfen respektieren.<\/li>\n<\/ul>\n\n\n\n<p>Durch Worte und Apelle alleine werden wir diese Ziele nicht erreichen. Nur mit engagiertem Einsatz, gemeinschaftlichen Anstrengungen, Lernbereitschaft, gezielten Ma\u00dfnahmen und Interaktionen \u2013 sowie durch einen tiefen und bleibenden Respekt f\u00fcreinander \u2013 k\u00f6nnen wir als Organisation jene Vielfalt und Offenheit verk\u00f6rpern, f\u00fcr die wir eintreten.<\/p>\n\n\n\n<div style=\"height:25px\" aria-hidden=\"true\" class=\"wp-block-spacer\"><\/div>\n<div class=\"buffer\"><\/div>","protected":false},"excerpt":{"rendered":"<p>ONE ist eine internationale Organisation. Wo immer wir t\u00e4tig sind, streben wir danach, eine integrative Unternehmenskultur zu etablieren, in der Vielfalt gesch\u00e4tzt und gelebt wird. ONE begreift eine kulturell vielf\u00e4ltige und integrationsfreudige Belegschaft als Gewinn f\u00fcr jedes Unternehmen. Indem wir eine Gemeinschaft von Menschen mit unterschiedlichsten Hintergr\u00fcnden, Erfahrungen und Perspektiven schaffen \u2013 das ist unsere [&hellip;]<\/p>\n","protected":false},"author":3,"featured_media":0,"parent":7,"menu_order":0,"comment_status":"closed","ping_status":"closed","template":"","meta":{"_acf_changed":false,"_relevanssi_hide_post":"","_relevanssi_hide_content":"","_relevanssi_pin_for_all":"","_relevanssi_pin_keywords":"","_relevanssi_unpin_keywords":"","_relevanssi_related_keywords":"","_relevanssi_related_include_ids":"","_relevanssi_related_exclude_ids":"","_relevanssi_related_no_append":"","_relevanssi_related_not_related":"","_relevanssi_related_posts":"1","_relevanssi_noindex_reason":"","footnotes":""},"class_list":["post-162200","page","type-page","status-publish","hentry"],"acf":[],"yoast_head":"<!-- This site is optimized with the Yoast SEO Premium plugin v27.1 (Yoast SEO v27.1.1) - https:\/\/yoast.com\/product\/yoast-seo-premium-wordpress\/ -->\n<title>ONE Diversit\u00e4ts- und Inklusionserkl\u00e4rung - ONE.org Deutschland<\/title>\n<meta name=\"robots\" content=\"index, follow, max-snippet:-1, max-image-preview:large, max-video-preview:-1\" \/>\n<link rel=\"canonical\" href=\"https:\/\/www.one.org\/de\/ueber-one\/one-diversitaets-und-inklusionserklaerung\/\" \/>\n<meta property=\"og:locale\" content=\"de_DE\" \/>\n<meta property=\"og:type\" content=\"article\" \/>\n<meta property=\"og:title\" content=\"ONE Diversit\u00e4ts- und Inklusionserkl\u00e4rung\" \/>\n<meta property=\"og:description\" content=\"ONE ist eine internationale Organisation. Wo immer wir t\u00e4tig sind, streben wir danach, eine integrative Unternehmenskultur zu etablieren, in der Vielfalt gesch\u00e4tzt und gelebt wird. ONE begreift eine kulturell vielf\u00e4ltige und integrationsfreudige Belegschaft als Gewinn f\u00fcr jedes Unternehmen. Indem wir eine Gemeinschaft von Menschen mit unterschiedlichsten Hintergr\u00fcnden, Erfahrungen und Perspektiven schaffen \u2013 das ist unsere [&hellip;]\" \/>\n<meta property=\"og:url\" content=\"https:\/\/www.one.org\/de\/ueber-one\/one-diversitaets-und-inklusionserklaerung\/\" \/>\n<meta property=\"og:site_name\" content=\"ONE.org Deutschland\" \/>\n<meta property=\"article:publisher\" content=\"https:\/\/www.facebook.com\/ONEinNederland\" \/>\n<meta property=\"article:modified_time\" content=\"2023-08-17T11:27:36+00:00\" \/>\n<meta property=\"og:image\" content=\"https:\/\/www.one.org\/de\/wp-content\/uploads\/sites\/3\/2023\/09\/GA_share_1200x628-768x402-1.png\" \/>\n\t<meta property=\"og:image:width\" content=\"768\" \/>\n\t<meta property=\"og:image:height\" content=\"402\" \/>\n\t<meta property=\"og:image:type\" content=\"image\/png\" \/>\n<meta name=\"twitter:card\" content=\"summary_large_image\" \/>\n<meta name=\"twitter:site\" content=\"@ONENederland\" \/>\n<meta name=\"twitter:label1\" content=\"Est. reading time\" \/>\n\t<meta name=\"twitter:data1\" content=\"2 minutes\" \/>\n<script type=\"application\/ld+json\" class=\"yoast-schema-graph\">{\"@context\":\"https:\/\/schema.org\",\"@graph\":[{\"@type\":\"WebPage\",\"@id\":\"https:\/\/www.one.org\/de\/ueber-one\/one-diversitaets-und-inklusionserklaerung\/\",\"url\":\"https:\/\/www.one.org\/de\/ueber-one\/one-diversitaets-und-inklusionserklaerung\/\",\"name\":\"ONE Diversit\u00e4ts- und Inklusionserkl\u00e4rung - ONE.org Deutschland\",\"isPartOf\":{\"@id\":\"https:\/\/www.one.org\/de\/#website\"},\"datePublished\":\"2023-08-17T11:26:17+00:00\",\"dateModified\":\"2023-08-17T11:27:36+00:00\",\"breadcrumb\":{\"@id\":\"https:\/\/www.one.org\/de\/ueber-one\/one-diversitaets-und-inklusionserklaerung\/#breadcrumb\"},\"inLanguage\":\"de-DE\",\"potentialAction\":[{\"@type\":\"ReadAction\",\"target\":[\"https:\/\/www.one.org\/de\/ueber-one\/one-diversitaets-und-inklusionserklaerung\/\"]}]},{\"@type\":\"BreadcrumbList\",\"@id\":\"https:\/\/www.one.org\/de\/ueber-one\/one-diversitaets-und-inklusionserklaerung\/#breadcrumb\",\"itemListElement\":[{\"@type\":\"ListItem\",\"position\":1,\"name\":\"Home\",\"item\":\"https:\/\/www.one.org\/de\/\"},{\"@type\":\"ListItem\",\"position\":2,\"name\":\"\u00dcber ONE\",\"item\":\"https:\/\/www.one.org\/de\/ueber-one\/\"},{\"@type\":\"ListItem\",\"position\":3,\"name\":\"ONE Diversit\u00e4ts- und Inklusionserkl\u00e4rung\"}]},{\"@type\":\"WebSite\",\"@id\":\"https:\/\/www.one.org\/de\/#website\",\"url\":\"https:\/\/www.one.org\/de\/\",\"name\":\"ONE.org\",\"description\":\"F\u00fcr mehr wirtschaftliche Chancen und ein starkes Gesundheitswesen in Afrika\",\"potentialAction\":[{\"@type\":\"SearchAction\",\"target\":{\"@type\":\"EntryPoint\",\"urlTemplate\":\"https:\/\/www.one.org\/de\/?s={search_term_string}\"},\"query-input\":{\"@type\":\"PropertyValueSpecification\",\"valueRequired\":true,\"valueName\":\"search_term_string\"}}],\"inLanguage\":\"de-DE\"}]}<\/script>\n<!-- \/ Yoast SEO Premium plugin. -->","yoast_head_json":{"title":"ONE Diversit\u00e4ts- und Inklusionserkl\u00e4rung - ONE.org Deutschland","robots":{"index":"index","follow":"follow","max-snippet":"max-snippet:-1","max-image-preview":"max-image-preview:large","max-video-preview":"max-video-preview:-1"},"canonical":"https:\/\/www.one.org\/de\/ueber-one\/one-diversitaets-und-inklusionserklaerung\/","og_locale":"de_DE","og_type":"article","og_title":"ONE Diversit\u00e4ts- und Inklusionserkl\u00e4rung","og_description":"ONE ist eine internationale Organisation. Wo immer wir t\u00e4tig sind, streben wir danach, eine integrative Unternehmenskultur zu etablieren, in der Vielfalt gesch\u00e4tzt und gelebt wird. ONE begreift eine kulturell vielf\u00e4ltige und integrationsfreudige Belegschaft als Gewinn f\u00fcr jedes Unternehmen. Indem wir eine Gemeinschaft von Menschen mit unterschiedlichsten Hintergr\u00fcnden, Erfahrungen und Perspektiven schaffen \u2013 das ist unsere [&hellip;]","og_url":"https:\/\/www.one.org\/de\/ueber-one\/one-diversitaets-und-inklusionserklaerung\/","og_site_name":"ONE.org Deutschland","article_publisher":"https:\/\/www.facebook.com\/ONEinNederland","article_modified_time":"2023-08-17T11:27:36+00:00","og_image":[{"width":768,"height":402,"url":"https:\/\/www.one.org\/de\/wp-content\/uploads\/sites\/3\/2023\/09\/GA_share_1200x628-768x402-1.png","type":"image\/png"}],"twitter_card":"summary_large_image","twitter_site":"@ONENederland","twitter_misc":{"Est. reading time":"2 minutes"},"schema":{"@context":"https:\/\/schema.org","@graph":[{"@type":"WebPage","@id":"https:\/\/www.one.org\/de\/ueber-one\/one-diversitaets-und-inklusionserklaerung\/","url":"https:\/\/www.one.org\/de\/ueber-one\/one-diversitaets-und-inklusionserklaerung\/","name":"ONE Diversit\u00e4ts- und Inklusionserkl\u00e4rung - ONE.org Deutschland","isPartOf":{"@id":"https:\/\/www.one.org\/de\/#website"},"datePublished":"2023-08-17T11:26:17+00:00","dateModified":"2023-08-17T11:27:36+00:00","breadcrumb":{"@id":"https:\/\/www.one.org\/de\/ueber-one\/one-diversitaets-und-inklusionserklaerung\/#breadcrumb"},"inLanguage":"de-DE","potentialAction":[{"@type":"ReadAction","target":["https:\/\/www.one.org\/de\/ueber-one\/one-diversitaets-und-inklusionserklaerung\/"]}]},{"@type":"BreadcrumbList","@id":"https:\/\/www.one.org\/de\/ueber-one\/one-diversitaets-und-inklusionserklaerung\/#breadcrumb","itemListElement":[{"@type":"ListItem","position":1,"name":"Home","item":"https:\/\/www.one.org\/de\/"},{"@type":"ListItem","position":2,"name":"\u00dcber ONE","item":"https:\/\/www.one.org\/de\/ueber-one\/"},{"@type":"ListItem","position":3,"name":"ONE Diversit\u00e4ts- und Inklusionserkl\u00e4rung"}]},{"@type":"WebSite","@id":"https:\/\/www.one.org\/de\/#website","url":"https:\/\/www.one.org\/de\/","name":"ONE.org","description":"F\u00fcr mehr wirtschaftliche Chancen und ein starkes Gesundheitswesen in Afrika","potentialAction":[{"@type":"SearchAction","target":{"@type":"EntryPoint","urlTemplate":"https:\/\/www.one.org\/de\/?s={search_term_string}"},"query-input":{"@type":"PropertyValueSpecification","valueRequired":true,"valueName":"search_term_string"}}],"inLanguage":"de-DE"}]}},"distributor_meta":false,"distributor_terms":false,"distributor_media":false,"distributor_original_site_name":"ONE.org Deutschland","distributor_original_site_url":"https:\/\/www.one.org\/de","push-errors":false,"_links":{"self":[{"href":"https:\/\/www.one.org\/de\/wp-json\/wp\/v2\/pages\/162200","targetHints":{"allow":["GET"]}}],"collection":[{"href":"https:\/\/www.one.org\/de\/wp-json\/wp\/v2\/pages"}],"about":[{"href":"https:\/\/www.one.org\/de\/wp-json\/wp\/v2\/types\/page"}],"author":[{"embeddable":true,"href":"https:\/\/www.one.org\/de\/wp-json\/wp\/v2\/users\/3"}],"replies":[{"embeddable":true,"href":"https:\/\/www.one.org\/de\/wp-json\/wp\/v2\/comments?post=162200"}],"version-history":[{"count":0,"href":"https:\/\/www.one.org\/de\/wp-json\/wp\/v2\/pages\/162200\/revisions"}],"up":[{"embeddable":true,"href":"https:\/\/www.one.org\/de\/wp-json\/wp\/v2\/pages\/7"}],"wp:attachment":[{"href":"https:\/\/www.one.org\/de\/wp-json\/wp\/v2\/media?parent=162200"}],"curies":[{"name":"wp","href":"https:\/\/api.w.org\/{rel}","templated":true}]}}