{"id":162010,"date":"2023-08-10T11:02:38","date_gmt":"2023-08-10T11:02:38","guid":{"rendered":"https:\/\/www.one.org\/de\/?page_id=162010"},"modified":"2024-07-30T13:56:23","modified_gmt":"2024-07-30T13:56:23","slug":"pressebereich","status":"publish","type":"page","link":"https:\/\/www.one.org\/de\/ueber-one\/pressebereich\/","title":{"rendered":"Pressebereich"},"content":{"rendered":"<div id=\"block_e86167887f2aebb0cc1b23f3db32e730\" class=\"oneorg-block oneorg-cards \">\n\n\t<div class=\"oneorg-cards__content\">\n\n\t\t\t\t\t<div class=\"acf-innerblocks-container\">\n\n<h2 class=\"wp-block-heading oneorg-section-title\" id=\"h-neueste\">Neueste<\/h2>\n\n\n<div class=\"oneorg-cards__grid oneorg-cards__grid--12 oneorg-cards__grid--one_press \">\n\t<div class=\"oneorg-list-item \" data-url=\"https:\/\/www.one.org\/de\/press\/video-promis-richten-appell-an-die-bundesregierung\/\">\n\t<h3 class=\"oneorg-card__heading mb-1\"><a href=\"https:\/\/www.one.org\/de\/press\/video-promis-richten-appell-an-die-bundesregierung\/\" rel=\"bookmark\">Video:\u00a0Promis richten Appell an die Bundesregierung\u00a0\u00a0<\/a><\/h3>    <div class=\"oneorg-card__content\">\n        <p><time class=\"updated\" datetime=\"2026-03-24T11:05:47\">24 March 2026<\/time><\/p>\n        Sie fordern:&nbsp;Keine K\u00fcrzungen&nbsp;in der&nbsp;Entwicklungszusammenarbeit&nbsp;\n\n\n\nBerlin,&nbsp;24.&nbsp;M\u00e4rz&nbsp;2026.&nbsp;&nbsp;In einer gemeinsamen Videobotschaft machen bekannte Pers\u00f6nlichkeiten&nbsp;aus TV, Musik, Sport, Kirchen, Wirtschaft, der Bundeswehr sowie&nbsp;Social&nbsp;Media&nbsp;auf die&nbsp;vielen Erfolge der Entwicklungszusammenarbeit&nbsp;aufmerksam. Zus\u00e4tzlich gibt es ein&nbsp;gemeinsames schriftliches Statement an&nbsp;die&#8230;        <div class=\"oneorg-card__link\">\n            <a class=\"\" href=\"https:\/\/www.one.org\/de\/press\/video-promis-richten-appell-an-die-bundesregierung\/\">Mehr lesen<\/a>\n        <\/div>\n    <\/div>\n<\/div><div class=\"oneorg-list-item \" data-url=\"https:\/\/www.one.org\/de\/press\/one-jugendbotschafter-2026\/\">\n\t<h3 class=\"oneorg-card__heading mb-1\"><a href=\"https:\/\/www.one.org\/de\/press\/one-jugendbotschafter-2026\/\" rel=\"bookmark\">Berlin: \u00dcber 50 junge Aktivist*innen protestieren vor Bundestag gegen geplante K\u00fcrzungen der Entwicklungszusammenarbeit<\/a><\/h3>    <div class=\"oneorg-card__content\">\n        <p><time class=\"updated\" datetime=\"2026-03-16T13:50:04\">16 March 2026<\/time><\/p>\n        Berlin, 16. M\u00e4rz 2026. 55 Jugendbotschafter*innen der Entwicklungsorganisation ONE kommen aus ganz Deutschland zusammen, um von der Politik mehr Investitionen in die Bek\u00e4mpfung von Armut, Hunger und vermeidbaren Krankheiten&#8230;        <div class=\"oneorg-card__link\">\n            <a class=\"\" href=\"https:\/\/www.one.org\/de\/press\/one-jugendbotschafter-2026\/\">Mehr lesen<\/a>\n        <\/div>\n    <\/div>\n<\/div><div class=\"oneorg-list-item \" data-url=\"https:\/\/www.one.org\/de\/press\/gleichberechtigung-frauen-weltweit-foerderung\/\">\n\t<h3 class=\"oneorg-card__heading mb-1\"><a href=\"https:\/\/www.one.org\/de\/press\/gleichberechtigung-frauen-weltweit-foerderung\/\" rel=\"bookmark\">ONE fordert von Bundesregierung mehr Einsatz f\u00fcr Frauen weltweit\u00a0<\/a><\/h3>    <div class=\"oneorg-card__content\">\n        <p><time class=\"updated\" datetime=\"2026-03-06T09:12:31\">6 March 2026<\/time><\/p>\n        Durch Gleichberechtigung w\u00e4re alleine in Afrika in 15 Jahren eine Billion US-Dollar mehr an Wirtschaftswachstum m\u00f6glich\n\n\n\nBerlin, 6. M\u00e4rz 2026. Wenige Tage vor dem Weltfrauentag (8. M\u00e4rz) macht die Entwicklungsorganisation&#8230;        <div class=\"oneorg-card__link\">\n            <a class=\"\" href=\"https:\/\/www.one.org\/de\/press\/gleichberechtigung-frauen-weltweit-foerderung\/\">Mehr lesen<\/a>\n        <\/div>\n    <\/div>\n<\/div><div class=\"oneorg-list-item  has-image\" data-url=\"https:\/\/www.one.org\/de\/press\/bericht-sicherheitsparadox\/\">\n\t<h3 class=\"oneorg-card__heading mb-1\"><a href=\"https:\/\/www.one.org\/de\/press\/bericht-sicherheitsparadox\/\" rel=\"bookmark\">Milit\u00e4rschwergewichte der OECD geben siebenmal mehr f\u00fcr Verteidigung aus als f\u00fcr Entwicklungszusammenarbeit und Diplomatie\u00a0<\/a><\/h3>    <div class=\"oneorg-card__content\">\n        <p><time class=\"updated\" datetime=\"2026-02-11T10:18:45\">11 February 2026<\/time><\/p>\n        Berlin, 11. Februar 2026. Zwei Tage vor der M\u00fcnchner Sicherheitskonferenz (13.-15. Februar) ver\u00f6ffentlich die Entwicklungsorganisation ONE ihren Bericht \u201eDas Sicherheitsparadox: Mehr Verteidigung, Weniger Stabilit\u00e4t?\u201d. Darin untersucht ONE die sicherheitsbezogenen&#8230;        <div class=\"oneorg-card__link\">\n            <a class=\"\" href=\"https:\/\/www.one.org\/de\/press\/bericht-sicherheitsparadox\/\">Mehr lesen<\/a>\n        <\/div>\n    <\/div>\n<\/div><div class=\"oneorg-list-item \" data-url=\"https:\/\/www.one.org\/de\/press\/vor-afrika-reise-von-kanzler-merz-one-fordert-einsatz-fuer-bessere-investitionsbedingungen-in-afrika\/\">\n\t<h3 class=\"oneorg-card__heading mb-1\"><a href=\"https:\/\/www.one.org\/de\/press\/vor-afrika-reise-von-kanzler-merz-one-fordert-einsatz-fuer-bessere-investitionsbedingungen-in-afrika\/\" rel=\"bookmark\">Vor Afrika-Reise von Kanzler Merz: ONE fordert Einsatz f\u00fcr bessere Investitionsbedingungen in Afrika<\/a><\/h3>    <div class=\"oneorg-card__content\">\n        <p><time class=\"updated\" datetime=\"2025-11-21T09:24:12\">21 November 2025<\/time><\/p>\n        Ditlmann: \u201eAfrika zahlt Wucherzinsen am Kapitalmarkt\u201c\n\n\n\nBerlin, 21. November 2025.&nbsp; Heute Abend reist Bundeskanzler Friedrich Merz zum G20-Gipfel nach S\u00fcdafrika. Anschlie\u00dfend f\u00e4hrt er weiter nach Angola zum gemeinsamen Gipfel der&#8230;        <div class=\"oneorg-card__link\">\n            <a class=\"\" href=\"https:\/\/www.one.org\/de\/press\/vor-afrika-reise-von-kanzler-merz-one-fordert-einsatz-fuer-bessere-investitionsbedingungen-in-afrika\/\">Mehr lesen<\/a>\n        <\/div>\n    <\/div>\n<\/div><div class=\"oneorg-list-item  has-image\" data-url=\"https:\/\/www.one.org\/de\/press\/haushalt-2026-one-kritisiert-kurzungen\/\">\n\t<h3 class=\"oneorg-card__heading mb-1\"><a href=\"https:\/\/www.one.org\/de\/press\/haushalt-2026-one-kritisiert-kurzungen\/\" rel=\"bookmark\">Haushalt:\u00a0ONE kritisiert\u00a0abermalige\u00a0K\u00fcrzungen in der Entwicklungszusammenarbeit\u00a0<\/a><\/h3>    <div class=\"oneorg-card__content\">\n        <p><time class=\"updated\" datetime=\"2025-11-14T07:21:09\">14 November 2025<\/time><\/p>\n        Der Haushaltsausschuss des Bundestags\u00a0hat beschlossen, die Mittel f\u00fcr das BMZ\u00a0um weitere\u00a0250\u00a0Millionen Euro auf\u00a0etwa\u00a0zehn\u00a0Milliarden Euro zu k\u00fcrzen. ONE spricht von einem \u201eSprint\u00a0in die falsche Richtung\u201d.\u00a0        <div class=\"oneorg-card__link\">\n            <a class=\"\" href=\"https:\/\/www.one.org\/de\/press\/haushalt-2026-one-kritisiert-kurzungen\/\">Mehr lesen<\/a>\n        <\/div>\n    <\/div>\n<\/div><div class=\"oneorg-list-item  has-image\" data-url=\"https:\/\/www.one.org\/de\/press\/sudan-one-fordert-waffenstillstand-und-humanitare-hilfe\/\">\n\t<h3 class=\"oneorg-card__heading mb-1\"><a href=\"https:\/\/www.one.org\/de\/press\/sudan-one-fordert-waffenstillstand-und-humanitare-hilfe\/\" rel=\"bookmark\">Sudan: ONE fordert sofortigen Waffenstillstand und humanit\u00e4re Hilfe\u00a0<\/a><\/h3>    <div class=\"oneorg-card__content\">\n        <p><time class=\"updated\" datetime=\"2025-11-07T10:55:44\">7 November 2025<\/time><\/p>\n        ONE fordert das Parlament auf, alles in seiner Macht Stehende zu unternehmen, um den Krieg im Sudan zu beenden und weiteres Leid der Zivilbev\u00f6lkerung zu verhindern.\u00a0        <div class=\"oneorg-card__link\">\n            <a class=\"\" href=\"https:\/\/www.one.org\/de\/press\/sudan-one-fordert-waffenstillstand-und-humanitare-hilfe\/\">Mehr lesen<\/a>\n        <\/div>\n    <\/div>\n<\/div><div class=\"oneorg-list-item  has-image\" data-url=\"https:\/\/www.one.org\/de\/press\/one-schlaegt-alarm-sudan-brennt\/\">\n\t<h3 class=\"oneorg-card__heading mb-1\"><a href=\"https:\/\/www.one.org\/de\/press\/one-schlaegt-alarm-sudan-brennt\/\" rel=\"bookmark\">ONE schl\u00e4gt Alarm: Sudan brennt\u00a0<\/a><\/h3>    <div class=\"oneorg-card__content\">\n        <p><time class=\"updated\" datetime=\"2025-10-31T17:30:00\">31 October 2025<\/time><\/p>\n        Angesichts des j\u00fcngsten Massakers in El-Faschir ruft die Entwicklungsorganisation ONE die deutsche Bundesregierung und den Bundestag auf, dringend zu handeln, um den anhaltenden B\u00fcrgerkrieg im Sudan zu beenden und weiteres Leid der Zivilbev\u00f6lkerung zu verhindern.\u00a0\u00a0        <div class=\"oneorg-card__link\">\n            <a class=\"\" href=\"https:\/\/www.one.org\/de\/press\/one-schlaegt-alarm-sudan-brennt\/\">Mehr lesen<\/a>\n        <\/div>\n    <\/div>\n<\/div><div class=\"oneorg-list-item  has-image\" data-url=\"https:\/\/www.one.org\/de\/press\/polio-one-warnt-vor-kurzungen\/\">\n\t<h3 class=\"oneorg-card__heading mb-1\"><a href=\"https:\/\/www.one.org\/de\/press\/polio-one-warnt-vor-kurzungen\/\" rel=\"bookmark\">Polio: ONE warnt vor K\u00fcrzungen bei der Bek\u00e4mpfung\u00a0der Kinderl\u00e4hmung<\/a><\/h3>    <div class=\"oneorg-card__content\">\n        <p><time class=\"updated\" datetime=\"2025-10-22T07:22:01\">22 October 2025<\/time><\/p>\n        ONE appelliert an die Bundestagsabgeordneten, nicht bei der Bek\u00e4mpfung von Polio zu k\u00fcrzen!        <div class=\"oneorg-card__link\">\n            <a class=\"\" href=\"https:\/\/www.one.org\/de\/press\/polio-one-warnt-vor-kurzungen\/\">Mehr lesen<\/a>\n        <\/div>\n    <\/div>\n<\/div><div class=\"oneorg-list-item \" data-url=\"https:\/\/www.one.org\/de\/press\/herbsttagung-von-iwf-weltbank\/\">\n\t<h3 class=\"oneorg-card__heading mb-1\"><a href=\"https:\/\/www.one.org\/de\/press\/herbsttagung-von-iwf-weltbank\/\" rel=\"bookmark\">Herbsttagung von IWF &amp; Weltbank: ONE begr\u00fc\u00dft, dass Deutschland die \u201cCompacts with Africa\u201d wiederbelebt<\/a><\/h3>    <div class=\"oneorg-card__content\">\n        <p><time class=\"updated\" datetime=\"2025-10-16T12:29:44\">16 October 2025<\/time><\/p>\n        Die Entwicklungsorganisation ONE begr\u00fc\u00dft, dass Deutschland die Initiative wiederbelebt \u2013 und legt konkrete Vorschl\u00e4ge vor, wie sie langfristig erfolgreich sein kann.        <div class=\"oneorg-card__link\">\n            <a class=\"\" href=\"https:\/\/www.one.org\/de\/press\/herbsttagung-von-iwf-weltbank\/\">Mehr lesen<\/a>\n        <\/div>\n    <\/div>\n<\/div><div class=\"oneorg-list-item  has-image\" data-url=\"https:\/\/www.one.org\/de\/press\/global-fonds-deutschland\/\">\n\t<h3 class=\"oneorg-card__heading mb-1\"><a href=\"https:\/\/www.one.org\/de\/press\/global-fonds-deutschland\/\" rel=\"bookmark\">ONE begr\u00fc\u00dft Deutschlands Zusage im Kampf gegen Aids, Tuberkulose und Malaria\u00a0\u00a0<\/a><\/h3>    <div class=\"oneorg-card__content\">\n        <p><time class=\"updated\" datetime=\"2025-10-13T06:58:44\">13 October 2025<\/time><\/p>\n        ONE begr\u00fc\u00dft die Zusage von Entwicklungsministerin Alabali Radovan, den Globalen Fonds zur Bek\u00e4mpfung von Aids, Tuberkulose und Malaria mit einer Milliarde Euro zu unterst\u00fctzen.         <div class=\"oneorg-card__link\">\n            <a class=\"\" href=\"https:\/\/www.one.org\/de\/press\/global-fonds-deutschland\/\">Mehr lesen<\/a>\n        <\/div>\n    <\/div>\n<\/div><div class=\"oneorg-list-item  has-image\" data-url=\"https:\/\/www.one.org\/de\/press\/studie-globaler-fonds\/\">\n\t<h3 class=\"oneorg-card__heading mb-1\"><a href=\"https:\/\/www.one.org\/de\/press\/studie-globaler-fonds\/\" rel=\"bookmark\">Neue Studie: Mehr als jeder f\u00fcnfte Euro, den Deutschland in den Globalen Fonds investiert, flie\u00dft zur\u00fcck in die heimische Wirtschaft<\/a><\/h3>    <div class=\"oneorg-card__content\">\n        <p><time class=\"updated\" datetime=\"2025-10-10T09:28:49\">10 October 2025<\/time><\/p>\n        Laut einer Studie von ONE profitieren deutsche Unternehmen stark von Investitionen in den Globalen Fonds zur Bek\u00e4mpfung von Aids, Tuberkulose und Malaria.        <div class=\"oneorg-card__link\">\n            <a class=\"\" href=\"https:\/\/www.one.org\/de\/press\/studie-globaler-fonds\/\">Mehr lesen<\/a>\n        <\/div>\n    <\/div>\n<\/div>\t\t<\/div>\n\n<nav class=\"oneorg-pagination\" aria-label=\"Pagination\">\n<ul class=\"oneorg-pagination__list\">\n\t\t\t\t <li class=\"oneorg-pagination__item oneorg-pagination__item--active\">\n\t\t\t\t <a href=\"https:\/\/www.one.org\/de\/wp-json\/wp\/v2\/pages\/162010\/\" class=\"oneorg-pagination__link\">1<\/a>\n\t\t\t <\/li>\n\t\t\t \t\t\t\t <li class=\"oneorg-pagination__item\">\n\t\t\t\t\t <a href=\"https:\/\/www.one.org\/de\/wp-json\/wp\/v2\/pages\/162010\/page\/2\/\" class=\"oneorg-pagination__link\">\n\t\t\t\t\t\t 2\t\t\t\t\t <\/a>\n\t\t\t\t <\/li>\n\t\t\t\t \t\t\t\t <li class=\"oneorg-pagination__item\">\n\t\t\t\t\t <a href=\"https:\/\/www.one.org\/de\/wp-json\/wp\/v2\/pages\/162010\/page\/3\/\" class=\"oneorg-pagination__link\">\n\t\t\t\t\t\t 3\t\t\t\t\t <\/a>\n\t\t\t\t <\/li>\n\t\t\t\t <span class=\"oneorg-pagination__seperator\">&#8230;<\/span>\t\t\t <li class=\"oneorg-pagination__item\">\n\t\t\t\t <a href=\"https:\/\/www.one.org\/de\/wp-json\/wp\/v2\/pages\/162010\/page\/54\/\" class=\"oneorg-pagination__link\">\n\t\t\t\t\t 54\t\t\t\t <\/a>\n\t\t\t <\/li>\n\t\t\t \t<li class=\"oneorg-pagination__item oneorg-pagination__item--next\">\n\t\t<a href=\"https:\/\/www.one.org\/de\/wp-json\/wp\/v2\/pages\/162010\/page\/2\/\" class=\"oneorg-pagination__link\" rel=\"next\">\n\t\t\t<span class=\"oneorg-pagination__link-text\">N\u00e4chste<\/span>\n\t\t<\/a>\n\t<\/li>\n\t<\/ul>\n<\/nav>\n\n\t\n\n\n<\/div>\n\t\t\t\n\t<\/div>\n\n<\/div><div class=\"buffer\"><\/div>","protected":false},"excerpt":{"rendered":"","protected":false},"author":3,"featured_media":0,"parent":7,"menu_order":0,"comment_status":"closed","ping_status":"closed","template":"template-sidebar.php","meta":{"_acf_changed":false,"_relevanssi_hide_post":"","_relevanssi_hide_content":"","_relevanssi_pin_for_all":"","_relevanssi_pin_keywords":"","_relevanssi_unpin_keywords":"","_relevanssi_related_keywords":"","_relevanssi_related_include_ids":"","_relevanssi_related_exclude_ids":"","_relevanssi_related_no_append":"","_relevanssi_related_not_related":"","_relevanssi_related_posts":"1","_relevanssi_noindex_reason":"","footnotes":""},"class_list":["post-162010","page","type-page","status-publish","hentry"],"acf":[],"yoast_head":"<!-- This site is optimized with the Yoast SEO Premium plugin v27.1 (Yoast SEO v27.1.1) - https:\/\/yoast.com\/product\/yoast-seo-premium-wordpress\/ -->\n<title>Pressebereich - ONE.org Deutschland<\/title>\n<meta name=\"description\" content=\"Pressemitteilungen, Pressematerialien und Pressekontakt von ONE Deutschland. Hier geht&#039;s zum Pressebereich.\" \/>\n<meta name=\"robots\" content=\"index, follow, max-snippet:-1, max-image-preview:large, max-video-preview:-1\" \/>\n<link rel=\"canonical\" href=\"https:\/\/www.one.org\/de\/ueber-one\/pressebereich\/\" \/>\n<meta property=\"og:locale\" content=\"de_DE\" \/>\n<meta property=\"og:type\" content=\"article\" \/>\n<meta property=\"og:title\" content=\"Pressebereich\" \/>\n<meta property=\"og:description\" content=\"Pressemitteilungen, Pressematerialien und Pressekontakt von ONE Deutschland. Hier geht&#039;s zum Pressebereich.\" \/>\n<meta property=\"og:url\" content=\"https:\/\/www.one.org\/de\/ueber-one\/pressebereich\/\" \/>\n<meta property=\"og:site_name\" content=\"ONE.org Deutschland\" \/>\n<meta property=\"article:publisher\" content=\"https:\/\/www.facebook.com\/ONEinNederland\" \/>\n<meta property=\"article:modified_time\" content=\"2024-07-30T13:56:23+00:00\" \/>\n<meta property=\"og:image\" content=\"https:\/\/www.one.org\/de\/wp-content\/uploads\/sites\/3\/2023\/09\/GA_share_1200x628-768x402-1.png\" \/>\n\t<meta property=\"og:image:width\" content=\"768\" \/>\n\t<meta property=\"og:image:height\" content=\"402\" \/>\n\t<meta property=\"og:image:type\" content=\"image\/png\" \/>\n<meta name=\"twitter:card\" content=\"summary_large_image\" \/>\n<meta name=\"twitter:site\" content=\"@ONENederland\" \/>\n<meta name=\"twitter:label1\" content=\"Est. reading time\" \/>\n\t<meta name=\"twitter:data1\" content=\"1 minute\" \/>\n<script type=\"application\/ld+json\" class=\"yoast-schema-graph\">{\"@context\":\"https:\/\/schema.org\",\"@graph\":[{\"@type\":\"WebPage\",\"@id\":\"https:\/\/www.one.org\/de\/ueber-one\/pressebereich\/\",\"url\":\"https:\/\/www.one.org\/de\/ueber-one\/pressebereich\/\",\"name\":\"Pressebereich - ONE.org Deutschland\",\"isPartOf\":{\"@id\":\"https:\/\/www.one.org\/de\/#website\"},\"datePublished\":\"2023-08-10T11:02:38+00:00\",\"dateModified\":\"2024-07-30T13:56:23+00:00\",\"description\":\"Pressemitteilungen, Pressematerialien und Pressekontakt von ONE Deutschland. Hier geht's zum Pressebereich.\",\"breadcrumb\":{\"@id\":\"https:\/\/www.one.org\/de\/ueber-one\/pressebereich\/#breadcrumb\"},\"inLanguage\":\"de-DE\",\"potentialAction\":[{\"@type\":\"ReadAction\",\"target\":[\"https:\/\/www.one.org\/de\/ueber-one\/pressebereich\/\"]}]},{\"@type\":\"BreadcrumbList\",\"@id\":\"https:\/\/www.one.org\/de\/ueber-one\/pressebereich\/#breadcrumb\",\"itemListElement\":[{\"@type\":\"ListItem\",\"position\":1,\"name\":\"Home\",\"item\":\"https:\/\/www.one.org\/de\/\"},{\"@type\":\"ListItem\",\"position\":2,\"name\":\"\u00dcber ONE\",\"item\":\"https:\/\/www.one.org\/de\/ueber-one\/\"},{\"@type\":\"ListItem\",\"position\":3,\"name\":\"Pressebereich\"}]},{\"@type\":\"WebSite\",\"@id\":\"https:\/\/www.one.org\/de\/#website\",\"url\":\"https:\/\/www.one.org\/de\/\",\"name\":\"ONE.org\",\"description\":\"F\u00fcr mehr wirtschaftliche Chancen und ein starkes Gesundheitswesen in Afrika\",\"potentialAction\":[{\"@type\":\"SearchAction\",\"target\":{\"@type\":\"EntryPoint\",\"urlTemplate\":\"https:\/\/www.one.org\/de\/?s={search_term_string}\"},\"query-input\":{\"@type\":\"PropertyValueSpecification\",\"valueRequired\":true,\"valueName\":\"search_term_string\"}}],\"inLanguage\":\"de-DE\"}]}<\/script>\n<!-- \/ Yoast SEO Premium plugin. -->","yoast_head_json":{"title":"Pressebereich - ONE.org Deutschland","description":"Pressemitteilungen, Pressematerialien und Pressekontakt von ONE Deutschland. Hier geht's zum Pressebereich.","robots":{"index":"index","follow":"follow","max-snippet":"max-snippet:-1","max-image-preview":"max-image-preview:large","max-video-preview":"max-video-preview:-1"},"canonical":"https:\/\/www.one.org\/de\/ueber-one\/pressebereich\/","og_locale":"de_DE","og_type":"article","og_title":"Pressebereich","og_description":"Pressemitteilungen, Pressematerialien und Pressekontakt von ONE Deutschland. Hier geht's zum Pressebereich.","og_url":"https:\/\/www.one.org\/de\/ueber-one\/pressebereich\/","og_site_name":"ONE.org Deutschland","article_publisher":"https:\/\/www.facebook.com\/ONEinNederland","article_modified_time":"2024-07-30T13:56:23+00:00","og_image":[{"width":768,"height":402,"url":"https:\/\/www.one.org\/de\/wp-content\/uploads\/sites\/3\/2023\/09\/GA_share_1200x628-768x402-1.png","type":"image\/png"}],"twitter_card":"summary_large_image","twitter_site":"@ONENederland","twitter_misc":{"Est. reading time":"1 minute"},"schema":{"@context":"https:\/\/schema.org","@graph":[{"@type":"WebPage","@id":"https:\/\/www.one.org\/de\/ueber-one\/pressebereich\/","url":"https:\/\/www.one.org\/de\/ueber-one\/pressebereich\/","name":"Pressebereich - ONE.org Deutschland","isPartOf":{"@id":"https:\/\/www.one.org\/de\/#website"},"datePublished":"2023-08-10T11:02:38+00:00","dateModified":"2024-07-30T13:56:23+00:00","description":"Pressemitteilungen, Pressematerialien und Pressekontakt von ONE Deutschland. Hier geht's zum Pressebereich.","breadcrumb":{"@id":"https:\/\/www.one.org\/de\/ueber-one\/pressebereich\/#breadcrumb"},"inLanguage":"de-DE","potentialAction":[{"@type":"ReadAction","target":["https:\/\/www.one.org\/de\/ueber-one\/pressebereich\/"]}]},{"@type":"BreadcrumbList","@id":"https:\/\/www.one.org\/de\/ueber-one\/pressebereich\/#breadcrumb","itemListElement":[{"@type":"ListItem","position":1,"name":"Home","item":"https:\/\/www.one.org\/de\/"},{"@type":"ListItem","position":2,"name":"\u00dcber ONE","item":"https:\/\/www.one.org\/de\/ueber-one\/"},{"@type":"ListItem","position":3,"name":"Pressebereich"}]},{"@type":"WebSite","@id":"https:\/\/www.one.org\/de\/#website","url":"https:\/\/www.one.org\/de\/","name":"ONE.org","description":"F\u00fcr mehr wirtschaftliche Chancen und ein starkes Gesundheitswesen in Afrika","potentialAction":[{"@type":"SearchAction","target":{"@type":"EntryPoint","urlTemplate":"https:\/\/www.one.org\/de\/?s={search_term_string}"},"query-input":{"@type":"PropertyValueSpecification","valueRequired":true,"valueName":"search_term_string"}}],"inLanguage":"de-DE"}]}},"distributor_meta":false,"distributor_terms":false,"distributor_media":false,"distributor_original_site_name":"ONE.org Deutschland","distributor_original_site_url":"https:\/\/www.one.org\/de","push-errors":false,"_links":{"self":[{"href":"https:\/\/www.one.org\/de\/wp-json\/wp\/v2\/pages\/162010","targetHints":{"allow":["GET"]}}],"collection":[{"href":"https:\/\/www.one.org\/de\/wp-json\/wp\/v2\/pages"}],"about":[{"href":"https:\/\/www.one.org\/de\/wp-json\/wp\/v2\/types\/page"}],"author":[{"embeddable":true,"href":"https:\/\/www.one.org\/de\/wp-json\/wp\/v2\/users\/3"}],"replies":[{"embeddable":true,"href":"https:\/\/www.one.org\/de\/wp-json\/wp\/v2\/comments?post=162010"}],"version-history":[{"count":0,"href":"https:\/\/www.one.org\/de\/wp-json\/wp\/v2\/pages\/162010\/revisions"}],"up":[{"embeddable":true,"href":"https:\/\/www.one.org\/de\/wp-json\/wp\/v2\/pages\/7"}],"wp:attachment":[{"href":"https:\/\/www.one.org\/de\/wp-json\/wp\/v2\/media?parent=162010"}],"curies":[{"name":"wp","href":"https:\/\/api.w.org\/{rel}","templated":true}]}}