{"id":164191,"date":"2026-03-10T19:51:07","date_gmt":"2026-03-10T19:51:07","guid":{"rendered":"https:\/\/www.one.org\/ca\/?page_id=164191"},"modified":"2026-04-26T16:17:36","modified_gmt":"2026-04-26T16:17:36","slug":"la-strategie-canada-afrique-un-an-plus-tard-transformer-les-mots-en-actions","status":"publish","type":"page","link":"https:\/\/www.one.org\/ca\/fr\/nous-connaitre\/nos-combats\/la-strategie-canada-afrique-un-an-plus-tard-transformer-les-mots-en-actions\/","title":{"rendered":"La\u202fstrat\u00e9gie\u202fCanada-Afrique un an plus tard\u202fTransformer les mots\u202fen\u202factions"},"content":{"rendered":"\n<div id=\"block_84a68b7f7e0f3ffe5181955a7a8e25ed\" class=\"oneorg-block oneorg-hero flush is-style-bottom  has-text-align-left has-image    has-overlay  \">\n\t\t\t\t\t\t\t\t\t\t\t<link rel=\"preload\" href=\"https:\/\/www.one.org\/ca\/wp-content\/uploads\/sites\/6\/2026\/03\/CAS-Report-hero-image-1640-x-800-px-820-x-820-px-800x800.png\" as=\"image\" media=\"(max-width: 39.6875em)\">\n\t\t\t\t<link rel=\"preload\" href=\"https:\/\/www.one.org\/ca\/wp-content\/uploads\/sites\/6\/2026\/03\/CAS-Report-hero-image-1640-x-800-px-1600x780.png\" as=\"image\" media=\"(min-width: 40.0625em)\">\n\t\t\t\t\t\t\t\t\t<style scoped>\n\t\t\t\t\t#block_84a68b7f7e0f3ffe5181955a7a8e25ed.oneorg-hero:before {\n\t\t\t\t\t\tdisplay: block;\n\t\t\t\t\t\tz-index: 2; \/*Same as $z-low-1*\/\n\t\t\t\t\t\tcontent: '';\n\t\t\t\t\t\tposition: absolute;\n\t\t\t\t\t\ttop: 0;\n\t\t\t\t\t\tright: 0;\n\t\t\t\t\t\tbottom: 0;\n\t\t\t\t\t\tleft: 0;\n\t\t\t\t\t\tbackground: rgba(0,0,0);\n\t\t\t\t\t\topacity: 0.6;\n\t\t\t\t\t}\n\t\t\t\t\t@media (min-width: 48rem) {\n\t\t\t\t\t\t#block_84a68b7f7e0f3ffe5181955a7a8e25ed.oneorg-hero:before {\n\t\t\t\t\t\t\tbackground: linear-gradient(90.29deg, rgba(0,0,0,0.6) 0.33%, rgba(0,0,0, 0) 99.82%); \n\t\t\t\t\t\t}\n\t\t\t\t\t}\n\t\t\t\t\t<\/style>\n\t\t\t\t\t\t\t\t\t\n\t\t\t\t<div class=\"block__background\">\n\t\t\t\t\t<figure>\n\t\t\t\t\t\t<picture>\n\t\t\t\t\t\t\t<source media=\"(min-width: 64em)\" srcset=\"https:\/\/www.one.org\/ca\/wp-content\/uploads\/sites\/6\/2026\/03\/CAS-Report-hero-image-1640-x-800-px-1600x780.png\">\n\t\t\t\t\t\t\t<img \n\t\t\t\t\t\t\tsrc=\"https:\/\/www.one.org\/ca\/wp-content\/uploads\/sites\/6\/2026\/03\/CAS-Report-hero-image-1640-x-800-px-820-x-820-px-800x800.png\" \n\t\t\t\t\t\t\talt=\"\" \n\t\t\t\t\t\t\twidth=\"640\" \n\t\t\t\t\t\t\theight=\"640\" \n\t\t\t\t\t\t\tstyle=\"background-image: url(data:image\/png;base64,iVBORw0KGgoAAAANSUhEUgAAABAAAAAICAMAAADHqI+lAAAA2FBMVEUmNmEnNmEmNWElNWElNGAlNWAnQWYmQGYnQGYmQWYlSWsmRGgmQGUoTmwoTWwnTWsoTWsiY3kMxbUOua4gaX0nTGsqWnIpWnIoW3EedX8bf4YbWGUbO0wVWmECwKUA9tEPvrAmX3UoWXEqZncnaXcUqJ4Pvq4PaGQPJiwNNTcHbWID2LoSuawoaXkpZXcrcn0rcnwpcnspcnwob3kpbXcobXcndX0hi4wTvKwflpQpdH4pcXwqcXwsf4MsfoIrfoIpgoUrf4IqfoEqfYEtiocsiYcriYcriYZRuF5UAAAAgUlEQVQI1y3BaQOBMAAG4NfUFrJy5Iwox1zlyE0Rm\/\/\/j3zgeYAcCAEBCMlrmq6DUkoZM6hRKJaYaZooc27Zls15pVqrO46DRrPV7nRd1+31vcHQ9xEEo\/FkKoSYzRfLVRgiitab7S6O94fj6Xy53nBP0iT9eTyzV4a3\/FNSqo+SX9tTEZw+PQWmAAAAAElFTkSuQmCC)\" \n\t\t\t\t\t\t\tfetchpriority=\"high\"\n\t\t\t\t\t\t\t\/>\n\t\t\t\t\t\t<\/picture>\n\t\t\t\t\t<\/figure>\n\t\t\t\t<\/div>\n\t\t\t    \n\n\t\t\t<div class=\"oneorg-hero__wrapper\">\n\n\t\t\t\t<div class=\"oneorg-hero__inner\">   \n\n\t\t\t\t\t<div class=\"oneorg-hero__content stack\" data-aos=\"fade-up\" data-aos-duration=\"1750\">\n\t\t\t\t\t\t\n\t\t\t\t\t\t<div class=\"acf-innerblocks-container\">\n\n<h1 class=\"wp-block-heading\" id=\"h-la-strategie-canada-afrique-un-an-plus-tard-transformer-les-mots-en-actions\">La\u202fstrat\u00e9gie\u202fCanada-Afrique un an plus tard<br>Transformer les mots\u202fen\u202factions<\/h1>\n\n<\/div>\n\t\t\t\t\t\t\t\t\t\t\t\t\n\t\t\t\t\t<\/div>\n\t\t\t\t<\/div>\n\n\t\t\t<\/div>\n\t\t\t\n\t\t\t\n<\/div>\n\n\n\n\n<div style=\"height:44px\" aria-hidden=\"true\" class=\"wp-block-spacer\"><\/div>\n\n\n\n<h3 class=\"wp-block-heading\" id=\"h-resume\">R\u00c9SUM\u00c9<\/h3>\n\n\n\n<p><strong>Il y a un an, le Canada a publi\u00e9 sa toute premi\u00e8re strat\u00e9gie pour l&#8217;Afrique, marquant ainsi une \u00e9tape importante dans ses relations avec le continent et reconnaissant l&#8217;Afrique comme un partenaire \u00e9conomique et strat\u00e9gique cl\u00e9. Un an plus tard, la question cl\u00e9 demeure : le Canada a-t-il mis en \u0153uvre sa strat\u00e9gie pour l&#8217;Afrique ?&nbsp;&nbsp;<\/strong><\/p>\n\n\n\n<p>Dans un contexte d&#8217;instabilit\u00e9 g\u00e9opolitique et d&#8217;incertitude \u00e9conomique croissantes, la diversification commerciale est devenue une priorit\u00e9 pour le nouveau gouvernement canadien dirig\u00e9 par le premier ministre Mark&nbsp;Carney. En cons\u00e9quence, le gouvernement s&#8217;est engag\u00e9 \u00e0 doubler ses \u00e9changes commerciaux avec les pays autres que les \u00c9tats-Unis au cours des dix prochaines ann\u00e9es. Dans ce contexte, le Canada a pris des mesures pour renforcer son engagement envers l&#8217;Afrique. Il a notamment nomm\u00e9 un observateur permanent aupr\u00e8s de l&#8217;Union africaine, pr\u00e9vu l&#8217;ouverture de nouvelles ambassades dans plusieurs pays africains et augment\u00e9 le nombre de vols directs reliant le Canada aux grandes villes africaines.&nbsp;<\/p>\n\n\n\n<p>Malgr\u00e9 ces d\u00e9veloppements, les \u00e9changes commerciaux entre le Canada et l&#8217;Afrique restent extr\u00eamement limit\u00e9s. Moins de 1 % des exportations canadiennes sont destin\u00e9es aux march\u00e9s africains, ce qui souligne le potentiel inexploit\u00e9 d&#8217;un renforcement des liens \u00e9conomiques. Dans le m\u00eame temps, les r\u00e9ductions propos\u00e9es de l&#8217;aide internationale risquent de compromettre les objectifs de d\u00e9veloppement et de s\u00e9curit\u00e9 de la strat\u00e9gie, en particulier dans les pays fragiles et \u00e0 faible revenu o\u00f9 l&#8217;aide contribue \u00e0 stabiliser les communaut\u00e9s et \u00e0 sauver des vies.&nbsp;&nbsp;<\/p>\n\n\n\n<p>La strat\u00e9gie africaine du Canada est ambitieuse et repr\u00e9sente un pas dans la bonne direction. Mais pour r\u00e9aliser pleinement son potentiel, le Canada doit passer rapidement de l&#8217;intention \u00e0 la mise en \u0153uvre. Cela signifie poursuivre les visites diplomatiques de haut niveau en Afrique, publier un plan de mise en \u0153uvre clair avec des objectifs mesurables et, surtout, soutenir la strat\u00e9gie par des investissements financiers significatifs. Si le gouvernement veut atteindre son objectif d\u00e9clar\u00e9 de doubler le commerce hors \u00c9tats-Unis au cours de la prochaine d\u00e9cennie, l&#8217;Afrique ne doit pas \u00eatre n\u00e9glig\u00e9e. Il est essentiel de passer de l&#8217;intention \u00e0 l&#8217;action dans le cadre de la strat\u00e9gie Canada-Afrique.&nbsp;<\/p>\n\n\n\n<h3 class=\"wp-block-heading\" id=\"h-principales-conclusions\">PRINCIPALES CONCLUSIONS<\/h3>\n\n\n\n<ul class=\"wp-block-list\">\n<li>Si les entreprises canadiennes exploitent le potentiel du continent, elles pourraient doubler leurs exportations vers les pays africains au cours des dix prochaines ann\u00e9es, pour atteindre 13 milliards de dollars d&#8217;ici 2035.&nbsp;<\/li>\n\n\n\n<li>Les importateurs canadiens pourraient \u00e9galement doubler leurs achats aupr\u00e8s des pays africains au cours des dix prochaines ann\u00e9es, pour atteindre 20,9 milliards de dollars d&#8217;ici 2035, soutenant ainsi leur d\u00e9veloppement \u00e9conomique tout en offrant plus de choix aux consommateurs canadiens.&nbsp;<\/li>\n<\/ul>\n\n\n\n<h3 class=\"wp-block-heading\" id=\"h-recommandations-politiques\">RECOMMANDATIONS POLITIQUES<\/h3>\n\n\n\n<p><strong>Le Canada devrait agir imm\u00e9diatement en :&nbsp;&nbsp;<\/strong><\/p>\n\n\n\n<ul class=\"wp-block-list\">\n<li>Organisant une mission commerciale de haut niveau en Afrique, dirig\u00e9e par le premier ministre, afin de renforcer les partenariats \u00e9conomiques et d&#8217;approfondir les liens en mati\u00e8re d&#8217;investissement.&nbsp;&nbsp;<\/li>\n\n\n\n<li>Publiant un plan de mise en \u0153uvre clair pour la strat\u00e9gie Canada-Afrique, assorti d&#8217;objectifs mesurables, notamment en mati\u00e8re d&#8217;augmentation des \u00e9changes commerciaux et des investissements bilat\u00e9raux.&nbsp;&nbsp;&nbsp;<\/li>\n\n\n\n<li>Allouant des fonds \u00e0 la strat\u00e9gie Canada-Afrique, sur le mod\u00e8le de la strat\u00e9gie\u00a0indo-pacifique\u00a0du Canada, qui a engag\u00e9 2,3 milliards de dollars pour d\u00e9velopper l&#8217;engagement \u00e9conomique dans la r\u00e9gion.\u00a0\u00a0<\/li>\n\n\n\n<li>Mettant en \u0153uvre le m\u00e9canisme d&#8217;engagement de la diaspora d\u00e9crit dans la strat\u00e9gie Canada-Afrique.&nbsp;<\/li>\n<\/ul>\n\n\n\n<p><strong>\u00c0 long terme, le Canada devrait :&nbsp;<\/strong><\/p>\n\n\n\n<ul class=\"wp-block-list\">\n<li>Mandater Exportation et d\u00e9veloppement Canada (EDC) pour soutenir les PME op\u00e9rant au Canada et en Afrique, comme cela a \u00e9t\u00e9 fait pour la strat\u00e9gie&nbsp;indo-pacifique, une r\u00e9ussite canadienne en termes d&#8217;engagement \u00e9conomique avec une r\u00e9gion. Il est essentiel de reproduire les succ\u00e8s et les enseignements tir\u00e9s de la strat\u00e9gie&nbsp;indo-pacifique&nbsp;afin de maximiser l&#8217;impact de la strat\u00e9gie du Canada en Afrique.&nbsp;<\/li>\n\n\n\n<li>Explorer les voies d&#8217;une int\u00e9gration commerciale plus profonde entre le Canada et l&#8217;Afrique, y compris la possibilit\u00e9 d&#8217;engager certains pays africains dans l&#8217;Accord de partenariat transpacifique global et progressiste.<\/li>\n\n\n\n<li>Envisager d&#8217;entamer des n\u00e9gociations en vue de la mise en \u0153uvre d&#8217;un accord de libre-\u00e9change \u00e0 part enti\u00e8re avec une ou plusieurs des plus grandes \u00e9conomies africaines.&nbsp;<\/li>\n<\/ul>\n\n\n\n<p><em>Ce travail et le rapport complet ont \u00e9t\u00e9 r\u00e9alis\u00e9s par <a href=\"https:\/\/www.one.org\/us\/about\/us-staff-leadership\/elise-legault\/\">Elise Legault<\/a>, <a href=\"https:\/\/www.one.org\/us\/about\/us-staff-leadership\/mohamed-khalil-larhrib\/?lang=en\">Mohamed Khalil Larhrib<\/a> et <a href=\"https:\/\/ciuriakconsulting.com\/\">Ciuriak Consulting<\/a>.<\/em><\/p>\n\n\n\n<div class=\"wp-block-buttons is-layout-flex wp-block-buttons-is-layout-flex\">\n<div class=\"wp-block-button\"><a class=\"wp-block-button__link wp-element-button\" href=\"https:\/\/storage.googleapis.com\/cdn-one-org\/pdfs\/canada_africa_strategy_report_march_2026_fr.pdf\">T\u00e9l\u00e9charger le PDF ici<\/a><\/div>\n<\/div>\n\n\n\n<hr class=\"wp-block-separator has-alpha-channel-opacity\" \/>\n\n\n\n<div style=\"height:26px\" aria-hidden=\"true\" class=\"wp-block-spacer\"><\/div>\n\n\n\n<h3 class=\"wp-block-heading\" id=\"h-donnees-cles\">DONN\u00c9ES CL\u00c9S<\/h3>\n\n\n\n<h4 class=\"wp-block-heading\" id=\"h-exportations-reelles-2024-et-potentielles-2035-de-produits-manufactures-agroalimentaires-et-miniers-entre-le-canada-et-l-afrique-en-milliards-de-dollars-canadiens\">Exportations r\u00e9elles (2024) et potentielles (2035) de produits manufactur\u00e9s, agroalimentaires et miniers entre le Canada et l&#8217;Afrique (en milliards de dollars canadiens)<\/h4>\n\n\n\n<div style=\"height:20px\" aria-hidden=\"true\" class=\"wp-block-spacer\"><\/div>\n\n\n\n<figure class=\"wp-block-table aligncenter\"><table><tbody><tr><td><strong>Ann\u00e9e<\/strong><\/td><td><strong>R\u00e9gion<\/strong><\/td><td><strong>Flux<\/strong><\/td><td><strong>Produits manufactur\u00e9s<\/strong><\/td><td><strong>Produits agroalimentaires<\/strong><\/td><td><strong>Produits miniers<\/strong><\/td><td><strong>Total<\/strong><\/td><\/tr><tr><td>2024<\/td><td>Afrique<\/td><td>Importations<\/td><td>2.23<\/td><td>1.87<\/td><td>5.87<\/td><td>9.97<\/td><\/tr><tr><td>2035<\/td><td>Afrique<\/td><td>Importations<\/td><td>5.79<\/td><td>3.43<\/td><td>11.65<\/td><td>20.87<\/td><\/tr><\/tbody><\/table><figcaption class=\"wp-element-caption\"><em><a href=\"https:\/\/www.cepii.fr\/CEPII\/en\/bdd_modele\/bdd_modele_item.asp?id=37\">BACI<\/a> et valeurs potentielles pour 2035 bas\u00e9es sur les estimations ONE et Ciuriak.<\/em><\/figcaption><\/figure>\n\n\n\n<div style=\"height:20px\" aria-hidden=\"true\" class=\"wp-block-spacer\"><\/div>\n\n\n\n<h4 class=\"wp-block-heading\" id=\"h-exportations-reelles-2024-et-potentielles-2035-de-produits-manufactures-agroalimentaires-et-miniers-entre-le-canada-et-l-afrique-en-milliards-de-dollars-canadiens-0\">Exportations r\u00e9elles (2024) et potentielles (2035) de produits manufactur\u00e9s, agroalimentaires et miniers entre le Canada et l&#8217;Afrique (en milliards de dollars canadiens)<\/h4>\n\n\n\n<div style=\"height:20px\" aria-hidden=\"true\" class=\"wp-block-spacer\"><\/div>\n\n\n\n<figure class=\"wp-block-table aligncenter\"><table><tbody><tr><td><strong>Ann\u00e9e<\/strong><\/td><td><strong>R\u00e9gion<\/strong><\/td><td>Flux<\/td><td><strong>Produits manufactur\u00e9s<\/strong><\/td><td><strong>Produits agroalimentaires<\/strong><\/td><td><strong>Produits miniers<\/strong><\/td><td><strong>Total<\/strong><\/td><\/tr><tr><td>2024<\/td><td>Afrique<\/td><td>Exportations<\/td><td>2.61<\/td><td>2.72<\/td><td>.89<\/td><td>6.22<\/td><\/tr><tr><td>2035<\/td><td>Afrique<\/td><td>Exportations<\/td><td>5.79<\/td><td>5.63<\/td><td>1.83<\/td><td>13.00<\/td><\/tr><\/tbody><\/table><figcaption class=\"wp-element-caption\"><em><a href=\"https:\/\/www.cepii.fr\/CEPII\/en\/bdd_modele\/bdd_modele_item.asp?id=37\">BACI<\/a> et valeurs potentielles pour 2035 bas\u00e9es sur les estimations ONE et Ciuriak.<\/em><\/figcaption><\/figure>\n\n\n\n<p><\/p>\n<div class=\"buffer\"><\/div>","protected":false},"excerpt":{"rendered":"<p>R\u00c9SUM\u00c9 Il y a un an, le Canada a publi\u00e9 sa toute premi\u00e8re strat\u00e9gie pour l&#8217;Afrique, marquant ainsi une \u00e9tape importante dans ses relations avec le continent et reconnaissant l&#8217;Afrique comme un partenaire \u00e9conomique et strat\u00e9gique cl\u00e9. Un an plus tard, la question cl\u00e9 demeure : le Canada a-t-il mis en \u0153uvre sa strat\u00e9gie pour [&hellip;]<\/p>\n","protected":false},"author":42,"featured_media":164218,"parent":160772,"menu_order":0,"comment_status":"closed","ping_status":"closed","template":"","meta":{"_acf_changed":false,"_relevanssi_hide_post":"","_relevanssi_hide_content":"","_relevanssi_pin_for_all":"","_relevanssi_pin_keywords":"","_relevanssi_unpin_keywords":"","_relevanssi_related_keywords":"","_relevanssi_related_include_ids":"","_relevanssi_related_exclude_ids":"","_relevanssi_related_no_append":"","_relevanssi_related_not_related":"","_relevanssi_related_posts":"162189,162188,163667,162215,162182,162222","_relevanssi_noindex_reason":"","footnotes":""},"class_list":["post-164191","page","type-page","status-publish","has-post-thumbnail","hentry"],"acf":[],"yoast_head":"<!-- This site is optimized with the Yoast SEO Premium plugin v27.1 (Yoast SEO v27.1.1) - https:\/\/yoast.com\/product\/yoast-seo-premium-wordpress\/ -->\n<title>La\u202fstrat\u00e9gie\u202fCanada-Afrique un an plus tard\u202fTransformer les mots\u202fen\u202factions - ONE.org Canada<\/title>\n<meta name=\"description\" content=\"Un an apr\u00e8s avoir lanc\u00e9 sa strat\u00e9gie Canada-Afrique, le Canada doit transformer ses ambitions en actions concr\u00e8tes afin de d\u00e9bloquer.\" \/>\n<meta name=\"robots\" content=\"index, follow, max-snippet:-1, max-image-preview:large, max-video-preview:-1\" \/>\n<link rel=\"canonical\" href=\"https:\/\/www.one.org\/ca\/fr\/nous-connaitre\/nos-combats\/la-strategie-canada-afrique-un-an-plus-tard-transformer-les-mots-en-actions\/\" \/>\n<meta property=\"og:locale\" content=\"fr_CA\" \/>\n<meta property=\"og:type\" content=\"article\" \/>\n<meta property=\"og:title\" content=\"La\u202fstrat\u00e9gie\u202fCanada-Afrique un an plus tard\u202fTransformer les mots\u202fen\u202factions\" \/>\n<meta property=\"og:description\" content=\"Un an apr\u00e8s avoir lanc\u00e9 sa strat\u00e9gie Canada-Afrique, le Canada doit transformer ses ambitions en actions concr\u00e8tes afin de d\u00e9bloquer.\" \/>\n<meta property=\"og:url\" content=\"https:\/\/www.one.org\/ca\/fr\/nous-connaitre\/nos-combats\/la-strategie-canada-afrique-un-an-plus-tard-transformer-les-mots-en-actions\/\" \/>\n<meta property=\"og:site_name\" content=\"ONE.org Canada\" \/>\n<meta property=\"article:publisher\" content=\"https:\/\/www.facebook.com\/ONE\" \/>\n<meta property=\"article:modified_time\" content=\"2026-04-26T16:17:36+00:00\" \/>\n<meta property=\"og:image\" content=\"http:\/\/www.one.org\/ca\/wp-content\/uploads\/sites\/6\/2026\/03\/CAS-Report-hero-image-1640-x-800-px.png\" \/>\n\t<meta property=\"og:image:width\" content=\"1640\" \/>\n\t<meta property=\"og:image:height\" content=\"800\" \/>\n\t<meta property=\"og:image:type\" content=\"image\/png\" \/>\n<meta name=\"twitter:card\" content=\"summary_large_image\" \/>\n<meta name=\"twitter:site\" content=\"@one_in_canada\" \/>\n<meta name=\"twitter:label1\" content=\"Est. reading time\" \/>\n\t<meta name=\"twitter:data1\" content=\"4 minutes\" \/>\n<script type=\"application\/ld+json\" class=\"yoast-schema-graph\">{\"@context\":\"https:\/\/schema.org\",\"@graph\":[{\"@type\":\"WebPage\",\"@id\":\"https:\/\/www.one.org\/ca\/fr\/nous-connaitre\/nos-combats\/la-strategie-canada-afrique-un-an-plus-tard-transformer-les-mots-en-actions\/\",\"url\":\"https:\/\/www.one.org\/ca\/fr\/nous-connaitre\/nos-combats\/la-strategie-canada-afrique-un-an-plus-tard-transformer-les-mots-en-actions\/\",\"name\":\"La\u202fstrat\u00e9gie\u202fCanada-Afrique un an plus tard\u202fTransformer les mots\u202fen\u202factions - ONE.org Canada\",\"isPartOf\":{\"@id\":\"https:\/\/www.one.org\/ca\/fr\/#website\"},\"primaryImageOfPage\":{\"@id\":\"https:\/\/www.one.org\/ca\/fr\/nous-connaitre\/nos-combats\/la-strategie-canada-afrique-un-an-plus-tard-transformer-les-mots-en-actions\/#primaryimage\"},\"image\":{\"@id\":\"https:\/\/www.one.org\/ca\/fr\/nous-connaitre\/nos-combats\/la-strategie-canada-afrique-un-an-plus-tard-transformer-les-mots-en-actions\/#primaryimage\"},\"thumbnailUrl\":\"https:\/\/www.one.org\/ca\/wp-content\/uploads\/sites\/6\/2026\/03\/CAS-Report-hero-image-1640-x-800-px.png\",\"datePublished\":\"2026-03-10T19:51:07+00:00\",\"dateModified\":\"2026-04-26T16:17:36+00:00\",\"description\":\"Un an apr\u00e8s avoir lanc\u00e9 sa strat\u00e9gie Canada-Afrique, le Canada doit transformer ses ambitions en actions concr\u00e8tes afin de d\u00e9bloquer.\",\"breadcrumb\":{\"@id\":\"https:\/\/www.one.org\/ca\/fr\/nous-connaitre\/nos-combats\/la-strategie-canada-afrique-un-an-plus-tard-transformer-les-mots-en-actions\/#breadcrumb\"},\"inLanguage\":\"fr-FR\",\"potentialAction\":[{\"@type\":\"ReadAction\",\"target\":[\"https:\/\/www.one.org\/ca\/fr\/nous-connaitre\/nos-combats\/la-strategie-canada-afrique-un-an-plus-tard-transformer-les-mots-en-actions\/\"]}]},{\"@type\":\"ImageObject\",\"inLanguage\":\"fr-FR\",\"@id\":\"https:\/\/www.one.org\/ca\/fr\/nous-connaitre\/nos-combats\/la-strategie-canada-afrique-un-an-plus-tard-transformer-les-mots-en-actions\/#primaryimage\",\"url\":\"https:\/\/www.one.org\/ca\/wp-content\/uploads\/sites\/6\/2026\/03\/CAS-Report-hero-image-1640-x-800-px.png\",\"contentUrl\":\"https:\/\/www.one.org\/ca\/wp-content\/uploads\/sites\/6\/2026\/03\/CAS-Report-hero-image-1640-x-800-px.png\",\"width\":1640,\"height\":800},{\"@type\":\"BreadcrumbList\",\"@id\":\"https:\/\/www.one.org\/ca\/fr\/nous-connaitre\/nos-combats\/la-strategie-canada-afrique-un-an-plus-tard-transformer-les-mots-en-actions\/#breadcrumb\",\"itemListElement\":[{\"@type\":\"ListItem\",\"position\":1,\"name\":\"Home\",\"item\":\"https:\/\/www.one.org\/ca\/fr\/\"},{\"@type\":\"ListItem\",\"position\":2,\"name\":\"Nous conna\u00eetre\",\"item\":\"https:\/\/www.one.org\/ca\/fr\/nous-connaitre\/\"},{\"@type\":\"ListItem\",\"position\":3,\"name\":\"Nos combats\",\"item\":\"https:\/\/www.one.org\/ca\/fr\/nous-connaitre\/nos-combats\/\"},{\"@type\":\"ListItem\",\"position\":4,\"name\":\"La\u202fstrat\u00e9gie\u202fCanada-Afrique un an plus tard\u202fTransformer les mots\u202fen\u202factions\"}]},{\"@type\":\"WebSite\",\"@id\":\"https:\/\/www.one.org\/ca\/fr\/#website\",\"url\":\"https:\/\/www.one.org\/ca\/fr\/\",\"name\":\"ONE.org\",\"description\":\"Cr\u00e9er des opportunit\u00e9s \u00e9conomiques et am\u00e9liorer la sant\u00e9 en Afrique\",\"potentialAction\":[{\"@type\":\"SearchAction\",\"target\":{\"@type\":\"EntryPoint\",\"urlTemplate\":\"https:\/\/www.one.org\/ca\/fr\/?s={search_term_string}\"},\"query-input\":{\"@type\":\"PropertyValueSpecification\",\"valueRequired\":true,\"valueName\":\"search_term_string\"}}],\"inLanguage\":\"fr-FR\"}]}<\/script>\n<!-- \/ Yoast SEO Premium plugin. -->","yoast_head_json":{"title":"La\u202fstrat\u00e9gie\u202fCanada-Afrique un an plus tard\u202fTransformer les mots\u202fen\u202factions - ONE.org Canada","description":"Un an apr\u00e8s avoir lanc\u00e9 sa strat\u00e9gie Canada-Afrique, le Canada doit transformer ses ambitions en actions concr\u00e8tes afin de d\u00e9bloquer.","robots":{"index":"index","follow":"follow","max-snippet":"max-snippet:-1","max-image-preview":"max-image-preview:large","max-video-preview":"max-video-preview:-1"},"canonical":"https:\/\/www.one.org\/ca\/fr\/nous-connaitre\/nos-combats\/la-strategie-canada-afrique-un-an-plus-tard-transformer-les-mots-en-actions\/","og_locale":"fr_CA","og_type":"article","og_title":"La\u202fstrat\u00e9gie\u202fCanada-Afrique un an plus tard\u202fTransformer les mots\u202fen\u202factions","og_description":"Un an apr\u00e8s avoir lanc\u00e9 sa strat\u00e9gie Canada-Afrique, le Canada doit transformer ses ambitions en actions concr\u00e8tes afin de d\u00e9bloquer.","og_url":"https:\/\/www.one.org\/ca\/fr\/nous-connaitre\/nos-combats\/la-strategie-canada-afrique-un-an-plus-tard-transformer-les-mots-en-actions\/","og_site_name":"ONE.org Canada","article_publisher":"https:\/\/www.facebook.com\/ONE","article_modified_time":"2026-04-26T16:17:36+00:00","og_image":[{"width":1640,"height":800,"url":"http:\/\/www.one.org\/ca\/wp-content\/uploads\/sites\/6\/2026\/03\/CAS-Report-hero-image-1640-x-800-px.png","type":"image\/png"}],"twitter_card":"summary_large_image","twitter_site":"@one_in_canada","twitter_misc":{"Est. reading time":"4 minutes"},"schema":{"@context":"https:\/\/schema.org","@graph":[{"@type":"WebPage","@id":"https:\/\/www.one.org\/ca\/fr\/nous-connaitre\/nos-combats\/la-strategie-canada-afrique-un-an-plus-tard-transformer-les-mots-en-actions\/","url":"https:\/\/www.one.org\/ca\/fr\/nous-connaitre\/nos-combats\/la-strategie-canada-afrique-un-an-plus-tard-transformer-les-mots-en-actions\/","name":"La\u202fstrat\u00e9gie\u202fCanada-Afrique un an plus tard\u202fTransformer les mots\u202fen\u202factions - ONE.org Canada","isPartOf":{"@id":"https:\/\/www.one.org\/ca\/fr\/#website"},"primaryImageOfPage":{"@id":"https:\/\/www.one.org\/ca\/fr\/nous-connaitre\/nos-combats\/la-strategie-canada-afrique-un-an-plus-tard-transformer-les-mots-en-actions\/#primaryimage"},"image":{"@id":"https:\/\/www.one.org\/ca\/fr\/nous-connaitre\/nos-combats\/la-strategie-canada-afrique-un-an-plus-tard-transformer-les-mots-en-actions\/#primaryimage"},"thumbnailUrl":"https:\/\/www.one.org\/ca\/wp-content\/uploads\/sites\/6\/2026\/03\/CAS-Report-hero-image-1640-x-800-px.png","datePublished":"2026-03-10T19:51:07+00:00","dateModified":"2026-04-26T16:17:36+00:00","description":"Un an apr\u00e8s avoir lanc\u00e9 sa strat\u00e9gie Canada-Afrique, le Canada doit transformer ses ambitions en actions concr\u00e8tes afin de d\u00e9bloquer.","breadcrumb":{"@id":"https:\/\/www.one.org\/ca\/fr\/nous-connaitre\/nos-combats\/la-strategie-canada-afrique-un-an-plus-tard-transformer-les-mots-en-actions\/#breadcrumb"},"inLanguage":"fr-FR","potentialAction":[{"@type":"ReadAction","target":["https:\/\/www.one.org\/ca\/fr\/nous-connaitre\/nos-combats\/la-strategie-canada-afrique-un-an-plus-tard-transformer-les-mots-en-actions\/"]}]},{"@type":"ImageObject","inLanguage":"fr-FR","@id":"https:\/\/www.one.org\/ca\/fr\/nous-connaitre\/nos-combats\/la-strategie-canada-afrique-un-an-plus-tard-transformer-les-mots-en-actions\/#primaryimage","url":"https:\/\/www.one.org\/ca\/wp-content\/uploads\/sites\/6\/2026\/03\/CAS-Report-hero-image-1640-x-800-px.png","contentUrl":"https:\/\/www.one.org\/ca\/wp-content\/uploads\/sites\/6\/2026\/03\/CAS-Report-hero-image-1640-x-800-px.png","width":1640,"height":800},{"@type":"BreadcrumbList","@id":"https:\/\/www.one.org\/ca\/fr\/nous-connaitre\/nos-combats\/la-strategie-canada-afrique-un-an-plus-tard-transformer-les-mots-en-actions\/#breadcrumb","itemListElement":[{"@type":"ListItem","position":1,"name":"Home","item":"https:\/\/www.one.org\/ca\/fr\/"},{"@type":"ListItem","position":2,"name":"Nous conna\u00eetre","item":"https:\/\/www.one.org\/ca\/fr\/nous-connaitre\/"},{"@type":"ListItem","position":3,"name":"Nos combats","item":"https:\/\/www.one.org\/ca\/fr\/nous-connaitre\/nos-combats\/"},{"@type":"ListItem","position":4,"name":"La\u202fstrat\u00e9gie\u202fCanada-Afrique un an plus tard\u202fTransformer les mots\u202fen\u202factions"}]},{"@type":"WebSite","@id":"https:\/\/www.one.org\/ca\/fr\/#website","url":"https:\/\/www.one.org\/ca\/fr\/","name":"ONE.org","description":"Cr\u00e9er des opportunit\u00e9s \u00e9conomiques et am\u00e9liorer la sant\u00e9 en Afrique","potentialAction":[{"@type":"SearchAction","target":{"@type":"EntryPoint","urlTemplate":"https:\/\/www.one.org\/ca\/fr\/?s={search_term_string}"},"query-input":{"@type":"PropertyValueSpecification","valueRequired":true,"valueName":"search_term_string"}}],"inLanguage":"fr-FR"}]}},"distributor_meta":false,"distributor_terms":false,"distributor_media":false,"distributor_original_site_name":"ONE.org Canada","distributor_original_site_url":"https:\/\/www.one.org\/ca\/fr\/","push-errors":false,"_links":{"self":[{"href":"https:\/\/www.one.org\/ca\/fr\/wp-json\/wp\/v2\/pages\/164191","targetHints":{"allow":["GET"]}}],"collection":[{"href":"https:\/\/www.one.org\/ca\/fr\/wp-json\/wp\/v2\/pages"}],"about":[{"href":"https:\/\/www.one.org\/ca\/fr\/wp-json\/wp\/v2\/types\/page"}],"author":[{"embeddable":true,"href":"https:\/\/www.one.org\/ca\/fr\/wp-json\/wp\/v2\/users\/42"}],"replies":[{"embeddable":true,"href":"https:\/\/www.one.org\/ca\/fr\/wp-json\/wp\/v2\/comments?post=164191"}],"version-history":[{"count":6,"href":"https:\/\/www.one.org\/ca\/fr\/wp-json\/wp\/v2\/pages\/164191\/revisions"}],"predecessor-version":[{"id":164315,"href":"https:\/\/www.one.org\/ca\/fr\/wp-json\/wp\/v2\/pages\/164191\/revisions\/164315"}],"up":[{"embeddable":true,"href":"https:\/\/www.one.org\/ca\/fr\/wp-json\/wp\/v2\/pages\/160772"}],"wp:featuredmedia":[{"embeddable":true,"href":"https:\/\/www.one.org\/ca\/fr\/wp-json\/wp\/v2\/media\/164218"}],"wp:attachment":[{"href":"https:\/\/www.one.org\/ca\/fr\/wp-json\/wp\/v2\/media?parent=164191"}],"curies":[{"name":"wp","href":"https:\/\/api.w.org\/{rel}","templated":true}]}}