{"id":160797,"date":"2023-08-22T16:55:34","date_gmt":"2023-08-22T16:55:34","guid":{"rendered":"https:\/\/www.one.org\/ca\/sitemap\/"},"modified":"2023-09-21T09:14:40","modified_gmt":"2023-09-21T09:14:40","slug":"plan-du-site","status":"publish","type":"page","link":"https:\/\/www.one.org\/ca\/fr\/plan-du-site\/","title":{"rendered":"Plan du site"},"content":{"rendered":"\n<div id=\"block_de0b2dcdf24cd6896b6b890e08b32eb6\" class=\"oneorg-block oneorg-promo flush is-style-bottom  has-text-align-left  \">\n\n\t\t\t    \n\n\t\t\t<div class=\"oneorg-promo__wrapper\">\n\t\t\t\t<div class=\"oneorg-promo__inner\">   \n\n\t\t\t\t<div class=\"oneorg-promo__content\">\n\t\t\t\t\t<div class=\"acf-innerblocks-container\">\n\n<p class=\"oneorg-section-title\"><\/p>\n\n\n\n<h2 class=\"wp-block-heading\" id=\"h-plan-du-site\">Plan du site<\/h2>\n\n\n\n<\/div>\n\t\t\t\t<\/div>\n\t\t\t\t\n\t\t\t\t<\/div>\n\t\t\t<\/div>\n\n<\/div>\n\n\n<nav class=\"wp-block-navigation is-layout-flex wp-block-navigation-is-layout-flex\" aria-label=\"Main menu - French\"><ul class=\"wp-block-navigation__container  wp-block-navigation\"><li class=\"wp-block-navigation-item has-child wp-block-navigation-submenu\"><a class=\"wp-block-navigation-item__content\" href=\"https:\/\/www.one.org\/ca\/fr\/nous-connaitre\/\"><span class=\"wp-block-navigation-item__label\">Nous conna\u00eetre<\/span><\/a><ul class=\"wp-block-navigation__submenu-container wp-block-navigation-submenu\"><li class=\" wp-block-navigation-item wp-block-navigation-link\"><a class=\"wp-block-navigation-item__content\"  href=\"https:\/\/www.one.org\/ca\/fr\/nous-connaitre\/nous-bougeons-les-lignes\/\"><span class=\"wp-block-navigation-item__label\">Nous bougeons les lignes<\/span><\/a><\/li><li class=\" wp-block-navigation-item wp-block-navigation-link\"><a class=\"wp-block-navigation-item__content\"  href=\"https:\/\/www.one.org\/ca\/fr\/nous-connaitre\/nos-victoires\/\"><span class=\"wp-block-navigation-item__label\">Nos victoires<\/span><\/a><\/li><li class=\" wp-block-navigation-item wp-block-navigation-link\"><a class=\"wp-block-navigation-item__content\"  href=\"https:\/\/www.one.org\/ca\/fr\/nous-connaitre\/nos-combats\/\"><span class=\"wp-block-navigation-item__label\">Nos combats<\/span><\/a><\/li><li class=\" wp-block-navigation-item wp-block-navigation-link\"><a class=\"wp-block-navigation-item__content\"  href=\"https:\/\/data.one.org\/\"><span class=\"wp-block-navigation-item__label\">Recherche, expertise, plaidoyer<\/span><\/a><\/li><\/ul><\/li><li class=\"wp-block-navigation-item has-child wp-block-navigation-submenu\"><a class=\"wp-block-navigation-item__content\" href=\"https:\/\/www.one.org\/ca\/fr\/agir\/\"><span class=\"wp-block-navigation-item__label\">Agir<\/span><\/a><ul class=\"wp-block-navigation__submenu-container wp-block-navigation-submenu\"><li class=\" wp-block-navigation-item wp-block-navigation-link\"><a class=\"wp-block-navigation-item__content\"  href=\"https:\/\/www.one.org\/ca\/fr\/agir\/rejoignez-notre-combat\/\"><span class=\"wp-block-navigation-item__label\">Rejoignez notre combat<\/span><\/a><\/li><li class=\" wp-block-navigation-item wp-block-navigation-link\"><a class=\"wp-block-navigation-item__content\"  href=\"https:\/\/www.one.org\/ca\/fr\/agir\/passez-a-laction\/\"><span class=\"wp-block-navigation-item__label\">Passez \u00e0 l\u2019action<\/span><\/a><\/li><li class=\" wp-block-navigation-item wp-block-navigation-link\"><a class=\"wp-block-navigation-item__content\"  href=\"https:\/\/www.one.org\/ca\/fr\/agir\/devenez-benevole-de-one\/\"><span class=\"wp-block-navigation-item__label\">Devenez b\u00e9n\u00e9vole de ONE<\/span><\/a><\/li><\/ul><\/li><li class=\"wp-block-navigation-item has-child wp-block-navigation-submenu\"><a class=\"wp-block-navigation-item__content\" href=\"https:\/\/www.one.org\/ca\/fr\/a-propos\/\"><span class=\"wp-block-navigation-item__label\">\u00c0 propos<\/span><\/a><ul class=\"wp-block-navigation__submenu-container wp-block-navigation-submenu\"><li class=\" wp-block-navigation-item wp-block-navigation-link\"><a class=\"wp-block-navigation-item__content\"  href=\"https:\/\/www.one.org\/ca\/fr\/a-propos\/financials\/\"><span class=\"wp-block-navigation-item__label\">Nos Finances<\/span><\/a><\/li><li class=\" wp-block-navigation-item wp-block-navigation-link\"><a class=\"wp-block-navigation-item__content\"  href=\"https:\/\/www.one.org\/ca\/fr\/a-propos\/leadership\/\"><span class=\"wp-block-navigation-item__label\">Leadership<\/span><\/a><\/li><li class=\" wp-block-navigation-item wp-block-navigation-link\"><a class=\"wp-block-navigation-item__content\"  href=\"https:\/\/www.one.org\/ca\/fr\/a-propos\/recrutement\/\"><span class=\"wp-block-navigation-item__label\">Recrutement<\/span><\/a><\/li><li class=\" wp-block-navigation-item wp-block-navigation-link\"><a class=\"wp-block-navigation-item__content\"  href=\"https:\/\/www.one.org\/ca\/fr\/a-propos\/contacter-one\/\"><span class=\"wp-block-navigation-item__label\">Contacter ONE<\/span><\/a><\/li><li class=\" wp-block-navigation-item wp-block-navigation-link\"><a class=\"wp-block-navigation-item__content\"  href=\"https:\/\/www.one.org\/ca\/fr\/a-propos\/espace-medias\/\"><span class=\"wp-block-navigation-item__label\">Espace M\u00e9dias<\/span><\/a><\/li><\/ul><\/li><li class=\" wp-block-navigation-item wp-block-navigation-link\"><a class=\"wp-block-navigation-item__content\"  href=\"https:\/\/www.one.org\/ca\/fr\/actualites\/\"><span class=\"wp-block-navigation-item__label\">Actualit\u00e9s<\/span><\/a><\/li><\/ul><\/nav>\n\n<nav class=\"wp-block-navigation is-layout-flex wp-block-navigation-is-layout-flex\" aria-label=\"Legal menu - French\"><ul class=\"wp-block-navigation__container  wp-block-navigation\"><li class=\" wp-block-navigation-item wp-block-navigation-link\"><a class=\"wp-block-navigation-item__content\"  href=\"https:\/\/act.one.org\/unsubscribe\/unsubscribe_canada\/\"><span class=\"wp-block-navigation-item__label\">Unsubscribe<\/span><\/a><\/li><li class=\" wp-block-navigation-item wp-block-navigation-link\"><a class=\"wp-block-navigation-item__content\"  href=\"https:\/\/www.one.org\/ca\/fr\/info\/politique-de-confidentialite-modalites-et-conditions\/\"><span class=\"wp-block-navigation-item__label\">Confidentialit\u00e9<\/span><\/a><\/li><li class=\" wp-block-navigation-item wp-block-navigation-link\"><a class=\"wp-block-navigation-item__content\"  href=\"https:\/\/www.one.org\/ca\/fr\/info\/safeguarding\/\"><span class=\"wp-block-navigation-item__label\">Protection<\/span><\/a><\/li><li class=\" wp-block-navigation-item wp-block-navigation-link\"><a class=\"wp-block-navigation-item__content\"  href=\"https:\/\/www.one.org\/ca\/fr\/info\/accessibility\/\"><span class=\"wp-block-navigation-item__label\">Politique d\u2019accessibilit\u00e9<\/span><\/a><\/li><li class=\" wp-block-navigation-item wp-block-navigation-link\"><a class=\"wp-block-navigation-item__content\"  href=\"https:\/\/www.one.org\/ca\/fr\/plan-du-site\/\"><span class=\"wp-block-navigation-item__label\">Plan du site<\/span><\/a><\/li><\/ul><\/nav><div class=\"buffer\"><\/div>","protected":false},"excerpt":{"rendered":"","protected":false},"author":3,"featured_media":0,"parent":0,"menu_order":0,"comment_status":"closed","ping_status":"closed","template":"","meta":{"_acf_changed":false,"_relevanssi_hide_post":"","_relevanssi_hide_content":"","_relevanssi_pin_for_all":"","_relevanssi_pin_keywords":"","_relevanssi_unpin_keywords":"","_relevanssi_related_keywords":"","_relevanssi_related_include_ids":"","_relevanssi_related_exclude_ids":"","_relevanssi_related_no_append":"","_relevanssi_related_not_related":"","_relevanssi_related_posts":"1","_relevanssi_noindex_reason":"","footnotes":""},"class_list":["post-160797","page","type-page","status-publish","hentry"],"acf":[],"yoast_head":"<!-- This site is optimized with the Yoast SEO Premium plugin v27.1 (Yoast SEO v27.1.1) - https:\/\/yoast.com\/product\/yoast-seo-premium-wordpress\/ -->\n<title>Plan du site - ONE.org Canada<\/title>\n<meta name=\"description\" content=\"Retrouvez notre plan de site pour acc\u00e9der \u00e0 toutes nos actions, informations et contenus.\" \/>\n<meta name=\"robots\" content=\"index, follow, max-snippet:-1, max-image-preview:large, max-video-preview:-1\" \/>\n<link rel=\"canonical\" href=\"https:\/\/www.one.org\/ca\/fr\/plan-du-site\/\" \/>\n<meta property=\"og:locale\" content=\"fr_CA\" \/>\n<meta property=\"og:type\" content=\"article\" \/>\n<meta property=\"og:title\" content=\"Plan du site\" \/>\n<meta property=\"og:description\" content=\"Retrouvez notre plan de site pour acc\u00e9der \u00e0 toutes nos actions, informations et contenus.\" \/>\n<meta property=\"og:url\" content=\"https:\/\/www.one.org\/ca\/fr\/plan-du-site\/\" \/>\n<meta property=\"og:site_name\" content=\"ONE.org Canada\" \/>\n<meta property=\"article:publisher\" content=\"https:\/\/www.facebook.com\/ONE\" \/>\n<meta property=\"article:modified_time\" content=\"2023-09-21T09:14:40+00:00\" \/>\n<meta property=\"og:image\" content=\"https:\/\/www.one.org\/ca\/wp-content\/uploads\/sites\/6\/2023\/09\/GA_share_1200x628-768x402-1.png\" \/>\n\t<meta property=\"og:image:width\" content=\"768\" \/>\n\t<meta property=\"og:image:height\" content=\"402\" \/>\n\t<meta property=\"og:image:type\" content=\"image\/png\" \/>\n<meta name=\"twitter:card\" content=\"summary_large_image\" \/>\n<meta name=\"twitter:site\" content=\"@one_in_canada\" \/>\n<meta name=\"twitter:label1\" content=\"Est. reading time\" \/>\n\t<meta name=\"twitter:data1\" content=\"1 minute\" \/>\n<script type=\"application\/ld+json\" class=\"yoast-schema-graph\">{\"@context\":\"https:\/\/schema.org\",\"@graph\":[{\"@type\":\"WebPage\",\"@id\":\"https:\/\/www.one.org\/ca\/fr\/plan-du-site\/\",\"url\":\"https:\/\/www.one.org\/ca\/fr\/plan-du-site\/\",\"name\":\"Plan du site - ONE.org Canada\",\"isPartOf\":{\"@id\":\"https:\/\/www.one.org\/ca\/fr\/#website\"},\"datePublished\":\"2023-08-22T16:55:34+00:00\",\"dateModified\":\"2023-09-21T09:14:40+00:00\",\"description\":\"Retrouvez notre plan de site pour acc\u00e9der \u00e0 toutes nos actions, informations et contenus.\",\"breadcrumb\":{\"@id\":\"https:\/\/www.one.org\/ca\/fr\/plan-du-site\/#breadcrumb\"},\"inLanguage\":\"fr-FR\",\"potentialAction\":[{\"@type\":\"ReadAction\",\"target\":[\"https:\/\/www.one.org\/ca\/fr\/plan-du-site\/\"]}]},{\"@type\":\"BreadcrumbList\",\"@id\":\"https:\/\/www.one.org\/ca\/fr\/plan-du-site\/#breadcrumb\",\"itemListElement\":[{\"@type\":\"ListItem\",\"position\":1,\"name\":\"Home\",\"item\":\"https:\/\/www.one.org\/ca\/fr\/\"},{\"@type\":\"ListItem\",\"position\":2,\"name\":\"Plan du site\"}]},{\"@type\":\"WebSite\",\"@id\":\"https:\/\/www.one.org\/ca\/fr\/#website\",\"url\":\"https:\/\/www.one.org\/ca\/fr\/\",\"name\":\"ONE.org\",\"description\":\"Cr\u00e9er des opportunit\u00e9s \u00e9conomiques et am\u00e9liorer la sant\u00e9 en Afrique\",\"potentialAction\":[{\"@type\":\"SearchAction\",\"target\":{\"@type\":\"EntryPoint\",\"urlTemplate\":\"https:\/\/www.one.org\/ca\/fr\/?s={search_term_string}\"},\"query-input\":{\"@type\":\"PropertyValueSpecification\",\"valueRequired\":true,\"valueName\":\"search_term_string\"}}],\"inLanguage\":\"fr-FR\"}]}<\/script>\n<!-- \/ Yoast SEO Premium plugin. -->","yoast_head_json":{"title":"Plan du site - ONE.org Canada","description":"Retrouvez notre plan de site pour acc\u00e9der \u00e0 toutes nos actions, informations et contenus.","robots":{"index":"index","follow":"follow","max-snippet":"max-snippet:-1","max-image-preview":"max-image-preview:large","max-video-preview":"max-video-preview:-1"},"canonical":"https:\/\/www.one.org\/ca\/fr\/plan-du-site\/","og_locale":"fr_CA","og_type":"article","og_title":"Plan du site","og_description":"Retrouvez notre plan de site pour acc\u00e9der \u00e0 toutes nos actions, informations et contenus.","og_url":"https:\/\/www.one.org\/ca\/fr\/plan-du-site\/","og_site_name":"ONE.org Canada","article_publisher":"https:\/\/www.facebook.com\/ONE","article_modified_time":"2023-09-21T09:14:40+00:00","og_image":[{"width":768,"height":402,"url":"https:\/\/www.one.org\/ca\/wp-content\/uploads\/sites\/6\/2023\/09\/GA_share_1200x628-768x402-1.png","type":"image\/png"}],"twitter_card":"summary_large_image","twitter_site":"@one_in_canada","twitter_misc":{"Est. reading time":"1 minute"},"schema":{"@context":"https:\/\/schema.org","@graph":[{"@type":"WebPage","@id":"https:\/\/www.one.org\/ca\/fr\/plan-du-site\/","url":"https:\/\/www.one.org\/ca\/fr\/plan-du-site\/","name":"Plan du site - ONE.org Canada","isPartOf":{"@id":"https:\/\/www.one.org\/ca\/fr\/#website"},"datePublished":"2023-08-22T16:55:34+00:00","dateModified":"2023-09-21T09:14:40+00:00","description":"Retrouvez notre plan de site pour acc\u00e9der \u00e0 toutes nos actions, informations et contenus.","breadcrumb":{"@id":"https:\/\/www.one.org\/ca\/fr\/plan-du-site\/#breadcrumb"},"inLanguage":"fr-FR","potentialAction":[{"@type":"ReadAction","target":["https:\/\/www.one.org\/ca\/fr\/plan-du-site\/"]}]},{"@type":"BreadcrumbList","@id":"https:\/\/www.one.org\/ca\/fr\/plan-du-site\/#breadcrumb","itemListElement":[{"@type":"ListItem","position":1,"name":"Home","item":"https:\/\/www.one.org\/ca\/fr\/"},{"@type":"ListItem","position":2,"name":"Plan du site"}]},{"@type":"WebSite","@id":"https:\/\/www.one.org\/ca\/fr\/#website","url":"https:\/\/www.one.org\/ca\/fr\/","name":"ONE.org","description":"Cr\u00e9er des opportunit\u00e9s \u00e9conomiques et am\u00e9liorer la sant\u00e9 en Afrique","potentialAction":[{"@type":"SearchAction","target":{"@type":"EntryPoint","urlTemplate":"https:\/\/www.one.org\/ca\/fr\/?s={search_term_string}"},"query-input":{"@type":"PropertyValueSpecification","valueRequired":true,"valueName":"search_term_string"}}],"inLanguage":"fr-FR"}]}},"distributor_meta":false,"distributor_terms":false,"distributor_media":false,"distributor_original_site_name":"ONE.org Canada","distributor_original_site_url":"https:\/\/www.one.org\/ca\/fr\/","push-errors":false,"_links":{"self":[{"href":"https:\/\/www.one.org\/ca\/fr\/wp-json\/wp\/v2\/pages\/160797","targetHints":{"allow":["GET"]}}],"collection":[{"href":"https:\/\/www.one.org\/ca\/fr\/wp-json\/wp\/v2\/pages"}],"about":[{"href":"https:\/\/www.one.org\/ca\/fr\/wp-json\/wp\/v2\/types\/page"}],"author":[{"embeddable":true,"href":"https:\/\/www.one.org\/ca\/fr\/wp-json\/wp\/v2\/users\/3"}],"replies":[{"embeddable":true,"href":"https:\/\/www.one.org\/ca\/fr\/wp-json\/wp\/v2\/comments?post=160797"}],"version-history":[{"count":0,"href":"https:\/\/www.one.org\/ca\/fr\/wp-json\/wp\/v2\/pages\/160797\/revisions"}],"wp:attachment":[{"href":"https:\/\/www.one.org\/ca\/fr\/wp-json\/wp\/v2\/media?parent=160797"}],"curies":[{"name":"wp","href":"https:\/\/api.w.org\/{rel}","templated":true}]}}