{"id":160794,"date":"2023-08-23T13:48:01","date_gmt":"2023-08-23T13:48:01","guid":{"rendered":"https:\/\/www.one.org\/ca\/a-propos\/media\/"},"modified":"2023-10-18T09:06:27","modified_gmt":"2023-10-18T09:06:27","slug":"espace-medias","status":"publish","type":"page","link":"https:\/\/www.one.org\/ca\/fr\/a-propos\/espace-medias\/","title":{"rendered":"Espace M\u00e9dias"},"content":{"rendered":"<div id=\"block_f837eac4f0f7ed7ddf292c54c974cc0b\" class=\"oneorg-block oneorg-cards \">\n\n\t<div class=\"oneorg-cards__content\">\n\n\t\t\t\t\t<div class=\"acf-innerblocks-container\">\n\n<h2 class=\"wp-block-heading oneorg-section-title\" id=\"h-latest\">Latest<\/h2>\n\n\n<div class=\"oneorg-cards__grid oneorg-cards__grid--12 oneorg-cards__grid--one_press \">\n\t<div class=\"oneorg-list-item \" data-url=\"https:\/\/www.one.org\/ca\/fr\/press\/le-g7-perd-le-rythme-sur-lafrique-mais-le-g20-en-afrique-du-sud-sera-la-prochaine-occasion\/\">\n\t<h3 class=\"oneorg-card__heading mb-1\"><a href=\"https:\/\/www.one.org\/ca\/fr\/press\/le-g7-perd-le-rythme-sur-lafrique-mais-le-g20-en-afrique-du-sud-sera-la-prochaine-occasion\/\" rel=\"bookmark\">Le G7 perd le rythme sur l\u2019Afrique \u2014 mais le G20 en Afrique du Sud sera la prochaine occasion\u00a0<\/a><\/h3>    <div class=\"oneorg-card__content\">\n        <p><time class=\"updated\" datetime=\"2025-06-18T00:17:40\">June 18, 2025<\/time><\/p>\n        Si le leadership \u00e9tait une chanson, il lui faudrait un rythme r\u00e9gulier. Le Sommet du G7 de cette semaine a manqu\u00e9 une occasion \u2014 mais il est encore temps&#8230;        <div class=\"oneorg-card__link\">\n            <a class=\"\" href=\"https:\/\/www.one.org\/ca\/fr\/press\/le-g7-perd-le-rythme-sur-lafrique-mais-le-g20-en-afrique-du-sud-sera-la-prochaine-occasion\/\">En savoir plus<\/a>\n        <\/div>\n    <\/div>\n<\/div><div class=\"oneorg-list-item \" data-url=\"https:\/\/www.one.org\/ca\/fr\/press\/canada-can-and-must-share-vaccines-now-2\/\">\n\t<h3 class=\"oneorg-card__heading mb-1\"><a href=\"https:\/\/www.one.org\/ca\/fr\/press\/canada-can-and-must-share-vaccines-now-2\/\" rel=\"bookmark\">Le Canada peut et doit partager des vaccins maintenant.<\/a><\/h3>    <div class=\"oneorg-card__content\">\n        <p><time class=\"updated\" datetime=\"2021-06-02T18:45:14\">June 2, 2021<\/time><\/p>\n        Pour r\u00e9duire l\u2019immense disparit\u00e9 dans la distribution des vaccins et \u00e9liminer la COVID partout, le Canada doit se joindre \u00e0 d&#8217;autres pays riches en faisant don de doses par&#8230;        <div class=\"oneorg-card__link\">\n            <a class=\"\" href=\"https:\/\/www.one.org\/ca\/fr\/press\/canada-can-and-must-share-vaccines-now-2\/\">En savoir plus<\/a>\n        <\/div>\n    <\/div>\n<\/div><div class=\"oneorg-list-item \" data-url=\"https:\/\/www.one.org\/ca\/fr\/press\/campagne-one-engagements-sommet-mondial-vaccination-2\/\">\n\t<h3 class=\"oneorg-card__heading mb-1\"><a href=\"https:\/\/www.one.org\/ca\/fr\/press\/campagne-one-engagements-sommet-mondial-vaccination-2\/\" rel=\"bookmark\">Un vote de confiance essentiel dans la capacit\u00e9 du monde \u00e0 vaincre la maladie &#8211; La Campagne ONE se r\u00e9jouit des engagements pris lors du Sommet mondial sur la vaccination<\/a><\/h3>    <div class=\"oneorg-card__content\">\n        <p><time class=\"updated\" datetime=\"2020-06-05T18:50:00\">June 5, 2020<\/time><\/p>\n        L\u2019approche de Gavi propose un mod\u00e8le pour vaincre des virus comme la COVID-19.\n\n4 \u202fjuin, Londres, Royaume-Uni. Plus t\u00f4t dans la journ\u00e9e, dans le cadre du Sommet mondial sur la&#8230;        <div class=\"oneorg-card__link\">\n            <a class=\"\" href=\"https:\/\/www.one.org\/ca\/fr\/press\/campagne-one-engagements-sommet-mondial-vaccination-2\/\">En savoir plus<\/a>\n        <\/div>\n    <\/div>\n<\/div><div class=\"oneorg-list-item \" data-url=\"https:\/\/www.one.org\/ca\/fr\/press\/one-reponse-communique-g20-2\/\">\n\t<h3 class=\"oneorg-card__heading mb-1\"><a href=\"https:\/\/www.one.org\/ca\/fr\/press\/one-reponse-communique-g20-2\/\" rel=\"bookmark\">D\u00e9claration de ONE Canada en r\u00e9ponse au communiqu\u00e9 du G20<\/a><\/h3>    <div class=\"oneorg-card__content\">\n        <p><time class=\"updated\" datetime=\"2020-03-26T17:27:00\">March 26, 2020<\/time><\/p>\n        Nous saluons l&#8217;engagement d\u00e9clar\u00e9 du G20 de &#8220;fournir une aide \u00e0 tous les pays qui en ont besoin&#8221;.\n\nComme l&#8217;explique le communiqu\u00e9 du G20, des mesures urgentes et \u00e0 court&#8230;        <div class=\"oneorg-card__link\">\n            <a class=\"\" href=\"https:\/\/www.one.org\/ca\/fr\/press\/one-reponse-communique-g20-2\/\">En savoir plus<\/a>\n        <\/div>\n    <\/div>\n<\/div><div class=\"oneorg-list-item \" data-url=\"https:\/\/www.one.org\/ca\/fr\/press\/bono-et-one-saluent-linvestissement-canadien\/\">\n\t<h3 class=\"oneorg-card__heading mb-1\"><a href=\"https:\/\/www.one.org\/ca\/fr\/press\/bono-et-one-saluent-linvestissement-canadien\/\" rel=\"bookmark\">Bono et ONE saluent l\u2019augmentation de l\u2019investissement canadien dans la lutte mondiale contre le sida<\/a><\/h3>    <div class=\"oneorg-card__content\">\n        <p><time class=\"updated\" datetime=\"2019-08-22T17:11:30\">August 22, 2019<\/time><\/p>\n        Le Canada r\u00e9pond \u00e0 l\u2019appel mondial pour sauver des vies en luttant contre le sida, la tuberculose et le paludisme\n\nOTTAWA \u2014 Aujourd\u2019hui, le gouvernement canadien s\u2019est engag\u00e9 \u00e0 soutenir&#8230;        <div class=\"oneorg-card__link\">\n            <a class=\"\" href=\"https:\/\/www.one.org\/ca\/fr\/press\/bono-et-one-saluent-linvestissement-canadien\/\">En savoir plus<\/a>\n        <\/div>\n    <\/div>\n<\/div><div class=\"oneorg-list-item \" data-url=\"https:\/\/www.one.org\/ca\/fr\/press\/one-salue-lannonce-du-premier-ministre-trudeau-concernant-la-sante-le-plan-daction-prosperer\/\">\n\t<h3 class=\"oneorg-card__heading mb-1\"><a href=\"https:\/\/www.one.org\/ca\/fr\/press\/one-salue-lannonce-du-premier-ministre-trudeau-concernant-la-sante-le-plan-daction-prosperer\/\" rel=\"bookmark\">ONE salue l\u2019annonce du Premier Ministre Trudeau concernant la sant\u00e9 le plan d\u2019action Prosp\u00e9rer<\/a><\/h3>    <div class=\"oneorg-card__content\">\n        <p><time class=\"updated\" datetime=\"2019-06-12T21:54:07\">June 12, 2019<\/time><\/p>\n        VANCOUVER &#8212; ONE se r\u00e9jouit aujourd\u2019hui de l\u2019annonce faite par le premier ministre Justin Trudeau que le Canada renouvellera et renforcera son engagement pour la sant\u00e9 globale.\n\nStuart Hickox, Directeur&#8230;        <div class=\"oneorg-card__link\">\n            <a class=\"\" href=\"https:\/\/www.one.org\/ca\/fr\/press\/one-salue-lannonce-du-premier-ministre-trudeau-concernant-la-sante-le-plan-daction-prosperer\/\">En savoir plus<\/a>\n        <\/div>\n    <\/div>\n<\/div><div class=\"oneorg-list-item \" data-url=\"https:\/\/www.one.org\/ca\/fr\/press\/reaction-de-one-et-bono-a-lannonce-de-lobjectif-de-financements-de-la-reconstitution-du-fonds-mondial\/\">\n\t<h3 class=\"oneorg-card__heading mb-1\"><a href=\"https:\/\/www.one.org\/ca\/fr\/press\/reaction-de-one-et-bono-a-lannonce-de-lobjectif-de-financements-de-la-reconstitution-du-fonds-mondial\/\" rel=\"bookmark\">R\u00e9action de ONE et Bono \u00e0 l\u2019annonce de l\u2019objectif de financements de la reconstitution du Fonds mondial<\/a><\/h3>    <div class=\"oneorg-card__content\">\n        <p><time class=\"updated\" datetime=\"2019-01-11T21:28:38\">January 11, 2019<\/time><\/p>\n        Le Fonds mondial de lutte contre le sida, la tuberculose et le paludisme a annonc\u00e9 aujourd\u2019hui que les financements n\u00e9cessaires \u00e0 la poursuite de sa mission de lutte contre les grandes pand\u00e9mies s\u2019\u00e9l\u00e8veront \u00e0 $14 milliards pour les 3 prochaines ann\u00e9es. Si cet objectif est atteint, le Fonds pourrait contribuer \u00e0 sauver 16 millions de vies entre 2021 et 2023.        <div class=\"oneorg-card__link\">\n            <a class=\"\" href=\"https:\/\/www.one.org\/ca\/fr\/press\/reaction-de-one-et-bono-a-lannonce-de-lobjectif-de-financements-de-la-reconstitution-du-fonds-mondial\/\">En savoir plus<\/a>\n        <\/div>\n    <\/div>\n<\/div><div class=\"oneorg-list-item \" data-url=\"https:\/\/www.one.org\/ca\/fr\/press\/one-salue-de-les-engagements-en-faveur-de-leducation-des-filles-au-sommet-du-g7\/\">\n\t<h3 class=\"oneorg-card__heading mb-1\"><a href=\"https:\/\/www.one.org\/ca\/fr\/press\/one-salue-de-les-engagements-en-faveur-de-leducation-des-filles-au-sommet-du-g7\/\" rel=\"bookmark\">ONE salue de les engagements en faveur de l&#8217;\u00e9ducation des filles au sommet du G7<\/a><\/h3>    <div class=\"oneorg-card__content\">\n        <p><time class=\"updated\" datetime=\"2018-06-09T18:24:47\">June 9, 2018<\/time><\/p>\n        QU\u00c9BEC, Canada &#8211; ONE, l\u2019organisation internationale de campagne et de plaidoyer cofond\u00e9e par Bono, le chanteur de U2, pour lutter contre l\u2019extr\u00eame pauvret\u00e9 et les maladies \u00e9vitables en Afrique,&#8230;        <div class=\"oneorg-card__link\">\n            <a class=\"\" href=\"https:\/\/www.one.org\/ca\/fr\/press\/one-salue-de-les-engagements-en-faveur-de-leducation-des-filles-au-sommet-du-g7\/\">En savoir plus<\/a>\n        <\/div>\n    <\/div>\n<\/div><div class=\"oneorg-list-item \" data-url=\"https:\/\/www.one.org\/ca\/fr\/press\/les-pays-du-g7-prennent-des-mesures-importantes-en-faveur-de-lautonomisation-economique-des-femmes\/\">\n\t<h3 class=\"oneorg-card__heading mb-1\"><a href=\"https:\/\/www.one.org\/ca\/fr\/press\/les-pays-du-g7-prennent-des-mesures-importantes-en-faveur-de-lautonomisation-economique-des-femmes\/\" rel=\"bookmark\">Les pays du G7 prennent des mesures importantes en faveur de l\u2019autonomisation \u00e9conomique des femmes<\/a><\/h3>    <div class=\"oneorg-card__content\">\n        <p><time class=\"updated\" datetime=\"2018-06-09T17:52:58\">June 9, 2018<\/time><\/p>\n        QU\u00c9BEC, Canada (9 juin 2018) &#8211; ONE, l\u2019organisation internationale de campagne et de plaidoyer cofond\u00e9e par Bono, le chanteur de U2, pour lutter contre l\u2019extr\u00eame pauvret\u00e9 et les maladies&#8230;        <div class=\"oneorg-card__link\">\n            <a class=\"\" href=\"https:\/\/www.one.org\/ca\/fr\/press\/les-pays-du-g7-prennent-des-mesures-importantes-en-faveur-de-lautonomisation-economique-des-femmes\/\">En savoir plus<\/a>\n        <\/div>\n    <\/div>\n<\/div><div class=\"oneorg-list-item \" data-url=\"https:\/\/www.one.org\/ca\/fr\/press\/bono-et-one-applaudissent-le-budget-trudeau-2018\/\">\n\t<h3 class=\"oneorg-card__heading mb-1\"><a href=\"https:\/\/www.one.org\/ca\/fr\/press\/bono-et-one-applaudissent-le-budget-trudeau-2018\/\" rel=\"bookmark\">Bono et ONE applaudissent le budget Trudeau 2018<\/a><\/h3>    <div class=\"oneorg-card__content\">\n        <p><time class=\"updated\" datetime=\"2018-02-27T22:02:13\">February 27, 2018<\/time><\/p>\n        \u00ab C&#8217;est plus qu&#8217;un budget : c&#8217;est un appel \u00e0 l&#8217;action pour le monde. \u00bb \n\nOTTAWA \u2014 La campagne ONE a \u00e9mis les d\u00e9clarations suivantes \u00e0 l&#8217;appui du budget&#8230;        <div class=\"oneorg-card__link\">\n            <a class=\"\" href=\"https:\/\/www.one.org\/ca\/fr\/press\/bono-et-one-applaudissent-le-budget-trudeau-2018\/\">En savoir plus<\/a>\n        <\/div>\n    <\/div>\n<\/div><div class=\"oneorg-list-item \" data-url=\"https:\/\/www.one.org\/ca\/fr\/press\/de-nouvelles-donnees-indiquent-que-le-canada-delaisse-les-plus-pauvres-du-monde\/\">\n\t<h3 class=\"oneorg-card__heading mb-1\"><a href=\"https:\/\/www.one.org\/ca\/fr\/press\/de-nouvelles-donnees-indiquent-que-le-canada-delaisse-les-plus-pauvres-du-monde\/\" rel=\"bookmark\">De nouvelles donn\u00e9es indiquent que le Canada d\u00e9laisse les plus pauvres du monde<\/a><\/h3>    <div class=\"oneorg-card__content\">\n        <p><time class=\"updated\" datetime=\"2018-01-09T20:58:00\">January 9, 2018<\/time><\/p>\n        OTTAWA \u2014 De nouvelles donn\u00e9es de l&#8217;Organisation de coop\u00e9ration et de d\u00e9veloppement \u00e9conomique r\u00e9v\u00e8lent que le Canada, qui depuis la semaine derni\u00e8re assume la pr\u00e9sidence du G7, est le&#8230;        <div class=\"oneorg-card__link\">\n            <a class=\"\" href=\"https:\/\/www.one.org\/ca\/fr\/press\/de-nouvelles-donnees-indiquent-que-le-canada-delaisse-les-plus-pauvres-du-monde\/\">En savoir plus<\/a>\n        <\/div>\n    <\/div>\n<\/div><div class=\"oneorg-list-item \" data-url=\"https:\/\/www.one.org\/ca\/fr\/press\/one-accueille-et-encourage-lambition-sur-laccent-prevu-du-gouvernement-trudeau-sur-lautonomisation-des-femmes-dans-la-presidence-du-g7\/\">\n\t<h3 class=\"oneorg-card__heading mb-1\"><a href=\"https:\/\/www.one.org\/ca\/fr\/press\/one-accueille-et-encourage-lambition-sur-laccent-prevu-du-gouvernement-trudeau-sur-lautonomisation-des-femmes-dans-la-presidence-du-g7\/\" rel=\"bookmark\">ONE accueille et encourage l&#8217;ambition sur l&#8217;accent pr\u00e9vu du gouvernement Trudeau sur l&#8217;autonomisation des femmes dans la pr\u00e9sidence du G7<\/a><\/h3>    <div class=\"oneorg-card__content\">\n        <p><time class=\"updated\" datetime=\"2017-12-14T22:24:52\">December 14, 2017<\/time><\/p>\n        OTTAWA \u2014 ONE a r\u00e9agi aujourd\u2019hui au d\u00e9voilement par le gouvernement Trudeau des th\u00e8mes de la conf\u00e9rence 2018 du G7 qui comprennent la croissance \u00e9conomique qui profite \u00e0 tout&#8230;        <div class=\"oneorg-card__link\">\n            <a class=\"\" href=\"https:\/\/www.one.org\/ca\/fr\/press\/one-accueille-et-encourage-lambition-sur-laccent-prevu-du-gouvernement-trudeau-sur-lautonomisation-des-femmes-dans-la-presidence-du-g7\/\">En savoir plus<\/a>\n        <\/div>\n    <\/div>\n<\/div>\t\t<\/div>\n\n<nav class=\"oneorg-pagination\" aria-label=\"Pagination\">\n<ul class=\"oneorg-pagination__list\">\n\t\t\t\t <li class=\"oneorg-pagination__item oneorg-pagination__item--active\">\n\t\t\t\t <a href=\"https:\/\/www.one.org\/ca\/fr\/wp-json\/wp\/v2\/pages\/160794\/\" class=\"oneorg-pagination__link\">\n\t\t\t\t\t 1\t\t\t\t <\/a>\n\t\t\t <\/li>\n\t\t\t \t\t\t <li class=\"oneorg-pagination__item\">\n\t\t\t\t <a href=\"https:\/\/www.one.org\/ca\/fr\/wp-json\/wp\/v2\/pages\/160794\/page\/2\/\" class=\"oneorg-pagination__link\">\n\t\t\t\t\t 2\t\t\t\t <\/a>\n\t\t\t <\/li>\n\t\t\t \t<li class=\"oneorg-pagination__item oneorg-pagination__item--next\">\n\t\t<a href=\"https:\/\/www.one.org\/ca\/fr\/wp-json\/wp\/v2\/pages\/160794\/page\/2\/\" class=\"oneorg-pagination__link\" rel=\"next\">\n\t\t\t<span class=\"oneorg-pagination__link-text\">Suivant<\/span>\n\t\t<\/a>\n\t<\/li>\n\t<\/ul>\n<\/nav>\n\n\t\n\n\n<\/div>\n\t\t\t\n\t<\/div>\n\n<\/div><div class=\"buffer\"><\/div>","protected":false},"excerpt":{"rendered":"","protected":false},"author":3,"featured_media":0,"parent":160689,"menu_order":0,"comment_status":"closed","ping_status":"closed","template":"template-sidebar.php","meta":{"_acf_changed":false,"_relevanssi_hide_post":"","_relevanssi_hide_content":"","_relevanssi_pin_for_all":"","_relevanssi_pin_keywords":"","_relevanssi_unpin_keywords":"","_relevanssi_related_keywords":"","_relevanssi_related_include_ids":"","_relevanssi_related_exclude_ids":"","_relevanssi_related_no_append":"","_relevanssi_related_not_related":"","_relevanssi_related_posts":"1","_relevanssi_noindex_reason":"","footnotes":""},"class_list":["post-160794","page","type-page","status-publish","hentry"],"acf":[],"yoast_head":"<!-- This site is optimized with the Yoast SEO Premium plugin v27.1 (Yoast SEO v27.1.1) - https:\/\/yoast.com\/product\/yoast-seo-premium-wordpress\/ -->\n<title>Espace M\u00e9dias - ONE.org Canada<\/title>\n<meta name=\"description\" content=\"Retrouvez tous nos communiqu\u00e9s de presse dans notre espace m\u00e9dias pour avoir acc\u00e8s \u00e0 nos derni\u00e8res annonces et communications.\" \/>\n<meta name=\"robots\" content=\"index, follow, max-snippet:-1, max-image-preview:large, max-video-preview:-1\" \/>\n<link rel=\"canonical\" href=\"https:\/\/www.one.org\/ca\/fr\/a-propos\/espace-medias\/\" \/>\n<meta property=\"og:locale\" content=\"fr_CA\" \/>\n<meta property=\"og:type\" content=\"article\" \/>\n<meta property=\"og:title\" content=\"Espace M\u00e9dias\" \/>\n<meta property=\"og:description\" content=\"Retrouvez tous nos communiqu\u00e9s de presse dans notre espace m\u00e9dias pour avoir acc\u00e8s \u00e0 nos derni\u00e8res annonces et communications.\" \/>\n<meta property=\"og:url\" content=\"https:\/\/www.one.org\/ca\/fr\/a-propos\/espace-medias\/\" \/>\n<meta property=\"og:site_name\" content=\"ONE.org Canada\" \/>\n<meta property=\"article:publisher\" content=\"https:\/\/www.facebook.com\/ONE\" \/>\n<meta property=\"article:modified_time\" content=\"2023-10-18T09:06:27+00:00\" \/>\n<meta property=\"og:image\" content=\"https:\/\/www.one.org\/ca\/wp-content\/uploads\/sites\/6\/2023\/09\/GA_share_1200x628-768x402-1.png\" \/>\n\t<meta property=\"og:image:width\" content=\"768\" \/>\n\t<meta property=\"og:image:height\" content=\"402\" \/>\n\t<meta property=\"og:image:type\" content=\"image\/png\" \/>\n<meta name=\"twitter:card\" content=\"summary_large_image\" \/>\n<meta name=\"twitter:site\" content=\"@one_in_canada\" \/>\n<meta name=\"twitter:label1\" content=\"Est. reading time\" \/>\n\t<meta name=\"twitter:data1\" content=\"1 minute\" \/>\n<script type=\"application\/ld+json\" class=\"yoast-schema-graph\">{\"@context\":\"https:\/\/schema.org\",\"@graph\":[{\"@type\":\"WebPage\",\"@id\":\"https:\/\/www.one.org\/ca\/fr\/a-propos\/espace-medias\/\",\"url\":\"https:\/\/www.one.org\/ca\/fr\/a-propos\/espace-medias\/\",\"name\":\"Espace M\u00e9dias - ONE.org Canada\",\"isPartOf\":{\"@id\":\"https:\/\/www.one.org\/ca\/fr\/#website\"},\"datePublished\":\"2023-08-23T13:48:01+00:00\",\"dateModified\":\"2023-10-18T09:06:27+00:00\",\"description\":\"Retrouvez tous nos communiqu\u00e9s de presse dans notre espace m\u00e9dias pour avoir acc\u00e8s \u00e0 nos derni\u00e8res annonces et communications.\",\"breadcrumb\":{\"@id\":\"https:\/\/www.one.org\/ca\/fr\/a-propos\/espace-medias\/#breadcrumb\"},\"inLanguage\":\"fr-FR\",\"potentialAction\":[{\"@type\":\"ReadAction\",\"target\":[\"https:\/\/www.one.org\/ca\/fr\/a-propos\/espace-medias\/\"]}]},{\"@type\":\"BreadcrumbList\",\"@id\":\"https:\/\/www.one.org\/ca\/fr\/a-propos\/espace-medias\/#breadcrumb\",\"itemListElement\":[{\"@type\":\"ListItem\",\"position\":1,\"name\":\"Home\",\"item\":\"https:\/\/www.one.org\/ca\/fr\/\"},{\"@type\":\"ListItem\",\"position\":2,\"name\":\"\u00c0 propos\",\"item\":\"https:\/\/www.one.org\/ca\/fr\/a-propos\/\"},{\"@type\":\"ListItem\",\"position\":3,\"name\":\"Espace M\u00e9dias\"}]},{\"@type\":\"WebSite\",\"@id\":\"https:\/\/www.one.org\/ca\/fr\/#website\",\"url\":\"https:\/\/www.one.org\/ca\/fr\/\",\"name\":\"ONE.org\",\"description\":\"Cr\u00e9er des opportunit\u00e9s \u00e9conomiques et am\u00e9liorer la sant\u00e9 en Afrique\",\"potentialAction\":[{\"@type\":\"SearchAction\",\"target\":{\"@type\":\"EntryPoint\",\"urlTemplate\":\"https:\/\/www.one.org\/ca\/fr\/?s={search_term_string}\"},\"query-input\":{\"@type\":\"PropertyValueSpecification\",\"valueRequired\":true,\"valueName\":\"search_term_string\"}}],\"inLanguage\":\"fr-FR\"}]}<\/script>\n<!-- \/ Yoast SEO Premium plugin. -->","yoast_head_json":{"title":"Espace M\u00e9dias - ONE.org Canada","description":"Retrouvez tous nos communiqu\u00e9s de presse dans notre espace m\u00e9dias pour avoir acc\u00e8s \u00e0 nos derni\u00e8res annonces et communications.","robots":{"index":"index","follow":"follow","max-snippet":"max-snippet:-1","max-image-preview":"max-image-preview:large","max-video-preview":"max-video-preview:-1"},"canonical":"https:\/\/www.one.org\/ca\/fr\/a-propos\/espace-medias\/","og_locale":"fr_CA","og_type":"article","og_title":"Espace M\u00e9dias","og_description":"Retrouvez tous nos communiqu\u00e9s de presse dans notre espace m\u00e9dias pour avoir acc\u00e8s \u00e0 nos derni\u00e8res annonces et communications.","og_url":"https:\/\/www.one.org\/ca\/fr\/a-propos\/espace-medias\/","og_site_name":"ONE.org Canada","article_publisher":"https:\/\/www.facebook.com\/ONE","article_modified_time":"2023-10-18T09:06:27+00:00","og_image":[{"width":768,"height":402,"url":"https:\/\/www.one.org\/ca\/wp-content\/uploads\/sites\/6\/2023\/09\/GA_share_1200x628-768x402-1.png","type":"image\/png"}],"twitter_card":"summary_large_image","twitter_site":"@one_in_canada","twitter_misc":{"Est. reading time":"1 minute"},"schema":{"@context":"https:\/\/schema.org","@graph":[{"@type":"WebPage","@id":"https:\/\/www.one.org\/ca\/fr\/a-propos\/espace-medias\/","url":"https:\/\/www.one.org\/ca\/fr\/a-propos\/espace-medias\/","name":"Espace M\u00e9dias - ONE.org Canada","isPartOf":{"@id":"https:\/\/www.one.org\/ca\/fr\/#website"},"datePublished":"2023-08-23T13:48:01+00:00","dateModified":"2023-10-18T09:06:27+00:00","description":"Retrouvez tous nos communiqu\u00e9s de presse dans notre espace m\u00e9dias pour avoir acc\u00e8s \u00e0 nos derni\u00e8res annonces et communications.","breadcrumb":{"@id":"https:\/\/www.one.org\/ca\/fr\/a-propos\/espace-medias\/#breadcrumb"},"inLanguage":"fr-FR","potentialAction":[{"@type":"ReadAction","target":["https:\/\/www.one.org\/ca\/fr\/a-propos\/espace-medias\/"]}]},{"@type":"BreadcrumbList","@id":"https:\/\/www.one.org\/ca\/fr\/a-propos\/espace-medias\/#breadcrumb","itemListElement":[{"@type":"ListItem","position":1,"name":"Home","item":"https:\/\/www.one.org\/ca\/fr\/"},{"@type":"ListItem","position":2,"name":"\u00c0 propos","item":"https:\/\/www.one.org\/ca\/fr\/a-propos\/"},{"@type":"ListItem","position":3,"name":"Espace M\u00e9dias"}]},{"@type":"WebSite","@id":"https:\/\/www.one.org\/ca\/fr\/#website","url":"https:\/\/www.one.org\/ca\/fr\/","name":"ONE.org","description":"Cr\u00e9er des opportunit\u00e9s \u00e9conomiques et am\u00e9liorer la sant\u00e9 en Afrique","potentialAction":[{"@type":"SearchAction","target":{"@type":"EntryPoint","urlTemplate":"https:\/\/www.one.org\/ca\/fr\/?s={search_term_string}"},"query-input":{"@type":"PropertyValueSpecification","valueRequired":true,"valueName":"search_term_string"}}],"inLanguage":"fr-FR"}]}},"distributor_meta":false,"distributor_terms":false,"distributor_media":false,"distributor_original_site_name":"ONE.org Canada","distributor_original_site_url":"https:\/\/www.one.org\/ca\/fr\/","push-errors":false,"_links":{"self":[{"href":"https:\/\/www.one.org\/ca\/fr\/wp-json\/wp\/v2\/pages\/160794","targetHints":{"allow":["GET"]}}],"collection":[{"href":"https:\/\/www.one.org\/ca\/fr\/wp-json\/wp\/v2\/pages"}],"about":[{"href":"https:\/\/www.one.org\/ca\/fr\/wp-json\/wp\/v2\/types\/page"}],"author":[{"embeddable":true,"href":"https:\/\/www.one.org\/ca\/fr\/wp-json\/wp\/v2\/users\/3"}],"replies":[{"embeddable":true,"href":"https:\/\/www.one.org\/ca\/fr\/wp-json\/wp\/v2\/comments?post=160794"}],"version-history":[{"count":0,"href":"https:\/\/www.one.org\/ca\/fr\/wp-json\/wp\/v2\/pages\/160794\/revisions"}],"up":[{"embeddable":true,"href":"https:\/\/www.one.org\/ca\/fr\/wp-json\/wp\/v2\/pages\/160689"}],"wp:attachment":[{"href":"https:\/\/www.one.org\/ca\/fr\/wp-json\/wp\/v2\/media?parent=160794"}],"curies":[{"name":"wp","href":"https:\/\/api.w.org\/{rel}","templated":true}]}}