{"id":160785,"date":"2023-08-23T13:12:05","date_gmt":"2023-08-23T13:12:05","guid":{"rendered":"https:\/\/www.one.org\/ca\/agir\/take-action\/"},"modified":"2024-05-15T11:16:12","modified_gmt":"2024-05-15T11:16:12","slug":"passez-a-laction","status":"publish","type":"page","link":"https:\/\/www.one.org\/ca\/fr\/agir\/passez-a-laction\/","title":{"rendered":"Passez \u00e0 l\u2019action"},"content":{"rendered":"\n<div id=\"block_d2bd1d1b798680f5b117b916b8970fa4\" class=\"oneorg-block oneorg-promo flush is-style-bottom  has-text-align-left  \">\n\n\t\t\t    \n\n\t\t\t<div class=\"oneorg-promo__wrapper\">\n\t\t\t\t<div class=\"oneorg-promo__inner\">   \n\n\t\t\t\t<div class=\"oneorg-promo__content\">\n\t\t\t\t\t<div class=\"acf-innerblocks-container\">\n\n<p class=\"oneorg-section-title\">Agir<\/p>\n\n\n\n<h2 class=\"wp-block-heading\" id=\"h-pret-e-a-faire-entendre-votre-voix-pour-resoudre-les-grands-defis-de-notre-monde\">Pr\u00eat\u00b7e \u00e0 faire entendre votre voix pour r\u00e9soudre les grands d\u00e9fis de notre monde ?<\/h2>\n\n\n\n<\/div>\n\t\t\t\t<\/div>\n\t\t\t\t\n\t\t\t\t<\/div>\n\t\t\t<\/div>\n\n<\/div>\n\n\n\n<div class=\"wp-block-group oneorg-pattern-grid has-global-padding is-layout-constrained wp-block-group-is-layout-constrained\">\n<div class=\"wp-block-group has-global-padding is-layout-constrained wp-block-group-is-layout-constrained\">\n<h2 class=\"wp-block-heading\" id=\"h-decouvrez-nos-actions-du-moment-et-d-autres-facons-de-vous-engager-a-nos-cotes-0\">D\u00e9couvrez nos actions du moment et d\u2019autres fa\u00e7ons de vous engager \u00e0 nos c\u00f4t\u00e9s.<\/h2>\n\n\n\n<div class=\"wp-block-group is-layout-grid wp-container-core-group-is-layout-d88a0cef wp-block-group-is-layout-grid\">\n<div class=\"wp-block-group is-vertical is-layout-flex wp-container-core-group-is-layout-fe9cc265 wp-block-group-is-layout-flex\">\n<figure class=\"wp-block-image size-large\"><img decoding=\"async\" src=\"https:\/\/www.one.org\/ca\/wp-content\/uploads\/sites\/6\/2023\/10\/malaria_homepage_credit_university_of_oxford-1024x772.jpg\" alt=\"\"\/><\/figure>\n\n\n\n<h3 class=\"wp-block-heading\" id=\"h-appelez-les-dirigeant-e-s-a-eradiquer-le-paludisme-0\">Appelez les dirigeant\u00b7e\u00b7s \u00e0 \u00e9radiquer le paludisme<\/h3>\n\n\n\n<div class=\"wp-block-buttons is-layout-flex wp-block-buttons-is-layout-flex\">\n<div class=\"wp-block-button\"><a class=\"wp-block-button__link wp-element-button\" href=\"https:\/\/act.one.org\/sign\/paludisme-vaccin\/\">Je signe la p\u00e9tition<\/a><\/div>\n<\/div>\n<\/div>\n\n\n\n<div class=\"wp-block-group is-vertical is-layout-flex wp-container-core-group-is-layout-fe9cc265 wp-block-group-is-layout-flex\">\n<figure class=\"wp-block-image size-large\"><img decoding=\"async\" src=\"https:\/\/www.one.org\/ca\/wp-content\/uploads\/sites\/6\/2023\/09\/images_ClimateCampaign_2022_share_1200x628_FR-1024x536.png\" alt=\"\"\/><\/figure>\n\n\n\n<h3 class=\"wp-block-heading\" id=\"h-defendons-la-justice-climatique-0\">D\u00e9fendons la justice climatique<\/h3>\n\n\n\n<div class=\"wp-block-buttons is-layout-flex wp-block-buttons-is-layout-flex\">\n<div class=\"wp-block-button\"><a class=\"wp-block-button__link wp-element-button\" href=\"https:\/\/act.one.org\/sign\/adenike-climat-petition-africa-fr\/\">Je signe l&#8217;appel<\/a><\/div>\n<\/div>\n<\/div>\n\n\n\n<div class=\"wp-block-group is-vertical is-layout-flex wp-container-core-group-is-layout-fe9cc265 wp-block-group-is-layout-flex\">\n<figure class=\"wp-block-image size-large\"><img decoding=\"async\" src=\"https:\/\/www.one.org\/ca\/wp-content\/uploads\/sites\/6\/2023\/09\/FTF_2023_banga_share_1200x628-1024x536.png\" alt=\"\"\/><\/figure>\n\n\n\n<h3 class=\"wp-block-heading\" id=\"h-empechons-des-millions-votre-nouveau-directeur-de-banque-0\">Emp\u00eachons des millions Votre nouveau directeur de banque<\/h3>\n\n\n\n<div class=\"wp-block-buttons is-layout-flex wp-block-buttons-is-layout-flex\">\n<div class=\"wp-block-button\"><a class=\"wp-block-button__link wp-element-button\" href=\"https:\/\/act.one.org\/sign\/ajay-banga-appel-2023\/\">J&#8217;ajoute mon nom<\/a><\/div>\n<\/div>\n<\/div>\n<\/div>\n<\/div>\n<\/div>\n<div class=\"buffer\"><\/div>","protected":false},"excerpt":{"rendered":"<p>D\u00e9couvrez nos actions du moment et d\u2019autres fa\u00e7ons de vous engager \u00e0 nos c\u00f4t\u00e9s. Appelez les dirigeant\u00b7e\u00b7s \u00e0 \u00e9radiquer le paludisme D\u00e9fendons la justice climatique Emp\u00eachons des millions Votre nouveau directeur de banque<\/p>\n","protected":false},"author":3,"featured_media":0,"parent":160775,"menu_order":0,"comment_status":"closed","ping_status":"closed","template":"","meta":{"_acf_changed":false,"_relevanssi_hide_post":"","_relevanssi_hide_content":"","_relevanssi_pin_for_all":"","_relevanssi_pin_keywords":"","_relevanssi_unpin_keywords":"","_relevanssi_related_keywords":"","_relevanssi_related_include_ids":"","_relevanssi_related_exclude_ids":"","_relevanssi_related_no_append":"","_relevanssi_related_not_related":"","_relevanssi_related_posts":"1","_relevanssi_noindex_reason":"","footnotes":""},"class_list":["post-160785","page","type-page","status-publish","hentry"],"acf":[],"yoast_head":"<!-- This site is optimized with the Yoast SEO Premium plugin v27.1 (Yoast SEO v27.1.1) - https:\/\/yoast.com\/product\/yoast-seo-premium-wordpress\/ -->\n<title>Passez \u00e0 l\u2019action - ONE.org Canada<\/title>\n<meta name=\"description\" content=\"Signez nos p\u00e9titions et ajoutez votre voix \u00e0 la lutte contre l&#039;extr\u00eame pauvret\u00e9. Encouragez les autres \u00e0 faire de m\u00eame !\" \/>\n<meta name=\"robots\" content=\"index, follow, max-snippet:-1, max-image-preview:large, max-video-preview:-1\" \/>\n<link rel=\"canonical\" href=\"https:\/\/www.one.org\/ca\/fr\/agir\/passez-a-laction\/\" \/>\n<meta property=\"og:locale\" content=\"fr_CA\" \/>\n<meta property=\"og:type\" content=\"article\" \/>\n<meta property=\"og:title\" content=\"Passez \u00e0 l\u2019action\" \/>\n<meta property=\"og:description\" content=\"Signez nos p\u00e9titions et ajoutez votre voix \u00e0 la lutte contre l&#039;extr\u00eame pauvret\u00e9. Encouragez les autres \u00e0 faire de m\u00eame !\" \/>\n<meta property=\"og:url\" content=\"https:\/\/www.one.org\/ca\/fr\/agir\/passez-a-laction\/\" \/>\n<meta property=\"og:site_name\" content=\"ONE.org Canada\" \/>\n<meta property=\"article:publisher\" content=\"https:\/\/www.facebook.com\/ONE\" \/>\n<meta property=\"article:modified_time\" content=\"2024-05-15T11:16:12+00:00\" \/>\n<meta property=\"og:image\" content=\"https:\/\/www.one.org\/ca\/wp-content\/uploads\/sites\/6\/2023\/10\/malaria_homepage_credit_university_of_oxford-1024x772.jpg\" \/>\n<meta name=\"twitter:card\" content=\"summary_large_image\" \/>\n<meta name=\"twitter:site\" content=\"@one_in_canada\" \/>\n<meta name=\"twitter:label1\" content=\"Est. reading time\" \/>\n\t<meta name=\"twitter:data1\" content=\"1 minute\" \/>\n<script type=\"application\/ld+json\" class=\"yoast-schema-graph\">{\"@context\":\"https:\/\/schema.org\",\"@graph\":[{\"@type\":\"WebPage\",\"@id\":\"https:\/\/www.one.org\/ca\/fr\/agir\/passez-a-laction\/\",\"url\":\"https:\/\/www.one.org\/ca\/fr\/agir\/passez-a-laction\/\",\"name\":\"Passez \u00e0 l\u2019action - ONE.org Canada\",\"isPartOf\":{\"@id\":\"https:\/\/www.one.org\/ca\/fr\/#website\"},\"primaryImageOfPage\":{\"@id\":\"https:\/\/www.one.org\/ca\/fr\/agir\/passez-a-laction\/#primaryimage\"},\"image\":{\"@id\":\"https:\/\/www.one.org\/ca\/fr\/agir\/passez-a-laction\/#primaryimage\"},\"thumbnailUrl\":\"https:\/\/www.one.org\/ca\/wp-content\/uploads\/sites\/6\/2023\/10\/malaria_homepage_credit_university_of_oxford-1024x772.jpg\",\"datePublished\":\"2023-08-23T13:12:05+00:00\",\"dateModified\":\"2024-05-15T11:16:12+00:00\",\"description\":\"Signez nos p\u00e9titions et ajoutez votre voix \u00e0 la lutte contre l'extr\u00eame pauvret\u00e9. Encouragez les autres \u00e0 faire de m\u00eame !\",\"breadcrumb\":{\"@id\":\"https:\/\/www.one.org\/ca\/fr\/agir\/passez-a-laction\/#breadcrumb\"},\"inLanguage\":\"fr-FR\",\"potentialAction\":[{\"@type\":\"ReadAction\",\"target\":[\"https:\/\/www.one.org\/ca\/fr\/agir\/passez-a-laction\/\"]}]},{\"@type\":\"ImageObject\",\"inLanguage\":\"fr-FR\",\"@id\":\"https:\/\/www.one.org\/ca\/fr\/agir\/passez-a-laction\/#primaryimage\",\"url\":\"https:\/\/www.one.org\/ca\/wp-content\/uploads\/sites\/6\/2023\/10\/malaria_homepage_credit_university_of_oxford-1024x772.jpg\",\"contentUrl\":\"https:\/\/www.one.org\/ca\/wp-content\/uploads\/sites\/6\/2023\/10\/malaria_homepage_credit_university_of_oxford-1024x772.jpg\"},{\"@type\":\"BreadcrumbList\",\"@id\":\"https:\/\/www.one.org\/ca\/fr\/agir\/passez-a-laction\/#breadcrumb\",\"itemListElement\":[{\"@type\":\"ListItem\",\"position\":1,\"name\":\"Home\",\"item\":\"https:\/\/www.one.org\/ca\/fr\/\"},{\"@type\":\"ListItem\",\"position\":2,\"name\":\"Agir\",\"item\":\"https:\/\/www.one.org\/ca\/fr\/agir\/\"},{\"@type\":\"ListItem\",\"position\":3,\"name\":\"Passez \u00e0 l\u2019action\"}]},{\"@type\":\"WebSite\",\"@id\":\"https:\/\/www.one.org\/ca\/fr\/#website\",\"url\":\"https:\/\/www.one.org\/ca\/fr\/\",\"name\":\"ONE.org\",\"description\":\"Cr\u00e9er des opportunit\u00e9s \u00e9conomiques et am\u00e9liorer la sant\u00e9 en Afrique\",\"potentialAction\":[{\"@type\":\"SearchAction\",\"target\":{\"@type\":\"EntryPoint\",\"urlTemplate\":\"https:\/\/www.one.org\/ca\/fr\/?s={search_term_string}\"},\"query-input\":{\"@type\":\"PropertyValueSpecification\",\"valueRequired\":true,\"valueName\":\"search_term_string\"}}],\"inLanguage\":\"fr-FR\"}]}<\/script>\n<!-- \/ Yoast SEO Premium plugin. -->","yoast_head_json":{"title":"Passez \u00e0 l\u2019action - ONE.org Canada","description":"Signez nos p\u00e9titions et ajoutez votre voix \u00e0 la lutte contre l'extr\u00eame pauvret\u00e9. Encouragez les autres \u00e0 faire de m\u00eame !","robots":{"index":"index","follow":"follow","max-snippet":"max-snippet:-1","max-image-preview":"max-image-preview:large","max-video-preview":"max-video-preview:-1"},"canonical":"https:\/\/www.one.org\/ca\/fr\/agir\/passez-a-laction\/","og_locale":"fr_CA","og_type":"article","og_title":"Passez \u00e0 l\u2019action","og_description":"Signez nos p\u00e9titions et ajoutez votre voix \u00e0 la lutte contre l'extr\u00eame pauvret\u00e9. Encouragez les autres \u00e0 faire de m\u00eame !","og_url":"https:\/\/www.one.org\/ca\/fr\/agir\/passez-a-laction\/","og_site_name":"ONE.org Canada","article_publisher":"https:\/\/www.facebook.com\/ONE","article_modified_time":"2024-05-15T11:16:12+00:00","og_image":[{"url":"https:\/\/www.one.org\/ca\/wp-content\/uploads\/sites\/6\/2023\/10\/malaria_homepage_credit_university_of_oxford-1024x772.jpg","type":"","width":"","height":""}],"twitter_card":"summary_large_image","twitter_site":"@one_in_canada","twitter_misc":{"Est. reading time":"1 minute"},"schema":{"@context":"https:\/\/schema.org","@graph":[{"@type":"WebPage","@id":"https:\/\/www.one.org\/ca\/fr\/agir\/passez-a-laction\/","url":"https:\/\/www.one.org\/ca\/fr\/agir\/passez-a-laction\/","name":"Passez \u00e0 l\u2019action - ONE.org Canada","isPartOf":{"@id":"https:\/\/www.one.org\/ca\/fr\/#website"},"primaryImageOfPage":{"@id":"https:\/\/www.one.org\/ca\/fr\/agir\/passez-a-laction\/#primaryimage"},"image":{"@id":"https:\/\/www.one.org\/ca\/fr\/agir\/passez-a-laction\/#primaryimage"},"thumbnailUrl":"https:\/\/www.one.org\/ca\/wp-content\/uploads\/sites\/6\/2023\/10\/malaria_homepage_credit_university_of_oxford-1024x772.jpg","datePublished":"2023-08-23T13:12:05+00:00","dateModified":"2024-05-15T11:16:12+00:00","description":"Signez nos p\u00e9titions et ajoutez votre voix \u00e0 la lutte contre l'extr\u00eame pauvret\u00e9. Encouragez les autres \u00e0 faire de m\u00eame !","breadcrumb":{"@id":"https:\/\/www.one.org\/ca\/fr\/agir\/passez-a-laction\/#breadcrumb"},"inLanguage":"fr-FR","potentialAction":[{"@type":"ReadAction","target":["https:\/\/www.one.org\/ca\/fr\/agir\/passez-a-laction\/"]}]},{"@type":"ImageObject","inLanguage":"fr-FR","@id":"https:\/\/www.one.org\/ca\/fr\/agir\/passez-a-laction\/#primaryimage","url":"https:\/\/www.one.org\/ca\/wp-content\/uploads\/sites\/6\/2023\/10\/malaria_homepage_credit_university_of_oxford-1024x772.jpg","contentUrl":"https:\/\/www.one.org\/ca\/wp-content\/uploads\/sites\/6\/2023\/10\/malaria_homepage_credit_university_of_oxford-1024x772.jpg"},{"@type":"BreadcrumbList","@id":"https:\/\/www.one.org\/ca\/fr\/agir\/passez-a-laction\/#breadcrumb","itemListElement":[{"@type":"ListItem","position":1,"name":"Home","item":"https:\/\/www.one.org\/ca\/fr\/"},{"@type":"ListItem","position":2,"name":"Agir","item":"https:\/\/www.one.org\/ca\/fr\/agir\/"},{"@type":"ListItem","position":3,"name":"Passez \u00e0 l\u2019action"}]},{"@type":"WebSite","@id":"https:\/\/www.one.org\/ca\/fr\/#website","url":"https:\/\/www.one.org\/ca\/fr\/","name":"ONE.org","description":"Cr\u00e9er des opportunit\u00e9s \u00e9conomiques et am\u00e9liorer la sant\u00e9 en Afrique","potentialAction":[{"@type":"SearchAction","target":{"@type":"EntryPoint","urlTemplate":"https:\/\/www.one.org\/ca\/fr\/?s={search_term_string}"},"query-input":{"@type":"PropertyValueSpecification","valueRequired":true,"valueName":"search_term_string"}}],"inLanguage":"fr-FR"}]}},"distributor_meta":false,"distributor_terms":false,"distributor_media":false,"distributor_original_site_name":"ONE.org Canada","distributor_original_site_url":"https:\/\/www.one.org\/ca\/fr\/","push-errors":false,"_links":{"self":[{"href":"https:\/\/www.one.org\/ca\/fr\/wp-json\/wp\/v2\/pages\/160785","targetHints":{"allow":["GET"]}}],"collection":[{"href":"https:\/\/www.one.org\/ca\/fr\/wp-json\/wp\/v2\/pages"}],"about":[{"href":"https:\/\/www.one.org\/ca\/fr\/wp-json\/wp\/v2\/types\/page"}],"author":[{"embeddable":true,"href":"https:\/\/www.one.org\/ca\/fr\/wp-json\/wp\/v2\/users\/3"}],"replies":[{"embeddable":true,"href":"https:\/\/www.one.org\/ca\/fr\/wp-json\/wp\/v2\/comments?post=160785"}],"version-history":[{"count":0,"href":"https:\/\/www.one.org\/ca\/fr\/wp-json\/wp\/v2\/pages\/160785\/revisions"}],"up":[{"embeddable":true,"href":"https:\/\/www.one.org\/ca\/fr\/wp-json\/wp\/v2\/pages\/160775"}],"wp:attachment":[{"href":"https:\/\/www.one.org\/ca\/fr\/wp-json\/wp\/v2\/media?parent=160785"}],"curies":[{"name":"wp","href":"https:\/\/api.w.org\/{rel}","templated":true}]}}