{"id":164231,"date":"2024-04-26T07:38:23","date_gmt":"2024-04-26T07:38:23","guid":{"rendered":"https:\/\/www.one.org\/africa\/agir\/jobsnowafrica-campaign\/partners\/"},"modified":"2024-04-26T08:03:48","modified_gmt":"2024-04-26T08:03:48","slug":"partners","status":"publish","type":"page","link":"https:\/\/www.one.org\/africa\/fr\/agir\/jobsnowafrica-campaign\/partners\/","title":{"rendered":"JobsNowAfrica Partners"},"content":{"rendered":"\n<div id=\"block_cef11b36cc54a2739a67e4e057306fbb\" class=\"oneorg-block oneorg-promo flush is-style-bottom  has-text-align-left  \">\n\n\t\t\t    \n\n\t\t\t<div class=\"oneorg-promo__wrapper\">\n\t\t\t\t<div class=\"oneorg-promo__inner\">   \n\n\t\t\t\t<div class=\"oneorg-promo__content\">\n\t\t\t\t\t<div class=\"acf-innerblocks-container\">\n\n<p class=\"oneorg-section-title\">JobsNowAfrica Campaign<\/p>\n\n\n\n<h2 class=\"wp-block-heading\" id=\"h-entreprises-partenaires-et-autres-acteurs-cles\"><strong>Entreprises partenaires et autres acteurs cl\u00e9s<\/strong><\/h2>\n\n\n\n<\/div>\n\t\t\t\t<\/div>\n\t\t\t\t\n\t\t\t\t<\/div>\n\t\t\t<\/div>\n\n<\/div>\n\n\n\n<div style=\"height:25px\" aria-hidden=\"true\" class=\"wp-block-spacer\"><\/div>\n\n\n\n<p>Cette initiative a \u00e9t\u00e9 lanc\u00e9e en collaboration avec des r\u00e9seaux de jeunes, des think tanks, des OSC, des entreprises et des experts du secteur afin de r\u00e9soudre les probl\u00e8mes d\u2019emploi en Afrique.&nbsp;<\/p>\n\n\n\n<p>Nos partenariats en pleine expansion couvrent diff\u00e9rentes r\u00e9gions d\u2019Afrique et ont pour but d\u2019aider les jeunes du continent \u00e0 r\u00e9aliser pleinement leur potentiel :<\/p>\n\n\n\n<ul class=\"wp-block-list\">\n<li><a href=\"https:\/\/www.facebook.com\/AfriYANetwork\/\" target=\"_blank\" rel=\"noreferrer noopener\">AfriYan<\/a><\/li>\n\n\n\n<li><a href=\"https:\/\/aiesec.org\/\" target=\"_blank\" rel=\"noreferrer noopener\">AIESEC<\/a><\/li>\n\n\n\n<li><a href=\"https:\/\/www.globalshapers.org\/hubs\/abuja-hub\" target=\"_blank\" rel=\"noreferrer noopener\">Abuja Global Shapers<\/a><\/li>\n\n\n\n<li><a href=\"http:\/\/www.pecskinshasa.org\/\" target=\"_blank\" rel=\"noreferrer noopener\">Asbl PECS<\/a><\/li>\n\n\n\n<li><a href=\"https:\/\/www.facebook.com\/Acteurs-Pour-une-Economie-Solidaire-TOGO-1451495875091613\/\" target=\"_blank\" rel=\"noreferrer noopener\">APES-Togo (Acteurs Pour une Economie Solidaire)<\/a><\/li>\n\n\n\n<li>Africa Reconciled<\/li>\n\n\n\n<li><a href=\"https:\/\/africacoworkers.com\/\" target=\"_blank\" rel=\"noreferrer noopener\">Africa coworkers<\/a><\/li>\n\n\n\n<li><a href=\"https:\/\/afrilabs.com\/\" target=\"_blank\" rel=\"noreferrer noopener\">AfriLabs<\/a><\/li>\n\n\n\n<li><a href=\"https:\/\/www.yourbudgit.com\/\" target=\"_blank\" rel=\"noreferrer noopener\">BudgIT<\/a><\/li>\n\n\n\n<li><a href=\"https:\/\/www.cnosp.gouv.sn\/\" target=\"_blank\" rel=\"noreferrer noopener\">CNIOSP (Centre National de l\u2019Orientation Scolaire et Professionnelle)<\/a><\/li>\n\n\n\n<li><a href=\"https:\/\/www.facebook.com\/clubunionafricainetogo\/\" target=\"_blank\" rel=\"noreferrer noopener\">Club Union Africaine-Togo<\/a><\/li>\n\n\n\n<li>Conseil National de la Jeunesse (CNJS)<\/li>\n\n\n\n<li><a href=\"https:\/\/cerestogo.org\/\" target=\"_blank\" rel=\"noreferrer noopener\">CeRES Togo<\/a><\/li>\n\n\n\n<li><a href=\"http:\/\/www.mefpai.gouv.sn\/?page_id=7701\" target=\"_blank\" rel=\"noreferrer noopener\">Direction of Employment<\/a><\/li>\n\n\n\n<li><a href=\"https:\/\/eacyap.org\/\" target=\"_blank\" rel=\"noreferrer noopener\">EAC Youth Ambassadors Platform<\/a><\/li>\n\n\n\n<li><a href=\"http:\/\/www.fetaphtogo.org\/\" target=\"_blank\" rel=\"noreferrer noopener\">FETAPH<\/a><\/li>\n\n\n\n<li><a href=\"http:\/\/ghovodihumanitarian.eu5.org\/\" target=\"_blank\" rel=\"noreferrer noopener\">Groupe des Hommes Vou\u00e9s au D\u00e9veloppement (GHOVODI)<\/a><\/li>\n\n\n\n<li><a href=\"https:\/\/www.harambee.co.za\/\" target=\"_blank\" rel=\"noreferrer noopener\">Harambee<\/a><\/li>\n\n\n\n<li><a href=\"https:\/\/inseed.tg\/\" target=\"_blank\" rel=\"noreferrer noopener\">INSEED (Institut National de la Statistique et des Etudes Economiques et Demographiques)<\/a><\/li>\n\n\n\n<li><a href=\"https:\/\/innovup.fefa.tg\/\" target=\"_blank\" rel=\"noreferrer noopener\">INNOV\u2019UP<\/a><\/li>\n\n\n\n<li><a href=\"https:\/\/alinstitute.org\/\" target=\"_blank\" rel=\"noreferrer noopener\">Individual\/African Leadership Institute<\/a><\/li>\n\n\n\n<li><a href=\"https:\/\/www.jobstarter.org.za\/public-landing\" target=\"_blank\" rel=\"noreferrer noopener\">Job Starter<\/a><\/li>\n\n\n\n<li><a href=\"https:\/\/jci.cc\/en\/about\" target=\"_blank\" rel=\"noreferrer noopener\">Jeune Chambre International<\/a><\/li>\n\n\n\n<li><a href=\"https:\/\/includeplatform.net\/\" target=\"_blank\" rel=\"noreferrer noopener\">Knowledge Platform on Inclusive Development Policies<\/a><\/li>\n\n\n\n<li><a href=\"https:\/\/www.nationalyouthcouncil.go.ke\/\" target=\"_blank\" rel=\"noreferrer noopener\">National Youth Council (NYC), Kenya<\/a><\/li>\n\n\n\n<li><a href=\"https:\/\/nigerianyouthsdgs.org\/\" target=\"_blank\" rel=\"noreferrer noopener\">Nigeria Youth SDGs Network<\/a><\/li>\n\n\n\n<li><a href=\"https:\/\/www.nantsnig.com\/\" target=\"_blank\" rel=\"noreferrer noopener\">NANTS<\/a><\/li>\n\n\n\n<li><a href=\"https:\/\/nesgroup.org\/\" target=\"_blank\" rel=\"noreferrer noopener\">Nigeria Economic Summit Group (NESG)<\/a><\/li>\n\n\n\n<li><a href=\"https:\/\/www.one.org\/africa\/fr\/\" target=\"_blank\" rel=\"noreferrer noopener\">ONE<\/a><\/li>\n\n\n\n<li><a href=\"https:\/\/www.osiwa.org\/\" target=\"_blank\" rel=\"noreferrer noopener\">Open Society Foundation<\/a><\/li>\n\n\n\n<li>Parole aux Jeunes<\/li>\n\n\n\n<li><a href=\"https:\/\/plan-international.org\/senegal\" target=\"_blank\" rel=\"noreferrer noopener\">PLAN INTERNATIONAL SENEGAL<\/a><\/li>\n\n\n\n<li><a href=\"https:\/\/lep-ucad.org\/\" target=\"_blank\" rel=\"noreferrer noopener\">Public Economics Laboratory (LEP)<\/a><\/li>\n\n\n\n<li><a href=\"https:\/\/web.facebook.com\/PoleJeuneSenegal\/\" target=\"_blank\" rel=\"noreferrer noopener\">Pole Jeune<\/a><\/li>\n\n\n\n<li><a href=\"http:\/\/www.racojnational.org\/\" target=\"_blank\" rel=\"noreferrer noopener\">R\u00e9seau des Associations Congolaises des Jeunes (RACOJ)<\/a><\/li>\n\n\n\n<li><a href=\"https:\/\/rafset-funding.org\/\" target=\"_blank\" rel=\"noreferrer noopener\">RAFSET (R\u00e9seau Africain pour la Formation, la Science et L\u2019\u00c9mergence des Talents)<\/a><\/li>\n\n\n\n<li><a href=\"https:\/\/www.facebook.com\/RAJECOPOD2\/\" target=\"_blank\" rel=\"noreferrer noopener\">R\u00e9seau des Adolescents et Jeunes Congolais en Population et D\u00e9veloppement (RAJECOPOD)<\/a><\/li>\n\n\n\n<li><a href=\"http:\/\/www.sim-afrique.com\/\" target=\"_blank\" rel=\"noreferrer noopener\">Sim-Afrique<\/a><\/li>\n\n\n\n<li><a href=\"https:\/\/www.mwasi.com\/\" target=\"_blank\" rel=\"noreferrer noopener\">Si Jeunesse Savait<\/a><\/li>\n\n\n\n<li><a href=\"http:\/\/www.eastafricatwcf.org\/\" target=\"_blank\" rel=\"noreferrer noopener\">Together We Can Foundation TWCF<\/a><\/li>\n\n\n\n<li><a href=\"https:\/\/www.tonyelumelufoundation.org\/\" target=\"_blank\" rel=\"noreferrer noopener\">Tony Elumelu Foundation (TEF)<\/a><\/li>\n\n\n\n<li><a href=\"https:\/\/lep-ucad.org\/\" target=\"_blank\" rel=\"noreferrer noopener\">UCAD\/FASEG\/LEP<\/a><\/li>\n\n\n\n<li><a href=\"https:\/\/www.wathi.org\/\" target=\"_blank\" rel=\"noreferrer noopener\">West African Citizens Think Tank (WATHI)<\/a><\/li>\n\n\n\n<li><a href=\"http:\/\/www.wadr.org\/\" target=\"_blank\" rel=\"noreferrer noopener\">West Africa Democracy Radio<\/a><\/li>\n\n\n\n<li><a href=\"https:\/\/youthagenda.org\/\" target=\"_blank\" rel=\"noreferrer noopener\">Youth Agenda<\/a><\/li>\n\n\n\n<li>YouLead Africa Program<\/li>\n\n\n\n<li><a href=\"https:\/\/yes4youth.co.za\/4-business\/\" target=\"_blank\" rel=\"noreferrer noopener\">Yes 4 Youth<\/a><\/li>\n\n\n\n<li><a href=\"https:\/\/youthcapital.co.za\/\" target=\"_blank\" rel=\"noreferrer noopener\">Youth Capital<\/a><\/li>\n\n\n\n<li><a href=\"https:\/\/www.youthconnektafrica.org\/\" target=\"_blank\" rel=\"noreferrer noopener\">Youth Connekt Africa<\/a><\/li>\n<\/ul>\n\n\n\n<div style=\"height:100px\" aria-hidden=\"true\" class=\"wp-block-spacer\"><\/div>\n<div class=\"buffer\"><\/div>","protected":false},"excerpt":{"rendered":"<p>Cette initiative a \u00e9t\u00e9 lanc\u00e9e en collaboration avec des r\u00e9seaux de jeunes, des think tanks, des OSC, des entreprises et des experts du secteur afin de r\u00e9soudre les probl\u00e8mes d\u2019emploi en Afrique.&nbsp; Nos partenariats en pleine expansion couvrent diff\u00e9rentes r\u00e9gions d\u2019Afrique et ont pour but d\u2019aider les jeunes du continent \u00e0 r\u00e9aliser pleinement leur potentiel [&hellip;]<\/p>\n","protected":false},"author":3,"featured_media":0,"parent":164229,"menu_order":0,"comment_status":"closed","ping_status":"closed","template":"","meta":{"_acf_changed":false,"_relevanssi_hide_post":"","_relevanssi_hide_content":"","_relevanssi_pin_for_all":"","_relevanssi_pin_keywords":"","_relevanssi_unpin_keywords":"","_relevanssi_related_keywords":"","_relevanssi_related_include_ids":"","_relevanssi_related_exclude_ids":"","_relevanssi_related_no_append":"","_relevanssi_related_not_related":"","_relevanssi_related_posts":"161902,161940,161730,161945,162089,162013","_relevanssi_noindex_reason":"","footnotes":""},"class_list":["post-164231","page","type-page","status-publish","hentry"],"acf":[],"yoast_head":"<!-- This site is optimized with the Yoast SEO Premium plugin v27.1 (Yoast SEO v27.1.1) - https:\/\/yoast.com\/product\/yoast-seo-premium-wordpress\/ -->\n<title>JobsNowAfrica Partners - ONE.org Africa<\/title>\n<meta name=\"robots\" content=\"index, follow, max-snippet:-1, max-image-preview:large, max-video-preview:-1\" \/>\n<link rel=\"canonical\" href=\"https:\/\/www.one.org\/africa\/fr\/agir\/jobsnowafrica-campaign\/partners\/\" \/>\n<meta property=\"og:locale\" content=\"fr_FR\" \/>\n<meta property=\"og:type\" content=\"article\" \/>\n<meta property=\"og:title\" content=\"JobsNowAfrica Partners\" \/>\n<meta property=\"og:description\" content=\"Cette initiative a \u00e9t\u00e9 lanc\u00e9e en collaboration avec des r\u00e9seaux de jeunes, des think tanks, des OSC, des entreprises et des experts du secteur afin de r\u00e9soudre les probl\u00e8mes d\u2019emploi en Afrique.&nbsp; Nos partenariats en pleine expansion couvrent diff\u00e9rentes r\u00e9gions d\u2019Afrique et ont pour but d\u2019aider les jeunes du continent \u00e0 r\u00e9aliser pleinement leur potentiel [&hellip;]\" \/>\n<meta property=\"og:url\" content=\"https:\/\/www.one.org\/africa\/fr\/agir\/jobsnowafrica-campaign\/partners\/\" \/>\n<meta property=\"og:site_name\" content=\"ONE.org Africa\" \/>\n<meta property=\"article:publisher\" content=\"https:\/\/www.facebook.com\/ONEinAfrica\" \/>\n<meta property=\"article:modified_time\" content=\"2024-04-26T08:03:48+00:00\" \/>\n<meta property=\"og:image\" content=\"https:\/\/www.one.org\/africa\/wp-content\/uploads\/sites\/5\/2023\/09\/GA_share_1200x628-768x402-1.png\" \/>\n\t<meta property=\"og:image:width\" content=\"768\" \/>\n\t<meta property=\"og:image:height\" content=\"402\" \/>\n\t<meta property=\"og:image:type\" content=\"image\/png\" \/>\n<meta name=\"twitter:card\" content=\"summary_large_image\" \/>\n<meta name=\"twitter:site\" content=\"@ONEinAfrica\" \/>\n<meta name=\"twitter:label1\" content=\"Est. reading time\" \/>\n\t<meta name=\"twitter:data1\" content=\"2 minutes\" \/>\n<script type=\"application\/ld+json\" class=\"yoast-schema-graph\">{\"@context\":\"https:\/\/schema.org\",\"@graph\":[{\"@type\":\"WebPage\",\"@id\":\"https:\/\/www.one.org\/africa\/fr\/agir\/jobsnowafrica-campaign\/partners\/\",\"url\":\"https:\/\/www.one.org\/africa\/fr\/agir\/jobsnowafrica-campaign\/partners\/\",\"name\":\"JobsNowAfrica Partners - ONE.org Africa\",\"isPartOf\":{\"@id\":\"https:\/\/www.one.org\/africa\/fr\/#website\"},\"datePublished\":\"2024-04-26T07:38:23+00:00\",\"dateModified\":\"2024-04-26T08:03:48+00:00\",\"breadcrumb\":{\"@id\":\"https:\/\/www.one.org\/africa\/fr\/agir\/jobsnowafrica-campaign\/partners\/#breadcrumb\"},\"inLanguage\":\"fr-FR\",\"potentialAction\":[{\"@type\":\"ReadAction\",\"target\":[\"https:\/\/www.one.org\/africa\/fr\/agir\/jobsnowafrica-campaign\/partners\/\"]}]},{\"@type\":\"BreadcrumbList\",\"@id\":\"https:\/\/www.one.org\/africa\/fr\/agir\/jobsnowafrica-campaign\/partners\/#breadcrumb\",\"itemListElement\":[{\"@type\":\"ListItem\",\"position\":1,\"name\":\"Home\",\"item\":\"https:\/\/www.one.org\/africa\/fr\/\"},{\"@type\":\"ListItem\",\"position\":2,\"name\":\"Agir\",\"item\":\"https:\/\/www.one.org\/africa\/fr\/agir\/\"},{\"@type\":\"ListItem\",\"position\":3,\"name\":\"JobsNowAfrica Campaign\",\"item\":\"https:\/\/www.one.org\/africa\/fr\/agir\/jobsnowafrica-campaign\/\"},{\"@type\":\"ListItem\",\"position\":4,\"name\":\"JobsNowAfrica Partners\"}]},{\"@type\":\"WebSite\",\"@id\":\"https:\/\/www.one.org\/africa\/fr\/#website\",\"url\":\"https:\/\/www.one.org\/africa\/fr\/\",\"name\":\"ONE.org\",\"description\":\"Cr\u00e9er des opportunit\u00e9s \u00e9conomiques et am\u00e9liorer la sant\u00e9 en Afrique\",\"potentialAction\":[{\"@type\":\"SearchAction\",\"target\":{\"@type\":\"EntryPoint\",\"urlTemplate\":\"https:\/\/www.one.org\/africa\/fr\/?s={search_term_string}\"},\"query-input\":{\"@type\":\"PropertyValueSpecification\",\"valueRequired\":true,\"valueName\":\"search_term_string\"}}],\"inLanguage\":\"fr-FR\"}]}<\/script>\n<!-- \/ Yoast SEO Premium plugin. -->","yoast_head_json":{"title":"JobsNowAfrica Partners - ONE.org Africa","robots":{"index":"index","follow":"follow","max-snippet":"max-snippet:-1","max-image-preview":"max-image-preview:large","max-video-preview":"max-video-preview:-1"},"canonical":"https:\/\/www.one.org\/africa\/fr\/agir\/jobsnowafrica-campaign\/partners\/","og_locale":"fr_FR","og_type":"article","og_title":"JobsNowAfrica Partners","og_description":"Cette initiative a \u00e9t\u00e9 lanc\u00e9e en collaboration avec des r\u00e9seaux de jeunes, des think tanks, des OSC, des entreprises et des experts du secteur afin de r\u00e9soudre les probl\u00e8mes d\u2019emploi en Afrique.&nbsp; Nos partenariats en pleine expansion couvrent diff\u00e9rentes r\u00e9gions d\u2019Afrique et ont pour but d\u2019aider les jeunes du continent \u00e0 r\u00e9aliser pleinement leur potentiel [&hellip;]","og_url":"https:\/\/www.one.org\/africa\/fr\/agir\/jobsnowafrica-campaign\/partners\/","og_site_name":"ONE.org Africa","article_publisher":"https:\/\/www.facebook.com\/ONEinAfrica","article_modified_time":"2024-04-26T08:03:48+00:00","og_image":[{"width":768,"height":402,"url":"https:\/\/www.one.org\/africa\/wp-content\/uploads\/sites\/5\/2023\/09\/GA_share_1200x628-768x402-1.png","type":"image\/png"}],"twitter_card":"summary_large_image","twitter_site":"@ONEinAfrica","twitter_misc":{"Est. reading time":"2 minutes"},"schema":{"@context":"https:\/\/schema.org","@graph":[{"@type":"WebPage","@id":"https:\/\/www.one.org\/africa\/fr\/agir\/jobsnowafrica-campaign\/partners\/","url":"https:\/\/www.one.org\/africa\/fr\/agir\/jobsnowafrica-campaign\/partners\/","name":"JobsNowAfrica Partners - ONE.org Africa","isPartOf":{"@id":"https:\/\/www.one.org\/africa\/fr\/#website"},"datePublished":"2024-04-26T07:38:23+00:00","dateModified":"2024-04-26T08:03:48+00:00","breadcrumb":{"@id":"https:\/\/www.one.org\/africa\/fr\/agir\/jobsnowafrica-campaign\/partners\/#breadcrumb"},"inLanguage":"fr-FR","potentialAction":[{"@type":"ReadAction","target":["https:\/\/www.one.org\/africa\/fr\/agir\/jobsnowafrica-campaign\/partners\/"]}]},{"@type":"BreadcrumbList","@id":"https:\/\/www.one.org\/africa\/fr\/agir\/jobsnowafrica-campaign\/partners\/#breadcrumb","itemListElement":[{"@type":"ListItem","position":1,"name":"Home","item":"https:\/\/www.one.org\/africa\/fr\/"},{"@type":"ListItem","position":2,"name":"Agir","item":"https:\/\/www.one.org\/africa\/fr\/agir\/"},{"@type":"ListItem","position":3,"name":"JobsNowAfrica Campaign","item":"https:\/\/www.one.org\/africa\/fr\/agir\/jobsnowafrica-campaign\/"},{"@type":"ListItem","position":4,"name":"JobsNowAfrica Partners"}]},{"@type":"WebSite","@id":"https:\/\/www.one.org\/africa\/fr\/#website","url":"https:\/\/www.one.org\/africa\/fr\/","name":"ONE.org","description":"Cr\u00e9er des opportunit\u00e9s \u00e9conomiques et am\u00e9liorer la sant\u00e9 en Afrique","potentialAction":[{"@type":"SearchAction","target":{"@type":"EntryPoint","urlTemplate":"https:\/\/www.one.org\/africa\/fr\/?s={search_term_string}"},"query-input":{"@type":"PropertyValueSpecification","valueRequired":true,"valueName":"search_term_string"}}],"inLanguage":"fr-FR"}]}},"distributor_meta":false,"distributor_terms":false,"distributor_media":false,"distributor_original_site_name":"ONE.org Africa","distributor_original_site_url":"https:\/\/www.one.org\/africa\/fr\/","push-errors":false,"_links":{"self":[{"href":"https:\/\/www.one.org\/africa\/fr\/wp-json\/wp\/v2\/pages\/164231","targetHints":{"allow":["GET"]}}],"collection":[{"href":"https:\/\/www.one.org\/africa\/fr\/wp-json\/wp\/v2\/pages"}],"about":[{"href":"https:\/\/www.one.org\/africa\/fr\/wp-json\/wp\/v2\/types\/page"}],"author":[{"embeddable":true,"href":"https:\/\/www.one.org\/africa\/fr\/wp-json\/wp\/v2\/users\/3"}],"replies":[{"embeddable":true,"href":"https:\/\/www.one.org\/africa\/fr\/wp-json\/wp\/v2\/comments?post=164231"}],"version-history":[{"count":0,"href":"https:\/\/www.one.org\/africa\/fr\/wp-json\/wp\/v2\/pages\/164231\/revisions"}],"up":[{"embeddable":true,"href":"https:\/\/www.one.org\/africa\/fr\/wp-json\/wp\/v2\/pages\/164229"}],"wp:attachment":[{"href":"https:\/\/www.one.org\/africa\/fr\/wp-json\/wp\/v2\/media?parent=164231"}],"curies":[{"name":"wp","href":"https:\/\/api.w.org\/{rel}","templated":true}]}}