{"id":163717,"date":"2023-10-11T08:49:47","date_gmt":"2023-10-11T08:49:47","guid":{"rendered":"https:\/\/www.one.org\/africa\/a-propos\/le-prix-one-afrique\/one-africa-award-criteria\/"},"modified":"2023-10-11T09:40:10","modified_gmt":"2023-10-11T09:40:10","slug":"criteres-de-selection","status":"publish","type":"page","link":"https:\/\/www.one.org\/africa\/fr\/a-propos\/le-prix-one-afrique\/criteres-de-selection\/","title":{"rendered":"Crit\u00e8res de s\u00e9lection"},"content":{"rendered":"\n<div id=\"block_d2563ee64f209cc722f4507c5a547665\" class=\"oneorg-block oneorg-promo flush is-style-bottom  has-text-align-left  \">\n\n\t\t\t    \n\n\t\t\t<div class=\"oneorg-promo__wrapper\">\n\t\t\t\t<div class=\"oneorg-promo__inner\">   \n\n\t\t\t\t<div class=\"oneorg-promo__content\">\n\t\t\t\t\t<div class=\"acf-innerblocks-container\">\n\n<p class=\"oneorg-section-title\">\u00c0 Propos<\/p>\n\n\n\n<h2 class=\"wp-block-heading\" id=\"h-criteres-de-selection\">Crit\u00e8res de s\u00e9lection<\/h2>\n\n\n\n<\/div>\n\t\t\t\t<\/div>\n\t\t\t\t\n\t\t\t\t<\/div>\n\t\t\t<\/div>\n\n<\/div>\n\n\n\n<div style=\"height:25px\" aria-hidden=\"true\" class=\"wp-block-spacer\"><\/div>\n\n\n\n<p>Les laur\u00e9ats peuvent \u00eatre des organisations exceptionnelles et d\u2019autres groupes d\u00e9montrant leur engagement et leur succ\u00e8s \u00e0 aider les Africains \u00e0 atteindre un ou plusieurs des ODD gr\u00e2ce \u00e0 des programmes innovants bas\u00e9s sur le plaidoyer.<\/p>\n\n\n\n<ol class=\"wp-block-list\">\n<li>Le Prix ONE Afrique 2022 est ouvert \u00e0 TOUTES les organisations focalis\u00e9es sur la cr\u00e9ation d\u2019emplois dans TOUS les secteurs (agriculture, TIC, commercial, etc.) de l\u2019industrie et plaidant pour TOUTE initiative (autonomisation des femmes, handicap, cr\u00e9ation d\u2019emplois, autonomisation des jeunes, etc. .)<\/li>\n\n\n\n<li>Les b\u00e9n\u00e9ficiaires qualifi\u00e9s peuvent \u00eatre engag\u00e9s dans des services directs pour atteindre l\u2019un des ODD, mais doivent d\u00e9montrer une forte composante de sensibilisation faisant partie int\u00e9grante de la prestation et du succ\u00e8s de leurs programmes.<\/li>\n\n\n\n<li>Les destinataires qualifi\u00e9s peuvent \u00eatre des groupes de plaidoyer\/de pression et des groupes de r\u00e9flexion engag\u00e9s dans des activit\u00e9s de gouvernance telles que le suivi des flux de ressources et\/ou la responsabilisation des gouvernements vis-\u00e0-vis des engagements envers la r\u00e9alisation des ODD<\/li>\n<\/ol>\n\n\n\n<p>Le Prix ONE Afrique 2022 r\u00e9compense les meilleures pratiques d\u2019une organisation africaine qui adresse les probl\u00e8mes de d\u00e9veloppement social par le biais d\u2019un plaidoyer innovant dans la promotion de la r\u00e9alisation des ODD, en s\u2019alignant sur la campagne #JobsNowAfrica qui se concentre sur la cr\u00e9ation d\u2019emplois. L\u2019organisation s\u00e9lectionn\u00e9e comme gagnante recevra une somme d\u2019argent de 100 000 $.<\/p>\n\n\n\n<p>Les candidats pr\u00e9s\u00e9lectionn\u00e9s seront soumis \u00e0 un processus de diligence raisonnable.<\/p>\n\n\n\n<div class=\"wp-block-buttons is-layout-flex wp-block-buttons-is-layout-flex\">\n<div class=\"wp-block-button\"><a class=\"wp-block-button__link wp-element-button\" href=\"https:\/\/www.one.org\/africa\/fr\/a-propos\/le-prix-one-afrique\/gagnants-precedents\/\">LES GAGNANTS PRECEDENTS<\/a><\/div>\n\n\n\n<div class=\"wp-block-button\"><a class=\"wp-block-button__link wp-element-button\" href=\"https:\/\/www.one.org\/africa\/fr\/a-propos\/le-prix-one-afrique\/a-propos\/\">A Propos<\/a><\/div>\n<\/div>\n\n\n\n<div style=\"height:25px\" aria-hidden=\"true\" class=\"wp-block-spacer\"><\/div>\n<div class=\"buffer\"><\/div>","protected":false},"excerpt":{"rendered":"<p>Les laur\u00e9ats peuvent \u00eatre des organisations exceptionnelles et d\u2019autres groupes d\u00e9montrant leur engagement et leur succ\u00e8s \u00e0 aider les Africains \u00e0 atteindre un ou plusieurs des ODD gr\u00e2ce \u00e0 des programmes innovants bas\u00e9s sur le plaidoyer. Le Prix ONE Afrique 2022 r\u00e9compense les meilleures pratiques d\u2019une organisation africaine qui adresse les probl\u00e8mes de d\u00e9veloppement social [&hellip;]<\/p>\n","protected":false},"author":3,"featured_media":0,"parent":163700,"menu_order":0,"comment_status":"closed","ping_status":"closed","template":"","meta":{"_acf_changed":false,"_relevanssi_hide_post":"","_relevanssi_hide_content":"","_relevanssi_pin_for_all":"","_relevanssi_pin_keywords":"","_relevanssi_unpin_keywords":"","_relevanssi_related_keywords":"","_relevanssi_related_include_ids":"","_relevanssi_related_exclude_ids":"","_relevanssi_related_no_append":"","_relevanssi_related_not_related":"","_relevanssi_related_posts":"162072,161740,161843,162039,161922,161803","_relevanssi_noindex_reason":"","footnotes":""},"class_list":["post-163717","page","type-page","status-publish","hentry"],"acf":[],"yoast_head":"<!-- This site is optimized with the Yoast SEO Premium plugin v27.1 (Yoast SEO v27.1.1) - https:\/\/yoast.com\/product\/yoast-seo-premium-wordpress\/ -->\n<title>Crit\u00e8res de s\u00e9lection - ONE.org Africa<\/title>\n<meta name=\"description\" content=\"The ONE Africa Award recognises the exceptional work of organisations that are founded by Africans, based in Africa and working to help Africa achieve the SDGs.\" \/>\n<meta name=\"robots\" content=\"index, follow, max-snippet:-1, max-image-preview:large, max-video-preview:-1\" \/>\n<link rel=\"canonical\" href=\"https:\/\/www.one.org\/africa\/fr\/a-propos\/le-prix-one-afrique\/criteres-de-selection\/\" \/>\n<meta property=\"og:locale\" content=\"fr_FR\" \/>\n<meta property=\"og:type\" content=\"article\" \/>\n<meta property=\"og:title\" content=\"Crit\u00e8res de s\u00e9lection\" \/>\n<meta property=\"og:description\" content=\"The ONE Africa Award recognises the exceptional work of organisations that are founded by Africans, based in Africa and working to help Africa achieve the SDGs.\" \/>\n<meta property=\"og:url\" content=\"https:\/\/www.one.org\/africa\/fr\/a-propos\/le-prix-one-afrique\/criteres-de-selection\/\" \/>\n<meta property=\"og:site_name\" content=\"ONE.org Africa\" \/>\n<meta property=\"article:publisher\" content=\"https:\/\/www.facebook.com\/ONEinAfrica\" \/>\n<meta property=\"article:modified_time\" content=\"2023-10-11T09:40:10+00:00\" \/>\n<meta property=\"og:image\" content=\"https:\/\/www.one.org\/africa\/wp-content\/uploads\/sites\/5\/2023\/09\/GA_share_1200x628-768x402-1.png\" \/>\n\t<meta property=\"og:image:width\" content=\"768\" \/>\n\t<meta property=\"og:image:height\" content=\"402\" \/>\n\t<meta property=\"og:image:type\" content=\"image\/png\" \/>\n<meta name=\"twitter:card\" content=\"summary_large_image\" \/>\n<meta name=\"twitter:site\" content=\"@ONEinAfrica\" \/>\n<meta name=\"twitter:label1\" content=\"Est. reading time\" \/>\n\t<meta name=\"twitter:data1\" content=\"2 minutes\" \/>\n<script type=\"application\/ld+json\" class=\"yoast-schema-graph\">{\"@context\":\"https:\/\/schema.org\",\"@graph\":[{\"@type\":\"WebPage\",\"@id\":\"https:\/\/www.one.org\/africa\/fr\/a-propos\/le-prix-one-afrique\/criteres-de-selection\/\",\"url\":\"https:\/\/www.one.org\/africa\/fr\/a-propos\/le-prix-one-afrique\/criteres-de-selection\/\",\"name\":\"Crit\u00e8res de s\u00e9lection - ONE.org Africa\",\"isPartOf\":{\"@id\":\"https:\/\/www.one.org\/africa\/fr\/#website\"},\"datePublished\":\"2023-10-11T08:49:47+00:00\",\"dateModified\":\"2023-10-11T09:40:10+00:00\",\"description\":\"The ONE Africa Award recognises the exceptional work of organisations that are founded by Africans, based in Africa and working to help Africa achieve the SDGs.\",\"breadcrumb\":{\"@id\":\"https:\/\/www.one.org\/africa\/fr\/a-propos\/le-prix-one-afrique\/criteres-de-selection\/#breadcrumb\"},\"inLanguage\":\"fr-FR\",\"potentialAction\":[{\"@type\":\"ReadAction\",\"target\":[\"https:\/\/www.one.org\/africa\/fr\/a-propos\/le-prix-one-afrique\/criteres-de-selection\/\"]}]},{\"@type\":\"BreadcrumbList\",\"@id\":\"https:\/\/www.one.org\/africa\/fr\/a-propos\/le-prix-one-afrique\/criteres-de-selection\/#breadcrumb\",\"itemListElement\":[{\"@type\":\"ListItem\",\"position\":1,\"name\":\"Home\",\"item\":\"https:\/\/www.one.org\/africa\/fr\/\"},{\"@type\":\"ListItem\",\"position\":2,\"name\":\"\u00c0 propos\",\"item\":\"https:\/\/www.one.org\/africa\/fr\/a-propos\/\"},{\"@type\":\"ListItem\",\"position\":3,\"name\":\"Le Prix ONE Afrique\",\"item\":\"https:\/\/www.one.org\/africa\/fr\/a-propos\/le-prix-one-afrique\/\"},{\"@type\":\"ListItem\",\"position\":4,\"name\":\"Crit\u00e8res de s\u00e9lection\"}]},{\"@type\":\"WebSite\",\"@id\":\"https:\/\/www.one.org\/africa\/fr\/#website\",\"url\":\"https:\/\/www.one.org\/africa\/fr\/\",\"name\":\"ONE.org\",\"description\":\"Cr\u00e9er des opportunit\u00e9s \u00e9conomiques et am\u00e9liorer la sant\u00e9 en Afrique\",\"potentialAction\":[{\"@type\":\"SearchAction\",\"target\":{\"@type\":\"EntryPoint\",\"urlTemplate\":\"https:\/\/www.one.org\/africa\/fr\/?s={search_term_string}\"},\"query-input\":{\"@type\":\"PropertyValueSpecification\",\"valueRequired\":true,\"valueName\":\"search_term_string\"}}],\"inLanguage\":\"fr-FR\"}]}<\/script>\n<!-- \/ Yoast SEO Premium plugin. -->","yoast_head_json":{"title":"Crit\u00e8res de s\u00e9lection - ONE.org Africa","description":"The ONE Africa Award recognises the exceptional work of organisations that are founded by Africans, based in Africa and working to help Africa achieve the SDGs.","robots":{"index":"index","follow":"follow","max-snippet":"max-snippet:-1","max-image-preview":"max-image-preview:large","max-video-preview":"max-video-preview:-1"},"canonical":"https:\/\/www.one.org\/africa\/fr\/a-propos\/le-prix-one-afrique\/criteres-de-selection\/","og_locale":"fr_FR","og_type":"article","og_title":"Crit\u00e8res de s\u00e9lection","og_description":"The ONE Africa Award recognises the exceptional work of organisations that are founded by Africans, based in Africa and working to help Africa achieve the SDGs.","og_url":"https:\/\/www.one.org\/africa\/fr\/a-propos\/le-prix-one-afrique\/criteres-de-selection\/","og_site_name":"ONE.org Africa","article_publisher":"https:\/\/www.facebook.com\/ONEinAfrica","article_modified_time":"2023-10-11T09:40:10+00:00","og_image":[{"width":768,"height":402,"url":"https:\/\/www.one.org\/africa\/wp-content\/uploads\/sites\/5\/2023\/09\/GA_share_1200x628-768x402-1.png","type":"image\/png"}],"twitter_card":"summary_large_image","twitter_site":"@ONEinAfrica","twitter_misc":{"Est. reading time":"2 minutes"},"schema":{"@context":"https:\/\/schema.org","@graph":[{"@type":"WebPage","@id":"https:\/\/www.one.org\/africa\/fr\/a-propos\/le-prix-one-afrique\/criteres-de-selection\/","url":"https:\/\/www.one.org\/africa\/fr\/a-propos\/le-prix-one-afrique\/criteres-de-selection\/","name":"Crit\u00e8res de s\u00e9lection - ONE.org Africa","isPartOf":{"@id":"https:\/\/www.one.org\/africa\/fr\/#website"},"datePublished":"2023-10-11T08:49:47+00:00","dateModified":"2023-10-11T09:40:10+00:00","description":"The ONE Africa Award recognises the exceptional work of organisations that are founded by Africans, based in Africa and working to help Africa achieve the SDGs.","breadcrumb":{"@id":"https:\/\/www.one.org\/africa\/fr\/a-propos\/le-prix-one-afrique\/criteres-de-selection\/#breadcrumb"},"inLanguage":"fr-FR","potentialAction":[{"@type":"ReadAction","target":["https:\/\/www.one.org\/africa\/fr\/a-propos\/le-prix-one-afrique\/criteres-de-selection\/"]}]},{"@type":"BreadcrumbList","@id":"https:\/\/www.one.org\/africa\/fr\/a-propos\/le-prix-one-afrique\/criteres-de-selection\/#breadcrumb","itemListElement":[{"@type":"ListItem","position":1,"name":"Home","item":"https:\/\/www.one.org\/africa\/fr\/"},{"@type":"ListItem","position":2,"name":"\u00c0 propos","item":"https:\/\/www.one.org\/africa\/fr\/a-propos\/"},{"@type":"ListItem","position":3,"name":"Le Prix ONE Afrique","item":"https:\/\/www.one.org\/africa\/fr\/a-propos\/le-prix-one-afrique\/"},{"@type":"ListItem","position":4,"name":"Crit\u00e8res de s\u00e9lection"}]},{"@type":"WebSite","@id":"https:\/\/www.one.org\/africa\/fr\/#website","url":"https:\/\/www.one.org\/africa\/fr\/","name":"ONE.org","description":"Cr\u00e9er des opportunit\u00e9s \u00e9conomiques et am\u00e9liorer la sant\u00e9 en Afrique","potentialAction":[{"@type":"SearchAction","target":{"@type":"EntryPoint","urlTemplate":"https:\/\/www.one.org\/africa\/fr\/?s={search_term_string}"},"query-input":{"@type":"PropertyValueSpecification","valueRequired":true,"valueName":"search_term_string"}}],"inLanguage":"fr-FR"}]}},"distributor_meta":false,"distributor_terms":false,"distributor_media":false,"distributor_original_site_name":"ONE.org Africa","distributor_original_site_url":"https:\/\/www.one.org\/africa\/fr\/","push-errors":false,"_links":{"self":[{"href":"https:\/\/www.one.org\/africa\/fr\/wp-json\/wp\/v2\/pages\/163717","targetHints":{"allow":["GET"]}}],"collection":[{"href":"https:\/\/www.one.org\/africa\/fr\/wp-json\/wp\/v2\/pages"}],"about":[{"href":"https:\/\/www.one.org\/africa\/fr\/wp-json\/wp\/v2\/types\/page"}],"author":[{"embeddable":true,"href":"https:\/\/www.one.org\/africa\/fr\/wp-json\/wp\/v2\/users\/3"}],"replies":[{"embeddable":true,"href":"https:\/\/www.one.org\/africa\/fr\/wp-json\/wp\/v2\/comments?post=163717"}],"version-history":[{"count":0,"href":"https:\/\/www.one.org\/africa\/fr\/wp-json\/wp\/v2\/pages\/163717\/revisions"}],"up":[{"embeddable":true,"href":"https:\/\/www.one.org\/africa\/fr\/wp-json\/wp\/v2\/pages\/163700"}],"wp:attachment":[{"href":"https:\/\/www.one.org\/africa\/fr\/wp-json\/wp\/v2\/media?parent=163717"}],"curies":[{"name":"wp","href":"https:\/\/api.w.org\/{rel}","templated":true}]}}