{"id":163707,"date":"2023-10-11T08:30:07","date_gmt":"2023-10-11T08:30:07","guid":{"rendered":"https:\/\/www.one.org\/africa\/a-propos\/the-one-africa-award\/previous-winners\/"},"modified":"2024-01-22T15:09:01","modified_gmt":"2024-01-22T15:09:01","slug":"gagnants-precedents","status":"publish","type":"page","link":"https:\/\/www.one.org\/africa\/fr\/a-propos\/le-prix-one-afrique\/gagnants-precedents\/","title":{"rendered":"Gagnants pr\u00e9c\u00e9dents"},"content":{"rendered":"\n<div id=\"block_de2f6ec966e41a647106802175d13331\" class=\"oneorg-block oneorg-promo flush is-style-bottom  has-text-align-left  \">\n\n\t\t\t    \n\n\t\t\t<div class=\"oneorg-promo__wrapper\">\n\t\t\t\t<div class=\"oneorg-promo__inner\">   \n\n\t\t\t\t<div class=\"oneorg-promo__content\">\n\t\t\t\t\t<div class=\"acf-innerblocks-container\">\n\n<p class=\"oneorg-section-title\">\u00c0 Propos<\/p>\n\n\n\n<h2 class=\"wp-block-heading\" id=\"h-gagnants-precedents\">Gagnants pr\u00e9c\u00e9dents<\/h2>\n\n\n\n<\/div>\n\t\t\t\t<\/div>\n\t\t\t\t\n\t\t\t\t<\/div>\n\t\t\t<\/div>\n\n<\/div>\n\n\n\n<div style=\"height:25px\" aria-hidden=\"true\" class=\"wp-block-spacer\"><\/div>\n\n\n\n<p>Le Prix ONE Afrique r\u00e9compense les efforts d\u2019organisations africaines visant \u00e0 atteindre les objectifs de d\u00e9veloppement durable (ODD), le plan mondial pour un avenir meilleur.&nbsp;<\/p>\n\n\n\n<h3 class=\"wp-block-heading\">Gagnant 2022 : Elena<\/h3>\n\n\n\n<p>Elena est une organisation dirig\u00e9e par des Africains et bas\u00e9e au Cameroun. Elena a commenc\u00e9 comme une initiative informelle visant \u00e0 former des jeunes filles qui n\u2019ont pas eu l\u2019opportunit\u00e9 de b\u00e9n\u00e9ficier d\u2019une \u00e9ducation post-primaire pour une raison ou une autre. Aujourd\u2019hui, Elena a \u00e9volu\u00e9 et s\u2019est donn\u00e9 pour mission de d\u00e9velopper des moyens de subsistance durables pour les populations rurales d\u00e9favoris\u00e9es gr\u00e2ce \u00e0 ses programmes innovants.<\/p>\n\n\n\n<h3 class=\"wp-block-heading\">Gagnant 2020 : The Public and Private Development Centre (PPDC)<\/h3>\n\n\n\n<p>Le Centre de d\u00e9veloppement public et priv\u00e9 (PPDC), cr\u00e9\u00e9 au Nigeria en 2003, a remport\u00e9 le prix 2020 pour ses efforts africains visant \u00e0 atteindre les objectifs de d\u00e9veloppement durable (ODD), le plan mondial pour un avenir meilleur. Cette ONG vise \u00e0 accro\u00eetre la participation des citoyens aux processus de gouvernance en mettant l\u2019accent sur l\u2019am\u00e9lioration de l\u2019int\u00e9grit\u00e9 des secteurs public et priv\u00e9.<\/p>\n\n\n\n<h3 class=\"wp-block-heading\">Gagnant 2018 : Dext Technology<\/h3>\n\n\n\n<p>Dext Technology, une soci\u00e9t\u00e9 ghan\u00e9enne, a remport\u00e9 le prix 2018 pour son Science Set \u2013 un mini laboratoire scientifique contenant des mat\u00e9riaux et des composantes permettant aux \u00e9tudiants de r\u00e9aliser des exp\u00e9riences de base. La science au Ghana est enseign\u00e9e dans l\u2019abstrait \u2013 les enseignants expliquent la th\u00e9orie de la science au tableau. Le manque de financement rend les d\u00e9monstrations pratiques impossibles. Science Set fournit une solution abordable. Assez petit pour tenir dans un cartable ou sur un bureau, il va au-del\u00e0 de la th\u00e9orie scientifique et aide les enseignants \u00e0 montrer aux \u00e9l\u00e8ves \u00e0 quel point la science est passionnante avec des exp\u00e9riences pratiques.<\/p>\n\n\n\n<h3 class=\"wp-block-heading\">Gagnant 2016 : Connected Development (CODE)<\/h3>\n\n\n\n<p>CODE est une organisation de d\u00e9fense des droits bas\u00e9e au Nig\u00e9ria, dont la mission est d\u2019autonomiser les communaut\u00e9s marginalis\u00e9es en am\u00e9liorant l\u2019acc\u00e8s \u00e0 l\u2019information n\u00e9cessaire pour am\u00e9liorer les services publics locaux. CODE a utilis\u00e9 avec succ\u00e8s son expertise pour donner aux communaut\u00e9s locales les moyens de r\u00e9clamer les fonds qui devaient leur \u00eatre affect\u00e9s. CODE propose une formation sur la mani\u00e8re de faire le suivi des fonds locaux manquants ou d\u00e9tourn\u00e9s, sensibilise les citoyens et fait pression sur les gouvernements afin qu\u2019ils mettent les fonds l\u00e0 o\u00f9 ils ont \u00e9t\u00e9 promis. Gr\u00e2ce \u00e0 ces activit\u00e9s, CODE a contribu\u00e9 \u00e0 r\u00e9duire la pauvret\u00e9 dans les communaut\u00e9s cibles en renfor\u00e7ant la participation des citoyens \u00e0 la gouvernance. CODE s\u2019est \u00e9galement attaqu\u00e9 \u00e0 la corruption au Nigeria<\/p>\n\n\n\n<h3 class=\"wp-block-heading\">Gagnant 2015 : Support for Women in Agriculture and Environment (SWAGEN)<\/h3>\n\n\n\n<p>SWAGEN est une organisation compos\u00e9e de membres qui utilisent les connaissances locales pour adapter et am\u00e9liorer les politiques de d\u00e9veloppement environnemental et durable ayant une incidence sur les communaut\u00e9s tributaires de la for\u00eat. SWAGEN travaille dans la for\u00eat tropicale naturelle de Rwoho en Ouganda. Ce qui a commenc\u00e9 en 1992 comme un petit groupe de femmes r\u00e9pondant \u00e0 une politique nationale qui limitait l\u2019acc\u00e8s \u00e0 la for\u00eat est devenu une organisation de 3 000 membres avec des partenariats strat\u00e9giques \u00e0 travers le continent et le monde.<\/p>\n\n\n\n<h3 class=\"wp-block-heading\">Gagnant 2014 : Les Amis du Fond Mondial Afrique (Friends Africa)<\/h3>\n\n\n\n<p>Friends Africa soutient la lutte contre le VIH \/ SIDA, la tuberculose et le paludisme en partenariat avec le Fonds mondial. L\u2019organisation fait campagne avec la soci\u00e9t\u00e9 civile, le secteur priv\u00e9 et les gouvernements. Le travail de plaidoyer de Friends Africa a aid\u00e9 le Fonds mondial \u00e0 mobiliser l\u2019appui des gouvernements africains, du secteur priv\u00e9 et de la soci\u00e9t\u00e9 civile, tout en mobilisant des ressources par le biais de sa campagne \u00abDons de l\u2019Afrique\u00bb et de son initiative \u00ab Champions africains pour la sant\u00e9 \u00bb.<\/p>\n\n\n\n<h3 class=\"wp-block-heading\">Gagnant 2013 : Agricultural Non-State Actors Forum (ANSAF) of Tanzania<\/h3>\n\n\n\n<p>Le Forum des acteurs agricoles non \u00e9tatiques est un r\u00e9seau d\u2019acteurs non \u00e9tatiques du secteur agricole tanzanien qui fait entendre la voix des petits exploitants agricoles aux prises avec des difficult\u00e9s politiques. L\u2019organisation surveille le budget agricole de la Tanzanie et plaide pour que le gouvernement affecte au moins 10% de son budget national au d\u00e9veloppement agricole et rural conform\u00e9ment \u00e0 la D\u00e9claration de Maputo de 2003.<\/p>\n\n\n\n<h3 class=\"wp-block-heading\">Gagnant 2012 : Positive-Generation<\/h3>\n\n\n\n<p>Positive Generation utilise une vari\u00e9t\u00e9 d\u2019outils et de m\u00e9thodes de plaidoyer dans ses efforts pour assurer la qualit\u00e9 de vie des personnes vivant avec le VIH \/ SIDA au Cameroun. PG utilise le plaidoyer pour faire pression sur les dirigeants afin de prot\u00e9ger la s\u00e9curit\u00e9 et la sant\u00e9 des personnes s\u00e9ropositives au Cameroun.<\/p>\n\n\n\n<h3 class=\"wp-block-heading\">Gagnant 2011 : GF2D<\/h3>\n\n\n\n<p>GF2D habilite les femmes togolaises \u00e0 exercer leur droit de participer aux processus de prise de d\u00e9cision de leur pays en d\u00e9ployant des assistants juridiques dans les communaut\u00e9s pour partager des connaissances juridiques et former les femmes \u00e0 se pr\u00e9senter aux \u00e9lections locales et nationales, entre autres activit\u00e9s.<\/p>\n\n\n\n<h3 class=\"wp-block-heading\">Gagnant 2010 : SEND Ghana<\/h3>\n\n\n\n<p>SEND Ghana travaille \u00e0 \u00e9duquer et \u00e0 habiliter les citoyens \u00e0 participer au processus politique et \u00e0 acc\u00e9der aux services mis \u00e0 leur disposition.<\/p>\n\n\n\n<h3 class=\"wp-block-heading\">Gagnant 2009 : SIDAREC<\/h3>\n\n\n\n<p>SIDAREC, une organisation \u00e0 base communautaire fond\u00e9e par des jeunes des bidonvilles de Nairobi, engage et responsabilise les jeunes d\u00e9favoris\u00e9s dans les bidonvilles urbains de la capitale k\u00e9nyane, en particulier pour lutter contre la violence.<\/p>\n\n\n\n<h3 class=\"wp-block-heading\">Gagnant 2008 : Devcoms<\/h3>\n\n\n\n<p>Devcoms collabore avec les m\u00e9dias nig\u00e9rians pour former des journalistes et des r\u00e9dacteurs en chef \u00e0 des probl\u00e8mes de sant\u00e9 publique, en particulier ceux concernant les femmes et les enfants.<\/p>\n\n\n\n<div style=\"height:25px\" aria-hidden=\"true\" class=\"wp-block-spacer\"><\/div>\n<div class=\"buffer\"><\/div>","protected":false},"excerpt":{"rendered":"<p>Le Prix ONE Afrique r\u00e9compense les efforts d\u2019organisations africaines visant \u00e0 atteindre les objectifs de d\u00e9veloppement durable (ODD), le plan mondial pour un avenir meilleur.&nbsp; Gagnant 2022 : Elena Elena est une organisation dirig\u00e9e par des Africains et bas\u00e9e au Cameroun. Elena a commenc\u00e9 comme une initiative informelle visant \u00e0 former des jeunes filles qui [&hellip;]<\/p>\n","protected":false},"author":3,"featured_media":0,"parent":163700,"menu_order":0,"comment_status":"closed","ping_status":"closed","template":"","meta":{"_acf_changed":false,"_relevanssi_hide_post":"","_relevanssi_hide_content":"","_relevanssi_pin_for_all":"","_relevanssi_pin_keywords":"","_relevanssi_unpin_keywords":"","_relevanssi_related_keywords":"","_relevanssi_related_include_ids":"","_relevanssi_related_exclude_ids":"","_relevanssi_related_no_append":"","_relevanssi_related_not_related":"","_relevanssi_related_posts":"161751,161959,161713,162007,162075,161957","_relevanssi_noindex_reason":"","footnotes":""},"class_list":["post-163707","page","type-page","status-publish","hentry"],"acf":[],"yoast_head":"<!-- This site is optimized with the Yoast SEO Premium plugin v27.1 (Yoast SEO v27.1.1) - https:\/\/yoast.com\/product\/yoast-seo-premium-wordpress\/ -->\n<title>Previous winners of the ONE Award | ONE<\/title>\n<meta name=\"description\" content=\"The previous winners of the Africa Award. The ONE Africa Award recognizes Africa-driven and Africa-led advocacy efforts that have demonstrated success at the community, national or regional level.\" \/>\n<meta name=\"robots\" content=\"index, follow, max-snippet:-1, max-image-preview:large, max-video-preview:-1\" \/>\n<link rel=\"canonical\" href=\"https:\/\/www.one.org\/africa\/fr\/a-propos\/le-prix-one-afrique\/gagnants-precedents\/\" \/>\n<meta property=\"og:locale\" content=\"fr_FR\" \/>\n<meta property=\"og:type\" content=\"article\" \/>\n<meta property=\"og:title\" content=\"Gagnants pr\u00e9c\u00e9dents\" \/>\n<meta property=\"og:description\" content=\"The previous winners of the Africa Award. The ONE Africa Award recognizes Africa-driven and Africa-led advocacy efforts that have demonstrated success at the community, national or regional level.\" \/>\n<meta property=\"og:url\" content=\"https:\/\/www.one.org\/africa\/fr\/a-propos\/le-prix-one-afrique\/gagnants-precedents\/\" \/>\n<meta property=\"og:site_name\" content=\"ONE.org Africa\" \/>\n<meta property=\"article:publisher\" content=\"https:\/\/www.facebook.com\/ONEinAfrica\" \/>\n<meta property=\"article:modified_time\" content=\"2024-01-22T15:09:01+00:00\" \/>\n<meta property=\"og:image\" content=\"https:\/\/www.one.org\/africa\/wp-content\/uploads\/sites\/5\/2023\/09\/GA_share_1200x628-768x402-1.png\" \/>\n\t<meta property=\"og:image:width\" content=\"768\" \/>\n\t<meta property=\"og:image:height\" content=\"402\" \/>\n\t<meta property=\"og:image:type\" content=\"image\/png\" \/>\n<meta name=\"twitter:card\" content=\"summary_large_image\" \/>\n<meta name=\"twitter:site\" content=\"@ONEinAfrica\" \/>\n<meta name=\"twitter:label1\" content=\"Est. reading time\" \/>\n\t<meta name=\"twitter:data1\" content=\"4 minutes\" \/>\n<script type=\"application\/ld+json\" class=\"yoast-schema-graph\">{\"@context\":\"https:\/\/schema.org\",\"@graph\":[{\"@type\":\"WebPage\",\"@id\":\"https:\/\/www.one.org\/africa\/fr\/a-propos\/le-prix-one-afrique\/gagnants-precedents\/\",\"url\":\"https:\/\/www.one.org\/africa\/fr\/a-propos\/le-prix-one-afrique\/gagnants-precedents\/\",\"name\":\"Previous winners of the ONE Award | ONE\",\"isPartOf\":{\"@id\":\"https:\/\/www.one.org\/africa\/fr\/#website\"},\"datePublished\":\"2023-10-11T08:30:07+00:00\",\"dateModified\":\"2024-01-22T15:09:01+00:00\",\"description\":\"The previous winners of the Africa Award. The ONE Africa Award recognizes Africa-driven and Africa-led advocacy efforts that have demonstrated success at the community, national or regional level.\",\"breadcrumb\":{\"@id\":\"https:\/\/www.one.org\/africa\/fr\/a-propos\/le-prix-one-afrique\/gagnants-precedents\/#breadcrumb\"},\"inLanguage\":\"fr-FR\",\"potentialAction\":[{\"@type\":\"ReadAction\",\"target\":[\"https:\/\/www.one.org\/africa\/fr\/a-propos\/le-prix-one-afrique\/gagnants-precedents\/\"]}]},{\"@type\":\"BreadcrumbList\",\"@id\":\"https:\/\/www.one.org\/africa\/fr\/a-propos\/le-prix-one-afrique\/gagnants-precedents\/#breadcrumb\",\"itemListElement\":[{\"@type\":\"ListItem\",\"position\":1,\"name\":\"Home\",\"item\":\"https:\/\/www.one.org\/africa\/fr\/\"},{\"@type\":\"ListItem\",\"position\":2,\"name\":\"\u00c0 propos\",\"item\":\"https:\/\/www.one.org\/africa\/fr\/a-propos\/\"},{\"@type\":\"ListItem\",\"position\":3,\"name\":\"Le Prix ONE Afrique\",\"item\":\"https:\/\/www.one.org\/africa\/fr\/a-propos\/le-prix-one-afrique\/\"},{\"@type\":\"ListItem\",\"position\":4,\"name\":\"Gagnants pr\u00e9c\u00e9dents\"}]},{\"@type\":\"WebSite\",\"@id\":\"https:\/\/www.one.org\/africa\/fr\/#website\",\"url\":\"https:\/\/www.one.org\/africa\/fr\/\",\"name\":\"ONE.org\",\"description\":\"Cr\u00e9er des opportunit\u00e9s \u00e9conomiques et am\u00e9liorer la sant\u00e9 en Afrique\",\"potentialAction\":[{\"@type\":\"SearchAction\",\"target\":{\"@type\":\"EntryPoint\",\"urlTemplate\":\"https:\/\/www.one.org\/africa\/fr\/?s={search_term_string}\"},\"query-input\":{\"@type\":\"PropertyValueSpecification\",\"valueRequired\":true,\"valueName\":\"search_term_string\"}}],\"inLanguage\":\"fr-FR\"}]}<\/script>\n<!-- \/ Yoast SEO Premium plugin. -->","yoast_head_json":{"title":"Previous winners of the ONE Award | ONE","description":"The previous winners of the Africa Award. The ONE Africa Award recognizes Africa-driven and Africa-led advocacy efforts that have demonstrated success at the community, national or regional level.","robots":{"index":"index","follow":"follow","max-snippet":"max-snippet:-1","max-image-preview":"max-image-preview:large","max-video-preview":"max-video-preview:-1"},"canonical":"https:\/\/www.one.org\/africa\/fr\/a-propos\/le-prix-one-afrique\/gagnants-precedents\/","og_locale":"fr_FR","og_type":"article","og_title":"Gagnants pr\u00e9c\u00e9dents","og_description":"The previous winners of the Africa Award. The ONE Africa Award recognizes Africa-driven and Africa-led advocacy efforts that have demonstrated success at the community, national or regional level.","og_url":"https:\/\/www.one.org\/africa\/fr\/a-propos\/le-prix-one-afrique\/gagnants-precedents\/","og_site_name":"ONE.org Africa","article_publisher":"https:\/\/www.facebook.com\/ONEinAfrica","article_modified_time":"2024-01-22T15:09:01+00:00","og_image":[{"width":768,"height":402,"url":"https:\/\/www.one.org\/africa\/wp-content\/uploads\/sites\/5\/2023\/09\/GA_share_1200x628-768x402-1.png","type":"image\/png"}],"twitter_card":"summary_large_image","twitter_site":"@ONEinAfrica","twitter_misc":{"Est. reading time":"4 minutes"},"schema":{"@context":"https:\/\/schema.org","@graph":[{"@type":"WebPage","@id":"https:\/\/www.one.org\/africa\/fr\/a-propos\/le-prix-one-afrique\/gagnants-precedents\/","url":"https:\/\/www.one.org\/africa\/fr\/a-propos\/le-prix-one-afrique\/gagnants-precedents\/","name":"Previous winners of the ONE Award | ONE","isPartOf":{"@id":"https:\/\/www.one.org\/africa\/fr\/#website"},"datePublished":"2023-10-11T08:30:07+00:00","dateModified":"2024-01-22T15:09:01+00:00","description":"The previous winners of the Africa Award. The ONE Africa Award recognizes Africa-driven and Africa-led advocacy efforts that have demonstrated success at the community, national or regional level.","breadcrumb":{"@id":"https:\/\/www.one.org\/africa\/fr\/a-propos\/le-prix-one-afrique\/gagnants-precedents\/#breadcrumb"},"inLanguage":"fr-FR","potentialAction":[{"@type":"ReadAction","target":["https:\/\/www.one.org\/africa\/fr\/a-propos\/le-prix-one-afrique\/gagnants-precedents\/"]}]},{"@type":"BreadcrumbList","@id":"https:\/\/www.one.org\/africa\/fr\/a-propos\/le-prix-one-afrique\/gagnants-precedents\/#breadcrumb","itemListElement":[{"@type":"ListItem","position":1,"name":"Home","item":"https:\/\/www.one.org\/africa\/fr\/"},{"@type":"ListItem","position":2,"name":"\u00c0 propos","item":"https:\/\/www.one.org\/africa\/fr\/a-propos\/"},{"@type":"ListItem","position":3,"name":"Le Prix ONE Afrique","item":"https:\/\/www.one.org\/africa\/fr\/a-propos\/le-prix-one-afrique\/"},{"@type":"ListItem","position":4,"name":"Gagnants pr\u00e9c\u00e9dents"}]},{"@type":"WebSite","@id":"https:\/\/www.one.org\/africa\/fr\/#website","url":"https:\/\/www.one.org\/africa\/fr\/","name":"ONE.org","description":"Cr\u00e9er des opportunit\u00e9s \u00e9conomiques et am\u00e9liorer la sant\u00e9 en Afrique","potentialAction":[{"@type":"SearchAction","target":{"@type":"EntryPoint","urlTemplate":"https:\/\/www.one.org\/africa\/fr\/?s={search_term_string}"},"query-input":{"@type":"PropertyValueSpecification","valueRequired":true,"valueName":"search_term_string"}}],"inLanguage":"fr-FR"}]}},"distributor_meta":false,"distributor_terms":false,"distributor_media":false,"distributor_original_site_name":"ONE.org Africa","distributor_original_site_url":"https:\/\/www.one.org\/africa\/fr\/","push-errors":false,"_links":{"self":[{"href":"https:\/\/www.one.org\/africa\/fr\/wp-json\/wp\/v2\/pages\/163707","targetHints":{"allow":["GET"]}}],"collection":[{"href":"https:\/\/www.one.org\/africa\/fr\/wp-json\/wp\/v2\/pages"}],"about":[{"href":"https:\/\/www.one.org\/africa\/fr\/wp-json\/wp\/v2\/types\/page"}],"author":[{"embeddable":true,"href":"https:\/\/www.one.org\/africa\/fr\/wp-json\/wp\/v2\/users\/3"}],"replies":[{"embeddable":true,"href":"https:\/\/www.one.org\/africa\/fr\/wp-json\/wp\/v2\/comments?post=163707"}],"version-history":[{"count":0,"href":"https:\/\/www.one.org\/africa\/fr\/wp-json\/wp\/v2\/pages\/163707\/revisions"}],"up":[{"embeddable":true,"href":"https:\/\/www.one.org\/africa\/fr\/wp-json\/wp\/v2\/pages\/163700"}],"wp:attachment":[{"href":"https:\/\/www.one.org\/africa\/fr\/wp-json\/wp\/v2\/media?parent=163707"}],"curies":[{"name":"wp","href":"https:\/\/api.w.org\/{rel}","templated":true}]}}