{"id":161404,"date":"2023-09-05T13:49:04","date_gmt":"2023-09-05T13:49:04","guid":{"rendered":"https:\/\/www.one.org\/africa\/agir\/chatbot\/"},"modified":"2023-09-05T13:53:57","modified_gmt":"2023-09-05T13:53:57","slug":"chatbot","status":"publish","type":"page","link":"https:\/\/www.one.org\/africa\/fr\/agir\/chatbot\/","title":{"rendered":"Chatbot ONE Afrique"},"content":{"rendered":"\n<div id=\"block_198f338156e3bfbf99b8099fec76f855\" class=\"oneorg-block oneorg-promo flush is-style-bottom  has-text-align-left  \">\n\n\t\t\t    \n\n\t\t\t<div class=\"oneorg-promo__wrapper\">\n\t\t\t\t<div class=\"oneorg-promo__inner\">   \n\n\t\t\t\t<div class=\"oneorg-promo__content\">\n\t\t\t\t\t<div class=\"acf-innerblocks-container\">\n\n<p class=\"oneorg-section-title\">Agir<\/p>\n\n\n\n<h2 class=\"wp-block-heading\" id=\"h-soutenez-demandez-agissez\">Soutenez. Demandez. Agissez.<\/h2>\n\n\n\n<\/div>\n\t\t\t\t<\/div>\n\t\t\t\t\n\t\t\t\t<\/div>\n\t\t\t<\/div>\n\n<\/div>\n\n\n\n<div style=\"height:25px\" aria-hidden=\"true\" class=\"wp-block-spacer\"><\/div>\n\n\n\n<div class=\"wp-block-columns is-layout-flex wp-container-core-columns-is-layout-28f84493 wp-block-columns-is-layout-flex\">\n<div class=\"wp-block-column is-layout-flow wp-block-column-is-layout-flow\" style=\"flex-basis:66.66%\">\n<h2 class=\"wp-block-heading\">Rejoignez la conversation avec le chatbot ONE Afrique<\/h2>\n\n\n\n<p>Les soutiens de ONE \u00e0 travers l&#8217;Afrique travaillent ensemble pour pousser les gouvernements \u00e0 mettre fin \u00e0 l&#8217;extr\u00eame pauvret\u00e9 et \u00e0 combattre les maladies \u00e9vitables et traitables. Par le biais de p\u00e9titions et d&#8217;\u00e9v\u00e9nements, nous demandons des comptes \u00e0 nos dirigeants. Et nous obtenons gain de cause.<\/p>\n\n\n\n<p>Le chatbot ONE Afrique vous permet d&#8217;en savoir instantan\u00e9ment plus sur le travail de ONE, de vous tenir au courant des campagnes en cours et de trouver des moyens d&#8217;agir par le biais d&#8217;un chat conversationnel sur votre t\u00e9l\u00e9phone portable &#8211; o\u00f9 que vous soyez !<\/p>\n<\/div>\n\n\n\n<div class=\"wp-block-column is-layout-flow wp-block-column-is-layout-flow\" style=\"flex-basis:33.33%\">\n<figure class=\"wp-block-image size-full\"><img loading=\"lazy\" decoding=\"async\" width=\"640\" height=\"1001\" src=\"https:\/\/www.one.org\/africa\/wp-content\/uploads\/sites\/5\/2023\/09\/africa-chatbot.png\" alt=\"\" class=\"wp-image-161391\" srcset=\"https:\/\/www.one.org\/africa\/wp-content\/uploads\/sites\/5\/2023\/09\/africa-chatbot.png 640w, https:\/\/www.one.org\/africa\/wp-content\/uploads\/sites\/5\/2023\/09\/africa-chatbot-192x300.png 192w, https:\/\/www.one.org\/africa\/wp-content\/uploads\/sites\/5\/2023\/09\/africa-chatbot-16x25.png 16w, https:\/\/www.one.org\/africa\/wp-content\/uploads\/sites\/5\/2023\/09\/africa-chatbot-320x501.png 320w, https:\/\/www.one.org\/africa\/wp-content\/uploads\/sites\/5\/2023\/09\/africa-chatbot-403x630.png 403w\" sizes=\"auto, (max-width: 640px) 100vw, 640px\" \/><\/figure>\n<\/div>\n<\/div>\n\n\n\n<div class=\"wp-block-group is-vertical is-content-justification-center is-layout-flex wp-container-core-group-is-layout-b6c1f246 wp-block-group-is-layout-flex\">\n<h2 class=\"wp-block-heading\" id=\"h-rejoignez-la-conversation-sur\">Rejoignez la conversation sur:<\/h2>\n\n\n\n<div class=\"wp-block-buttons is-layout-flex wp-block-buttons-is-layout-flex\">\n<div class=\"wp-block-button\"><a class=\"wp-block-button__link wp-element-button\" href=\"https:\/\/m.me\/oneinafrica\">Facebook Messenger<\/a><\/div>\n\n\n\n<div class=\"wp-block-button\"><a class=\"wp-block-button__link wp-element-button\" href=\"https:\/\/wa.me\/23417006215?text=hi\">WhatsApp<\/a><\/div>\n<\/div>\n<\/div>\n\n\n\n<div class=\"wp-block-group has-global-padding is-layout-constrained wp-block-group-is-layout-constrained\">\n<div class=\"wp-block-buttons is-layout-flex wp-block-buttons-is-layout-flex\"><\/div>\n<\/div>\n\n\n\n<div style=\"height:25px\" aria-hidden=\"true\" class=\"wp-block-spacer\"><\/div>\n<div class=\"buffer\"><\/div>","protected":false},"excerpt":{"rendered":"<p>Rejoignez la conversation avec le chatbot ONE Afrique Les soutiens de ONE \u00e0 travers l&#8217;Afrique travaillent ensemble pour pousser les gouvernements \u00e0 mettre fin \u00e0 l&#8217;extr\u00eame pauvret\u00e9 et \u00e0 combattre les maladies \u00e9vitables et traitables. Par le biais de p\u00e9titions et d&#8217;\u00e9v\u00e9nements, nous demandons des comptes \u00e0 nos dirigeants. Et nous obtenons gain de cause. [&hellip;]<\/p>\n","protected":false},"author":3,"featured_media":0,"parent":160717,"menu_order":0,"comment_status":"closed","ping_status":"closed","template":"","meta":{"_acf_changed":false,"_relevanssi_hide_post":"","_relevanssi_hide_content":"","_relevanssi_pin_for_all":"","_relevanssi_pin_keywords":"","_relevanssi_unpin_keywords":"","_relevanssi_related_keywords":"","_relevanssi_related_include_ids":"","_relevanssi_related_exclude_ids":"","_relevanssi_related_no_append":"","_relevanssi_related_not_related":"","_relevanssi_related_posts":"1","_relevanssi_noindex_reason":"","footnotes":""},"class_list":["post-161404","page","type-page","status-publish","hentry"],"acf":[],"yoast_head":"<!-- This site is optimized with the Yoast SEO Premium plugin v27.1 (Yoast SEO v27.1.1) - https:\/\/yoast.com\/product\/yoast-seo-premium-wordpress\/ -->\n<title>Rejoignez la conversation avec le chatbot ONE Afrique - ONE.org Africa<\/title>\n<meta name=\"robots\" content=\"index, follow, max-snippet:-1, max-image-preview:large, max-video-preview:-1\" \/>\n<link rel=\"canonical\" href=\"https:\/\/www.one.org\/africa\/fr\/agir\/chatbot\/\" \/>\n<meta property=\"og:locale\" content=\"fr_FR\" \/>\n<meta property=\"og:type\" content=\"article\" \/>\n<meta property=\"og:title\" content=\"Chatbot ONE Afrique\" \/>\n<meta property=\"og:description\" content=\"Rejoignez la conversation avec le chatbot ONE Afrique Les soutiens de ONE \u00e0 travers l&#8217;Afrique travaillent ensemble pour pousser les gouvernements \u00e0 mettre fin \u00e0 l&#8217;extr\u00eame pauvret\u00e9 et \u00e0 combattre les maladies \u00e9vitables et traitables. Par le biais de p\u00e9titions et d&#8217;\u00e9v\u00e9nements, nous demandons des comptes \u00e0 nos dirigeants. Et nous obtenons gain de cause. [&hellip;]\" \/>\n<meta property=\"og:url\" content=\"https:\/\/www.one.org\/africa\/fr\/agir\/chatbot\/\" \/>\n<meta property=\"og:site_name\" content=\"ONE.org Africa\" \/>\n<meta property=\"article:publisher\" content=\"https:\/\/www.facebook.com\/ONEinAfrica\" \/>\n<meta property=\"article:modified_time\" content=\"2023-09-05T13:53:57+00:00\" \/>\n<meta property=\"og:image\" content=\"https:\/\/www.one.org\/africa\/wp-content\/uploads\/sites\/5\/2023\/09\/africa-chatbot.png\" \/>\n<meta name=\"twitter:card\" content=\"summary_large_image\" \/>\n<meta name=\"twitter:site\" content=\"@ONEinAfrica\" \/>\n<meta name=\"twitter:label1\" content=\"Est. reading time\" \/>\n\t<meta name=\"twitter:data1\" content=\"1 minute\" \/>\n<script type=\"application\/ld+json\" class=\"yoast-schema-graph\">{\"@context\":\"https:\/\/schema.org\",\"@graph\":[{\"@type\":\"WebPage\",\"@id\":\"https:\/\/www.one.org\/africa\/fr\/agir\/chatbot\/\",\"url\":\"https:\/\/www.one.org\/africa\/fr\/agir\/chatbot\/\",\"name\":\"Rejoignez la conversation avec le chatbot ONE Afrique - ONE.org Africa\",\"isPartOf\":{\"@id\":\"https:\/\/www.one.org\/africa\/fr\/#website\"},\"primaryImageOfPage\":{\"@id\":\"https:\/\/www.one.org\/africa\/fr\/agir\/chatbot\/#primaryimage\"},\"image\":{\"@id\":\"https:\/\/www.one.org\/africa\/fr\/agir\/chatbot\/#primaryimage\"},\"thumbnailUrl\":\"https:\/\/www.one.org\/africa\/wp-content\/uploads\/sites\/5\/2023\/09\/africa-chatbot.png\",\"datePublished\":\"2023-09-05T13:49:04+00:00\",\"dateModified\":\"2023-09-05T13:53:57+00:00\",\"breadcrumb\":{\"@id\":\"https:\/\/www.one.org\/africa\/fr\/agir\/chatbot\/#breadcrumb\"},\"inLanguage\":\"fr-FR\",\"potentialAction\":[{\"@type\":\"ReadAction\",\"target\":[\"https:\/\/www.one.org\/africa\/fr\/agir\/chatbot\/\"]}]},{\"@type\":\"ImageObject\",\"inLanguage\":\"fr-FR\",\"@id\":\"https:\/\/www.one.org\/africa\/fr\/agir\/chatbot\/#primaryimage\",\"url\":\"https:\/\/www.one.org\/africa\/wp-content\/uploads\/sites\/5\/2023\/09\/africa-chatbot.png\",\"contentUrl\":\"https:\/\/www.one.org\/africa\/wp-content\/uploads\/sites\/5\/2023\/09\/africa-chatbot.png\"},{\"@type\":\"BreadcrumbList\",\"@id\":\"https:\/\/www.one.org\/africa\/fr\/agir\/chatbot\/#breadcrumb\",\"itemListElement\":[{\"@type\":\"ListItem\",\"position\":1,\"name\":\"Home\",\"item\":\"https:\/\/www.one.org\/africa\/fr\/\"},{\"@type\":\"ListItem\",\"position\":2,\"name\":\"Agir\",\"item\":\"https:\/\/www.one.org\/africa\/fr\/agir\/\"},{\"@type\":\"ListItem\",\"position\":3,\"name\":\"Chatbot ONE Afrique\"}]},{\"@type\":\"WebSite\",\"@id\":\"https:\/\/www.one.org\/africa\/fr\/#website\",\"url\":\"https:\/\/www.one.org\/africa\/fr\/\",\"name\":\"ONE.org\",\"description\":\"Cr\u00e9er des opportunit\u00e9s \u00e9conomiques et am\u00e9liorer la sant\u00e9 en Afrique\",\"potentialAction\":[{\"@type\":\"SearchAction\",\"target\":{\"@type\":\"EntryPoint\",\"urlTemplate\":\"https:\/\/www.one.org\/africa\/fr\/?s={search_term_string}\"},\"query-input\":{\"@type\":\"PropertyValueSpecification\",\"valueRequired\":true,\"valueName\":\"search_term_string\"}}],\"inLanguage\":\"fr-FR\"}]}<\/script>\n<!-- \/ Yoast SEO Premium plugin. -->","yoast_head_json":{"title":"Rejoignez la conversation avec le chatbot ONE Afrique - ONE.org Africa","robots":{"index":"index","follow":"follow","max-snippet":"max-snippet:-1","max-image-preview":"max-image-preview:large","max-video-preview":"max-video-preview:-1"},"canonical":"https:\/\/www.one.org\/africa\/fr\/agir\/chatbot\/","og_locale":"fr_FR","og_type":"article","og_title":"Chatbot ONE Afrique","og_description":"Rejoignez la conversation avec le chatbot ONE Afrique Les soutiens de ONE \u00e0 travers l&#8217;Afrique travaillent ensemble pour pousser les gouvernements \u00e0 mettre fin \u00e0 l&#8217;extr\u00eame pauvret\u00e9 et \u00e0 combattre les maladies \u00e9vitables et traitables. Par le biais de p\u00e9titions et d&#8217;\u00e9v\u00e9nements, nous demandons des comptes \u00e0 nos dirigeants. Et nous obtenons gain de cause. [&hellip;]","og_url":"https:\/\/www.one.org\/africa\/fr\/agir\/chatbot\/","og_site_name":"ONE.org Africa","article_publisher":"https:\/\/www.facebook.com\/ONEinAfrica","article_modified_time":"2023-09-05T13:53:57+00:00","og_image":[{"url":"https:\/\/www.one.org\/africa\/wp-content\/uploads\/sites\/5\/2023\/09\/africa-chatbot.png","type":"","width":"","height":""}],"twitter_card":"summary_large_image","twitter_site":"@ONEinAfrica","twitter_misc":{"Est. reading time":"1 minute"},"schema":{"@context":"https:\/\/schema.org","@graph":[{"@type":"WebPage","@id":"https:\/\/www.one.org\/africa\/fr\/agir\/chatbot\/","url":"https:\/\/www.one.org\/africa\/fr\/agir\/chatbot\/","name":"Rejoignez la conversation avec le chatbot ONE Afrique - ONE.org Africa","isPartOf":{"@id":"https:\/\/www.one.org\/africa\/fr\/#website"},"primaryImageOfPage":{"@id":"https:\/\/www.one.org\/africa\/fr\/agir\/chatbot\/#primaryimage"},"image":{"@id":"https:\/\/www.one.org\/africa\/fr\/agir\/chatbot\/#primaryimage"},"thumbnailUrl":"https:\/\/www.one.org\/africa\/wp-content\/uploads\/sites\/5\/2023\/09\/africa-chatbot.png","datePublished":"2023-09-05T13:49:04+00:00","dateModified":"2023-09-05T13:53:57+00:00","breadcrumb":{"@id":"https:\/\/www.one.org\/africa\/fr\/agir\/chatbot\/#breadcrumb"},"inLanguage":"fr-FR","potentialAction":[{"@type":"ReadAction","target":["https:\/\/www.one.org\/africa\/fr\/agir\/chatbot\/"]}]},{"@type":"ImageObject","inLanguage":"fr-FR","@id":"https:\/\/www.one.org\/africa\/fr\/agir\/chatbot\/#primaryimage","url":"https:\/\/www.one.org\/africa\/wp-content\/uploads\/sites\/5\/2023\/09\/africa-chatbot.png","contentUrl":"https:\/\/www.one.org\/africa\/wp-content\/uploads\/sites\/5\/2023\/09\/africa-chatbot.png"},{"@type":"BreadcrumbList","@id":"https:\/\/www.one.org\/africa\/fr\/agir\/chatbot\/#breadcrumb","itemListElement":[{"@type":"ListItem","position":1,"name":"Home","item":"https:\/\/www.one.org\/africa\/fr\/"},{"@type":"ListItem","position":2,"name":"Agir","item":"https:\/\/www.one.org\/africa\/fr\/agir\/"},{"@type":"ListItem","position":3,"name":"Chatbot ONE Afrique"}]},{"@type":"WebSite","@id":"https:\/\/www.one.org\/africa\/fr\/#website","url":"https:\/\/www.one.org\/africa\/fr\/","name":"ONE.org","description":"Cr\u00e9er des opportunit\u00e9s \u00e9conomiques et am\u00e9liorer la sant\u00e9 en Afrique","potentialAction":[{"@type":"SearchAction","target":{"@type":"EntryPoint","urlTemplate":"https:\/\/www.one.org\/africa\/fr\/?s={search_term_string}"},"query-input":{"@type":"PropertyValueSpecification","valueRequired":true,"valueName":"search_term_string"}}],"inLanguage":"fr-FR"}]}},"distributor_meta":false,"distributor_terms":false,"distributor_media":false,"distributor_original_site_name":"ONE.org Africa","distributor_original_site_url":"https:\/\/www.one.org\/africa\/fr\/","push-errors":false,"_links":{"self":[{"href":"https:\/\/www.one.org\/africa\/fr\/wp-json\/wp\/v2\/pages\/161404","targetHints":{"allow":["GET"]}}],"collection":[{"href":"https:\/\/www.one.org\/africa\/fr\/wp-json\/wp\/v2\/pages"}],"about":[{"href":"https:\/\/www.one.org\/africa\/fr\/wp-json\/wp\/v2\/types\/page"}],"author":[{"embeddable":true,"href":"https:\/\/www.one.org\/africa\/fr\/wp-json\/wp\/v2\/users\/3"}],"replies":[{"embeddable":true,"href":"https:\/\/www.one.org\/africa\/fr\/wp-json\/wp\/v2\/comments?post=161404"}],"version-history":[{"count":0,"href":"https:\/\/www.one.org\/africa\/fr\/wp-json\/wp\/v2\/pages\/161404\/revisions"}],"up":[{"embeddable":true,"href":"https:\/\/www.one.org\/africa\/fr\/wp-json\/wp\/v2\/pages\/160717"}],"wp:attachment":[{"href":"https:\/\/www.one.org\/africa\/fr\/wp-json\/wp\/v2\/media?parent=161404"}],"curies":[{"name":"wp","href":"https:\/\/api.w.org\/{rel}","templated":true}]}}