{"id":161311,"date":"2023-08-28T12:43:05","date_gmt":"2023-08-28T12:43:05","guid":{"rendered":"https:\/\/www.one.org\/africa\/a-propos\/jobs\/"},"modified":"2025-05-16T10:08:20","modified_gmt":"2025-05-16T10:08:20","slug":"recrutement","status":"publish","type":"page","link":"https:\/\/www.one.org\/africa\/fr\/a-propos\/recrutement\/","title":{"rendered":"Recrutement"},"content":{"rendered":"\n<div id=\"block_70ab925b27280897222d2ee2e964b062\" class=\"oneorg-block oneorg-promo flush is-style-bottom  has-text-align-left  \">\n\n\t\t\t    \n\n\t\t\t<div class=\"oneorg-promo__wrapper\">\n\t\t\t\t<div class=\"oneorg-promo__inner\">   \n\n\t\t\t\t<div class=\"oneorg-promo__content\">\n\t\t\t\t\t<div class=\"acf-innerblocks-container\">\n\n<p class=\"oneorg-section-title\">\u00c0 Propos<\/p>\n\n\n\n<h2 class=\"wp-block-heading\" id=\"h-travailler-chez-one\">Travailler chez ONE<\/h2>\n\n\n\n<div class=\"wp-block-button\"><a class=\"wp-block-button__link wp-element-button\" href=\"https:\/\/job-boards.greenhouse.io\/onecampaign\">Voir les offres<\/a><\/div>\n\n<\/div>\n\t\t\t\t<\/div>\n\t\t\t\t\n\t\t\t\t<\/div>\n\t\t\t<\/div>\n\n<\/div>\n\n\n\n<div style=\"height:25px\" aria-hidden=\"true\" class=\"wp-block-spacer\"><\/div>\n\n\n\n<p>Si vous aussi vous pensez que chacun\u00b7e, partout, m\u00e9rite de vivre une vie digne et pleine de possibilit\u00e9s, rejoignez notre \u00e9quipe et \u0153uvrez \u00e0 nos c\u00f4t\u00e9s pour un v\u00e9ritable changement mondial.<\/p>\n\n\n\n<p>Nous sommes ONE, une organisation qui lutte pour un monde plus juste en exigeant les investissements n\u00e9cessaires pour cr\u00e9er des opportunit\u00e9s \u00e9conomiques et am\u00e9liorer la sant\u00e9 en Afrique. Nous mobilisons des soutiens et poussons les dirigeant\u00b7e\u00b7s du monde entier \u00e0 r\u00e9aliser de r\u00e9els progr\u00e8s. Nous militons, d\u00e9fendons, travaillons, rassemblons et nous travaillons pour am\u00e9liorer notre monde. Parce que nous croyons qu\u2019aucun\u00b7e d\u2019entre nous n\u2019est \u00e9gal tant que nous ne sommes pas toutes et tous \u00e9gaux.<\/p>\n\n\n\n<figure class=\"wp-block-image aligncenter size-full is-resized\"><img decoding=\"async\" src=\"https:\/\/www.one.org\/wp-content\/uploads\/2023\/06\/About_jobs_1094x732_v1-1.jpg\" alt=\"\" class=\"wp-image-1120\" style=\"width:764px;height:446px\"\/><\/figure>\n\n\n\n<p>Nous encourageons la diversit\u00e9, l\u2019\u00e9quit\u00e9 et l\u2019inclusion dans notre travail. Nous recherchons des personnes passionn\u00e9es par le changement et qui incarnent nos valeurs, ind\u00e9pendamment de leurs origines ou de leur identit\u00e9. Les employ\u00e9s de ONE travaillent dans un environnement collaboratif et cr\u00e9atif, dans de bonnes conditions, et ont l\u2019opportunit\u00e9 de faire partie d\u2019une mission mondiale. Pr\u00eat\u00b7e\u00b7s \u00e0 nous rejoindre ? N\u2019attendez plus, postulez d\u00e8s maintenant !<\/p>\n\n\n\n<div class=\"wp-block-buttons is-layout-flex wp-block-buttons-is-layout-flex\">\n<div class=\"wp-block-button\"><a class=\"wp-block-button__link wp-element-button\" href=\"https:\/\/job-boards.greenhouse.io\/onecampaign\">Voir les offres<\/a><\/div>\n<\/div>\n\n\n\n<div style=\"height:50px\" aria-hidden=\"true\" class=\"wp-block-spacer\"><\/div>\n\n\n\n<div class=\"wp-block-group has-background has-global-padding is-layout-constrained wp-block-group-is-layout-constrained\" style=\"background-color:#ededed\">\n<div style=\"height:15px\" aria-hidden=\"true\" class=\"wp-block-spacer\"><\/div>\n\n\n\n<h2 class=\"wp-block-heading\" id=\"h-travailler-chez-one-0\">Travailler chez ONE<\/h2>\n\n\n\n<p>ONE est une organisation internationale en constante \u00e9volution. En rejoignant ONE, devenez membre d\u2019une \u00e9quipe qui \u0153uvre pour un monde meilleur et plus inclusif. Nous soutenons nos employ\u00e9.e.s et leur d\u00e9veloppement pour qu\u2019ils s\u2019\u00e9panouissent et contribuent de fa\u00e7on significative \u00e0 la mission de ONE. Nous n\u2019avons pas peur de prendre des risques, d\u2019apprendre de nos erreurs et de c\u00e9l\u00e9brer nos succ\u00e8s. Nous prenons notre travail au s\u00e9rieux et nous sommes conscients des enjeux \u2013 mais nous pensons aussi qu\u2019il est important de s\u2019amuser en travaillant.<\/p>\n\n\n\n<div class=\"wp-block-columns is-layout-flex wp-container-core-columns-is-layout-28f84493 wp-block-columns-is-layout-flex\">\n<div class=\"wp-block-column is-layout-flow wp-block-column-is-layout-flow\">\n<figure class=\"wp-block-image size-full is-resized\"><img decoding=\"async\" src=\"https:\/\/www.one.org\/wp-content\/uploads\/2023\/04\/Jobs_Page_2022_DC_812x543.jpeg\" alt=\"\" class=\"wp-image-298\" style=\"width:547px;height:365px\"\/><\/figure>\n<\/div>\n\n\n\n<div class=\"wp-block-column is-layout-flow wp-block-column-is-layout-flow\">\n<figure class=\"wp-block-image size-full is-resized\"><img decoding=\"async\" src=\"https:\/\/www.one.org\/wp-content\/uploads\/2023\/04\/Jobs_Page_2022_Abuja_812x543.jpeg\" alt=\"\" class=\"wp-image-299\" style=\"width:547px;height:365px\"\/><\/figure>\n<\/div>\n<\/div>\n<\/div>\n\n\n\n<div style=\"height:15px\" aria-hidden=\"true\" class=\"wp-block-spacer\"><\/div>\n\n\n\n<h2 class=\"wp-block-heading\" id=\"h-qui-travaille-chez-one\">Qui travaille chez ONE ?<\/h2>\n\n\n\n<p>Avec des employ\u00e9.e.s en Afrique, en Europe et en Am\u00e9rique du Nord, ONE est une organisation diversifi\u00e9e, hautement qualifi\u00e9e et collaborative \u2013 unie par une mission et des valeurs communes.\u202f<\/p>\n\n\n\n<p>Voici quelques t\u00e9moignages de nos \u00e9quipes sur leur r\u00f4le chez ONE :<\/p>\n\n\n\n<div class=\"wp-block-columns is-layout-flex wp-container-core-columns-is-layout-28f84493 wp-block-columns-is-layout-flex\">\n<div class=\"wp-block-column is-layout-flow wp-block-column-is-layout-flow\">\n<figure class=\"wp-block-image size-full is-resized\"><img loading=\"lazy\" decoding=\"async\" width=\"812\" height=\"543\" src=\"https:\/\/www.one.org\/africa\/wp-content\/uploads\/sites\/5\/2023\/10\/Noma_812x543-1.png\" alt=\"\" class=\"wp-image-163738\" style=\"width:406px;height:272px\" srcset=\"https:\/\/www.one.org\/africa\/wp-content\/uploads\/sites\/5\/2023\/10\/Noma_812x543-1.png 812w, https:\/\/www.one.org\/africa\/wp-content\/uploads\/sites\/5\/2023\/10\/Noma_812x543-1-300x201.png 300w, https:\/\/www.one.org\/africa\/wp-content\/uploads\/sites\/5\/2023\/10\/Noma_812x543-1-768x514.png 768w, https:\/\/www.one.org\/africa\/wp-content\/uploads\/sites\/5\/2023\/10\/Noma_812x543-1-16x11.png 16w, https:\/\/www.one.org\/africa\/wp-content\/uploads\/sites\/5\/2023\/10\/Noma_812x543-1-320x214.png 320w, https:\/\/www.one.org\/africa\/wp-content\/uploads\/sites\/5\/2023\/10\/Noma_812x543-1-640x428.png 640w, https:\/\/www.one.org\/africa\/wp-content\/uploads\/sites\/5\/2023\/10\/Noma_812x543-1-800x535.png 800w\" sizes=\"auto, (max-width: 812px) 100vw, 812px\" \/><\/figure>\n\n\n\n<p>&#8220;J&#8217;ai toujours voulu travailler pour une organisation qui se bat pour la justice et la dignit\u00e9, et avec laquelle je partage les m\u00eames valeurs. ONE, en tant qu&#8217;organisation mondiale, me permet d&#8217;interagir avec et d&#8217;apprendre de personnes incroyables et engag\u00e9es, issues de diff\u00e9rentes cultures et professions.&#8221;<\/p>\n\n\n\n<p><strong>Nomaqhawe Muhlwa, Afrique du Sud<\/strong><\/p>\n<\/div>\n\n\n\n<div class=\"wp-block-column has-global-padding is-content-justification-left is-layout-constrained wp-container-core-column-is-layout-12dd3699 wp-block-column-is-layout-constrained\">\n<figure class=\"wp-block-image size-full is-resized\"><img decoding=\"async\" src=\"https:\/\/www.one.org\/wp-content\/uploads\/2023\/04\/Jobs_Page_2022_staff_Lisa_812x543.jpeg\" alt=\"\" class=\"wp-image-308\" style=\"width:406px;height:272px\"\/><\/figure>\n\n\n\n<p>&#8220;La plus grande force de ONE est sans aucun doute les \u00e9quipes. Nous avons la chance de pouvoir mobiliser un solide r\u00e9seau d&#8217;employ\u00e9s et de b\u00e9n\u00e9voles \u00e9nergiques, cr\u00e9atifs et motiv\u00e9s dans le monde entier. Tout le monde s&#8217;investit \u00e9norm\u00e9ment pour changer le monde, petit \u00e0 petit, jour apr\u00e8s jour.&#8221;<\/p>\n\n\n\n<h5 class=\"wp-block-heading\" id=\"h-lisa-berlin\">Lisa, Berlin<\/h5>\n<\/div>\n<\/div>\n\n\n\n<div class=\"wp-block-group has-background has-global-padding is-layout-constrained wp-block-group-is-layout-constrained\" style=\"background-color:#ededed\">\n<div style=\"height:15px\" aria-hidden=\"true\" class=\"wp-block-spacer\"><\/div>\n\n\n\n<h2 class=\"wp-block-heading has-text-align-left\" id=\"h-ce-que-one-peut-vous-offrir\">Ce que ONE peut vous offrir<\/h2>\n\n\n\n<p class=\"has-text-align-left\"><strong><strong><strong>Nous pensons que nos employ\u00e9.e.s s\u2019\u00e9panouissent lorsqu\u2019ils ont acc\u00e8s \u00e0 des opportunit\u00e9s de croissance et de bien-\u00eatre personnel, en plus de salaires et d\u2019avantages comp\u00e9titifs.<\/strong><\/strong><\/strong><\/p>\n\n\n\n<div class=\"container\">\n<div class=\"row\">\n<div class=\"col col-1 circle-column\">\n<div class=\"circle\">\n  <div class=\"circle-txt\">01<\/div>\n<\/div>\n<\/div>\n<div class=\"col col-11 benefit-text\">\n<p>De la flexibilit\u00e9 sur le lieu de travail. Les employ\u00e9.e.s peuvent choisir entre le travail au bureau, le travail \u00e0 distance ou une option hybride, en fonction de leurs responsabilit\u00e9s professionnelles et de la mani\u00e8re dont ils et elles travaillent le mieux.<\/p>\n<\/div>\n<\/div>\n<div class=\"row benefits\">\n<div class=\"col col-1 circle-column\">\n<div class=\"circle\"><div class=\"circle-txt\">02<\/div><\/div>\n<\/div>\n<div class=\"col col-11 benefit-text\">\n<p>Un d\u00e9veloppement professionnel. Nous proposons des sessions de formation r\u00e9guli\u00e8res et un remboursement annuel pour le d\u00e9veloppement professionnel.<\/p>\n<\/div>\n<\/div>\n<div class=\"row benefits\">\n<div class=\"col col-1 circle-column\">\n<div class=\"circle\"><div class=\"circle-txt\">03<\/div><\/div>\n<\/div>\n<div class=\"col col-11 benefit-text\">\n<p>Un cong\u00e9 parental, pour tous les nouveaux parents, ind\u00e9pendamment du sexe, de la structure familiale ou de la forme d&#8217;\u00e9ducation des enfants.<\/p>\n<\/div>\n<\/div>\n<div class=\"row benefits\">\n<div class=\"col col-1 circle-column\">\n<div class=\"circle\"><div class=\"circle-txt\">04<\/div><\/div>\n<\/div>\n<div class=\"col col-11 benefit-text\">\n<p>Un cong\u00e9 sabbatique r\u00e9mun\u00e9r\u00e9 apr\u00e8s 10 ans de service.<\/p>\n<\/div>\n<\/div>\n<div class=\"row benefits\">\n<div class=\"col col-1 circle-column\">\n<div class=\"circle\"><div class=\"circle-txt\">05<\/div><\/div>\n<\/div>\n<div class=\"col col-11 benefit-text\">\n<p>Des r\u00e9gimes d&#8217;assurance maladie complets* (en fonction du pays d&#8217;emploi).<\/p>\n<\/div>\n<\/div>\n<div class=\"row benefits\">\n<div class=\"col col-1 circle-column\">\n<div class=\"circle\"><div class=\"circle-txt\">06<\/div><\/div>\n<\/div>\n<div class=\"col col-11 benefit-text\">\n<p>Des prestations de bien-\u00eatre et programme d&#8217;assistance aux employ\u00e9s.<\/p>\n<\/div>\n<\/div>\n<div class=\"row benefits row-bottom\">\n<div class=\"col col-1 circle-column\">\n<div class=\"circle\"><div class=\"circle-txt\">07<\/div><\/div>\n<\/div>\n<div class=\"col col-11 benefit-text\">\n<p>Des cong\u00e9s pay\u00e9s, jours f\u00e9ri\u00e9s et fermetures de bureaux (d\u00e9termin\u00e9s d&#8217;ann\u00e9e en ann\u00e9e et comprenant la semaine entre le jour de No\u00ebl et le jour de l&#8217;An, ainsi que les vendredis du mois d&#8217;ao\u00fbt).<\/p>\n<\/div>\n<\/div>\n\n<div class=\"row diversity-text\">\n<p>Lisez notre <a href=\"https:\/\/www.one.org\/africa\/fr\/a-propos\/politique-de-diversite-de-one\/\">politique de diversit\u00e9<\/a> pour savoir comment ONE s&#8217;efforce de maintenir une \u00e9quipe diversifi\u00e9e et dynamique.<\/p>\n<\/div>\n<\/div>\n<\/div>\n<div class=\"buffer\"><\/div>","protected":false},"excerpt":{"rendered":"<p>Si vous aussi vous pensez que chacun\u00b7e, partout, m\u00e9rite de vivre une vie digne et pleine de possibilit\u00e9s, rejoignez notre \u00e9quipe et \u0153uvrez \u00e0 nos c\u00f4t\u00e9s pour un v\u00e9ritable changement mondial. Nous sommes ONE, une organisation qui lutte pour un monde plus juste en exigeant les investissements n\u00e9cessaires pour cr\u00e9er des opportunit\u00e9s \u00e9conomiques et am\u00e9liorer [&hellip;]<\/p>\n","protected":false},"author":3,"featured_media":160810,"parent":160714,"menu_order":0,"comment_status":"closed","ping_status":"closed","template":"","meta":{"_acf_changed":false,"_relevanssi_hide_post":"","_relevanssi_hide_content":"","_relevanssi_pin_for_all":"","_relevanssi_pin_keywords":"","_relevanssi_unpin_keywords":"","_relevanssi_related_keywords":"","_relevanssi_related_include_ids":"","_relevanssi_related_exclude_ids":"","_relevanssi_related_no_append":"","_relevanssi_related_not_related":"","_relevanssi_related_posts":"1770,886,1,992","_relevanssi_noindex_reason":"","footnotes":""},"class_list":["post-161311","page","type-page","status-publish","has-post-thumbnail","hentry"],"acf":[],"yoast_head":"<!-- This site is optimized with the Yoast SEO Premium plugin v27.1 (Yoast SEO v27.1.1) - https:\/\/yoast.com\/product\/yoast-seo-premium-wordpress\/ -->\n<title>Recrutement - ONE.org Africa<\/title>\n<meta name=\"description\" content=\"Vous souhaitez rejoindre notre \u00e9quipe et mettre vos comp\u00e9tences \u00e0 profit pour appeler sans rel\u00e2che au changement ?\" \/>\n<meta name=\"robots\" content=\"index, follow, max-snippet:-1, max-image-preview:large, max-video-preview:-1\" \/>\n<link rel=\"canonical\" href=\"https:\/\/www.one.org\/africa\/fr\/a-propos\/recrutement\/\" \/>\n<meta property=\"og:locale\" content=\"fr_FR\" \/>\n<meta property=\"og:type\" content=\"article\" \/>\n<meta property=\"og:title\" content=\"Recrutement\" \/>\n<meta property=\"og:description\" content=\"Vous souhaitez rejoindre notre \u00e9quipe et mettre vos comp\u00e9tences \u00e0 profit pour appeler sans rel\u00e2che au changement ?\" \/>\n<meta property=\"og:url\" content=\"https:\/\/www.one.org\/africa\/fr\/a-propos\/recrutement\/\" \/>\n<meta property=\"og:site_name\" content=\"ONE.org Africa\" \/>\n<meta property=\"article:publisher\" content=\"https:\/\/www.facebook.com\/ONEinAfrica\" \/>\n<meta property=\"article:modified_time\" content=\"2025-05-16T10:08:20+00:00\" \/>\n<meta property=\"og:image\" content=\"http:\/\/www.one.org\/africa\/wp-content\/uploads\/sites\/5\/2023\/08\/Jobs_2023_header_1640x800_v1.jpg\" \/>\n\t<meta property=\"og:image:width\" content=\"1640\" \/>\n\t<meta property=\"og:image:height\" content=\"800\" \/>\n\t<meta property=\"og:image:type\" content=\"image\/jpeg\" \/>\n<meta name=\"twitter:card\" content=\"summary_large_image\" \/>\n<meta name=\"twitter:site\" content=\"@ONEinAfrica\" \/>\n<meta name=\"twitter:label1\" content=\"Est. reading time\" \/>\n\t<meta name=\"twitter:data1\" content=\"4 minutes\" \/>\n<script type=\"application\/ld+json\" class=\"yoast-schema-graph\">{\"@context\":\"https:\/\/schema.org\",\"@graph\":[{\"@type\":\"WebPage\",\"@id\":\"https:\/\/www.one.org\/africa\/fr\/a-propos\/recrutement\/\",\"url\":\"https:\/\/www.one.org\/africa\/fr\/a-propos\/recrutement\/\",\"name\":\"Recrutement - ONE.org Africa\",\"isPartOf\":{\"@id\":\"https:\/\/www.one.org\/africa\/fr\/#website\"},\"primaryImageOfPage\":{\"@id\":\"https:\/\/www.one.org\/africa\/fr\/a-propos\/recrutement\/#primaryimage\"},\"image\":{\"@id\":\"https:\/\/www.one.org\/africa\/fr\/a-propos\/recrutement\/#primaryimage\"},\"thumbnailUrl\":\"https:\/\/www.one.org\/africa\/wp-content\/uploads\/sites\/5\/2023\/08\/Jobs_2023_header_1640x800_v1.jpg\",\"datePublished\":\"2023-08-28T12:43:05+00:00\",\"dateModified\":\"2025-05-16T10:08:20+00:00\",\"description\":\"Vous souhaitez rejoindre notre \u00e9quipe et mettre vos comp\u00e9tences \u00e0 profit pour appeler sans rel\u00e2che au changement ?\",\"breadcrumb\":{\"@id\":\"https:\/\/www.one.org\/africa\/fr\/a-propos\/recrutement\/#breadcrumb\"},\"inLanguage\":\"fr-FR\",\"potentialAction\":[{\"@type\":\"ReadAction\",\"target\":[\"https:\/\/www.one.org\/africa\/fr\/a-propos\/recrutement\/\"]}]},{\"@type\":\"ImageObject\",\"inLanguage\":\"fr-FR\",\"@id\":\"https:\/\/www.one.org\/africa\/fr\/a-propos\/recrutement\/#primaryimage\",\"url\":\"https:\/\/www.one.org\/africa\/wp-content\/uploads\/sites\/5\/2023\/08\/Jobs_2023_header_1640x800_v1.jpg\",\"contentUrl\":\"https:\/\/www.one.org\/africa\/wp-content\/uploads\/sites\/5\/2023\/08\/Jobs_2023_header_1640x800_v1.jpg\",\"width\":1640,\"height\":800},{\"@type\":\"BreadcrumbList\",\"@id\":\"https:\/\/www.one.org\/africa\/fr\/a-propos\/recrutement\/#breadcrumb\",\"itemListElement\":[{\"@type\":\"ListItem\",\"position\":1,\"name\":\"Home\",\"item\":\"https:\/\/www.one.org\/africa\/fr\/\"},{\"@type\":\"ListItem\",\"position\":2,\"name\":\"\u00c0 propos\",\"item\":\"https:\/\/www.one.org\/africa\/fr\/a-propos\/\"},{\"@type\":\"ListItem\",\"position\":3,\"name\":\"Recrutement\"}]},{\"@type\":\"WebSite\",\"@id\":\"https:\/\/www.one.org\/africa\/fr\/#website\",\"url\":\"https:\/\/www.one.org\/africa\/fr\/\",\"name\":\"ONE.org\",\"description\":\"Cr\u00e9er des opportunit\u00e9s \u00e9conomiques et am\u00e9liorer la sant\u00e9 en Afrique\",\"potentialAction\":[{\"@type\":\"SearchAction\",\"target\":{\"@type\":\"EntryPoint\",\"urlTemplate\":\"https:\/\/www.one.org\/africa\/fr\/?s={search_term_string}\"},\"query-input\":{\"@type\":\"PropertyValueSpecification\",\"valueRequired\":true,\"valueName\":\"search_term_string\"}}],\"inLanguage\":\"fr-FR\"}]}<\/script>\n<!-- \/ Yoast SEO Premium plugin. -->","yoast_head_json":{"title":"Recrutement - ONE.org Africa","description":"Vous souhaitez rejoindre notre \u00e9quipe et mettre vos comp\u00e9tences \u00e0 profit pour appeler sans rel\u00e2che au changement ?","robots":{"index":"index","follow":"follow","max-snippet":"max-snippet:-1","max-image-preview":"max-image-preview:large","max-video-preview":"max-video-preview:-1"},"canonical":"https:\/\/www.one.org\/africa\/fr\/a-propos\/recrutement\/","og_locale":"fr_FR","og_type":"article","og_title":"Recrutement","og_description":"Vous souhaitez rejoindre notre \u00e9quipe et mettre vos comp\u00e9tences \u00e0 profit pour appeler sans rel\u00e2che au changement ?","og_url":"https:\/\/www.one.org\/africa\/fr\/a-propos\/recrutement\/","og_site_name":"ONE.org Africa","article_publisher":"https:\/\/www.facebook.com\/ONEinAfrica","article_modified_time":"2025-05-16T10:08:20+00:00","og_image":[{"width":1640,"height":800,"url":"http:\/\/www.one.org\/africa\/wp-content\/uploads\/sites\/5\/2023\/08\/Jobs_2023_header_1640x800_v1.jpg","type":"image\/jpeg"}],"twitter_card":"summary_large_image","twitter_site":"@ONEinAfrica","twitter_misc":{"Est. reading time":"4 minutes"},"schema":{"@context":"https:\/\/schema.org","@graph":[{"@type":"WebPage","@id":"https:\/\/www.one.org\/africa\/fr\/a-propos\/recrutement\/","url":"https:\/\/www.one.org\/africa\/fr\/a-propos\/recrutement\/","name":"Recrutement - ONE.org Africa","isPartOf":{"@id":"https:\/\/www.one.org\/africa\/fr\/#website"},"primaryImageOfPage":{"@id":"https:\/\/www.one.org\/africa\/fr\/a-propos\/recrutement\/#primaryimage"},"image":{"@id":"https:\/\/www.one.org\/africa\/fr\/a-propos\/recrutement\/#primaryimage"},"thumbnailUrl":"https:\/\/www.one.org\/africa\/wp-content\/uploads\/sites\/5\/2023\/08\/Jobs_2023_header_1640x800_v1.jpg","datePublished":"2023-08-28T12:43:05+00:00","dateModified":"2025-05-16T10:08:20+00:00","description":"Vous souhaitez rejoindre notre \u00e9quipe et mettre vos comp\u00e9tences \u00e0 profit pour appeler sans rel\u00e2che au changement ?","breadcrumb":{"@id":"https:\/\/www.one.org\/africa\/fr\/a-propos\/recrutement\/#breadcrumb"},"inLanguage":"fr-FR","potentialAction":[{"@type":"ReadAction","target":["https:\/\/www.one.org\/africa\/fr\/a-propos\/recrutement\/"]}]},{"@type":"ImageObject","inLanguage":"fr-FR","@id":"https:\/\/www.one.org\/africa\/fr\/a-propos\/recrutement\/#primaryimage","url":"https:\/\/www.one.org\/africa\/wp-content\/uploads\/sites\/5\/2023\/08\/Jobs_2023_header_1640x800_v1.jpg","contentUrl":"https:\/\/www.one.org\/africa\/wp-content\/uploads\/sites\/5\/2023\/08\/Jobs_2023_header_1640x800_v1.jpg","width":1640,"height":800},{"@type":"BreadcrumbList","@id":"https:\/\/www.one.org\/africa\/fr\/a-propos\/recrutement\/#breadcrumb","itemListElement":[{"@type":"ListItem","position":1,"name":"Home","item":"https:\/\/www.one.org\/africa\/fr\/"},{"@type":"ListItem","position":2,"name":"\u00c0 propos","item":"https:\/\/www.one.org\/africa\/fr\/a-propos\/"},{"@type":"ListItem","position":3,"name":"Recrutement"}]},{"@type":"WebSite","@id":"https:\/\/www.one.org\/africa\/fr\/#website","url":"https:\/\/www.one.org\/africa\/fr\/","name":"ONE.org","description":"Cr\u00e9er des opportunit\u00e9s \u00e9conomiques et am\u00e9liorer la sant\u00e9 en Afrique","potentialAction":[{"@type":"SearchAction","target":{"@type":"EntryPoint","urlTemplate":"https:\/\/www.one.org\/africa\/fr\/?s={search_term_string}"},"query-input":{"@type":"PropertyValueSpecification","valueRequired":true,"valueName":"search_term_string"}}],"inLanguage":"fr-FR"}]}},"distributor_meta":false,"distributor_terms":false,"distributor_media":false,"distributor_original_site_name":"ONE.org Africa","distributor_original_site_url":"https:\/\/www.one.org\/africa\/fr\/","push-errors":false,"_links":{"self":[{"href":"https:\/\/www.one.org\/africa\/fr\/wp-json\/wp\/v2\/pages\/161311","targetHints":{"allow":["GET"]}}],"collection":[{"href":"https:\/\/www.one.org\/africa\/fr\/wp-json\/wp\/v2\/pages"}],"about":[{"href":"https:\/\/www.one.org\/africa\/fr\/wp-json\/wp\/v2\/types\/page"}],"author":[{"embeddable":true,"href":"https:\/\/www.one.org\/africa\/fr\/wp-json\/wp\/v2\/users\/3"}],"replies":[{"embeddable":true,"href":"https:\/\/www.one.org\/africa\/fr\/wp-json\/wp\/v2\/comments?post=161311"}],"version-history":[{"count":0,"href":"https:\/\/www.one.org\/africa\/fr\/wp-json\/wp\/v2\/pages\/161311\/revisions"}],"up":[{"embeddable":true,"href":"https:\/\/www.one.org\/africa\/fr\/wp-json\/wp\/v2\/pages\/160714"}],"wp:featuredmedia":[{"embeddable":true,"href":"https:\/\/www.one.org\/africa\/fr\/wp-json\/wp\/v2\/media\/160810"}],"wp:attachment":[{"href":"https:\/\/www.one.org\/africa\/fr\/wp-json\/wp\/v2\/media?parent=161311"}],"curies":[{"name":"wp","href":"https:\/\/api.w.org\/{rel}","templated":true}]}}