{"id":161308,"date":"2023-08-28T12:26:34","date_gmt":"2023-08-28T12:26:34","guid":{"rendered":"https:\/\/www.one.org\/africa\/a-propos\/media-centre\/"},"modified":"2023-10-18T09:07:10","modified_gmt":"2023-10-18T09:07:10","slug":"espace-medias","status":"publish","type":"page","link":"https:\/\/www.one.org\/africa\/fr\/a-propos\/espace-medias\/","title":{"rendered":"Espace M\u00e9dias"},"content":{"rendered":"<div id=\"block_b12270751ecf990fbe1379aad3f052b0\" class=\"oneorg-block oneorg-cards \">\n\n\t<div class=\"oneorg-cards__content\">\n\n\t\t\t\t\t<div class=\"acf-innerblocks-container\">\n\n<h2 class=\"wp-block-heading oneorg-section-title\" id=\"h-latest-press-releases\">Latest Press Releases<\/h2>\n\n\n<div class=\"oneorg-cards__grid oneorg-cards__grid--2 oneorg-cards__grid--one_press \">\n\t<div class=\"oneorg-list-item \" data-url=\"https:\/\/www.one.org\/africa\/fr\/press\/lettre-ouverte-aux-dirigeants-africains\/\">\n\t<h3 class=\"oneorg-card__heading mb-1\"><a href=\"https:\/\/www.one.org\/africa\/fr\/press\/lettre-ouverte-aux-dirigeants-africains\/\" rel=\"bookmark\">Lettre Ouverte aux Dirigeants Africains<\/a><\/h3>    <div class=\"oneorg-card__content\">\n        <p><time class=\"updated\" datetime=\"2021-07-16T11:03:05\">16 July 2021<\/time><\/p>\n        Un appel \u00e0 l&#8217;action pour prot\u00e9ger le financement public de l&#8217;\u00e9ducation pour une reprise \u00e9conomique acc\u00e9l\u00e9r\u00e9e et durable apr\u00e8s la pand\u00e9mie        <div class=\"oneorg-card__link\">\n            <a class=\"\" href=\"https:\/\/www.one.org\/africa\/fr\/press\/lettre-ouverte-aux-dirigeants-africains\/\">En savoir plus<\/a>\n        <\/div>\n    <\/div>\n<\/div><div class=\"oneorg-list-item \" data-url=\"https:\/\/www.one.org\/africa\/fr\/press\/reaction-de-one-et-bono-a-lannonce-de-lobjectif-de-financements-de-la-reconstitution-du-fonds-mondial-2\/\">\n\t<h3 class=\"oneorg-card__heading mb-1\"><a href=\"https:\/\/www.one.org\/africa\/fr\/press\/reaction-de-one-et-bono-a-lannonce-de-lobjectif-de-financements-de-la-reconstitution-du-fonds-mondial-2\/\" rel=\"bookmark\">R\u00e9action de ONE et Bono \u00e0 l\u2019annonce de l\u2019objectif de financements de la reconstitution du Fonds mondial<\/a><\/h3>    <div class=\"oneorg-card__content\">\n        <p><time class=\"updated\" datetime=\"2019-02-22T10:33:21\">22 February 2019<\/time><\/p>\n        Paris, le 11 janvier 2019 \u2013 Le Fonds mondial de lutte contre le sida, la tuberculose et le paludisme a annonc\u00e9 aujourd\u2019hui que les financements n\u00e9cessaires \u00e0 la poursuite&#8230;        <div class=\"oneorg-card__link\">\n            <a class=\"\" href=\"https:\/\/www.one.org\/africa\/fr\/press\/reaction-de-one-et-bono-a-lannonce-de-lobjectif-de-financements-de-la-reconstitution-du-fonds-mondial-2\/\">En savoir plus<\/a>\n        <\/div>\n    <\/div>\n<\/div>\t\t<\/div>\n\n\n\t\n\n\n<\/div>\n\t\t\t\n\t<\/div>\n\n<\/div><div class=\"buffer\"><\/div>","protected":false},"excerpt":{"rendered":"","protected":false},"author":3,"featured_media":0,"parent":160714,"menu_order":0,"comment_status":"closed","ping_status":"closed","template":"template-sidebar.php","meta":{"_acf_changed":false,"_relevanssi_hide_post":"","_relevanssi_hide_content":"","_relevanssi_pin_for_all":"","_relevanssi_pin_keywords":"","_relevanssi_unpin_keywords":"","_relevanssi_related_keywords":"","_relevanssi_related_include_ids":"","_relevanssi_related_exclude_ids":"","_relevanssi_related_no_append":"","_relevanssi_related_not_related":"","_relevanssi_related_posts":"992,1770,1,886","_relevanssi_noindex_reason":"","footnotes":""},"class_list":["post-161308","page","type-page","status-publish","hentry"],"acf":[],"yoast_head":"<!-- This site is optimized with the Yoast SEO Premium plugin v27.1 (Yoast SEO v27.1.1) - https:\/\/yoast.com\/product\/yoast-seo-premium-wordpress\/ -->\n<title>Espace M\u00e9dias - ONE.org Africa<\/title>\n<meta name=\"description\" content=\"Retrouvez tous nos communiqu\u00e9s de presse dans notre espace m\u00e9dias pour avoir acc\u00e8s \u00e0 nos derni\u00e8res annonces et communications.\" \/>\n<meta name=\"robots\" content=\"index, follow, max-snippet:-1, max-image-preview:large, max-video-preview:-1\" \/>\n<link rel=\"canonical\" href=\"https:\/\/www.one.org\/africa\/fr\/a-propos\/espace-medias\/\" \/>\n<meta property=\"og:locale\" content=\"fr_FR\" \/>\n<meta property=\"og:type\" content=\"article\" \/>\n<meta property=\"og:title\" content=\"Espace M\u00e9dias\" \/>\n<meta property=\"og:description\" content=\"Retrouvez tous nos communiqu\u00e9s de presse dans notre espace m\u00e9dias pour avoir acc\u00e8s \u00e0 nos derni\u00e8res annonces et communications.\" \/>\n<meta property=\"og:url\" content=\"https:\/\/www.one.org\/africa\/fr\/a-propos\/espace-medias\/\" \/>\n<meta property=\"og:site_name\" content=\"ONE.org Africa\" \/>\n<meta property=\"article:publisher\" content=\"https:\/\/www.facebook.com\/ONEinAfrica\" \/>\n<meta property=\"article:modified_time\" content=\"2023-10-18T09:07:10+00:00\" \/>\n<meta property=\"og:image\" content=\"https:\/\/www.one.org\/africa\/wp-content\/uploads\/sites\/5\/2023\/09\/GA_share_1200x628-768x402-1.png\" \/>\n\t<meta property=\"og:image:width\" content=\"768\" \/>\n\t<meta property=\"og:image:height\" content=\"402\" \/>\n\t<meta property=\"og:image:type\" content=\"image\/png\" \/>\n<meta name=\"twitter:card\" content=\"summary_large_image\" \/>\n<meta name=\"twitter:site\" content=\"@ONEinAfrica\" \/>\n<meta name=\"twitter:label1\" content=\"Est. reading time\" \/>\n\t<meta name=\"twitter:data1\" content=\"1 minute\" \/>\n<script type=\"application\/ld+json\" class=\"yoast-schema-graph\">{\"@context\":\"https:\/\/schema.org\",\"@graph\":[{\"@type\":\"WebPage\",\"@id\":\"https:\/\/www.one.org\/africa\/fr\/a-propos\/espace-medias\/\",\"url\":\"https:\/\/www.one.org\/africa\/fr\/a-propos\/espace-medias\/\",\"name\":\"Espace M\u00e9dias - ONE.org Africa\",\"isPartOf\":{\"@id\":\"https:\/\/www.one.org\/africa\/fr\/#website\"},\"datePublished\":\"2023-08-28T12:26:34+00:00\",\"dateModified\":\"2023-10-18T09:07:10+00:00\",\"description\":\"Retrouvez tous nos communiqu\u00e9s de presse dans notre espace m\u00e9dias pour avoir acc\u00e8s \u00e0 nos derni\u00e8res annonces et communications.\",\"breadcrumb\":{\"@id\":\"https:\/\/www.one.org\/africa\/fr\/a-propos\/espace-medias\/#breadcrumb\"},\"inLanguage\":\"fr-FR\",\"potentialAction\":[{\"@type\":\"ReadAction\",\"target\":[\"https:\/\/www.one.org\/africa\/fr\/a-propos\/espace-medias\/\"]}]},{\"@type\":\"BreadcrumbList\",\"@id\":\"https:\/\/www.one.org\/africa\/fr\/a-propos\/espace-medias\/#breadcrumb\",\"itemListElement\":[{\"@type\":\"ListItem\",\"position\":1,\"name\":\"Home\",\"item\":\"https:\/\/www.one.org\/africa\/fr\/\"},{\"@type\":\"ListItem\",\"position\":2,\"name\":\"\u00c0 propos\",\"item\":\"https:\/\/www.one.org\/africa\/fr\/a-propos\/\"},{\"@type\":\"ListItem\",\"position\":3,\"name\":\"Espace M\u00e9dias\"}]},{\"@type\":\"WebSite\",\"@id\":\"https:\/\/www.one.org\/africa\/fr\/#website\",\"url\":\"https:\/\/www.one.org\/africa\/fr\/\",\"name\":\"ONE.org\",\"description\":\"Cr\u00e9er des opportunit\u00e9s \u00e9conomiques et am\u00e9liorer la sant\u00e9 en Afrique\",\"potentialAction\":[{\"@type\":\"SearchAction\",\"target\":{\"@type\":\"EntryPoint\",\"urlTemplate\":\"https:\/\/www.one.org\/africa\/fr\/?s={search_term_string}\"},\"query-input\":{\"@type\":\"PropertyValueSpecification\",\"valueRequired\":true,\"valueName\":\"search_term_string\"}}],\"inLanguage\":\"fr-FR\"}]}<\/script>\n<!-- \/ Yoast SEO Premium plugin. -->","yoast_head_json":{"title":"Espace M\u00e9dias - ONE.org Africa","description":"Retrouvez tous nos communiqu\u00e9s de presse dans notre espace m\u00e9dias pour avoir acc\u00e8s \u00e0 nos derni\u00e8res annonces et communications.","robots":{"index":"index","follow":"follow","max-snippet":"max-snippet:-1","max-image-preview":"max-image-preview:large","max-video-preview":"max-video-preview:-1"},"canonical":"https:\/\/www.one.org\/africa\/fr\/a-propos\/espace-medias\/","og_locale":"fr_FR","og_type":"article","og_title":"Espace M\u00e9dias","og_description":"Retrouvez tous nos communiqu\u00e9s de presse dans notre espace m\u00e9dias pour avoir acc\u00e8s \u00e0 nos derni\u00e8res annonces et communications.","og_url":"https:\/\/www.one.org\/africa\/fr\/a-propos\/espace-medias\/","og_site_name":"ONE.org Africa","article_publisher":"https:\/\/www.facebook.com\/ONEinAfrica","article_modified_time":"2023-10-18T09:07:10+00:00","og_image":[{"width":768,"height":402,"url":"https:\/\/www.one.org\/africa\/wp-content\/uploads\/sites\/5\/2023\/09\/GA_share_1200x628-768x402-1.png","type":"image\/png"}],"twitter_card":"summary_large_image","twitter_site":"@ONEinAfrica","twitter_misc":{"Est. reading time":"1 minute"},"schema":{"@context":"https:\/\/schema.org","@graph":[{"@type":"WebPage","@id":"https:\/\/www.one.org\/africa\/fr\/a-propos\/espace-medias\/","url":"https:\/\/www.one.org\/africa\/fr\/a-propos\/espace-medias\/","name":"Espace M\u00e9dias - ONE.org Africa","isPartOf":{"@id":"https:\/\/www.one.org\/africa\/fr\/#website"},"datePublished":"2023-08-28T12:26:34+00:00","dateModified":"2023-10-18T09:07:10+00:00","description":"Retrouvez tous nos communiqu\u00e9s de presse dans notre espace m\u00e9dias pour avoir acc\u00e8s \u00e0 nos derni\u00e8res annonces et communications.","breadcrumb":{"@id":"https:\/\/www.one.org\/africa\/fr\/a-propos\/espace-medias\/#breadcrumb"},"inLanguage":"fr-FR","potentialAction":[{"@type":"ReadAction","target":["https:\/\/www.one.org\/africa\/fr\/a-propos\/espace-medias\/"]}]},{"@type":"BreadcrumbList","@id":"https:\/\/www.one.org\/africa\/fr\/a-propos\/espace-medias\/#breadcrumb","itemListElement":[{"@type":"ListItem","position":1,"name":"Home","item":"https:\/\/www.one.org\/africa\/fr\/"},{"@type":"ListItem","position":2,"name":"\u00c0 propos","item":"https:\/\/www.one.org\/africa\/fr\/a-propos\/"},{"@type":"ListItem","position":3,"name":"Espace M\u00e9dias"}]},{"@type":"WebSite","@id":"https:\/\/www.one.org\/africa\/fr\/#website","url":"https:\/\/www.one.org\/africa\/fr\/","name":"ONE.org","description":"Cr\u00e9er des opportunit\u00e9s \u00e9conomiques et am\u00e9liorer la sant\u00e9 en Afrique","potentialAction":[{"@type":"SearchAction","target":{"@type":"EntryPoint","urlTemplate":"https:\/\/www.one.org\/africa\/fr\/?s={search_term_string}"},"query-input":{"@type":"PropertyValueSpecification","valueRequired":true,"valueName":"search_term_string"}}],"inLanguage":"fr-FR"}]}},"distributor_meta":false,"distributor_terms":false,"distributor_media":false,"distributor_original_site_name":"ONE.org Africa","distributor_original_site_url":"https:\/\/www.one.org\/africa\/fr\/","push-errors":false,"_links":{"self":[{"href":"https:\/\/www.one.org\/africa\/fr\/wp-json\/wp\/v2\/pages\/161308","targetHints":{"allow":["GET"]}}],"collection":[{"href":"https:\/\/www.one.org\/africa\/fr\/wp-json\/wp\/v2\/pages"}],"about":[{"href":"https:\/\/www.one.org\/africa\/fr\/wp-json\/wp\/v2\/types\/page"}],"author":[{"embeddable":true,"href":"https:\/\/www.one.org\/africa\/fr\/wp-json\/wp\/v2\/users\/3"}],"replies":[{"embeddable":true,"href":"https:\/\/www.one.org\/africa\/fr\/wp-json\/wp\/v2\/comments?post=161308"}],"version-history":[{"count":0,"href":"https:\/\/www.one.org\/africa\/fr\/wp-json\/wp\/v2\/pages\/161308\/revisions"}],"up":[{"embeddable":true,"href":"https:\/\/www.one.org\/africa\/fr\/wp-json\/wp\/v2\/pages\/160714"}],"wp:attachment":[{"href":"https:\/\/www.one.org\/africa\/fr\/wp-json\/wp\/v2\/media?parent=161308"}],"curies":[{"name":"wp","href":"https:\/\/api.w.org\/{rel}","templated":true}]}}