{"id":161250,"date":"2023-08-28T12:25:23","date_gmt":"2023-08-28T12:25:23","guid":{"rendered":"https:\/\/www.one.org\/africa\/a-propos\/financials\/"},"modified":"2026-02-11T11:27:50","modified_gmt":"2026-02-11T11:27:50","slug":"nos-finances","status":"publish","type":"page","link":"https:\/\/www.one.org\/africa\/fr\/a-propos\/nos-finances\/","title":{"rendered":"Nos Finances"},"content":{"rendered":"\n<div id=\"block_ebf401019eda4167ba157c9126437f69\" class=\"oneorg-block oneorg-promo flush is-style-bottom  has-background has-dark-background-color  has-text-color has-light-color  has-text-align-left  \">\n\n\t\t\t    \n\n\t\t\t<div class=\"oneorg-promo__wrapper\">\n\t\t\t\t<div class=\"oneorg-promo__inner\">   \n\n\t\t\t\t<div class=\"oneorg-promo__content\">\n\t\t\t\t\t<div class=\"acf-innerblocks-container\">\n\n<p class=\"oneorg-section-title\">\u00c0 Propos<\/p>\n\n\n\n<h2 class=\"wp-block-heading\" id=\"h-nos-finances\">Nos Finances<\/h2>\n\n<\/div>\n\t\t\t\t<\/div>\n\t\t\t\t\n\t\t\t\t<\/div>\n\t\t\t<\/div>\n\n<\/div>\n\n\n\n<div style=\"height:25px\" aria-hidden=\"true\" class=\"wp-block-spacer\"><\/div>\n\n\n\n<p>ONE est compos\u00e9e de deux organisations \u00e0 but non lucratif :<\/p>\n\n\n\n<ul class=\"wp-block-list\">\n<li>The ONE Campaign est une organisation non partisane r\u00e9gie par l\u2019article 501(c)(3) du Code fiscal des Etats-Unis, qui lutte pour cr\u00e9er des opportunit\u00e9s \u00e9conomiques et am\u00e9liorer la sant\u00e9 des populations en Afrique. (RED), une division de The ONE Campaign, noue des partenariats avec des marques embl\u00e9matiques mondiales comme Apple, Bank of America, FIAT et Salesforce afin de lever des fonds pour le Fonds mondial et favoriser la lutte contre le VIH\/sida.<\/li>\n\n\n\n<li>ONE Action est une organisation apolitique r\u00e9gie par l\u2019article 501(c)(4) du Code fiscal des Etats-Unis, qui appelle les l\u00e9gislateurs \u00e0 soutenir des politiques et des programmes intelligents et efficaces pour sauver des vies, \u00e9duquer les enfants et aider ceux qui vivent dans les pays les plus pauvres du monde \u00e0 sortir de la pauvret\u00e9.<\/li>\n<\/ul>\n\n\n\n<p><strong>Formulaire 990<\/strong><\/p>\n\n\n\n<p>Chaque ann\u00e9e, ONE remplit le formulaire 990 (voir ci-dessous) pour The ONE Campaign et ONE Action. Il s\u2019agit d\u2019une d\u00e9claration annuelle que les organisations exon\u00e9r\u00e9es d\u2019imp\u00f4t au niveau f\u00e9d\u00e9ral doivent introduire aupr\u00e8s des autorit\u00e9s fiscales. Ce document fournit des informations sur les missions, les programmes et la situation financi\u00e8re de l\u2019organisation d\u00e9clarante. Le formulaire le plus r\u00e9cent est celui de 2024.<\/p>\n\n\n\n<div class=\"wp-block-buttons is-layout-flex wp-block-buttons-is-layout-flex\">\n<div class=\"wp-block-button\"><a class=\"wp-block-button__link wp-element-button\" href=\"https:\/\/cdn.one.org\/pdfs\/24_One_Campaign_Form_990_2.pdf\" target=\"_blank\" rel=\"noreferrer noopener\">T\u00e9l\u00e9charger le formulaire 990 de The ONE Campaign (PDF)<\/a><\/div>\n<\/div>\n\n\n\n<div class=\"wp-block-buttons is-layout-flex wp-block-buttons-is-layout-flex\">\n<div class=\"wp-block-button\"><a class=\"wp-block-button__link wp-element-button\" href=\"https:\/\/cdn.one.org\/pdfs\/24_One_Action_Form_990.pdf\" target=\"_blank\" rel=\"noreferrer noopener\">T\u00e9l\u00e9charger le formulaire 990 de ONE Action (PDF)<\/a><\/div>\n<\/div>\n\n\n\n<div style=\"height:50px\" aria-hidden=\"true\" class=\"wp-block-spacer\"><\/div>\n<div class=\"buffer\"><\/div>","protected":false},"excerpt":{"rendered":"<p>ONE est compos\u00e9e de deux organisations \u00e0 but non lucratif : Formulaire 990 Chaque ann\u00e9e, ONE remplit le formulaire 990 (voir ci-dessous) pour The ONE Campaign et ONE Action. Il s\u2019agit d\u2019une d\u00e9claration annuelle que les organisations exon\u00e9r\u00e9es d\u2019imp\u00f4t au niveau f\u00e9d\u00e9ral doivent introduire aupr\u00e8s des autorit\u00e9s fiscales. Ce document fournit des informations sur les [&hellip;]<\/p>\n","protected":false},"author":3,"featured_media":0,"parent":160714,"menu_order":0,"comment_status":"closed","ping_status":"closed","template":"","meta":{"_acf_changed":false,"_relevanssi_hide_post":"","_relevanssi_hide_content":"","_relevanssi_pin_for_all":"","_relevanssi_pin_keywords":"","_relevanssi_unpin_keywords":"","_relevanssi_related_keywords":"","_relevanssi_related_include_ids":"","_relevanssi_related_exclude_ids":"","_relevanssi_related_no_append":"","_relevanssi_related_not_related":"","_relevanssi_related_posts":"1,886,992,1770","_relevanssi_noindex_reason":"","footnotes":""},"class_list":["post-161250","page","type-page","status-publish","hentry"],"acf":[],"yoast_head":"<!-- This site is optimized with the Yoast SEO Premium plugin v27.1 (Yoast SEO v27.1.1) - https:\/\/yoast.com\/product\/yoast-seo-premium-wordpress\/ -->\n<title>Nos Finances - ONE.org Africa<\/title>\n<meta name=\"description\" content=\"En savoir plus sur la structure financi\u00e8re de ONE, ses donateurs et ses sources de financement.\" \/>\n<meta name=\"robots\" content=\"index, follow, max-snippet:-1, max-image-preview:large, max-video-preview:-1\" \/>\n<link rel=\"canonical\" href=\"https:\/\/www.one.org\/africa\/fr\/a-propos\/nos-finances\/\" \/>\n<meta property=\"og:locale\" content=\"fr_FR\" \/>\n<meta property=\"og:type\" content=\"article\" \/>\n<meta property=\"og:title\" content=\"Nos Finances\" \/>\n<meta property=\"og:description\" content=\"En savoir plus sur la structure financi\u00e8re de ONE, ses donateurs et ses sources de financement.\" \/>\n<meta property=\"og:url\" content=\"https:\/\/www.one.org\/africa\/fr\/a-propos\/nos-finances\/\" \/>\n<meta property=\"og:site_name\" content=\"ONE.org Africa\" \/>\n<meta property=\"article:publisher\" content=\"https:\/\/www.facebook.com\/ONEinAfrica\" \/>\n<meta property=\"article:modified_time\" content=\"2026-02-11T11:27:50+00:00\" \/>\n<meta property=\"og:image\" content=\"https:\/\/www.one.org\/africa\/wp-content\/uploads\/sites\/5\/2023\/09\/GA_share_1200x628-768x402-1.png\" \/>\n\t<meta property=\"og:image:width\" content=\"768\" \/>\n\t<meta property=\"og:image:height\" content=\"402\" \/>\n\t<meta property=\"og:image:type\" content=\"image\/png\" \/>\n<meta name=\"twitter:card\" content=\"summary_large_image\" \/>\n<meta name=\"twitter:site\" content=\"@ONEinAfrica\" \/>\n<meta name=\"twitter:label1\" content=\"Est. reading time\" \/>\n\t<meta name=\"twitter:data1\" content=\"1 minute\" \/>\n<script type=\"application\/ld+json\" class=\"yoast-schema-graph\">{\"@context\":\"https:\/\/schema.org\",\"@graph\":[{\"@type\":\"WebPage\",\"@id\":\"https:\/\/www.one.org\/africa\/fr\/a-propos\/nos-finances\/\",\"url\":\"https:\/\/www.one.org\/africa\/fr\/a-propos\/nos-finances\/\",\"name\":\"Nos Finances - ONE.org Africa\",\"isPartOf\":{\"@id\":\"https:\/\/www.one.org\/africa\/fr\/#website\"},\"datePublished\":\"2023-08-28T12:25:23+00:00\",\"dateModified\":\"2026-02-11T11:27:50+00:00\",\"description\":\"En savoir plus sur la structure financi\u00e8re de ONE, ses donateurs et ses sources de financement.\",\"breadcrumb\":{\"@id\":\"https:\/\/www.one.org\/africa\/fr\/a-propos\/nos-finances\/#breadcrumb\"},\"inLanguage\":\"fr-FR\",\"potentialAction\":[{\"@type\":\"ReadAction\",\"target\":[\"https:\/\/www.one.org\/africa\/fr\/a-propos\/nos-finances\/\"]}]},{\"@type\":\"BreadcrumbList\",\"@id\":\"https:\/\/www.one.org\/africa\/fr\/a-propos\/nos-finances\/#breadcrumb\",\"itemListElement\":[{\"@type\":\"ListItem\",\"position\":1,\"name\":\"Home\",\"item\":\"https:\/\/www.one.org\/africa\/fr\/\"},{\"@type\":\"ListItem\",\"position\":2,\"name\":\"\u00c0 propos\",\"item\":\"https:\/\/www.one.org\/africa\/fr\/a-propos\/\"},{\"@type\":\"ListItem\",\"position\":3,\"name\":\"Nos Finances\"}]},{\"@type\":\"WebSite\",\"@id\":\"https:\/\/www.one.org\/africa\/fr\/#website\",\"url\":\"https:\/\/www.one.org\/africa\/fr\/\",\"name\":\"ONE.org\",\"description\":\"Cr\u00e9er des opportunit\u00e9s \u00e9conomiques et am\u00e9liorer la sant\u00e9 en Afrique\",\"potentialAction\":[{\"@type\":\"SearchAction\",\"target\":{\"@type\":\"EntryPoint\",\"urlTemplate\":\"https:\/\/www.one.org\/africa\/fr\/?s={search_term_string}\"},\"query-input\":{\"@type\":\"PropertyValueSpecification\",\"valueRequired\":true,\"valueName\":\"search_term_string\"}}],\"inLanguage\":\"fr-FR\"}]}<\/script>\n<!-- \/ Yoast SEO Premium plugin. -->","yoast_head_json":{"title":"Nos Finances - ONE.org Africa","description":"En savoir plus sur la structure financi\u00e8re de ONE, ses donateurs et ses sources de financement.","robots":{"index":"index","follow":"follow","max-snippet":"max-snippet:-1","max-image-preview":"max-image-preview:large","max-video-preview":"max-video-preview:-1"},"canonical":"https:\/\/www.one.org\/africa\/fr\/a-propos\/nos-finances\/","og_locale":"fr_FR","og_type":"article","og_title":"Nos Finances","og_description":"En savoir plus sur la structure financi\u00e8re de ONE, ses donateurs et ses sources de financement.","og_url":"https:\/\/www.one.org\/africa\/fr\/a-propos\/nos-finances\/","og_site_name":"ONE.org Africa","article_publisher":"https:\/\/www.facebook.com\/ONEinAfrica","article_modified_time":"2026-02-11T11:27:50+00:00","og_image":[{"width":768,"height":402,"url":"https:\/\/www.one.org\/africa\/wp-content\/uploads\/sites\/5\/2023\/09\/GA_share_1200x628-768x402-1.png","type":"image\/png"}],"twitter_card":"summary_large_image","twitter_site":"@ONEinAfrica","twitter_misc":{"Est. reading time":"1 minute"},"schema":{"@context":"https:\/\/schema.org","@graph":[{"@type":"WebPage","@id":"https:\/\/www.one.org\/africa\/fr\/a-propos\/nos-finances\/","url":"https:\/\/www.one.org\/africa\/fr\/a-propos\/nos-finances\/","name":"Nos Finances - ONE.org Africa","isPartOf":{"@id":"https:\/\/www.one.org\/africa\/fr\/#website"},"datePublished":"2023-08-28T12:25:23+00:00","dateModified":"2026-02-11T11:27:50+00:00","description":"En savoir plus sur la structure financi\u00e8re de ONE, ses donateurs et ses sources de financement.","breadcrumb":{"@id":"https:\/\/www.one.org\/africa\/fr\/a-propos\/nos-finances\/#breadcrumb"},"inLanguage":"fr-FR","potentialAction":[{"@type":"ReadAction","target":["https:\/\/www.one.org\/africa\/fr\/a-propos\/nos-finances\/"]}]},{"@type":"BreadcrumbList","@id":"https:\/\/www.one.org\/africa\/fr\/a-propos\/nos-finances\/#breadcrumb","itemListElement":[{"@type":"ListItem","position":1,"name":"Home","item":"https:\/\/www.one.org\/africa\/fr\/"},{"@type":"ListItem","position":2,"name":"\u00c0 propos","item":"https:\/\/www.one.org\/africa\/fr\/a-propos\/"},{"@type":"ListItem","position":3,"name":"Nos Finances"}]},{"@type":"WebSite","@id":"https:\/\/www.one.org\/africa\/fr\/#website","url":"https:\/\/www.one.org\/africa\/fr\/","name":"ONE.org","description":"Cr\u00e9er des opportunit\u00e9s \u00e9conomiques et am\u00e9liorer la sant\u00e9 en Afrique","potentialAction":[{"@type":"SearchAction","target":{"@type":"EntryPoint","urlTemplate":"https:\/\/www.one.org\/africa\/fr\/?s={search_term_string}"},"query-input":{"@type":"PropertyValueSpecification","valueRequired":true,"valueName":"search_term_string"}}],"inLanguage":"fr-FR"}]}},"distributor_meta":false,"distributor_terms":false,"distributor_media":false,"distributor_original_site_name":"ONE.org Africa","distributor_original_site_url":"https:\/\/www.one.org\/africa\/fr\/","push-errors":false,"_links":{"self":[{"href":"https:\/\/www.one.org\/africa\/fr\/wp-json\/wp\/v2\/pages\/161250","targetHints":{"allow":["GET"]}}],"collection":[{"href":"https:\/\/www.one.org\/africa\/fr\/wp-json\/wp\/v2\/pages"}],"about":[{"href":"https:\/\/www.one.org\/africa\/fr\/wp-json\/wp\/v2\/types\/page"}],"author":[{"embeddable":true,"href":"https:\/\/www.one.org\/africa\/fr\/wp-json\/wp\/v2\/users\/3"}],"replies":[{"embeddable":true,"href":"https:\/\/www.one.org\/africa\/fr\/wp-json\/wp\/v2\/comments?post=161250"}],"version-history":[{"count":0,"href":"https:\/\/www.one.org\/africa\/fr\/wp-json\/wp\/v2\/pages\/161250\/revisions"}],"up":[{"embeddable":true,"href":"https:\/\/www.one.org\/africa\/fr\/wp-json\/wp\/v2\/pages\/160714"}],"wp:attachment":[{"href":"https:\/\/www.one.org\/africa\/fr\/wp-json\/wp\/v2\/media?parent=161250"}],"curies":[{"name":"wp","href":"https:\/\/api.w.org\/{rel}","templated":true}]}}