{"id":160711,"date":"2023-08-28T11:07:48","date_gmt":"2023-08-28T11:07:48","guid":{"rendered":"https:\/\/www.one.org\/africa\/?page_id=160711"},"modified":"2025-04-22T11:01:40","modified_gmt":"2025-04-22T11:01:40","slug":"nous-bougeons-les-lignes","status":"publish","type":"page","link":"https:\/\/www.one.org\/africa\/fr\/nous-connaitre\/nous-bougeons-les-lignes\/","title":{"rendered":"Nous bougeons les lignes"},"content":{"rendered":"\n<div id=\"block_e1f75f531402f7ff57f74aebc30f2d5b\" class=\"oneorg-block oneorg-promo flush is-style-bottom  has-background has-dark-background-color  has-text-color has-light-color  has-text-align-left  \">\n\n\t\t\t    \n\n\t\t\t<div class=\"oneorg-promo__wrapper\">\n\t\t\t\t<div class=\"oneorg-promo__inner\">   \n\n\t\t\t\t<div class=\"oneorg-promo__content\">\n\t\t\t\t\t<div class=\"acf-innerblocks-container\">\n\n<p class=\"oneorg-section-title\">Nous conna\u00eetre<\/p>\n\n\n\n<h2 class=\"wp-block-heading\" id=\"h-nos-actions-pour-faire-bouger-les-lignes\"><strong><strong>Nos actions pour faire bouger les lignes<\/strong><\/strong><\/h2>\n\n<\/div>\n\t\t\t\t<\/div>\n\t\t\t\t\n\t\t\t\t<\/div>\n\t\t\t<\/div>\n\n<\/div>\n\n\n\n<div style=\"height:25px\" aria-hidden=\"true\" class=\"wp-block-spacer\"><\/div>\n\n\n\n<div class=\"wp-block-columns is-layout-flex wp-container-core-columns-is-layout-28f84493 wp-block-columns-is-layout-flex\">\n<div class=\"wp-block-column is-layout-flow wp-block-column-is-layout-flow\">\n<h2 class=\"wp-block-heading\" id=\"h-nous-luttons-pour-un-avenir-plus-egalitaire-en-amplifiant-les-voix-et-en-favorisant-le-progres\">Nous luttons pour un avenir plus \u00e9galitaire en amplifiant les voix et en favorisant le progr\u00e8s.\u00a0<\/h2>\n\n\n\n<p><strong>Nous rassemblons des activistes de terrain, des analyses chiffr\u00e9es et pointues, des voix influentes et des d\u00e9cennies d\u2019expertise pour atteindre un consensus politique et promouvoir des politiques et des investissements qui favorisent la cr\u00e9ation d\u2019un avenir plus durable et \u00e9quitable.\u00a0<\/strong><\/p>\n<\/div>\n\n\n\n<div class=\"wp-block-column is-layout-flow wp-block-column-is-layout-flow\">\n<figure class=\"wp-block-image size-large\"><img decoding=\"async\" src=\"https:\/\/cdn.one.org\/oneorg\/wp-content\/uploads\/2023\/06\/15120249\/What-we-do_Model_1094x732_v1-1.png\" alt=\"\"\/><\/figure>\n<\/div>\n<\/div>\n\n\n\n<div style=\"height:30px\" aria-hidden=\"true\" class=\"wp-block-spacer\"><\/div>\n\n\n\n<div class=\"wp-block-group oneorg-pattern-icon-list has-neon-200-background-color has-background has-global-padding is-layout-constrained wp-block-group-is-layout-constrained\">\n<div class=\"wp-block-columns is-layout-flex wp-container-core-columns-is-layout-28f84493 wp-block-columns-is-layout-flex\">\n<div class=\"wp-block-column is-layout-flow wp-block-column-is-layout-flow\" style=\"flex-basis:33.33%\">\n<figure class=\"wp-block-image size-large has-custom-border\"><img decoding=\"async\" src=\"https:\/\/www.one.org\/wp-content\/uploads\/2023\/08\/Activists_Icon_300x300-1024x1024.png\" alt=\"\" style=\"border-radius:50%;aspect-ratio:1;object-fit:cover\"\/><\/figure>\n<\/div>\n\n\n\n<div class=\"wp-block-column is-layout-flow wp-block-column-is-layout-flow\" style=\"flex-basis:66.66%\">\n<h3 class=\"wp-block-heading oneorg-section-title-alt\" id=\"h-notre-reseau\"><strong><strong><strong>Notre r\u00e9seau<\/strong><\/strong><\/strong><\/h3>\n\n\n\n<p>Nous disposons d\u2019un r\u00e9seau d&#8217;activistes engag\u00e9\u00b7e\u00b7s, d&#8217;influenceurs et influenceuses, de partenaires et de soutiens \u00e0 travers l&#8217;Afrique, l&#8217;Europe et l&#8217;Am\u00e9rique du Nord. Ils et elles participent \u00e0 des \u00e9v\u00e9nements publics, se mobilisent au sein de leurs communaut\u00e9s et collaborent avec ONE pour convaincre les responsables politiques d&#8217;agir.<\/p>\n<\/div>\n<\/div>\n\n\n\n<div class=\"wp-block-columns is-layout-flex wp-container-core-columns-is-layout-28f84493 wp-block-columns-is-layout-flex\">\n<div class=\"wp-block-column is-layout-flow wp-block-column-is-layout-flow\" style=\"flex-basis:33.33%\">\n<figure class=\"wp-block-image size-large has-custom-border\"><img decoding=\"async\" src=\"https:\/\/www.one.org\/wp-content\/uploads\/2023\/08\/Policy_Icon_300x300-1024x1024.png\" alt=\"\" style=\"border-radius:50%;aspect-ratio:1;object-fit:cover\"\/><\/figure>\n<\/div>\n\n\n\n<div class=\"wp-block-column is-layout-flow wp-block-column-is-layout-flow\" style=\"flex-basis:66.66%\">\n<h3 class=\"wp-block-heading oneorg-section-title-alt\" id=\"h-expertise-politique\"><strong>Expertise politique<\/strong><\/h3>\n\n\n\n<p>Notre \u00e9quipe d\u2019expert\u00b7e\u00b7s en politiques publiques produit des donn\u00e9es et des analyses pour mettre en lumi\u00e8re les causes et les cons\u00e9quences sous-jacentes des injustices ainsi que la mani\u00e8re dont nous pouvons les combattre. Nous nous appuyons sur ces recherches pour \u00e9laborer des campagnes percutantes et formuler, aupr\u00e8s du grand public comme des responsables politiques, des arguments solides, fond\u00e9s sur des donn\u00e9es factuelles. C\u2019est ainsi que nous d\u00e9montrons comment nos recommandations politiques peuvent permettre de r\u00e9pondre efficacement aux d\u00e9fis mondiaux.<\/p>\n<\/div>\n<\/div>\n\n\n\n<div class=\"wp-block-columns is-layout-flex wp-container-core-columns-is-layout-28f84493 wp-block-columns-is-layout-flex\">\n<div class=\"wp-block-column is-layout-flow wp-block-column-is-layout-flow\" style=\"flex-basis:33.33%\">\n<figure class=\"wp-block-image size-large has-custom-border\"><img decoding=\"async\" src=\"https:\/\/www.one.org\/wp-content\/uploads\/2023\/08\/PublicCampaigning_Icon_300x300-1024x1024.png\" alt=\"\" style=\"border-radius:50%;aspect-ratio:1;object-fit:cover\"\/><\/figure>\n<\/div>\n\n\n\n<div class=\"wp-block-column is-layout-flow wp-block-column-is-layout-flow\" style=\"flex-basis:66.66%\">\n<h3 class=\"wp-block-heading oneorg-section-title-alt\" id=\"h-campagnes-publiques\"><strong><strong>Campagnes publiques<\/strong><\/strong><\/h3>\n\n\n\n<p>Notre pr\u00e9sence au sein de l\u2019espace public renforce la port\u00e9e de notre plaidoyer. Nous forgeons des partenariats pour amplifier notre message, prenons des risques avis\u00e9s dans un monde num\u00e9rique en constante \u00e9volution, et d\u00e9ployons des strat\u00e9gies innovantes pour naviguer dans un paysage politique changeant. Nos campagnes s&#8217;appuient sur des concepts cr\u00e9atifs, des contenus percutants sur les r\u00e9seaux sociaux et la force de l&#8217;action collective afin de faire tomber les obstacles et impulser un changement significatif.<\/p>\n<\/div>\n<\/div>\n\n\n\n<div class=\"wp-block-columns is-layout-flex wp-container-core-columns-is-layout-28f84493 wp-block-columns-is-layout-flex\">\n<div class=\"wp-block-column is-layout-flow wp-block-column-is-layout-flow\" style=\"flex-basis:33.33%\">\n<figure class=\"wp-block-image size-large has-custom-border\"><img decoding=\"async\" src=\"https:\/\/www.one.org\/wp-content\/uploads\/2023\/08\/PressureingLawmakers_Icon_300x300-1024x1024.png\" alt=\"\" style=\"border-radius:50%;aspect-ratio:1;object-fit:cover\"\/><\/figure>\n<\/div>\n\n\n\n<div class=\"wp-block-column is-layout-flow wp-block-column-is-layout-flow\" style=\"flex-basis:66.66%\">\n<h3 class=\"wp-block-heading oneorg-section-title-alt\" id=\"h-faire-pression-sur-les-responsables-politiques\"><strong><strong><strong>Faire pression sur les responsables politiques<\/strong><\/strong><\/strong><\/h3>\n\n\n\n<p>Gr\u00e2ce au soutien du grand public et \u00e0 notre expertise politique, nous allons \u00e0 la rencontre des responsables politiques pour leur faire part de nos demandes. D\u2019Abuja \u00e0 Paris en passant par Washington, nous faisons pression sur les gouvernements. Nous les poussons \u00e0 \u00e9couter les voix de nos activistes et \u00e0 adopter des lois et des budgets destin\u00e9s \u00e0 apporter des solutions concr\u00e8tes aux plus grands enjeux plan\u00e9taires, tels que la lutte contre les in\u00e9galit\u00e9s, le d\u00e9r\u00e8glement climatique ou les maladies \u00e9vitables.<\/p>\n<\/div>\n<\/div>\n\n\n\n<div class=\"wp-block-columns is-layout-flex wp-container-core-columns-is-layout-28f84493 wp-block-columns-is-layout-flex\">\n<div class=\"wp-block-column is-layout-flow wp-block-column-is-layout-flow\" style=\"flex-basis:33.33%\">\n<figure class=\"wp-block-image size-large has-custom-border\"><img decoding=\"async\" src=\"https:\/\/www.one.org\/wp-content\/uploads\/2023\/08\/Partnerships_Icon_300x300-1024x1024.png\" alt=\"\" style=\"border-radius:50%;aspect-ratio:1;object-fit:cover\"\/><\/figure>\n<\/div>\n\n\n\n<div class=\"wp-block-column is-layout-flow wp-block-column-is-layout-flow\" style=\"flex-basis:66.66%\">\n<h3 class=\"wp-block-heading oneorg-section-title-alt\" id=\"h-nos-partenaires\"><strong>Nos partenaires<\/strong><\/h3>\n\n\n\n<p>Nous ne pourrions pas atteindre nos objectifs seul\u00b7e\u00b7s. C\u2019est pourquoi nous collaborons avec des responsables de communaut\u00e9s locales, des activistes, des marques, des influenceurs et influenceuses, et d\u2019autres organisations. Notre but est de faire le plus de bruit possible. En agissant \u00e0 plusieurs, notre impact est plus significatif et plus durable.<\/p>\n<\/div>\n<\/div>\n<\/div>\n\n\n\n<div class=\"wp-block-group oneorg-block-group oneorg-block-group-impact oneorg-block-group-impact--cta has-light-color has-dark-background-color has-text-color has-background has-global-padding is-layout-constrained wp-block-group-is-layout-constrained\">\n<div class=\"wp-block-group is-layout-flow wp-block-group-is-layout-flow\">\n<h2 class=\"wp-block-heading has-text-align-center has-neon-color has-text-color\"><strong><strong>Vous voulez vous joindre \u00e0 nous ?<\/strong><\/strong><\/h2>\n\n\n\n<p class=\"has-text-align-center\">Tout ce dont nous avons besoin, c&#8217;est de votre voix.<\/p>\n\n\n\n<div class=\"wp-block-buttons is-content-justification-center is-layout-flex wp-container-core-buttons-is-layout-a89b3969 wp-block-buttons-is-layout-flex\">\n<div class=\"wp-block-button\"><a class=\"wp-block-button__link wp-element-button\" href=\"https:\/\/www.one.org\/africa\/fr\/agir\/rejoignez-notre-combat\/\">Rejoignez-nous<\/a><\/div>\n<\/div>\n<\/div>\n<\/div>\n<div class=\"buffer\"><\/div>","protected":false},"excerpt":{"rendered":"<p>Nous luttons pour un avenir plus \u00e9galitaire en amplifiant les voix et en favorisant le progr\u00e8s.\u00a0 Nous rassemblons des activistes de terrain, des analyses chiffr\u00e9es et pointues, des voix influentes et des d\u00e9cennies d\u2019expertise pour atteindre un consensus politique et promouvoir des politiques et des investissements qui favorisent la cr\u00e9ation d\u2019un avenir plus durable et [&hellip;]<\/p>\n","protected":false},"author":3,"featured_media":0,"parent":160873,"menu_order":0,"comment_status":"closed","ping_status":"closed","template":"","meta":{"_acf_changed":false,"_relevanssi_hide_post":"","_relevanssi_hide_content":"","_relevanssi_pin_for_all":"","_relevanssi_pin_keywords":"","_relevanssi_unpin_keywords":"","_relevanssi_related_keywords":"","_relevanssi_related_include_ids":"","_relevanssi_related_exclude_ids":"","_relevanssi_related_no_append":"","_relevanssi_related_not_related":"","_relevanssi_related_posts":"1,992,1770,886","_relevanssi_noindex_reason":"","footnotes":""},"class_list":["post-160711","page","type-page","status-publish","hentry"],"acf":[],"yoast_head":"<!-- This site is optimized with the Yoast SEO Premium plugin v27.1 (Yoast SEO v27.1.1) - https:\/\/yoast.com\/product\/yoast-seo-premium-wordpress\/ -->\n<title>Nous bougeons les lignes - ONE.org Africa<\/title>\n<meta name=\"description\" content=\"Nous \u0153uvrons pour que tout le monde, partout sur la plan\u00e8te, puisse mener une vie juste et pleine de possibilit\u00e9s. D\u00e9couvrez comment.\" \/>\n<meta name=\"robots\" content=\"index, follow, max-snippet:-1, max-image-preview:large, max-video-preview:-1\" \/>\n<link rel=\"canonical\" href=\"https:\/\/www.one.org\/africa\/fr\/nous-connaitre\/nous-bougeons-les-lignes\/\" \/>\n<meta property=\"og:locale\" content=\"fr_FR\" \/>\n<meta property=\"og:type\" content=\"article\" \/>\n<meta property=\"og:title\" content=\"Nous bougeons les lignes\" \/>\n<meta property=\"og:description\" content=\"Nous \u0153uvrons pour que tout le monde, partout sur la plan\u00e8te, puisse mener une vie juste et pleine de possibilit\u00e9s. D\u00e9couvrez comment.\" \/>\n<meta property=\"og:url\" content=\"https:\/\/www.one.org\/africa\/fr\/nous-connaitre\/nous-bougeons-les-lignes\/\" \/>\n<meta property=\"og:site_name\" content=\"ONE.org Africa\" \/>\n<meta property=\"article:publisher\" content=\"https:\/\/www.facebook.com\/ONEinAfrica\" \/>\n<meta property=\"article:modified_time\" content=\"2025-04-22T11:01:40+00:00\" \/>\n<meta property=\"og:image\" content=\"https:\/\/cdn.one.org\/oneorg\/wp-content\/uploads\/2023\/06\/15120249\/What-we-do_Model_1094x732_v1-1.png\" \/>\n<meta name=\"twitter:card\" content=\"summary_large_image\" \/>\n<meta name=\"twitter:site\" content=\"@ONEinAfrica\" \/>\n<meta name=\"twitter:label1\" content=\"Est. reading time\" \/>\n\t<meta name=\"twitter:data1\" content=\"4 minutes\" \/>\n<script type=\"application\/ld+json\" class=\"yoast-schema-graph\">{\"@context\":\"https:\/\/schema.org\",\"@graph\":[{\"@type\":\"WebPage\",\"@id\":\"https:\/\/www.one.org\/africa\/fr\/nous-connaitre\/nous-bougeons-les-lignes\/\",\"url\":\"https:\/\/www.one.org\/africa\/fr\/nous-connaitre\/nous-bougeons-les-lignes\/\",\"name\":\"Nous bougeons les lignes - ONE.org Africa\",\"isPartOf\":{\"@id\":\"https:\/\/www.one.org\/africa\/fr\/#website\"},\"primaryImageOfPage\":{\"@id\":\"https:\/\/www.one.org\/africa\/fr\/nous-connaitre\/nous-bougeons-les-lignes\/#primaryimage\"},\"image\":{\"@id\":\"https:\/\/www.one.org\/africa\/fr\/nous-connaitre\/nous-bougeons-les-lignes\/#primaryimage\"},\"thumbnailUrl\":\"https:\/\/cdn.one.org\/oneorg\/wp-content\/uploads\/2023\/06\/15120249\/What-we-do_Model_1094x732_v1-1.png\",\"datePublished\":\"2023-08-28T11:07:48+00:00\",\"dateModified\":\"2025-04-22T11:01:40+00:00\",\"description\":\"Nous \u0153uvrons pour que tout le monde, partout sur la plan\u00e8te, puisse mener une vie juste et pleine de possibilit\u00e9s. D\u00e9couvrez comment.\",\"breadcrumb\":{\"@id\":\"https:\/\/www.one.org\/africa\/fr\/nous-connaitre\/nous-bougeons-les-lignes\/#breadcrumb\"},\"inLanguage\":\"fr-FR\",\"potentialAction\":[{\"@type\":\"ReadAction\",\"target\":[\"https:\/\/www.one.org\/africa\/fr\/nous-connaitre\/nous-bougeons-les-lignes\/\"]}]},{\"@type\":\"ImageObject\",\"inLanguage\":\"fr-FR\",\"@id\":\"https:\/\/www.one.org\/africa\/fr\/nous-connaitre\/nous-bougeons-les-lignes\/#primaryimage\",\"url\":\"https:\/\/cdn.one.org\/oneorg\/wp-content\/uploads\/2023\/06\/15120249\/What-we-do_Model_1094x732_v1-1.png\",\"contentUrl\":\"https:\/\/cdn.one.org\/oneorg\/wp-content\/uploads\/2023\/06\/15120249\/What-we-do_Model_1094x732_v1-1.png\"},{\"@type\":\"BreadcrumbList\",\"@id\":\"https:\/\/www.one.org\/africa\/fr\/nous-connaitre\/nous-bougeons-les-lignes\/#breadcrumb\",\"itemListElement\":[{\"@type\":\"ListItem\",\"position\":1,\"name\":\"Home\",\"item\":\"https:\/\/www.one.org\/africa\/fr\/\"},{\"@type\":\"ListItem\",\"position\":2,\"name\":\"Nous conna\u00eetre\",\"item\":\"https:\/\/www.one.org\/africa\/fr\/nous-connaitre\/\"},{\"@type\":\"ListItem\",\"position\":3,\"name\":\"Nous bougeons les lignes\"}]},{\"@type\":\"WebSite\",\"@id\":\"https:\/\/www.one.org\/africa\/fr\/#website\",\"url\":\"https:\/\/www.one.org\/africa\/fr\/\",\"name\":\"ONE.org\",\"description\":\"Cr\u00e9er des opportunit\u00e9s \u00e9conomiques et am\u00e9liorer la sant\u00e9 en Afrique\",\"potentialAction\":[{\"@type\":\"SearchAction\",\"target\":{\"@type\":\"EntryPoint\",\"urlTemplate\":\"https:\/\/www.one.org\/africa\/fr\/?s={search_term_string}\"},\"query-input\":{\"@type\":\"PropertyValueSpecification\",\"valueRequired\":true,\"valueName\":\"search_term_string\"}}],\"inLanguage\":\"fr-FR\"}]}<\/script>\n<!-- \/ Yoast SEO Premium plugin. -->","yoast_head_json":{"title":"Nous bougeons les lignes - ONE.org Africa","description":"Nous \u0153uvrons pour que tout le monde, partout sur la plan\u00e8te, puisse mener une vie juste et pleine de possibilit\u00e9s. D\u00e9couvrez comment.","robots":{"index":"index","follow":"follow","max-snippet":"max-snippet:-1","max-image-preview":"max-image-preview:large","max-video-preview":"max-video-preview:-1"},"canonical":"https:\/\/www.one.org\/africa\/fr\/nous-connaitre\/nous-bougeons-les-lignes\/","og_locale":"fr_FR","og_type":"article","og_title":"Nous bougeons les lignes","og_description":"Nous \u0153uvrons pour que tout le monde, partout sur la plan\u00e8te, puisse mener une vie juste et pleine de possibilit\u00e9s. D\u00e9couvrez comment.","og_url":"https:\/\/www.one.org\/africa\/fr\/nous-connaitre\/nous-bougeons-les-lignes\/","og_site_name":"ONE.org Africa","article_publisher":"https:\/\/www.facebook.com\/ONEinAfrica","article_modified_time":"2025-04-22T11:01:40+00:00","og_image":[{"url":"https:\/\/cdn.one.org\/oneorg\/wp-content\/uploads\/2023\/06\/15120249\/What-we-do_Model_1094x732_v1-1.png","type":"","width":"","height":""}],"twitter_card":"summary_large_image","twitter_site":"@ONEinAfrica","twitter_misc":{"Est. reading time":"4 minutes"},"schema":{"@context":"https:\/\/schema.org","@graph":[{"@type":"WebPage","@id":"https:\/\/www.one.org\/africa\/fr\/nous-connaitre\/nous-bougeons-les-lignes\/","url":"https:\/\/www.one.org\/africa\/fr\/nous-connaitre\/nous-bougeons-les-lignes\/","name":"Nous bougeons les lignes - ONE.org Africa","isPartOf":{"@id":"https:\/\/www.one.org\/africa\/fr\/#website"},"primaryImageOfPage":{"@id":"https:\/\/www.one.org\/africa\/fr\/nous-connaitre\/nous-bougeons-les-lignes\/#primaryimage"},"image":{"@id":"https:\/\/www.one.org\/africa\/fr\/nous-connaitre\/nous-bougeons-les-lignes\/#primaryimage"},"thumbnailUrl":"https:\/\/cdn.one.org\/oneorg\/wp-content\/uploads\/2023\/06\/15120249\/What-we-do_Model_1094x732_v1-1.png","datePublished":"2023-08-28T11:07:48+00:00","dateModified":"2025-04-22T11:01:40+00:00","description":"Nous \u0153uvrons pour que tout le monde, partout sur la plan\u00e8te, puisse mener une vie juste et pleine de possibilit\u00e9s. D\u00e9couvrez comment.","breadcrumb":{"@id":"https:\/\/www.one.org\/africa\/fr\/nous-connaitre\/nous-bougeons-les-lignes\/#breadcrumb"},"inLanguage":"fr-FR","potentialAction":[{"@type":"ReadAction","target":["https:\/\/www.one.org\/africa\/fr\/nous-connaitre\/nous-bougeons-les-lignes\/"]}]},{"@type":"ImageObject","inLanguage":"fr-FR","@id":"https:\/\/www.one.org\/africa\/fr\/nous-connaitre\/nous-bougeons-les-lignes\/#primaryimage","url":"https:\/\/cdn.one.org\/oneorg\/wp-content\/uploads\/2023\/06\/15120249\/What-we-do_Model_1094x732_v1-1.png","contentUrl":"https:\/\/cdn.one.org\/oneorg\/wp-content\/uploads\/2023\/06\/15120249\/What-we-do_Model_1094x732_v1-1.png"},{"@type":"BreadcrumbList","@id":"https:\/\/www.one.org\/africa\/fr\/nous-connaitre\/nous-bougeons-les-lignes\/#breadcrumb","itemListElement":[{"@type":"ListItem","position":1,"name":"Home","item":"https:\/\/www.one.org\/africa\/fr\/"},{"@type":"ListItem","position":2,"name":"Nous conna\u00eetre","item":"https:\/\/www.one.org\/africa\/fr\/nous-connaitre\/"},{"@type":"ListItem","position":3,"name":"Nous bougeons les lignes"}]},{"@type":"WebSite","@id":"https:\/\/www.one.org\/africa\/fr\/#website","url":"https:\/\/www.one.org\/africa\/fr\/","name":"ONE.org","description":"Cr\u00e9er des opportunit\u00e9s \u00e9conomiques et am\u00e9liorer la sant\u00e9 en Afrique","potentialAction":[{"@type":"SearchAction","target":{"@type":"EntryPoint","urlTemplate":"https:\/\/www.one.org\/africa\/fr\/?s={search_term_string}"},"query-input":{"@type":"PropertyValueSpecification","valueRequired":true,"valueName":"search_term_string"}}],"inLanguage":"fr-FR"}]}},"distributor_meta":false,"distributor_terms":false,"distributor_media":false,"distributor_original_site_name":"ONE.org Africa","distributor_original_site_url":"https:\/\/www.one.org\/africa\/fr\/","push-errors":false,"_links":{"self":[{"href":"https:\/\/www.one.org\/africa\/fr\/wp-json\/wp\/v2\/pages\/160711","targetHints":{"allow":["GET"]}}],"collection":[{"href":"https:\/\/www.one.org\/africa\/fr\/wp-json\/wp\/v2\/pages"}],"about":[{"href":"https:\/\/www.one.org\/africa\/fr\/wp-json\/wp\/v2\/types\/page"}],"author":[{"embeddable":true,"href":"https:\/\/www.one.org\/africa\/fr\/wp-json\/wp\/v2\/users\/3"}],"replies":[{"embeddable":true,"href":"https:\/\/www.one.org\/africa\/fr\/wp-json\/wp\/v2\/comments?post=160711"}],"version-history":[{"count":0,"href":"https:\/\/www.one.org\/africa\/fr\/wp-json\/wp\/v2\/pages\/160711\/revisions"}],"up":[{"embeddable":true,"href":"https:\/\/www.one.org\/africa\/fr\/wp-json\/wp\/v2\/pages\/160873"}],"wp:attachment":[{"href":"https:\/\/www.one.org\/africa\/fr\/wp-json\/wp\/v2\/media?parent=160711"}],"curies":[{"name":"wp","href":"https:\/\/api.w.org\/{rel}","templated":true}]}}