{"id":160654,"date":"2023-08-22T16:51:00","date_gmt":"2023-08-22T16:51:00","guid":{"rendered":"https:\/\/www.one.org\/africa\/accessibility\/"},"modified":"2023-10-30T18:35:37","modified_gmt":"2023-10-30T18:35:37","slug":"accessibility","status":"publish","type":"page","link":"https:\/\/www.one.org\/africa\/fr\/accessibility\/","title":{"rendered":"Politique d\u2019accessibilit\u00e9"},"content":{"rendered":"\n<div id=\"block_718ee5e25f089da9b21819d744603363\" class=\"oneorg-block oneorg-promo flush is-style-bottom  has-text-align-left  \">\n\n\t\t\t    \n\n\t\t\t<div class=\"oneorg-promo__wrapper\">\n\t\t\t\t<div class=\"oneorg-promo__inner\">   \n\n\t\t\t\t<div class=\"oneorg-promo__content\">\n\t\t\t\t\t<div class=\"acf-innerblocks-container\">\n\n<p class=\"oneorg-section-title\"><\/p>\n\n\n\n<h2 class=\"wp-block-heading\" id=\"h-politique-d-accessibilite\"><strong>Politique d\u2019accessibilit\u00e9<\/strong><\/h2>\n\n\n\n<\/div>\n\t\t\t\t<\/div>\n\t\t\t\t\n\t\t\t\t<\/div>\n\t\t\t<\/div>\n\n<\/div>\n\n\n\n<div style=\"height:25px\" aria-hidden=\"true\" class=\"wp-block-spacer\"><\/div>\n\n\n\n<p>ONE s\u2019engage \u00e0 rendre son contenu et ses actions en ligne accessibles au plus grand nombre de personnes possible, ind\u00e9pendamment de leurs capacit\u00e9s ou de leurs moyens technologiques. <\/p>\n\n\n\n<p>Sur ONE.org, nous nous effor\u00e7ons de respecter les normes <a href=\"https:\/\/www.w3.org\/TR\/WCAG22\/\">WCAG 2.2 AA<\/a>, des directives internationales fournies par l&#8217;Initiative sur l&#8217;Accessibilit\u00e9 du Web (W3C) pour faciliter l&#8217;utilisation des sites Web.<\/p>\n\n\n\n<p>Les caract\u00e9ristiques d&#8217;accessibilit\u00e9 que nous avons mises en \u0153uvre sur notre site web sont les suivantes :<\/p>\n\n\n\n<ul class=\"wp-block-list\">\n<li>Texte alternatif pour les images et autres contenus non textuels<\/li>\n\n\n\n<li>Navigation clavier pour les utilisateurs qui ne peuvent pas se servir d&#8217;une souris<\/li>\n\n\n\n<li>Des titres et des tags clairs et coh\u00e9rents pour faciliter l&#8217;utilisation<\/li>\n\n\n\n<li>Vid\u00e9os sous-titr\u00e9es pour les utilisateurs sourds ou malentendants<\/li>\n\n\n\n<li>Utilisation correcte des balises HTML pour la compatibilit\u00e9 avec les lecteurs d&#8217;\u00e9cran<\/li>\n<\/ul>\n\n\n\n<p>Nous testons et v\u00e9rifions r\u00e9guli\u00e8rement l&#8217;exp\u00e9rience de notre site web afin d&#8217;en garantir la facilit\u00e9 d&#8217;utilisation.&nbsp;<\/p>\n\n\n\n<p>Ce que nous faisons pour am\u00e9liorer l&#8217;accessibilit\u00e9<\/p>\n\n\n\n<p>Pour rendre ONE.org et les sites web associ\u00e9s accessibles, nous allons :<\/p>\n\n\n\n<ul class=\"wp-block-list\">\n<li>Int\u00e9grer les meilleures pratiques en mati\u00e8re d&#8217;accessibilit\u00e9 dans nos proc\u00e9dures de d\u00e9veloppement et nos politiques li\u00e9es \u00e0 nos fournisseurs.<\/li>\n\n\n\n<li>Fournir une formation \u00e0 l&#8217;accessibilit\u00e9 \u00e0 notre personnel<\/li>\n<\/ul>\n\n\n\n<p>Signaler les probl\u00e8mes d&#8217;accessibilit\u00e9 de ce site web<\/p>\n\n\n\n<p>Si vous \u00e9prouvez des difficult\u00e9s \u00e0 utiliser ONE.org ou si vous souhaitez nous faire part de vos commentaires sur la mani\u00e8re dont nous pouvons am\u00e9liorer l&#8217;accessibilit\u00e9 de nos sites web, <a href=\"https:\/\/www.one.org\/africa\/fr\/a-propos\/contacter-one\/\">n&#8217;h\u00e9sitez pas \u00e0 nous contacter<\/a>.<\/p>\n\n\n\n<p>Pr\u00e9paration de cette d\u00e9claration d&#8217;accessibilit\u00e9<\/p>\n\n\n\n<p>Cette d\u00e9claration a \u00e9t\u00e9 mise \u00e0 jour pour la derni\u00e8re fois le 20 octobre 2023. Nous mettons \u00e0 jour cette d\u00e9claration au moins une fois par an.<\/p>\n\n\n\n<div style=\"height:25px\" aria-hidden=\"true\" class=\"wp-block-spacer\"><\/div>\n<div class=\"buffer\"><\/div>","protected":false},"excerpt":{"rendered":"<p>ONE s\u2019engage \u00e0 rendre son contenu et ses actions en ligne accessibles au plus grand nombre de personnes possible, ind\u00e9pendamment de leurs capacit\u00e9s ou de leurs moyens technologiques. Sur ONE.org, nous nous effor\u00e7ons de respecter les normes WCAG 2.2 AA, des directives internationales fournies par l&#8217;Initiative sur l&#8217;Accessibilit\u00e9 du Web (W3C) pour faciliter l&#8217;utilisation des [&hellip;]<\/p>\n","protected":false},"author":3,"featured_media":0,"parent":0,"menu_order":0,"comment_status":"closed","ping_status":"closed","template":"","meta":{"_acf_changed":false,"_relevanssi_hide_post":"","_relevanssi_hide_content":"","_relevanssi_pin_for_all":"","_relevanssi_pin_keywords":"","_relevanssi_unpin_keywords":"","_relevanssi_related_keywords":"","_relevanssi_related_include_ids":"","_relevanssi_related_exclude_ids":"","_relevanssi_related_no_append":"","_relevanssi_related_not_related":"","_relevanssi_related_posts":"1","_relevanssi_noindex_reason":"","footnotes":""},"class_list":["post-160654","page","type-page","status-publish","hentry"],"acf":[],"yoast_head":"<!-- This site is optimized with the Yoast SEO Premium plugin v27.1 (Yoast SEO v27.1.1) - https:\/\/yoast.com\/product\/yoast-seo-premium-wordpress\/ -->\n<title>Politique d\u2019accessibilit\u00e9 - ONE.org Africa<\/title>\n<meta name=\"robots\" content=\"index, follow, max-snippet:-1, max-image-preview:large, max-video-preview:-1\" \/>\n<link rel=\"canonical\" href=\"https:\/\/www.one.org\/africa\/fr\/accessibility\/\" \/>\n<meta property=\"og:locale\" content=\"fr_FR\" \/>\n<meta property=\"og:type\" content=\"article\" \/>\n<meta property=\"og:title\" content=\"Politique d\u2019accessibilit\u00e9\" \/>\n<meta property=\"og:description\" content=\"ONE s\u2019engage \u00e0 rendre son contenu et ses actions en ligne accessibles au plus grand nombre de personnes possible, ind\u00e9pendamment de leurs capacit\u00e9s ou de leurs moyens technologiques. Sur ONE.org, nous nous effor\u00e7ons de respecter les normes WCAG 2.2 AA, des directives internationales fournies par l&#8217;Initiative sur l&#8217;Accessibilit\u00e9 du Web (W3C) pour faciliter l&#8217;utilisation des [&hellip;]\" \/>\n<meta property=\"og:url\" content=\"https:\/\/www.one.org\/africa\/fr\/accessibility\/\" \/>\n<meta property=\"og:site_name\" content=\"ONE.org Africa\" \/>\n<meta property=\"article:publisher\" content=\"https:\/\/www.facebook.com\/ONEinAfrica\" \/>\n<meta property=\"article:modified_time\" content=\"2023-10-30T18:35:37+00:00\" \/>\n<meta property=\"og:image\" content=\"https:\/\/www.one.org\/africa\/wp-content\/uploads\/sites\/5\/2023\/09\/GA_share_1200x628-768x402-1.png\" \/>\n\t<meta property=\"og:image:width\" content=\"768\" \/>\n\t<meta property=\"og:image:height\" content=\"402\" \/>\n\t<meta property=\"og:image:type\" content=\"image\/png\" \/>\n<meta name=\"twitter:card\" content=\"summary_large_image\" \/>\n<meta name=\"twitter:site\" content=\"@ONEinAfrica\" \/>\n<meta name=\"twitter:label1\" content=\"Est. reading time\" \/>\n\t<meta name=\"twitter:data1\" content=\"2 minutes\" \/>\n<script type=\"application\/ld+json\" class=\"yoast-schema-graph\">{\"@context\":\"https:\/\/schema.org\",\"@graph\":[{\"@type\":\"WebPage\",\"@id\":\"https:\/\/www.one.org\/africa\/fr\/accessibility\/\",\"url\":\"https:\/\/www.one.org\/africa\/fr\/accessibility\/\",\"name\":\"Politique d\u2019accessibilit\u00e9 - ONE.org Africa\",\"isPartOf\":{\"@id\":\"https:\/\/www.one.org\/africa\/fr\/#website\"},\"datePublished\":\"2023-08-22T16:51:00+00:00\",\"dateModified\":\"2023-10-30T18:35:37+00:00\",\"breadcrumb\":{\"@id\":\"https:\/\/www.one.org\/africa\/fr\/accessibility\/#breadcrumb\"},\"inLanguage\":\"fr-FR\",\"potentialAction\":[{\"@type\":\"ReadAction\",\"target\":[\"https:\/\/www.one.org\/africa\/fr\/accessibility\/\"]}]},{\"@type\":\"BreadcrumbList\",\"@id\":\"https:\/\/www.one.org\/africa\/fr\/accessibility\/#breadcrumb\",\"itemListElement\":[{\"@type\":\"ListItem\",\"position\":1,\"name\":\"Home\",\"item\":\"https:\/\/www.one.org\/africa\/fr\/\"},{\"@type\":\"ListItem\",\"position\":2,\"name\":\"Politique d\u2019accessibilit\u00e9\"}]},{\"@type\":\"WebSite\",\"@id\":\"https:\/\/www.one.org\/africa\/fr\/#website\",\"url\":\"https:\/\/www.one.org\/africa\/fr\/\",\"name\":\"ONE.org\",\"description\":\"Cr\u00e9er des opportunit\u00e9s \u00e9conomiques et am\u00e9liorer la sant\u00e9 en Afrique\",\"potentialAction\":[{\"@type\":\"SearchAction\",\"target\":{\"@type\":\"EntryPoint\",\"urlTemplate\":\"https:\/\/www.one.org\/africa\/fr\/?s={search_term_string}\"},\"query-input\":{\"@type\":\"PropertyValueSpecification\",\"valueRequired\":true,\"valueName\":\"search_term_string\"}}],\"inLanguage\":\"fr-FR\"}]}<\/script>\n<!-- \/ Yoast SEO Premium plugin. -->","yoast_head_json":{"title":"Politique d\u2019accessibilit\u00e9 - ONE.org Africa","robots":{"index":"index","follow":"follow","max-snippet":"max-snippet:-1","max-image-preview":"max-image-preview:large","max-video-preview":"max-video-preview:-1"},"canonical":"https:\/\/www.one.org\/africa\/fr\/accessibility\/","og_locale":"fr_FR","og_type":"article","og_title":"Politique d\u2019accessibilit\u00e9","og_description":"ONE s\u2019engage \u00e0 rendre son contenu et ses actions en ligne accessibles au plus grand nombre de personnes possible, ind\u00e9pendamment de leurs capacit\u00e9s ou de leurs moyens technologiques. Sur ONE.org, nous nous effor\u00e7ons de respecter les normes WCAG 2.2 AA, des directives internationales fournies par l&#8217;Initiative sur l&#8217;Accessibilit\u00e9 du Web (W3C) pour faciliter l&#8217;utilisation des [&hellip;]","og_url":"https:\/\/www.one.org\/africa\/fr\/accessibility\/","og_site_name":"ONE.org Africa","article_publisher":"https:\/\/www.facebook.com\/ONEinAfrica","article_modified_time":"2023-10-30T18:35:37+00:00","og_image":[{"width":768,"height":402,"url":"https:\/\/www.one.org\/africa\/wp-content\/uploads\/sites\/5\/2023\/09\/GA_share_1200x628-768x402-1.png","type":"image\/png"}],"twitter_card":"summary_large_image","twitter_site":"@ONEinAfrica","twitter_misc":{"Est. reading time":"2 minutes"},"schema":{"@context":"https:\/\/schema.org","@graph":[{"@type":"WebPage","@id":"https:\/\/www.one.org\/africa\/fr\/accessibility\/","url":"https:\/\/www.one.org\/africa\/fr\/accessibility\/","name":"Politique d\u2019accessibilit\u00e9 - ONE.org Africa","isPartOf":{"@id":"https:\/\/www.one.org\/africa\/fr\/#website"},"datePublished":"2023-08-22T16:51:00+00:00","dateModified":"2023-10-30T18:35:37+00:00","breadcrumb":{"@id":"https:\/\/www.one.org\/africa\/fr\/accessibility\/#breadcrumb"},"inLanguage":"fr-FR","potentialAction":[{"@type":"ReadAction","target":["https:\/\/www.one.org\/africa\/fr\/accessibility\/"]}]},{"@type":"BreadcrumbList","@id":"https:\/\/www.one.org\/africa\/fr\/accessibility\/#breadcrumb","itemListElement":[{"@type":"ListItem","position":1,"name":"Home","item":"https:\/\/www.one.org\/africa\/fr\/"},{"@type":"ListItem","position":2,"name":"Politique d\u2019accessibilit\u00e9"}]},{"@type":"WebSite","@id":"https:\/\/www.one.org\/africa\/fr\/#website","url":"https:\/\/www.one.org\/africa\/fr\/","name":"ONE.org","description":"Cr\u00e9er des opportunit\u00e9s \u00e9conomiques et am\u00e9liorer la sant\u00e9 en Afrique","potentialAction":[{"@type":"SearchAction","target":{"@type":"EntryPoint","urlTemplate":"https:\/\/www.one.org\/africa\/fr\/?s={search_term_string}"},"query-input":{"@type":"PropertyValueSpecification","valueRequired":true,"valueName":"search_term_string"}}],"inLanguage":"fr-FR"}]}},"distributor_meta":false,"distributor_terms":false,"distributor_media":false,"distributor_original_site_name":"ONE.org Africa","distributor_original_site_url":"https:\/\/www.one.org\/africa\/fr\/","push-errors":false,"_links":{"self":[{"href":"https:\/\/www.one.org\/africa\/fr\/wp-json\/wp\/v2\/pages\/160654","targetHints":{"allow":["GET"]}}],"collection":[{"href":"https:\/\/www.one.org\/africa\/fr\/wp-json\/wp\/v2\/pages"}],"about":[{"href":"https:\/\/www.one.org\/africa\/fr\/wp-json\/wp\/v2\/types\/page"}],"author":[{"embeddable":true,"href":"https:\/\/www.one.org\/africa\/fr\/wp-json\/wp\/v2\/users\/3"}],"replies":[{"embeddable":true,"href":"https:\/\/www.one.org\/africa\/fr\/wp-json\/wp\/v2\/comments?post=160654"}],"version-history":[{"count":0,"href":"https:\/\/www.one.org\/africa\/fr\/wp-json\/wp\/v2\/pages\/160654\/revisions"}],"wp:attachment":[{"href":"https:\/\/www.one.org\/africa\/fr\/wp-json\/wp\/v2\/media?parent=160654"}],"curies":[{"name":"wp","href":"https:\/\/api.w.org\/{rel}","templated":true}]}}